{"id":8732,"date":"2021-05-14T16:32:42","date_gmt":"2021-05-14T20:32:43","guid":{"rendered":"https:\/\/hunzaroma.com\/?post_type=product&#038;p=8732"},"modified":"2024-02-08T13:15:48","modified_gmt":"2024-02-08T18:15:48","slug":"beeswax","status":"publish","type":"product","link":"https:\/\/hunzaroma.com\/en\/essential-oil\/beeswax\/","title":{"rendered":"Beeswax in pellet"},"content":{"rendered":"<p>Offertes en pastilles parce que c&#8217;est pratique! On l&#8217;utilise dans la fabrication de bougies, de &#8220;bee wrap&#8221;, de baumes \u00e0 l\u00e8vres, de savons, etc.<\/p>\n<p>Pour r\u00e9aliser des produits m\u00e9dicinaux, tels que des onguents, choisissiez plut\u00f4t notre cire d&#8217;abeille authentique. <a href=\"https:\/\/hunzaroma.com\/boutique\/cire-d-abeille-brut\/\">https:\/\/hunzaroma.com\/boutique\/cire-d-abeille-brut\/<\/a><\/p>\n<p>\u00a9 Images Earth&#8217;s Aromatique<\/p>\n","protected":false},"excerpt":{"rendered":"<p>Offertes en pastilles parce que c&#8217;est pratique! On l&#8217;utilise dans la fabrication de bougies, de &#8220;bee wrap&#8221;, de baumes \u00e0 l\u00e8vres, de savons, etc. Pour r\u00e9aliser<span class=\"excerpt-hellip\"> [\u2026]<\/span><\/p>\n","protected":false},"featured_media":8738,"template":"","meta":{"_acf_changed":false},"product_brand":[],"product_cat":[1933,1940],"product_tag":[3717],"class_list":{"0":"post-8732","1":"product","2":"type-product","3":"status-publish","4":"has-post-thumbnail","6":"product_cat-ingredients-de-base-en","7":"product_cat-cires-emulsifiants-gommes-en","8":"product_tag-cire-dabeille-en-pastilles-en","9":"pa_cire-d-abeille-1-kg-in-pellets","10":"pa_cire-d-abeille-100-g-in-pellets","11":"pa_cire-d-abeille-250-g-in-pellets","13":"first","14":"instock","15":"taxable","16":"shipping-taxable","17":"purchasable","18":"product-type-variable"},"acf":[],"yoast_head":"<!-- This site is optimized with the Yoast SEO plugin v27.1.1 - https:\/\/yoast.com\/product\/yoast-seo-wordpress\/ -->\n<title>CIRE D&#039;ABEILLE EN PASTILLES<\/title>\n<meta name=\"description\" content=\"Offertes en pastilles parce que c&#039;est pratique! On l&#039;utilise dans la fabrication de bougies, de &quot;bee wrap&quot;, de baumes \u00e0 l\u00e8vres, de savons, etc.\u00a0Pour r\u00e9aliser des produits m\u00e9dicinaux, tels que des onguents, choisissiez plut\u00f4t notre cire d&#039;abeille authentique.\" \/>\n<meta name=\"robots\" content=\"index, follow, max-snippet:-1, max-image-preview:large, max-video-preview:-1\" \/>\n<link rel=\"canonical\" href=\"https:\/\/hunzaroma.com\/en\/essential-oil\/beeswax\/\" \/>\n<meta property=\"og:locale\" content=\"en_US\" \/>\n<meta property=\"og:type\" content=\"article\" \/>\n<meta property=\"og:title\" content=\"CIRE D&#039;ABEILLE EN PASTILLES\" \/>\n<meta property=\"og:description\" content=\"Offertes en pastilles parce que c&#039;est pratique! On l&#039;utilise dans la fabrication de bougies, de &quot;bee wrap&quot;, de baumes \u00e0 l\u00e8vres, de savons, etc.\u00a0Pour r\u00e9aliser des produits m\u00e9dicinaux, tels que des onguents, choisissiez plut\u00f4t notre cire d&#039;abeille authentique.\" \/>\n<meta property=\"og:url\" content=\"https:\/\/hunzaroma.com\/en\/essential-oil\/beeswax\/\" \/>\n<meta property=\"og:site_name\" content=\"Hunzaroma\" \/>\n<meta property=\"article:modified_time\" content=\"2024-02-08T18:15:48+00:00\" \/>\n<meta property=\"og:image\" content=\"https:\/\/hunzaroma.com\/wp-content\/uploads\/2021\/05\/Cire-dabeille-en-pastilles.jpeg\" \/>\n\t<meta property=\"og:image:width\" content=\"1080\" \/>\n\t<meta property=\"og:image:height\" content=\"1080\" \/>\n\t<meta property=\"og:image:type\" content=\"image\/jpeg\" \/>\n<meta name=\"twitter:card\" content=\"summary_large_image\" \/>\n<script type=\"application\/ld+json\" class=\"yoast-schema-graph\">{\"@context\":\"https:\/\/schema.org\",\"@graph\":[{\"@type\":\"WebPage\",\"@id\":\"https:\/\/hunzaroma.com\/en\/essential-oil\/beeswax\/\",\"url\":\"https:\/\/hunzaroma.com\/en\/essential-oil\/beeswax\/\",\"name\":\"CIRE D'ABEILLE EN PASTILLES\",\"isPartOf\":{\"@id\":\"https:\/\/hunzaroma.com\/#website\"},\"primaryImageOfPage\":{\"@id\":\"https:\/\/hunzaroma.com\/en\/essential-oil\/beeswax\/#primaryimage\"},\"image\":{\"@id\":\"https:\/\/hunzaroma.com\/en\/essential-oil\/beeswax\/#primaryimage\"},\"thumbnailUrl\":\"https:\/\/hunzaroma.com\/wp-content\/uploads\/2021\/05\/Cire-dabeille-en-pastilles.jpeg\",\"datePublished\":\"2021-05-14T20:32:43+00:00\",\"dateModified\":\"2024-02-08T18:15:48+00:00\",\"description\":\"Offertes en pastilles parce que c'est pratique! On l'utilise dans la fabrication de bougies, de \\\"bee wrap\\\", de baumes \u00e0 l\u00e8vres, de savons, etc.\u00a0Pour r\u00e9aliser des produits m\u00e9dicinaux, tels que des onguents, choisissiez plut\u00f4t notre cire d'abeille authentique.\",\"breadcrumb\":{\"@id\":\"https:\/\/hunzaroma.com\/en\/essential-oil\/beeswax\/#breadcrumb\"},\"inLanguage\":\"en-US\",\"potentialAction\":[{\"@type\":\"ReadAction\",\"target\":[\"https:\/\/hunzaroma.com\/en\/essential-oil\/beeswax\/\"]}]},{\"@type\":\"ImageObject\",\"inLanguage\":\"en-US\",\"@id\":\"https:\/\/hunzaroma.com\/en\/essential-oil\/beeswax\/#primaryimage\",\"url\":\"https:\/\/hunzaroma.com\/wp-content\/uploads\/2021\/05\/Cire-dabeille-en-pastilles.jpeg\",\"contentUrl\":\"https:\/\/hunzaroma.com\/wp-content\/uploads\/2021\/05\/Cire-dabeille-en-pastilles.jpeg\",\"width\":1080,\"height\":1080},{\"@type\":\"BreadcrumbList\",\"@id\":\"https:\/\/hunzaroma.com\/en\/essential-oil\/beeswax\/#breadcrumb\",\"itemListElement\":[{\"@type\":\"ListItem\",\"position\":1,\"name\":\"Accueil\",\"item\":\"https:\/\/hunzaroma.com\/en\/home\/\"},{\"@type\":\"ListItem\",\"position\":2,\"name\":\"Shop\",\"item\":\"https:\/\/hunzaroma.com\/en\/essential-oil\/\"},{\"@type\":\"ListItem\",\"position\":3,\"name\":\"Beeswax in pellet\"}]},{\"@type\":\"WebSite\",\"@id\":\"https:\/\/hunzaroma.com\/#website\",\"url\":\"https:\/\/hunzaroma.com\/\",\"name\":\"Hunzaroma\",\"description\":\"Huiles essentielles\",\"potentialAction\":[{\"@type\":\"SearchAction\",\"target\":{\"@type\":\"EntryPoint\",\"urlTemplate\":\"https:\/\/hunzaroma.com\/?s={search_term_string}\"},\"query-input\":{\"@type\":\"PropertyValueSpecification\",\"valueRequired\":true,\"valueName\":\"search_term_string\"}}],\"inLanguage\":\"en-US\"}]}<\/script>\n<!-- \/ Yoast SEO plugin. -->","yoast_head_json":{"title":"CIRE D'ABEILLE EN PASTILLES","description":"Offertes en pastilles parce que c'est pratique! On l'utilise dans la fabrication de bougies, de \"bee wrap\", de baumes \u00e0 l\u00e8vres, de savons, etc.\u00a0Pour r\u00e9aliser des produits m\u00e9dicinaux, tels que des onguents, choisissiez plut\u00f4t notre cire d'abeille authentique.","robots":{"index":"index","follow":"follow","max-snippet":"max-snippet:-1","max-image-preview":"max-image-preview:large","max-video-preview":"max-video-preview:-1"},"canonical":"https:\/\/hunzaroma.com\/en\/essential-oil\/beeswax\/","og_locale":"en_US","og_type":"article","og_title":"CIRE D'ABEILLE EN PASTILLES","og_description":"Offertes en pastilles parce que c'est pratique! On l'utilise dans la fabrication de bougies, de \"bee wrap\", de baumes \u00e0 l\u00e8vres, de savons, etc.\u00a0Pour r\u00e9aliser des produits m\u00e9dicinaux, tels que des onguents, choisissiez plut\u00f4t notre cire d'abeille authentique.","og_url":"https:\/\/hunzaroma.com\/en\/essential-oil\/beeswax\/","og_site_name":"Hunzaroma","article_modified_time":"2024-02-08T18:15:48+00:00","og_image":[{"width":1080,"height":1080,"url":"https:\/\/hunzaroma.com\/wp-content\/uploads\/2021\/05\/Cire-dabeille-en-pastilles.jpeg","type":"image\/jpeg"}],"twitter_card":"summary_large_image","schema":{"@context":"https:\/\/schema.org","@graph":[{"@type":"WebPage","@id":"https:\/\/hunzaroma.com\/en\/essential-oil\/beeswax\/","url":"https:\/\/hunzaroma.com\/en\/essential-oil\/beeswax\/","name":"CIRE D'ABEILLE EN PASTILLES","isPartOf":{"@id":"https:\/\/hunzaroma.com\/#website"},"primaryImageOfPage":{"@id":"https:\/\/hunzaroma.com\/en\/essential-oil\/beeswax\/#primaryimage"},"image":{"@id":"https:\/\/hunzaroma.com\/en\/essential-oil\/beeswax\/#primaryimage"},"thumbnailUrl":"https:\/\/hunzaroma.com\/wp-content\/uploads\/2021\/05\/Cire-dabeille-en-pastilles.jpeg","datePublished":"2021-05-14T20:32:43+00:00","dateModified":"2024-02-08T18:15:48+00:00","description":"Offertes en pastilles parce que c'est pratique! On l'utilise dans la fabrication de bougies, de \"bee wrap\", de baumes \u00e0 l\u00e8vres, de savons, etc.\u00a0Pour r\u00e9aliser des produits m\u00e9dicinaux, tels que des onguents, choisissiez plut\u00f4t notre cire d'abeille authentique.","breadcrumb":{"@id":"https:\/\/hunzaroma.com\/en\/essential-oil\/beeswax\/#breadcrumb"},"inLanguage":"en-US","potentialAction":[{"@type":"ReadAction","target":["https:\/\/hunzaroma.com\/en\/essential-oil\/beeswax\/"]}]},{"@type":"ImageObject","inLanguage":"en-US","@id":"https:\/\/hunzaroma.com\/en\/essential-oil\/beeswax\/#primaryimage","url":"https:\/\/hunzaroma.com\/wp-content\/uploads\/2021\/05\/Cire-dabeille-en-pastilles.jpeg","contentUrl":"https:\/\/hunzaroma.com\/wp-content\/uploads\/2021\/05\/Cire-dabeille-en-pastilles.jpeg","width":1080,"height":1080},{"@type":"BreadcrumbList","@id":"https:\/\/hunzaroma.com\/en\/essential-oil\/beeswax\/#breadcrumb","itemListElement":[{"@type":"ListItem","position":1,"name":"Accueil","item":"https:\/\/hunzaroma.com\/en\/home\/"},{"@type":"ListItem","position":2,"name":"Shop","item":"https:\/\/hunzaroma.com\/en\/essential-oil\/"},{"@type":"ListItem","position":3,"name":"Beeswax in pellet"}]},{"@type":"WebSite","@id":"https:\/\/hunzaroma.com\/#website","url":"https:\/\/hunzaroma.com\/","name":"Hunzaroma","description":"Huiles essentielles","potentialAction":[{"@type":"SearchAction","target":{"@type":"EntryPoint","urlTemplate":"https:\/\/hunzaroma.com\/?s={search_term_string}"},"query-input":{"@type":"PropertyValueSpecification","valueRequired":true,"valueName":"search_term_string"}}],"inLanguage":"en-US"}]}},"_links":{"self":[{"href":"https:\/\/hunzaroma.com\/en\/wp-json\/wp\/v2\/product\/8732","targetHints":{"allow":["GET"]}}],"collection":[{"href":"https:\/\/hunzaroma.com\/en\/wp-json\/wp\/v2\/product"}],"about":[{"href":"https:\/\/hunzaroma.com\/en\/wp-json\/wp\/v2\/types\/product"}],"wp:featuredmedia":[{"embeddable":true,"href":"https:\/\/hunzaroma.com\/en\/wp-json\/wp\/v2\/media\/8738"}],"wp:attachment":[{"href":"https:\/\/hunzaroma.com\/en\/wp-json\/wp\/v2\/media?parent=8732"}],"wp:term":[{"taxonomy":"product_brand","embeddable":true,"href":"https:\/\/hunzaroma.com\/en\/wp-json\/wp\/v2\/product_brand?post=8732"},{"taxonomy":"product_cat","embeddable":true,"href":"https:\/\/hunzaroma.com\/en\/wp-json\/wp\/v2\/product_cat?post=8732"},{"taxonomy":"product_tag","embeddable":true,"href":"https:\/\/hunzaroma.com\/en\/wp-json\/wp\/v2\/product_tag?post=8732"}],"curies":[{"name":"wp","href":"https:\/\/api.w.org\/{rel}","templated":true}]}}