{"id":7485,"date":"2018-08-12T05:57:30","date_gmt":"2018-08-12T05:57:30","guid":{"rendered":"https:\/\/hunzaroma.com\/product\/tube-transparent-pour-baume-a-levres\/"},"modified":"2020-11-08T12:53:32","modified_gmt":"2020-11-08T17:53:32","slug":"tube-transparent-pour-baume-a-levres","status":"publish","type":"product","link":"https:\/\/hunzaroma.com\/en\/essential-oil\/tube-transparent-pour-baume-a-levres\/","title":{"rendered":"TRANSPARENT TUBE FOR LIP BALM"},"content":{"rendered":"<p><strong>TRANSPARENT TUBE<\/strong>\u00a0with a capacity of 4 grams to make your own lip balms<\/p>\n<p><strong>LIP BALM RECIPE WITH CALENDAR\u00a0<\/strong>(makes 5-6 sticks)<\/p>\n<ul>\n<li>7 gr pure beeswax<\/li>\n<li>21 gr of calendula oil<\/li>\n<li>About 10 drops of vitamin E<\/li>\n<li>About 10 drops of essential oils of field mint<\/li>\n<\/ul>\n<p>PROCEDURE: In a Pyrex cup weigh the wax and calendula oil. Put the cup in a saucepan with about 1 inch of boiling water (double boiler). Heat until the wax is melted. Remove the cup from the pan and add vitamin E and essential oils. Pour into lip sticks and allow to harden for a few minutes before using them. That&#8217;s all!<\/p>\n","protected":false},"excerpt":{"rendered":"<p>TRANSPARENT TUBE\u00a0with a capacity of 4 grams to make your own lip balms LIP BALM RECIPE WITH CALENDAR\u00a0(makes 5-6 sticks) 7 gr pure beeswax 21 gr<span class=\"excerpt-hellip\"> [\u2026]<\/span><\/p>\n","protected":false},"featured_media":7486,"template":"","meta":{"_acf_changed":false},"product_brand":[],"product_cat":[2134,2136],"product_tag":[],"class_list":{"0":"post-7485","1":"product","2":"type-product","3":"status-publish","4":"has-post-thumbnail","6":"product_cat-contenants-en","7":"product_cat-plastiques-en","8":"pa_baumes-levres-transparent-1-tube-en","9":"pa_baumes-levres-transparent-10-tubes-en","11":"first","12":"instock","13":"taxable","14":"shipping-taxable","15":"purchasable","16":"product-type-variable"},"acf":[],"yoast_head":"<!-- This site is optimized with the Yoast SEO plugin v27.4 - https:\/\/yoast.com\/product\/yoast-seo-wordpress\/ -->\n<title>Tube transparent pour baume \u00e0 l\u00e8vres<\/title>\n<meta name=\"description\" content=\"TUBE TRANSPARENT\u00a0d\u2019une capacit\u00e9 de 4 grammes pour fabriquer vos propres baumes \u00e0 l\u00e8vres RECETTE DE BAUMES \u00c0 L\u00c8VRES \u00c0 LA CALENDULE\u00a0\u00a0(fait 5-6 b\u00e2tons) 7 gr de cire d\u2019abeille pure 21 gr\u00a0 d\u2019huile de calendule Environ 10 gouttes vitamine E Environ 10 gouttes d\u2019huiles essentielles de menthe des champs PROC\u00c9D\u00c9: \u00a0Dans une tasse en Pyrex pesez la cire et l\u2019huile de calendule. Mettre la tasse dans une casserole avec environ 1 po d\u2019eau en \u00e9bullition (bain-marie). Chauffer jusqu\u2019\u00e0 ce que la cire soit fondu. Retirer la tasse de la casserole puis ajouter la vitamine E et les huiles essentielles. \u00a0Couler dans des b\u00e2tons \u00e0 l\u00e8vres et laisser durcir quelques minutes avant de les utiliser. \u00a0C\u2019est tout !\" \/>\n<meta name=\"robots\" content=\"index, follow, max-snippet:-1, max-image-preview:large, max-video-preview:-1\" \/>\n<link rel=\"canonical\" href=\"https:\/\/hunzaroma.com\/en\/essential-oil\/tube-transparent-pour-baume-a-levres\/\" \/>\n<meta property=\"og:locale\" content=\"en_US\" \/>\n<meta property=\"og:type\" content=\"article\" \/>\n<meta property=\"og:title\" content=\"Tube transparent pour baume \u00e0 l\u00e8vres\" \/>\n<meta property=\"og:description\" content=\"TUBE TRANSPARENT\u00a0d\u2019une capacit\u00e9 de 4 grammes pour fabriquer vos propres baumes \u00e0 l\u00e8vres RECETTE DE BAUMES \u00c0 L\u00c8VRES \u00c0 LA CALENDULE\u00a0\u00a0(fait 5-6 b\u00e2tons) 7 gr de cire d\u2019abeille pure 21 gr\u00a0 d\u2019huile de calendule Environ 10 gouttes vitamine E Environ 10 gouttes d\u2019huiles essentielles de menthe des champs PROC\u00c9D\u00c9: \u00a0Dans une tasse en Pyrex pesez la cire et l\u2019huile de calendule. Mettre la tasse dans une casserole avec environ 1 po d\u2019eau en \u00e9bullition (bain-marie). Chauffer jusqu\u2019\u00e0 ce que la cire soit fondu. Retirer la tasse de la casserole puis ajouter la vitamine E et les huiles essentielles. \u00a0Couler dans des b\u00e2tons \u00e0 l\u00e8vres et laisser durcir quelques minutes avant de les utiliser. \u00a0C\u2019est tout !\" \/>\n<meta property=\"og:url\" content=\"https:\/\/hunzaroma.com\/en\/essential-oil\/tube-transparent-pour-baume-a-levres\/\" \/>\n<meta property=\"og:site_name\" content=\"Hunzaroma\" \/>\n<meta property=\"article:modified_time\" content=\"2020-11-08T17:53:32+00:00\" \/>\n<meta property=\"og:image\" content=\"https:\/\/hunzaroma.com\/wp-content\/uploads\/2018\/08\/products-IMG_3215.jpg\" \/>\n\t<meta property=\"og:image:width\" content=\"640\" \/>\n\t<meta property=\"og:image:height\" content=\"640\" \/>\n\t<meta property=\"og:image:type\" content=\"image\/jpeg\" \/>\n<meta name=\"twitter:card\" content=\"summary_large_image\" \/>\n<meta name=\"twitter:label1\" content=\"Est. reading time\" \/>\n\t<meta name=\"twitter:data1\" content=\"1 minute\" \/>\n<script type=\"application\/ld+json\" class=\"yoast-schema-graph\">{\"@context\":\"https:\\\/\\\/schema.org\",\"@graph\":[{\"@type\":\"WebPage\",\"@id\":\"https:\\\/\\\/hunzaroma.com\\\/en\\\/essential-oil\\\/tube-transparent-pour-baume-a-levres\\\/\",\"url\":\"https:\\\/\\\/hunzaroma.com\\\/en\\\/essential-oil\\\/tube-transparent-pour-baume-a-levres\\\/\",\"name\":\"Tube transparent pour baume \u00e0 l\u00e8vres\",\"isPartOf\":{\"@id\":\"https:\\\/\\\/hunzaroma.com\\\/#website\"},\"primaryImageOfPage\":{\"@id\":\"https:\\\/\\\/hunzaroma.com\\\/en\\\/essential-oil\\\/tube-transparent-pour-baume-a-levres\\\/#primaryimage\"},\"image\":{\"@id\":\"https:\\\/\\\/hunzaroma.com\\\/en\\\/essential-oil\\\/tube-transparent-pour-baume-a-levres\\\/#primaryimage\"},\"thumbnailUrl\":\"https:\\\/\\\/hunzaroma.com\\\/wp-content\\\/uploads\\\/2018\\\/08\\\/products-IMG_3215.jpg\",\"datePublished\":\"2018-08-12T05:57:30+00:00\",\"dateModified\":\"2020-11-08T17:53:32+00:00\",\"description\":\"TUBE TRANSPARENT\u00a0d\u2019une capacit\u00e9 de 4 grammes pour fabriquer vos propres baumes \u00e0 l\u00e8vres RECETTE DE BAUMES \u00c0 L\u00c8VRES \u00c0 LA CALENDULE\u00a0\u00a0(fait 5-6 b\u00e2tons) 7 gr de cire d\u2019abeille pure 21 gr\u00a0 d\u2019huile de calendule Environ 10 gouttes vitamine E Environ 10 gouttes d\u2019huiles essentielles de menthe des champs PROC\u00c9D\u00c9: \u00a0Dans une tasse en Pyrex pesez la cire et l\u2019huile de calendule. Mettre la tasse dans une casserole avec environ 1 po d\u2019eau en \u00e9bullition (bain-marie). Chauffer jusqu\u2019\u00e0 ce que la cire soit fondu. Retirer la tasse de la casserole puis ajouter la vitamine E et les huiles essentielles. \u00a0Couler dans des b\u00e2tons \u00e0 l\u00e8vres et laisser durcir quelques minutes avant de les utiliser. \u00a0C\u2019est tout !\",\"breadcrumb\":{\"@id\":\"https:\\\/\\\/hunzaroma.com\\\/en\\\/essential-oil\\\/tube-transparent-pour-baume-a-levres\\\/#breadcrumb\"},\"inLanguage\":\"en-US\",\"potentialAction\":[{\"@type\":\"ReadAction\",\"target\":[\"https:\\\/\\\/hunzaroma.com\\\/en\\\/essential-oil\\\/tube-transparent-pour-baume-a-levres\\\/\"]}]},{\"@type\":\"ImageObject\",\"inLanguage\":\"en-US\",\"@id\":\"https:\\\/\\\/hunzaroma.com\\\/en\\\/essential-oil\\\/tube-transparent-pour-baume-a-levres\\\/#primaryimage\",\"url\":\"https:\\\/\\\/hunzaroma.com\\\/wp-content\\\/uploads\\\/2018\\\/08\\\/products-IMG_3215.jpg\",\"contentUrl\":\"https:\\\/\\\/hunzaroma.com\\\/wp-content\\\/uploads\\\/2018\\\/08\\\/products-IMG_3215.jpg\",\"width\":640,\"height\":640},{\"@type\":\"BreadcrumbList\",\"@id\":\"https:\\\/\\\/hunzaroma.com\\\/en\\\/essential-oil\\\/tube-transparent-pour-baume-a-levres\\\/#breadcrumb\",\"itemListElement\":[{\"@type\":\"ListItem\",\"position\":1,\"name\":\"Accueil\",\"item\":\"https:\\\/\\\/hunzaroma.com\\\/en\\\/home\\\/\"},{\"@type\":\"ListItem\",\"position\":2,\"name\":\"Shop\",\"item\":\"https:\\\/\\\/hunzaroma.com\\\/en\\\/essential-oil\\\/\"},{\"@type\":\"ListItem\",\"position\":3,\"name\":\"TRANSPARENT TUBE FOR LIP BALM\"}]},{\"@type\":\"WebSite\",\"@id\":\"https:\\\/\\\/hunzaroma.com\\\/#website\",\"url\":\"https:\\\/\\\/hunzaroma.com\\\/\",\"name\":\"Hunzaroma\",\"description\":\"Huiles essentielles\",\"potentialAction\":[{\"@type\":\"SearchAction\",\"target\":{\"@type\":\"EntryPoint\",\"urlTemplate\":\"https:\\\/\\\/hunzaroma.com\\\/?s={search_term_string}\"},\"query-input\":{\"@type\":\"PropertyValueSpecification\",\"valueRequired\":true,\"valueName\":\"search_term_string\"}}],\"inLanguage\":\"en-US\"}]}<\/script>\n<!-- \/ Yoast SEO plugin. -->","yoast_head_json":{"title":"Tube transparent pour baume \u00e0 l\u00e8vres","description":"TUBE TRANSPARENT\u00a0d\u2019une capacit\u00e9 de 4 grammes pour fabriquer vos propres baumes \u00e0 l\u00e8vres RECETTE DE BAUMES \u00c0 L\u00c8VRES \u00c0 LA CALENDULE\u00a0\u00a0(fait 5-6 b\u00e2tons) 7 gr de cire d\u2019abeille pure 21 gr\u00a0 d\u2019huile de calendule Environ 10 gouttes vitamine E Environ 10 gouttes d\u2019huiles essentielles de menthe des champs PROC\u00c9D\u00c9: \u00a0Dans une tasse en Pyrex pesez la cire et l\u2019huile de calendule. Mettre la tasse dans une casserole avec environ 1 po d\u2019eau en \u00e9bullition (bain-marie). Chauffer jusqu\u2019\u00e0 ce que la cire soit fondu. Retirer la tasse de la casserole puis ajouter la vitamine E et les huiles essentielles. \u00a0Couler dans des b\u00e2tons \u00e0 l\u00e8vres et laisser durcir quelques minutes avant de les utiliser. \u00a0C\u2019est tout !","robots":{"index":"index","follow":"follow","max-snippet":"max-snippet:-1","max-image-preview":"max-image-preview:large","max-video-preview":"max-video-preview:-1"},"canonical":"https:\/\/hunzaroma.com\/en\/essential-oil\/tube-transparent-pour-baume-a-levres\/","og_locale":"en_US","og_type":"article","og_title":"Tube transparent pour baume \u00e0 l\u00e8vres","og_description":"TUBE TRANSPARENT\u00a0d\u2019une capacit\u00e9 de 4 grammes pour fabriquer vos propres baumes \u00e0 l\u00e8vres RECETTE DE BAUMES \u00c0 L\u00c8VRES \u00c0 LA CALENDULE\u00a0\u00a0(fait 5-6 b\u00e2tons) 7 gr de cire d\u2019abeille pure 21 gr\u00a0 d\u2019huile de calendule Environ 10 gouttes vitamine E Environ 10 gouttes d\u2019huiles essentielles de menthe des champs PROC\u00c9D\u00c9: \u00a0Dans une tasse en Pyrex pesez la cire et l\u2019huile de calendule. Mettre la tasse dans une casserole avec environ 1 po d\u2019eau en \u00e9bullition (bain-marie). Chauffer jusqu\u2019\u00e0 ce que la cire soit fondu. Retirer la tasse de la casserole puis ajouter la vitamine E et les huiles essentielles. \u00a0Couler dans des b\u00e2tons \u00e0 l\u00e8vres et laisser durcir quelques minutes avant de les utiliser. \u00a0C\u2019est tout !","og_url":"https:\/\/hunzaroma.com\/en\/essential-oil\/tube-transparent-pour-baume-a-levres\/","og_site_name":"Hunzaroma","article_modified_time":"2020-11-08T17:53:32+00:00","og_image":[{"width":640,"height":640,"url":"https:\/\/hunzaroma.com\/wp-content\/uploads\/2018\/08\/products-IMG_3215.jpg","type":"image\/jpeg"}],"twitter_card":"summary_large_image","twitter_misc":{"Est. reading time":"1 minute"},"schema":{"@context":"https:\/\/schema.org","@graph":[{"@type":"WebPage","@id":"https:\/\/hunzaroma.com\/en\/essential-oil\/tube-transparent-pour-baume-a-levres\/","url":"https:\/\/hunzaroma.com\/en\/essential-oil\/tube-transparent-pour-baume-a-levres\/","name":"Tube transparent pour baume \u00e0 l\u00e8vres","isPartOf":{"@id":"https:\/\/hunzaroma.com\/#website"},"primaryImageOfPage":{"@id":"https:\/\/hunzaroma.com\/en\/essential-oil\/tube-transparent-pour-baume-a-levres\/#primaryimage"},"image":{"@id":"https:\/\/hunzaroma.com\/en\/essential-oil\/tube-transparent-pour-baume-a-levres\/#primaryimage"},"thumbnailUrl":"https:\/\/hunzaroma.com\/wp-content\/uploads\/2018\/08\/products-IMG_3215.jpg","datePublished":"2018-08-12T05:57:30+00:00","dateModified":"2020-11-08T17:53:32+00:00","description":"TUBE TRANSPARENT\u00a0d\u2019une capacit\u00e9 de 4 grammes pour fabriquer vos propres baumes \u00e0 l\u00e8vres RECETTE DE BAUMES \u00c0 L\u00c8VRES \u00c0 LA CALENDULE\u00a0\u00a0(fait 5-6 b\u00e2tons) 7 gr de cire d\u2019abeille pure 21 gr\u00a0 d\u2019huile de calendule Environ 10 gouttes vitamine E Environ 10 gouttes d\u2019huiles essentielles de menthe des champs PROC\u00c9D\u00c9: \u00a0Dans une tasse en Pyrex pesez la cire et l\u2019huile de calendule. Mettre la tasse dans une casserole avec environ 1 po d\u2019eau en \u00e9bullition (bain-marie). Chauffer jusqu\u2019\u00e0 ce que la cire soit fondu. Retirer la tasse de la casserole puis ajouter la vitamine E et les huiles essentielles. \u00a0Couler dans des b\u00e2tons \u00e0 l\u00e8vres et laisser durcir quelques minutes avant de les utiliser. \u00a0C\u2019est tout !","breadcrumb":{"@id":"https:\/\/hunzaroma.com\/en\/essential-oil\/tube-transparent-pour-baume-a-levres\/#breadcrumb"},"inLanguage":"en-US","potentialAction":[{"@type":"ReadAction","target":["https:\/\/hunzaroma.com\/en\/essential-oil\/tube-transparent-pour-baume-a-levres\/"]}]},{"@type":"ImageObject","inLanguage":"en-US","@id":"https:\/\/hunzaroma.com\/en\/essential-oil\/tube-transparent-pour-baume-a-levres\/#primaryimage","url":"https:\/\/hunzaroma.com\/wp-content\/uploads\/2018\/08\/products-IMG_3215.jpg","contentUrl":"https:\/\/hunzaroma.com\/wp-content\/uploads\/2018\/08\/products-IMG_3215.jpg","width":640,"height":640},{"@type":"BreadcrumbList","@id":"https:\/\/hunzaroma.com\/en\/essential-oil\/tube-transparent-pour-baume-a-levres\/#breadcrumb","itemListElement":[{"@type":"ListItem","position":1,"name":"Accueil","item":"https:\/\/hunzaroma.com\/en\/home\/"},{"@type":"ListItem","position":2,"name":"Shop","item":"https:\/\/hunzaroma.com\/en\/essential-oil\/"},{"@type":"ListItem","position":3,"name":"TRANSPARENT TUBE FOR LIP BALM"}]},{"@type":"WebSite","@id":"https:\/\/hunzaroma.com\/#website","url":"https:\/\/hunzaroma.com\/","name":"Hunzaroma","description":"Huiles essentielles","potentialAction":[{"@type":"SearchAction","target":{"@type":"EntryPoint","urlTemplate":"https:\/\/hunzaroma.com\/?s={search_term_string}"},"query-input":{"@type":"PropertyValueSpecification","valueRequired":true,"valueName":"search_term_string"}}],"inLanguage":"en-US"}]}},"_links":{"self":[{"href":"https:\/\/hunzaroma.com\/en\/wp-json\/wp\/v2\/product\/7485","targetHints":{"allow":["GET"]}}],"collection":[{"href":"https:\/\/hunzaroma.com\/en\/wp-json\/wp\/v2\/product"}],"about":[{"href":"https:\/\/hunzaroma.com\/en\/wp-json\/wp\/v2\/types\/product"}],"wp:featuredmedia":[{"embeddable":true,"href":"https:\/\/hunzaroma.com\/en\/wp-json\/wp\/v2\/media\/7486"}],"wp:attachment":[{"href":"https:\/\/hunzaroma.com\/en\/wp-json\/wp\/v2\/media?parent=7485"}],"wp:term":[{"taxonomy":"product_brand","embeddable":true,"href":"https:\/\/hunzaroma.com\/en\/wp-json\/wp\/v2\/product_brand?post=7485"},{"taxonomy":"product_cat","embeddable":true,"href":"https:\/\/hunzaroma.com\/en\/wp-json\/wp\/v2\/product_cat?post=7485"},{"taxonomy":"product_tag","embeddable":true,"href":"https:\/\/hunzaroma.com\/en\/wp-json\/wp\/v2\/product_tag?post=7485"}],"curies":[{"name":"wp","href":"https:\/\/api.w.org\/{rel}","templated":true}]}}