{"id":7207,"date":"2018-12-03T21:10:04","date_gmt":"2018-12-04T02:10:04","guid":{"rendered":"https:\/\/hunzaroma.com\/product\/les-huiles-vegetales-huiles-de-sante-et-de-beaute\/"},"modified":"2026-03-13T13:19:08","modified_gmt":"2026-03-13T17:19:08","slug":"les-huiles-vegetales-huiles-de-sante-et-de-beaute","status":"publish","type":"product","link":"https:\/\/hunzaroma.com\/en\/essential-oil\/les-huiles-vegetales-huiles-de-sante-et-de-beaute\/","title":{"rendered":"Les huiles v\u00e9g\u00e9tales: huiles de sant\u00e9 et de beaut\u00e9"},"content":{"rendered":"<p>Please note that this book is only available in French.<\/p>\n<p>Authors: Chantal Clergeaud, Lionel Clergeaud<\/p>\n<p>Found in every civilization and every religion, oil\u2014whether olive, walnut, or sweet almond\u2014is present at every stage of our lives: health, beauty, nutrition, home life, and the economy. However, to fully fulfill its role as a food, a contributor to health, and a beauty aid, it must be of impeccable quality, first cold-pressed, derived from seeds harvested at just the right ripeness, and grown using organic farming methods. It is high time, then, to rediscover the quality of this essential food and restore its former glory. This updated edition contains 64 additional pages. You will discover 86 detailed monographs, including 78 on vegetable oils and 8 on oil macerates, with 45 new vegetable oil monographs and 8 new oil macerate monographs. Among the newly added oils, you will find: Abyssinian, Andiroba, Babassu, Baobab, Broccoli, Cade, Coconut, Cucumber, Cotton, Cranberry, Prickly Pear, Passion Fruit, Pomegranate, Shea, Kiwi, Kukui, Neem, Brazil Nut, Palm, Papaya, Tomato Seed, Pistachio, Gascony Plum, Rice Bran, Yangu, and many others.<\/p>\n","protected":false},"excerpt":{"rendered":"<p>Please note that this book is only available in French. Authors: Chantal Clergeaud, Lionel Clergeaud Found in every civilization and every religion, oil\u2014whether olive, walnut, or<span class=\"excerpt-hellip\"> [\u2026]<\/span><\/p>\n","protected":false},"featured_media":7208,"template":"","meta":{"_acf_changed":false},"product_brand":[],"product_cat":[1910],"product_tag":[],"class_list":{"0":"post-7207","1":"product","2":"type-product","3":"status-publish","4":"has-post-thumbnail","6":"product_cat-books","8":"first","9":"instock","10":"taxable","11":"shipping-taxable","12":"purchasable","13":"product-type-simple"},"acf":[],"yoast_head":"<!-- This site is optimized with the Yoast SEO plugin v27.1.1 - https:\/\/yoast.com\/product\/yoast-seo-wordpress\/ -->\n<title>Les huiles v\u00e9g\u00e9tales: huiles de sant\u00e9 et de beaut\u00e9 - Hunzaroma<\/title>\n<meta name=\"description\" content=\"Please note that this book is only available in French. Authors: Chantal Clergeaud, Lionel Clergeaud Found in every civilization and every religion, oil\u2014whether olive, walnut, or sweet almond\u2014is present at every stage of our lives: health, beauty, nutrition, home life, and the economy. However, to fully fulfill its role as a food, a contributor to health, and a beauty aid, it must be of impeccable quality, first cold-pressed, derived from seeds harvested at just the right ripeness, and grown using organic farming methods. It is high time, then, to rediscover the quality of this essential food and restore its former glory. This updated edition contains 64 additional pages. You will discover 86 detailed monographs, including 78 on vegetable oils and 8 on oil macerates, with 45 new vegetable oil monographs and 8 new oil macerate monographs. Among the newly added oils, you will find: Abyssinian, Andiroba, Babassu, Baobab, Broccoli, Cade, Coconut, Cucumber, Cotton, Cranberry, Prickly Pear, Passion Fruit, Pomegranate, Shea, Kiwi, Kukui, Neem, Brazil Nut, Palm, Papaya, Tomato Seed, Pistachio, Gascony Plum, Rice Bran, Yangu, and many others.\" \/>\n<meta name=\"robots\" content=\"index, follow, max-snippet:-1, max-image-preview:large, max-video-preview:-1\" \/>\n<link rel=\"canonical\" href=\"https:\/\/hunzaroma.com\/en\/essential-oil\/les-huiles-vegetales-huiles-de-sante-et-de-beaute\/\" \/>\n<meta property=\"og:locale\" content=\"en_US\" \/>\n<meta property=\"og:type\" content=\"article\" \/>\n<meta property=\"og:title\" content=\"Les huiles v\u00e9g\u00e9tales: huiles de sant\u00e9 et de beaut\u00e9 - Hunzaroma\" \/>\n<meta property=\"og:description\" content=\"Please note that this book is only available in French. Authors: Chantal Clergeaud, Lionel Clergeaud Found in every civilization and every religion, oil\u2014whether olive, walnut, or sweet almond\u2014is present at every stage of our lives: health, beauty, nutrition, home life, and the economy. However, to fully fulfill its role as a food, a contributor to health, and a beauty aid, it must be of impeccable quality, first cold-pressed, derived from seeds harvested at just the right ripeness, and grown using organic farming methods. It is high time, then, to rediscover the quality of this essential food and restore its former glory. This updated edition contains 64 additional pages. You will discover 86 detailed monographs, including 78 on vegetable oils and 8 on oil macerates, with 45 new vegetable oil monographs and 8 new oil macerate monographs. Among the newly added oils, you will find: Abyssinian, Andiroba, Babassu, Baobab, Broccoli, Cade, Coconut, Cucumber, Cotton, Cranberry, Prickly Pear, Passion Fruit, Pomegranate, Shea, Kiwi, Kukui, Neem, Brazil Nut, Palm, Papaya, Tomato Seed, Pistachio, Gascony Plum, Rice Bran, Yangu, and many others.\" \/>\n<meta property=\"og:url\" content=\"https:\/\/hunzaroma.com\/en\/essential-oil\/les-huiles-vegetales-huiles-de-sante-et-de-beaute\/\" \/>\n<meta property=\"og:site_name\" content=\"Hunzaroma\" \/>\n<meta property=\"article:modified_time\" content=\"2026-03-13T17:19:08+00:00\" \/>\n<meta property=\"og:image\" content=\"https:\/\/hunzaroma.com\/wp-content\/uploads\/2018\/12\/products-Les_huiles_vegetales.jpg\" \/>\n\t<meta property=\"og:image:width\" content=\"403\" \/>\n\t<meta property=\"og:image:height\" content=\"574\" \/>\n\t<meta property=\"og:image:type\" content=\"image\/jpeg\" \/>\n<meta name=\"twitter:card\" content=\"summary_large_image\" \/>\n<meta name=\"twitter:label1\" content=\"Est. reading time\" \/>\n\t<meta name=\"twitter:data1\" content=\"1 minute\" \/>\n<script type=\"application\/ld+json\" class=\"yoast-schema-graph\">{\"@context\":\"https:\/\/schema.org\",\"@graph\":[{\"@type\":\"WebPage\",\"@id\":\"https:\/\/hunzaroma.com\/en\/essential-oil\/les-huiles-vegetales-huiles-de-sante-et-de-beaute\/\",\"url\":\"https:\/\/hunzaroma.com\/en\/essential-oil\/les-huiles-vegetales-huiles-de-sante-et-de-beaute\/\",\"name\":\"Les huiles v\u00e9g\u00e9tales: huiles de sant\u00e9 et de beaut\u00e9 - Hunzaroma\",\"isPartOf\":{\"@id\":\"https:\/\/hunzaroma.com\/#website\"},\"primaryImageOfPage\":{\"@id\":\"https:\/\/hunzaroma.com\/en\/essential-oil\/les-huiles-vegetales-huiles-de-sante-et-de-beaute\/#primaryimage\"},\"image\":{\"@id\":\"https:\/\/hunzaroma.com\/en\/essential-oil\/les-huiles-vegetales-huiles-de-sante-et-de-beaute\/#primaryimage\"},\"thumbnailUrl\":\"https:\/\/hunzaroma.com\/wp-content\/uploads\/2018\/12\/products-Les_huiles_vegetales.jpg\",\"datePublished\":\"2018-12-04T02:10:04+00:00\",\"dateModified\":\"2026-03-13T17:19:08+00:00\",\"description\":\"Please note that this book is only available in French. Authors: Chantal Clergeaud, Lionel Clergeaud Found in every civilization and every religion, oil\u2014whether olive, walnut, or sweet almond\u2014is present at every stage of our lives: health, beauty, nutrition, home life, and the economy. However, to fully fulfill its role as a food, a contributor to health, and a beauty aid, it must be of impeccable quality, first cold-pressed, derived from seeds harvested at just the right ripeness, and grown using organic farming methods. It is high time, then, to rediscover the quality of this essential food and restore its former glory. This updated edition contains 64 additional pages. You will discover 86 detailed monographs, including 78 on vegetable oils and 8 on oil macerates, with 45 new vegetable oil monographs and 8 new oil macerate monographs. Among the newly added oils, you will find: Abyssinian, Andiroba, Babassu, Baobab, Broccoli, Cade, Coconut, Cucumber, Cotton, Cranberry, Prickly Pear, Passion Fruit, Pomegranate, Shea, Kiwi, Kukui, Neem, Brazil Nut, Palm, Papaya, Tomato Seed, Pistachio, Gascony Plum, Rice Bran, Yangu, and many others.\",\"breadcrumb\":{\"@id\":\"https:\/\/hunzaroma.com\/en\/essential-oil\/les-huiles-vegetales-huiles-de-sante-et-de-beaute\/#breadcrumb\"},\"inLanguage\":\"en-US\",\"potentialAction\":[{\"@type\":\"ReadAction\",\"target\":[\"https:\/\/hunzaroma.com\/en\/essential-oil\/les-huiles-vegetales-huiles-de-sante-et-de-beaute\/\"]}]},{\"@type\":\"ImageObject\",\"inLanguage\":\"en-US\",\"@id\":\"https:\/\/hunzaroma.com\/en\/essential-oil\/les-huiles-vegetales-huiles-de-sante-et-de-beaute\/#primaryimage\",\"url\":\"https:\/\/hunzaroma.com\/wp-content\/uploads\/2018\/12\/products-Les_huiles_vegetales.jpg\",\"contentUrl\":\"https:\/\/hunzaroma.com\/wp-content\/uploads\/2018\/12\/products-Les_huiles_vegetales.jpg\",\"width\":403,\"height\":574},{\"@type\":\"BreadcrumbList\",\"@id\":\"https:\/\/hunzaroma.com\/en\/essential-oil\/les-huiles-vegetales-huiles-de-sante-et-de-beaute\/#breadcrumb\",\"itemListElement\":[{\"@type\":\"ListItem\",\"position\":1,\"name\":\"Accueil\",\"item\":\"https:\/\/hunzaroma.com\/en\/home\/\"},{\"@type\":\"ListItem\",\"position\":2,\"name\":\"Shop\",\"item\":\"https:\/\/hunzaroma.com\/en\/essential-oil\/\"},{\"@type\":\"ListItem\",\"position\":3,\"name\":\"Les huiles v\u00e9g\u00e9tales: huiles de sant\u00e9 et de beaut\u00e9\"}]},{\"@type\":\"WebSite\",\"@id\":\"https:\/\/hunzaroma.com\/#website\",\"url\":\"https:\/\/hunzaroma.com\/\",\"name\":\"Hunzaroma\",\"description\":\"Huiles essentielles\",\"potentialAction\":[{\"@type\":\"SearchAction\",\"target\":{\"@type\":\"EntryPoint\",\"urlTemplate\":\"https:\/\/hunzaroma.com\/?s={search_term_string}\"},\"query-input\":{\"@type\":\"PropertyValueSpecification\",\"valueRequired\":true,\"valueName\":\"search_term_string\"}}],\"inLanguage\":\"en-US\"}]}<\/script>\n<!-- \/ Yoast SEO plugin. -->","yoast_head_json":{"title":"Les huiles v\u00e9g\u00e9tales: huiles de sant\u00e9 et de beaut\u00e9 - Hunzaroma","description":"Please note that this book is only available in French. Authors: Chantal Clergeaud, Lionel Clergeaud Found in every civilization and every religion, oil\u2014whether olive, walnut, or sweet almond\u2014is present at every stage of our lives: health, beauty, nutrition, home life, and the economy. However, to fully fulfill its role as a food, a contributor to health, and a beauty aid, it must be of impeccable quality, first cold-pressed, derived from seeds harvested at just the right ripeness, and grown using organic farming methods. It is high time, then, to rediscover the quality of this essential food and restore its former glory. This updated edition contains 64 additional pages. You will discover 86 detailed monographs, including 78 on vegetable oils and 8 on oil macerates, with 45 new vegetable oil monographs and 8 new oil macerate monographs. Among the newly added oils, you will find: Abyssinian, Andiroba, Babassu, Baobab, Broccoli, Cade, Coconut, Cucumber, Cotton, Cranberry, Prickly Pear, Passion Fruit, Pomegranate, Shea, Kiwi, Kukui, Neem, Brazil Nut, Palm, Papaya, Tomato Seed, Pistachio, Gascony Plum, Rice Bran, Yangu, and many others.","robots":{"index":"index","follow":"follow","max-snippet":"max-snippet:-1","max-image-preview":"max-image-preview:large","max-video-preview":"max-video-preview:-1"},"canonical":"https:\/\/hunzaroma.com\/en\/essential-oil\/les-huiles-vegetales-huiles-de-sante-et-de-beaute\/","og_locale":"en_US","og_type":"article","og_title":"Les huiles v\u00e9g\u00e9tales: huiles de sant\u00e9 et de beaut\u00e9 - Hunzaroma","og_description":"Please note that this book is only available in French. Authors: Chantal Clergeaud, Lionel Clergeaud Found in every civilization and every religion, oil\u2014whether olive, walnut, or sweet almond\u2014is present at every stage of our lives: health, beauty, nutrition, home life, and the economy. However, to fully fulfill its role as a food, a contributor to health, and a beauty aid, it must be of impeccable quality, first cold-pressed, derived from seeds harvested at just the right ripeness, and grown using organic farming methods. It is high time, then, to rediscover the quality of this essential food and restore its former glory. This updated edition contains 64 additional pages. You will discover 86 detailed monographs, including 78 on vegetable oils and 8 on oil macerates, with 45 new vegetable oil monographs and 8 new oil macerate monographs. Among the newly added oils, you will find: Abyssinian, Andiroba, Babassu, Baobab, Broccoli, Cade, Coconut, Cucumber, Cotton, Cranberry, Prickly Pear, Passion Fruit, Pomegranate, Shea, Kiwi, Kukui, Neem, Brazil Nut, Palm, Papaya, Tomato Seed, Pistachio, Gascony Plum, Rice Bran, Yangu, and many others.","og_url":"https:\/\/hunzaroma.com\/en\/essential-oil\/les-huiles-vegetales-huiles-de-sante-et-de-beaute\/","og_site_name":"Hunzaroma","article_modified_time":"2026-03-13T17:19:08+00:00","og_image":[{"width":403,"height":574,"url":"https:\/\/hunzaroma.com\/wp-content\/uploads\/2018\/12\/products-Les_huiles_vegetales.jpg","type":"image\/jpeg"}],"twitter_card":"summary_large_image","twitter_misc":{"Est. reading time":"1 minute"},"schema":{"@context":"https:\/\/schema.org","@graph":[{"@type":"WebPage","@id":"https:\/\/hunzaroma.com\/en\/essential-oil\/les-huiles-vegetales-huiles-de-sante-et-de-beaute\/","url":"https:\/\/hunzaroma.com\/en\/essential-oil\/les-huiles-vegetales-huiles-de-sante-et-de-beaute\/","name":"Les huiles v\u00e9g\u00e9tales: huiles de sant\u00e9 et de beaut\u00e9 - Hunzaroma","isPartOf":{"@id":"https:\/\/hunzaroma.com\/#website"},"primaryImageOfPage":{"@id":"https:\/\/hunzaroma.com\/en\/essential-oil\/les-huiles-vegetales-huiles-de-sante-et-de-beaute\/#primaryimage"},"image":{"@id":"https:\/\/hunzaroma.com\/en\/essential-oil\/les-huiles-vegetales-huiles-de-sante-et-de-beaute\/#primaryimage"},"thumbnailUrl":"https:\/\/hunzaroma.com\/wp-content\/uploads\/2018\/12\/products-Les_huiles_vegetales.jpg","datePublished":"2018-12-04T02:10:04+00:00","dateModified":"2026-03-13T17:19:08+00:00","description":"Please note that this book is only available in French. Authors: Chantal Clergeaud, Lionel Clergeaud Found in every civilization and every religion, oil\u2014whether olive, walnut, or sweet almond\u2014is present at every stage of our lives: health, beauty, nutrition, home life, and the economy. However, to fully fulfill its role as a food, a contributor to health, and a beauty aid, it must be of impeccable quality, first cold-pressed, derived from seeds harvested at just the right ripeness, and grown using organic farming methods. It is high time, then, to rediscover the quality of this essential food and restore its former glory. This updated edition contains 64 additional pages. You will discover 86 detailed monographs, including 78 on vegetable oils and 8 on oil macerates, with 45 new vegetable oil monographs and 8 new oil macerate monographs. Among the newly added oils, you will find: Abyssinian, Andiroba, Babassu, Baobab, Broccoli, Cade, Coconut, Cucumber, Cotton, Cranberry, Prickly Pear, Passion Fruit, Pomegranate, Shea, Kiwi, Kukui, Neem, Brazil Nut, Palm, Papaya, Tomato Seed, Pistachio, Gascony Plum, Rice Bran, Yangu, and many others.","breadcrumb":{"@id":"https:\/\/hunzaroma.com\/en\/essential-oil\/les-huiles-vegetales-huiles-de-sante-et-de-beaute\/#breadcrumb"},"inLanguage":"en-US","potentialAction":[{"@type":"ReadAction","target":["https:\/\/hunzaroma.com\/en\/essential-oil\/les-huiles-vegetales-huiles-de-sante-et-de-beaute\/"]}]},{"@type":"ImageObject","inLanguage":"en-US","@id":"https:\/\/hunzaroma.com\/en\/essential-oil\/les-huiles-vegetales-huiles-de-sante-et-de-beaute\/#primaryimage","url":"https:\/\/hunzaroma.com\/wp-content\/uploads\/2018\/12\/products-Les_huiles_vegetales.jpg","contentUrl":"https:\/\/hunzaroma.com\/wp-content\/uploads\/2018\/12\/products-Les_huiles_vegetales.jpg","width":403,"height":574},{"@type":"BreadcrumbList","@id":"https:\/\/hunzaroma.com\/en\/essential-oil\/les-huiles-vegetales-huiles-de-sante-et-de-beaute\/#breadcrumb","itemListElement":[{"@type":"ListItem","position":1,"name":"Accueil","item":"https:\/\/hunzaroma.com\/en\/home\/"},{"@type":"ListItem","position":2,"name":"Shop","item":"https:\/\/hunzaroma.com\/en\/essential-oil\/"},{"@type":"ListItem","position":3,"name":"Les huiles v\u00e9g\u00e9tales: huiles de sant\u00e9 et de beaut\u00e9"}]},{"@type":"WebSite","@id":"https:\/\/hunzaroma.com\/#website","url":"https:\/\/hunzaroma.com\/","name":"Hunzaroma","description":"Huiles essentielles","potentialAction":[{"@type":"SearchAction","target":{"@type":"EntryPoint","urlTemplate":"https:\/\/hunzaroma.com\/?s={search_term_string}"},"query-input":{"@type":"PropertyValueSpecification","valueRequired":true,"valueName":"search_term_string"}}],"inLanguage":"en-US"}]}},"_links":{"self":[{"href":"https:\/\/hunzaroma.com\/en\/wp-json\/wp\/v2\/product\/7207","targetHints":{"allow":["GET"]}}],"collection":[{"href":"https:\/\/hunzaroma.com\/en\/wp-json\/wp\/v2\/product"}],"about":[{"href":"https:\/\/hunzaroma.com\/en\/wp-json\/wp\/v2\/types\/product"}],"wp:featuredmedia":[{"embeddable":true,"href":"https:\/\/hunzaroma.com\/en\/wp-json\/wp\/v2\/media\/7208"}],"wp:attachment":[{"href":"https:\/\/hunzaroma.com\/en\/wp-json\/wp\/v2\/media?parent=7207"}],"wp:term":[{"taxonomy":"product_brand","embeddable":true,"href":"https:\/\/hunzaroma.com\/en\/wp-json\/wp\/v2\/product_brand?post=7207"},{"taxonomy":"product_cat","embeddable":true,"href":"https:\/\/hunzaroma.com\/en\/wp-json\/wp\/v2\/product_cat?post=7207"},{"taxonomy":"product_tag","embeddable":true,"href":"https:\/\/hunzaroma.com\/en\/wp-json\/wp\/v2\/product_tag?post=7207"}],"curies":[{"name":"wp","href":"https:\/\/api.w.org\/{rel}","templated":true}]}}