{"id":6909,"date":"2020-04-07T15:01:26","date_gmt":"2020-04-07T15:01:26","guid":{"rendered":"https:\/\/hunzaroma.com\/product\/ubqh\/"},"modified":"2020-11-05T13:59:27","modified_gmt":"2020-11-05T18:59:27","slug":"ubqh","status":"publish","type":"product","link":"https:\/\/hunzaroma.com\/en\/essential-oil\/ubqh\/","title":{"rendered":"UBQH\u2122"},"content":{"rendered":"<p>Will be available again in early November 2020<\/p>\n<p>Integrative therapeutics<\/p>\n<p>60 capsules of 100 mg<\/p>\n<p>Patented stabilized reduced ubiquinol<\/p>\n","protected":false},"excerpt":{"rendered":"<p>Will be available again in early November 2020 Integrative therapeutics 60 capsules of 100 mg Patented stabilized reduced ubiquinol<\/p>\n","protected":false},"featured_media":6910,"template":"","meta":{"_acf_changed":false},"product_brand":[],"product_cat":[],"product_tag":[],"class_list":{"0":"post-6909","1":"product","2":"type-product","3":"status-publish","4":"has-post-thumbnail","7":"first","8":"outofstock","9":"taxable","10":"shipping-taxable","11":"purchasable","12":"product-type-simple"},"acf":[],"yoast_head":"<!-- This site is optimized with the Yoast SEO plugin v27.1.1 - https:\/\/yoast.com\/product\/yoast-seo-wordpress\/ -->\n<title>UBQH\u2122<\/title>\n<meta name=\"description\" content=\"Sera de nouveau disponible au d\u00e9but du mois de novembre 2020 Integrative therapeutics 60 g\u00e9lules de 100 mg Ubiquinol r\u00e9duit stabilis\u00e9 brevet\u00e9\" \/>\n<meta name=\"robots\" content=\"index, follow, max-snippet:-1, max-image-preview:large, max-video-preview:-1\" \/>\n<link rel=\"canonical\" href=\"https:\/\/hunzaroma.com\/en\/essential-oil\/ubqh\/\" \/>\n<meta property=\"og:locale\" content=\"en_US\" \/>\n<meta property=\"og:type\" content=\"article\" \/>\n<meta property=\"og:title\" content=\"UBQH\u2122\" \/>\n<meta property=\"og:description\" content=\"Sera de nouveau disponible au d\u00e9but du mois de novembre 2020 Integrative therapeutics 60 g\u00e9lules de 100 mg Ubiquinol r\u00e9duit stabilis\u00e9 brevet\u00e9\" \/>\n<meta property=\"og:url\" content=\"https:\/\/hunzaroma.com\/en\/essential-oil\/ubqh\/\" \/>\n<meta property=\"og:site_name\" content=\"Hunzaroma\" \/>\n<meta property=\"article:modified_time\" content=\"2020-11-05T18:59:27+00:00\" \/>\n<meta property=\"og:image\" content=\"https:\/\/hunzaroma.com\/wp-content\/uploads\/2020\/04\/products-Captured_ecran_le2020-04-07a15.05.23.png\" \/>\n\t<meta property=\"og:image:width\" content=\"188\" \/>\n\t<meta property=\"og:image:height\" content=\"326\" \/>\n\t<meta property=\"og:image:type\" content=\"image\/jpeg\" \/>\n<meta name=\"twitter:card\" content=\"summary_large_image\" \/>\n<script type=\"application\/ld+json\" class=\"yoast-schema-graph\">{\"@context\":\"https:\/\/schema.org\",\"@graph\":[{\"@type\":\"WebPage\",\"@id\":\"https:\/\/hunzaroma.com\/en\/essential-oil\/ubqh\/\",\"url\":\"https:\/\/hunzaroma.com\/en\/essential-oil\/ubqh\/\",\"name\":\"UBQH\u2122\",\"isPartOf\":{\"@id\":\"https:\/\/hunzaroma.com\/#website\"},\"primaryImageOfPage\":{\"@id\":\"https:\/\/hunzaroma.com\/en\/essential-oil\/ubqh\/#primaryimage\"},\"image\":{\"@id\":\"https:\/\/hunzaroma.com\/en\/essential-oil\/ubqh\/#primaryimage\"},\"thumbnailUrl\":\"https:\/\/hunzaroma.com\/wp-content\/uploads\/2020\/04\/products-Captured_ecran_le2020-04-07a15.05.23.png\",\"datePublished\":\"2020-04-07T15:01:26+00:00\",\"dateModified\":\"2020-11-05T18:59:27+00:00\",\"description\":\"Sera de nouveau disponible au d\u00e9but du mois de novembre 2020 Integrative therapeutics 60 g\u00e9lules de 100 mg Ubiquinol r\u00e9duit stabilis\u00e9 brevet\u00e9\",\"breadcrumb\":{\"@id\":\"https:\/\/hunzaroma.com\/en\/essential-oil\/ubqh\/#breadcrumb\"},\"inLanguage\":\"en-US\",\"potentialAction\":[{\"@type\":\"ReadAction\",\"target\":[\"https:\/\/hunzaroma.com\/en\/essential-oil\/ubqh\/\"]}]},{\"@type\":\"ImageObject\",\"inLanguage\":\"en-US\",\"@id\":\"https:\/\/hunzaroma.com\/en\/essential-oil\/ubqh\/#primaryimage\",\"url\":\"https:\/\/hunzaroma.com\/wp-content\/uploads\/2020\/04\/products-Captured_ecran_le2020-04-07a15.05.23.png\",\"contentUrl\":\"https:\/\/hunzaroma.com\/wp-content\/uploads\/2020\/04\/products-Captured_ecran_le2020-04-07a15.05.23.png\",\"width\":188,\"height\":326},{\"@type\":\"BreadcrumbList\",\"@id\":\"https:\/\/hunzaroma.com\/en\/essential-oil\/ubqh\/#breadcrumb\",\"itemListElement\":[{\"@type\":\"ListItem\",\"position\":1,\"name\":\"Accueil\",\"item\":\"https:\/\/hunzaroma.com\/en\/home\/\"},{\"@type\":\"ListItem\",\"position\":2,\"name\":\"Shop\",\"item\":\"https:\/\/hunzaroma.com\/en\/essential-oil\/\"},{\"@type\":\"ListItem\",\"position\":3,\"name\":\"UBQH\u2122\"}]},{\"@type\":\"WebSite\",\"@id\":\"https:\/\/hunzaroma.com\/#website\",\"url\":\"https:\/\/hunzaroma.com\/\",\"name\":\"Hunzaroma\",\"description\":\"Huiles essentielles\",\"potentialAction\":[{\"@type\":\"SearchAction\",\"target\":{\"@type\":\"EntryPoint\",\"urlTemplate\":\"https:\/\/hunzaroma.com\/?s={search_term_string}\"},\"query-input\":{\"@type\":\"PropertyValueSpecification\",\"valueRequired\":true,\"valueName\":\"search_term_string\"}}],\"inLanguage\":\"en-US\"}]}<\/script>\n<!-- \/ Yoast SEO plugin. -->","yoast_head_json":{"title":"UBQH\u2122","description":"Sera de nouveau disponible au d\u00e9but du mois de novembre 2020 Integrative therapeutics 60 g\u00e9lules de 100 mg Ubiquinol r\u00e9duit stabilis\u00e9 brevet\u00e9","robots":{"index":"index","follow":"follow","max-snippet":"max-snippet:-1","max-image-preview":"max-image-preview:large","max-video-preview":"max-video-preview:-1"},"canonical":"https:\/\/hunzaroma.com\/en\/essential-oil\/ubqh\/","og_locale":"en_US","og_type":"article","og_title":"UBQH\u2122","og_description":"Sera de nouveau disponible au d\u00e9but du mois de novembre 2020 Integrative therapeutics 60 g\u00e9lules de 100 mg Ubiquinol r\u00e9duit stabilis\u00e9 brevet\u00e9","og_url":"https:\/\/hunzaroma.com\/en\/essential-oil\/ubqh\/","og_site_name":"Hunzaroma","article_modified_time":"2020-11-05T18:59:27+00:00","og_image":[{"width":188,"height":326,"url":"https:\/\/hunzaroma.com\/wp-content\/uploads\/2020\/04\/products-Captured_ecran_le2020-04-07a15.05.23.png","type":"image\/jpeg"}],"twitter_card":"summary_large_image","schema":{"@context":"https:\/\/schema.org","@graph":[{"@type":"WebPage","@id":"https:\/\/hunzaroma.com\/en\/essential-oil\/ubqh\/","url":"https:\/\/hunzaroma.com\/en\/essential-oil\/ubqh\/","name":"UBQH\u2122","isPartOf":{"@id":"https:\/\/hunzaroma.com\/#website"},"primaryImageOfPage":{"@id":"https:\/\/hunzaroma.com\/en\/essential-oil\/ubqh\/#primaryimage"},"image":{"@id":"https:\/\/hunzaroma.com\/en\/essential-oil\/ubqh\/#primaryimage"},"thumbnailUrl":"https:\/\/hunzaroma.com\/wp-content\/uploads\/2020\/04\/products-Captured_ecran_le2020-04-07a15.05.23.png","datePublished":"2020-04-07T15:01:26+00:00","dateModified":"2020-11-05T18:59:27+00:00","description":"Sera de nouveau disponible au d\u00e9but du mois de novembre 2020 Integrative therapeutics 60 g\u00e9lules de 100 mg Ubiquinol r\u00e9duit stabilis\u00e9 brevet\u00e9","breadcrumb":{"@id":"https:\/\/hunzaroma.com\/en\/essential-oil\/ubqh\/#breadcrumb"},"inLanguage":"en-US","potentialAction":[{"@type":"ReadAction","target":["https:\/\/hunzaroma.com\/en\/essential-oil\/ubqh\/"]}]},{"@type":"ImageObject","inLanguage":"en-US","@id":"https:\/\/hunzaroma.com\/en\/essential-oil\/ubqh\/#primaryimage","url":"https:\/\/hunzaroma.com\/wp-content\/uploads\/2020\/04\/products-Captured_ecran_le2020-04-07a15.05.23.png","contentUrl":"https:\/\/hunzaroma.com\/wp-content\/uploads\/2020\/04\/products-Captured_ecran_le2020-04-07a15.05.23.png","width":188,"height":326},{"@type":"BreadcrumbList","@id":"https:\/\/hunzaroma.com\/en\/essential-oil\/ubqh\/#breadcrumb","itemListElement":[{"@type":"ListItem","position":1,"name":"Accueil","item":"https:\/\/hunzaroma.com\/en\/home\/"},{"@type":"ListItem","position":2,"name":"Shop","item":"https:\/\/hunzaroma.com\/en\/essential-oil\/"},{"@type":"ListItem","position":3,"name":"UBQH\u2122"}]},{"@type":"WebSite","@id":"https:\/\/hunzaroma.com\/#website","url":"https:\/\/hunzaroma.com\/","name":"Hunzaroma","description":"Huiles essentielles","potentialAction":[{"@type":"SearchAction","target":{"@type":"EntryPoint","urlTemplate":"https:\/\/hunzaroma.com\/?s={search_term_string}"},"query-input":{"@type":"PropertyValueSpecification","valueRequired":true,"valueName":"search_term_string"}}],"inLanguage":"en-US"}]}},"_links":{"self":[{"href":"https:\/\/hunzaroma.com\/en\/wp-json\/wp\/v2\/product\/6909","targetHints":{"allow":["GET"]}}],"collection":[{"href":"https:\/\/hunzaroma.com\/en\/wp-json\/wp\/v2\/product"}],"about":[{"href":"https:\/\/hunzaroma.com\/en\/wp-json\/wp\/v2\/types\/product"}],"wp:featuredmedia":[{"embeddable":true,"href":"https:\/\/hunzaroma.com\/en\/wp-json\/wp\/v2\/media\/6910"}],"wp:attachment":[{"href":"https:\/\/hunzaroma.com\/en\/wp-json\/wp\/v2\/media?parent=6909"}],"wp:term":[{"taxonomy":"product_brand","embeddable":true,"href":"https:\/\/hunzaroma.com\/en\/wp-json\/wp\/v2\/product_brand?post=6909"},{"taxonomy":"product_cat","embeddable":true,"href":"https:\/\/hunzaroma.com\/en\/wp-json\/wp\/v2\/product_cat?post=6909"},{"taxonomy":"product_tag","embeddable":true,"href":"https:\/\/hunzaroma.com\/en\/wp-json\/wp\/v2\/product_tag?post=6909"}],"curies":[{"name":"wp","href":"https:\/\/api.w.org\/{rel}","templated":true}]}}