{"id":6598,"date":"2018-08-12T06:08:50","date_gmt":"2018-08-12T06:08:50","guid":{"rendered":"https:\/\/hunzaroma.com\/product\/guide-pratique-d-aromatherapie-familiale-et-scientifique\/"},"modified":"2020-11-05T08:19:13","modified_gmt":"2020-11-05T13:19:13","slug":"guide-pratique-d-aromatherapie-familiale-et-scientifique","status":"publish","type":"product","link":"https:\/\/hunzaroma.com\/en\/essential-oil\/guide-pratique-d-aromatherapie-familiale-et-scientifique\/","title":{"rendered":"PRACTICAL GUIDE TO FAMILY AND SCIENTIFIC AROMATHERAPY"},"content":{"rendered":"<p>Author: Dominique Baudoux<\/p>\n<p>My 12 favorite essential oils in 100 highly effective formulas for 300 diseases.<\/p>\n<p>Faced with the return to the sources of an ancestral traditional medicine and the important use of aromatic active ingredients, he had a void to fill, a missing link: a simple book accessible to all so that, in complete safety, the consumer is guided in his choice of essential oils to be mixed as well as their relative proportions and the correct use of the synergy thus created.<\/p>\n","protected":false},"excerpt":{"rendered":"<p>Author: Dominique Baudoux My 12 favorite essential oils in 100 highly effective formulas for 300 diseases. Faced with the return to the sources of an ancestral<span class=\"excerpt-hellip\"> [\u2026]<\/span><\/p>\n","protected":false},"featured_media":6599,"template":"","meta":{"_acf_changed":false},"product_brand":[],"product_cat":[],"product_tag":[],"class_list":{"0":"post-6598","1":"product","2":"type-product","3":"status-publish","4":"has-post-thumbnail","7":"first","8":"outofstock","9":"taxable","10":"shipping-taxable","11":"purchasable","12":"product-type-simple"},"acf":[],"yoast_head":"<!-- This site is optimized with the Yoast SEO plugin v27.1.1 - https:\/\/yoast.com\/product\/yoast-seo-wordpress\/ -->\n<title>Guide pratique d&#039;aromath\u00e9rapie familiale et scientifique<\/title>\n<meta name=\"description\" content=\"Auteur: Dominique Baudoux Mes 12 huiles essentielles pr\u00e9f\u00e9r\u00e9es dans 100 formules tr\u00e8s efficaces pour 300 maladies. Devant le retour aux sources d\u2019une m\u00e9decine traditionnelle ancestrale et l\u2019importante utilisation des actifs aromatiques, il avait un vide \u00e0 combler, un cha\u00eenon manquant : un livre simple et accessible \u00e0 tous pour qu\u2019en toute s\u00e9curit\u00e9, le consommateur soit guid\u00e9 dans ses choix d\u2019huiles essentielles \u00e0 m\u00e9langer ainsi que leurs proportions relatives et l\u2019emploi correct de la synergie ainsi cr\u00e9\u00e9e.\" \/>\n<meta name=\"robots\" content=\"index, follow, max-snippet:-1, max-image-preview:large, max-video-preview:-1\" \/>\n<link rel=\"canonical\" href=\"https:\/\/hunzaroma.com\/en\/essential-oil\/guide-pratique-d-aromatherapie-familiale-et-scientifique\/\" \/>\n<meta property=\"og:locale\" content=\"en_US\" \/>\n<meta property=\"og:type\" content=\"article\" \/>\n<meta property=\"og:title\" content=\"Guide pratique d&#039;aromath\u00e9rapie familiale et scientifique\" \/>\n<meta property=\"og:description\" content=\"Auteur: Dominique Baudoux Mes 12 huiles essentielles pr\u00e9f\u00e9r\u00e9es dans 100 formules tr\u00e8s efficaces pour 300 maladies. Devant le retour aux sources d\u2019une m\u00e9decine traditionnelle ancestrale et l\u2019importante utilisation des actifs aromatiques, il avait un vide \u00e0 combler, un cha\u00eenon manquant : un livre simple et accessible \u00e0 tous pour qu\u2019en toute s\u00e9curit\u00e9, le consommateur soit guid\u00e9 dans ses choix d\u2019huiles essentielles \u00e0 m\u00e9langer ainsi que leurs proportions relatives et l\u2019emploi correct de la synergie ainsi cr\u00e9\u00e9e.\" \/>\n<meta property=\"og:url\" content=\"https:\/\/hunzaroma.com\/en\/essential-oil\/guide-pratique-d-aromatherapie-familiale-et-scientifique\/\" \/>\n<meta property=\"og:site_name\" content=\"Hunzaroma\" \/>\n<meta property=\"article:modified_time\" content=\"2020-11-05T13:19:13+00:00\" \/>\n<meta property=\"og:image\" content=\"https:\/\/hunzaroma.com\/wp-content\/uploads\/2018\/08\/products-guide-pratique-aromath_C3_A9rapie-familiale.jpg\" \/>\n\t<meta property=\"og:image:width\" content=\"369\" \/>\n\t<meta property=\"og:image:height\" content=\"575\" \/>\n\t<meta property=\"og:image:type\" content=\"image\/jpeg\" \/>\n<meta name=\"twitter:card\" content=\"summary_large_image\" \/>\n<script type=\"application\/ld+json\" class=\"yoast-schema-graph\">{\"@context\":\"https:\/\/schema.org\",\"@graph\":[{\"@type\":\"WebPage\",\"@id\":\"https:\/\/hunzaroma.com\/en\/essential-oil\/guide-pratique-d-aromatherapie-familiale-et-scientifique\/\",\"url\":\"https:\/\/hunzaroma.com\/en\/essential-oil\/guide-pratique-d-aromatherapie-familiale-et-scientifique\/\",\"name\":\"Guide pratique d'aromath\u00e9rapie familiale et scientifique\",\"isPartOf\":{\"@id\":\"https:\/\/hunzaroma.com\/#website\"},\"primaryImageOfPage\":{\"@id\":\"https:\/\/hunzaroma.com\/en\/essential-oil\/guide-pratique-d-aromatherapie-familiale-et-scientifique\/#primaryimage\"},\"image\":{\"@id\":\"https:\/\/hunzaroma.com\/en\/essential-oil\/guide-pratique-d-aromatherapie-familiale-et-scientifique\/#primaryimage\"},\"thumbnailUrl\":\"https:\/\/hunzaroma.com\/wp-content\/uploads\/2018\/08\/products-guide-pratique-aromath_C3_A9rapie-familiale.jpg\",\"datePublished\":\"2018-08-12T06:08:50+00:00\",\"dateModified\":\"2020-11-05T13:19:13+00:00\",\"description\":\"Auteur: Dominique Baudoux Mes 12 huiles essentielles pr\u00e9f\u00e9r\u00e9es dans 100 formules tr\u00e8s efficaces pour 300 maladies. Devant le retour aux sources d\u2019une m\u00e9decine traditionnelle ancestrale et l\u2019importante utilisation des actifs aromatiques, il avait un vide \u00e0 combler, un cha\u00eenon manquant : un livre simple et accessible \u00e0 tous pour qu\u2019en toute s\u00e9curit\u00e9, le consommateur soit guid\u00e9 dans ses choix d\u2019huiles essentielles \u00e0 m\u00e9langer ainsi que leurs proportions relatives et l\u2019emploi correct de la synergie ainsi cr\u00e9\u00e9e.\",\"breadcrumb\":{\"@id\":\"https:\/\/hunzaroma.com\/en\/essential-oil\/guide-pratique-d-aromatherapie-familiale-et-scientifique\/#breadcrumb\"},\"inLanguage\":\"en-US\",\"potentialAction\":[{\"@type\":\"ReadAction\",\"target\":[\"https:\/\/hunzaroma.com\/en\/essential-oil\/guide-pratique-d-aromatherapie-familiale-et-scientifique\/\"]}]},{\"@type\":\"ImageObject\",\"inLanguage\":\"en-US\",\"@id\":\"https:\/\/hunzaroma.com\/en\/essential-oil\/guide-pratique-d-aromatherapie-familiale-et-scientifique\/#primaryimage\",\"url\":\"https:\/\/hunzaroma.com\/wp-content\/uploads\/2018\/08\/products-guide-pratique-aromath_C3_A9rapie-familiale.jpg\",\"contentUrl\":\"https:\/\/hunzaroma.com\/wp-content\/uploads\/2018\/08\/products-guide-pratique-aromath_C3_A9rapie-familiale.jpg\",\"width\":369,\"height\":575},{\"@type\":\"BreadcrumbList\",\"@id\":\"https:\/\/hunzaroma.com\/en\/essential-oil\/guide-pratique-d-aromatherapie-familiale-et-scientifique\/#breadcrumb\",\"itemListElement\":[{\"@type\":\"ListItem\",\"position\":1,\"name\":\"Accueil\",\"item\":\"https:\/\/hunzaroma.com\/en\/home\/\"},{\"@type\":\"ListItem\",\"position\":2,\"name\":\"Shop\",\"item\":\"https:\/\/hunzaroma.com\/en\/essential-oil\/\"},{\"@type\":\"ListItem\",\"position\":3,\"name\":\"PRACTICAL GUIDE TO FAMILY AND SCIENTIFIC AROMATHERAPY\"}]},{\"@type\":\"WebSite\",\"@id\":\"https:\/\/hunzaroma.com\/#website\",\"url\":\"https:\/\/hunzaroma.com\/\",\"name\":\"Hunzaroma\",\"description\":\"Huiles essentielles\",\"potentialAction\":[{\"@type\":\"SearchAction\",\"target\":{\"@type\":\"EntryPoint\",\"urlTemplate\":\"https:\/\/hunzaroma.com\/?s={search_term_string}\"},\"query-input\":{\"@type\":\"PropertyValueSpecification\",\"valueRequired\":true,\"valueName\":\"search_term_string\"}}],\"inLanguage\":\"en-US\"}]}<\/script>\n<!-- \/ Yoast SEO plugin. -->","yoast_head_json":{"title":"Guide pratique d'aromath\u00e9rapie familiale et scientifique","description":"Auteur: Dominique Baudoux Mes 12 huiles essentielles pr\u00e9f\u00e9r\u00e9es dans 100 formules tr\u00e8s efficaces pour 300 maladies. Devant le retour aux sources d\u2019une m\u00e9decine traditionnelle ancestrale et l\u2019importante utilisation des actifs aromatiques, il avait un vide \u00e0 combler, un cha\u00eenon manquant : un livre simple et accessible \u00e0 tous pour qu\u2019en toute s\u00e9curit\u00e9, le consommateur soit guid\u00e9 dans ses choix d\u2019huiles essentielles \u00e0 m\u00e9langer ainsi que leurs proportions relatives et l\u2019emploi correct de la synergie ainsi cr\u00e9\u00e9e.","robots":{"index":"index","follow":"follow","max-snippet":"max-snippet:-1","max-image-preview":"max-image-preview:large","max-video-preview":"max-video-preview:-1"},"canonical":"https:\/\/hunzaroma.com\/en\/essential-oil\/guide-pratique-d-aromatherapie-familiale-et-scientifique\/","og_locale":"en_US","og_type":"article","og_title":"Guide pratique d'aromath\u00e9rapie familiale et scientifique","og_description":"Auteur: Dominique Baudoux Mes 12 huiles essentielles pr\u00e9f\u00e9r\u00e9es dans 100 formules tr\u00e8s efficaces pour 300 maladies. Devant le retour aux sources d\u2019une m\u00e9decine traditionnelle ancestrale et l\u2019importante utilisation des actifs aromatiques, il avait un vide \u00e0 combler, un cha\u00eenon manquant : un livre simple et accessible \u00e0 tous pour qu\u2019en toute s\u00e9curit\u00e9, le consommateur soit guid\u00e9 dans ses choix d\u2019huiles essentielles \u00e0 m\u00e9langer ainsi que leurs proportions relatives et l\u2019emploi correct de la synergie ainsi cr\u00e9\u00e9e.","og_url":"https:\/\/hunzaroma.com\/en\/essential-oil\/guide-pratique-d-aromatherapie-familiale-et-scientifique\/","og_site_name":"Hunzaroma","article_modified_time":"2020-11-05T13:19:13+00:00","og_image":[{"width":369,"height":575,"url":"https:\/\/hunzaroma.com\/wp-content\/uploads\/2018\/08\/products-guide-pratique-aromath_C3_A9rapie-familiale.jpg","type":"image\/jpeg"}],"twitter_card":"summary_large_image","schema":{"@context":"https:\/\/schema.org","@graph":[{"@type":"WebPage","@id":"https:\/\/hunzaroma.com\/en\/essential-oil\/guide-pratique-d-aromatherapie-familiale-et-scientifique\/","url":"https:\/\/hunzaroma.com\/en\/essential-oil\/guide-pratique-d-aromatherapie-familiale-et-scientifique\/","name":"Guide pratique d'aromath\u00e9rapie familiale et scientifique","isPartOf":{"@id":"https:\/\/hunzaroma.com\/#website"},"primaryImageOfPage":{"@id":"https:\/\/hunzaroma.com\/en\/essential-oil\/guide-pratique-d-aromatherapie-familiale-et-scientifique\/#primaryimage"},"image":{"@id":"https:\/\/hunzaroma.com\/en\/essential-oil\/guide-pratique-d-aromatherapie-familiale-et-scientifique\/#primaryimage"},"thumbnailUrl":"https:\/\/hunzaroma.com\/wp-content\/uploads\/2018\/08\/products-guide-pratique-aromath_C3_A9rapie-familiale.jpg","datePublished":"2018-08-12T06:08:50+00:00","dateModified":"2020-11-05T13:19:13+00:00","description":"Auteur: Dominique Baudoux Mes 12 huiles essentielles pr\u00e9f\u00e9r\u00e9es dans 100 formules tr\u00e8s efficaces pour 300 maladies. Devant le retour aux sources d\u2019une m\u00e9decine traditionnelle ancestrale et l\u2019importante utilisation des actifs aromatiques, il avait un vide \u00e0 combler, un cha\u00eenon manquant : un livre simple et accessible \u00e0 tous pour qu\u2019en toute s\u00e9curit\u00e9, le consommateur soit guid\u00e9 dans ses choix d\u2019huiles essentielles \u00e0 m\u00e9langer ainsi que leurs proportions relatives et l\u2019emploi correct de la synergie ainsi cr\u00e9\u00e9e.","breadcrumb":{"@id":"https:\/\/hunzaroma.com\/en\/essential-oil\/guide-pratique-d-aromatherapie-familiale-et-scientifique\/#breadcrumb"},"inLanguage":"en-US","potentialAction":[{"@type":"ReadAction","target":["https:\/\/hunzaroma.com\/en\/essential-oil\/guide-pratique-d-aromatherapie-familiale-et-scientifique\/"]}]},{"@type":"ImageObject","inLanguage":"en-US","@id":"https:\/\/hunzaroma.com\/en\/essential-oil\/guide-pratique-d-aromatherapie-familiale-et-scientifique\/#primaryimage","url":"https:\/\/hunzaroma.com\/wp-content\/uploads\/2018\/08\/products-guide-pratique-aromath_C3_A9rapie-familiale.jpg","contentUrl":"https:\/\/hunzaroma.com\/wp-content\/uploads\/2018\/08\/products-guide-pratique-aromath_C3_A9rapie-familiale.jpg","width":369,"height":575},{"@type":"BreadcrumbList","@id":"https:\/\/hunzaroma.com\/en\/essential-oil\/guide-pratique-d-aromatherapie-familiale-et-scientifique\/#breadcrumb","itemListElement":[{"@type":"ListItem","position":1,"name":"Accueil","item":"https:\/\/hunzaroma.com\/en\/home\/"},{"@type":"ListItem","position":2,"name":"Shop","item":"https:\/\/hunzaroma.com\/en\/essential-oil\/"},{"@type":"ListItem","position":3,"name":"PRACTICAL GUIDE TO FAMILY AND SCIENTIFIC AROMATHERAPY"}]},{"@type":"WebSite","@id":"https:\/\/hunzaroma.com\/#website","url":"https:\/\/hunzaroma.com\/","name":"Hunzaroma","description":"Huiles essentielles","potentialAction":[{"@type":"SearchAction","target":{"@type":"EntryPoint","urlTemplate":"https:\/\/hunzaroma.com\/?s={search_term_string}"},"query-input":{"@type":"PropertyValueSpecification","valueRequired":true,"valueName":"search_term_string"}}],"inLanguage":"en-US"}]}},"_links":{"self":[{"href":"https:\/\/hunzaroma.com\/en\/wp-json\/wp\/v2\/product\/6598","targetHints":{"allow":["GET"]}}],"collection":[{"href":"https:\/\/hunzaroma.com\/en\/wp-json\/wp\/v2\/product"}],"about":[{"href":"https:\/\/hunzaroma.com\/en\/wp-json\/wp\/v2\/types\/product"}],"wp:featuredmedia":[{"embeddable":true,"href":"https:\/\/hunzaroma.com\/en\/wp-json\/wp\/v2\/media\/6599"}],"wp:attachment":[{"href":"https:\/\/hunzaroma.com\/en\/wp-json\/wp\/v2\/media?parent=6598"}],"wp:term":[{"taxonomy":"product_brand","embeddable":true,"href":"https:\/\/hunzaroma.com\/en\/wp-json\/wp\/v2\/product_brand?post=6598"},{"taxonomy":"product_cat","embeddable":true,"href":"https:\/\/hunzaroma.com\/en\/wp-json\/wp\/v2\/product_cat?post=6598"},{"taxonomy":"product_tag","embeddable":true,"href":"https:\/\/hunzaroma.com\/en\/wp-json\/wp\/v2\/product_tag?post=6598"}],"curies":[{"name":"wp","href":"https:\/\/api.w.org\/{rel}","templated":true}]}}