{"id":6298,"date":"2018-08-12T06:02:54","date_gmt":"2018-08-12T06:02:54","guid":{"rendered":"https:\/\/hunzaroma.com\/product\/eucalyptus-dives\/"},"modified":"2022-02-13T19:43:23","modified_gmt":"2022-02-14T00:43:23","slug":"eucalyptus-dives","status":"publish","type":"product","link":"https:\/\/hunzaroma.com\/en\/essential-oil\/eucalyptus-dives\/","title":{"rendered":"EUCALYPTUS DIVES"},"content":{"rendered":"<div class=\"ProductMeta\">\n<div class=\"ProductMeta__Description Rte\">\n<p><strong>Latin name :\u00a0<\/strong><em>Eucalyptus dives piperitoniferum<\/em><\/p>\n<p><strong>distilled part:<\/strong>\u00a0leaves<\/p>\n<p><strong>Origin:<\/strong>\u00a0Australia<\/p>\n<p><strong>Properties:<\/strong>\u00a0a<span class=\"big-color-content\">nticatarrhal, hepatic and renal draining lipolytic, mucolytic, nephroprotective<\/span><\/p>\n<p><strong>Indications:<\/strong>\u00a0adiposity, bronchitis, cellulitis, cystitis, nephritis, otitis, otalgia, oily skin, hydrolipidic retentions, sinusitis, bronchiolitis, catarrh, greasy cough, leucorrhoeic vaginitis, ulcer.<\/p>\n<p><strong>Contraindications:<\/strong> Caution in babies due to the presence of ketones.<\/p>\n<\/div>\n<\/div>\n","protected":false},"excerpt":{"rendered":"<p>Latin name :\u00a0Eucalyptus dives piperitoniferum distilled part:\u00a0leaves Origin:\u00a0Australia Properties:\u00a0anticatarrhal, hepatic and renal draining lipolytic, mucolytic, nephroprotective Indications:\u00a0adiposity, bronchitis, cellulitis, cystitis, nephritis, otitis, otalgia, oily skin, hydrolipidic<span class=\"excerpt-hellip\"> [\u2026]<\/span><\/p>\n","protected":false},"featured_media":6299,"template":"","meta":{"_acf_changed":false},"product_brand":[],"product_cat":[3295],"product_tag":[2404,2405],"class_list":{"0":"post-6298","1":"product","2":"type-product","3":"status-publish","4":"has-post-thumbnail","6":"product_cat-essential-oils","7":"product_tag-eucalyptus-dives-2-en","8":"product_tag-eucalyptus-dives-piperitoniferum-2-en","9":"pa_eucalyptus-dives-eucalyptus-100-ml-57-en","10":"pa_eucalyptus-dives-eucalyptus-15-ml-46-en","11":"pa_eucalyptus-dives-eucalyptus-30-ml-45-en","12":"pa_eucalyptus-dives-eucalyptus-50-ml-55-en","14":"first","15":"instock","16":"taxable","17":"shipping-taxable","18":"purchasable","19":"product-type-variable"},"acf":[],"yoast_head":"<!-- This site is optimized with the Yoast SEO plugin v27.4 - https:\/\/yoast.com\/product\/yoast-seo-wordpress\/ -->\n<title>EUCALYPTUS DIVES<\/title>\n<meta name=\"description\" content=\"Nom latin : Eucalyptus dives piperitoniferumPartie distill\u00e9e :\u00a0feuillesOrigine :\u00a0AustraliePropri\u00e9t\u00e9s :\u00a0anticatarrhale, drainante h\u00e9patique et r\u00e9nale\u00a0lipolytique, mucolytique, n\u00e9phroprotectriceIndications :\u00a0adiposit\u00e9s, bronchite, cellulite, cystite, n\u00e9phrite, otite, otalgie, peau grasse, r\u00e9tentions hydrolipidiques, sinusite, bronchiolite, catarrhe, toux grasse,\u00a0vaginite leucorrh\u00e9ique, ulc\u00e8re.Contre-indications : prudence chez les b\u00e9b\u00e9s \u00e0 cause de la pr\u00e9sence de c\u00e9tones.\" \/>\n<meta name=\"robots\" content=\"index, follow, max-snippet:-1, max-image-preview:large, max-video-preview:-1\" \/>\n<link rel=\"canonical\" href=\"https:\/\/hunzaroma.com\/essential-oil\/eucalyptus-dives\/\" \/>\n<meta property=\"og:locale\" content=\"en_US\" \/>\n<meta property=\"og:type\" content=\"article\" \/>\n<meta property=\"og:title\" content=\"EUCALYPTUS DIVES\" \/>\n<meta property=\"og:description\" content=\"Nom latin : Eucalyptus dives piperitoniferumPartie distill\u00e9e :\u00a0feuillesOrigine :\u00a0AustraliePropri\u00e9t\u00e9s :\u00a0anticatarrhale, drainante h\u00e9patique et r\u00e9nale\u00a0lipolytique, mucolytique, n\u00e9phroprotectriceIndications :\u00a0adiposit\u00e9s, bronchite, cellulite, cystite, n\u00e9phrite, otite, otalgie, peau grasse, r\u00e9tentions hydrolipidiques, sinusite, bronchiolite, catarrhe, toux grasse,\u00a0vaginite leucorrh\u00e9ique, ulc\u00e8re.Contre-indications : prudence chez les b\u00e9b\u00e9s \u00e0 cause de la pr\u00e9sence de c\u00e9tones.\" \/>\n<meta property=\"og:url\" content=\"https:\/\/hunzaroma.com\/essential-oil\/eucalyptus-dives\/\" \/>\n<meta property=\"og:site_name\" content=\"Hunzaroma\" \/>\n<meta property=\"article:modified_time\" content=\"2022-02-14T00:43:23+00:00\" \/>\n<meta property=\"og:image\" content=\"https:\/\/hunzaroma.com\/wp-content\/uploads\/2018\/08\/products-huile-essentielle-de-eucalyptus-dives.jpg\" \/>\n\t<meta property=\"og:image:width\" content=\"580\" \/>\n\t<meta property=\"og:image:height\" content=\"580\" \/>\n\t<meta property=\"og:image:type\" content=\"image\/jpeg\" \/>\n<meta name=\"twitter:card\" content=\"summary_large_image\" \/>\n<script type=\"application\/ld+json\" class=\"yoast-schema-graph\">{\"@context\":\"https:\\\/\\\/schema.org\",\"@graph\":[{\"@type\":\"WebPage\",\"@id\":\"https:\\\/\\\/hunzaroma.com\\\/essential-oil\\\/eucalyptus-dives\\\/\",\"url\":\"https:\\\/\\\/hunzaroma.com\\\/essential-oil\\\/eucalyptus-dives\\\/\",\"name\":\"EUCALYPTUS DIVES\",\"isPartOf\":{\"@id\":\"https:\\\/\\\/hunzaroma.com\\\/#website\"},\"primaryImageOfPage\":{\"@id\":\"https:\\\/\\\/hunzaroma.com\\\/essential-oil\\\/eucalyptus-dives\\\/#primaryimage\"},\"image\":{\"@id\":\"https:\\\/\\\/hunzaroma.com\\\/essential-oil\\\/eucalyptus-dives\\\/#primaryimage\"},\"thumbnailUrl\":\"https:\\\/\\\/hunzaroma.com\\\/wp-content\\\/uploads\\\/2018\\\/08\\\/products-huile-essentielle-de-eucalyptus-dives.jpg\",\"datePublished\":\"2018-08-12T06:02:54+00:00\",\"dateModified\":\"2022-02-14T00:43:23+00:00\",\"description\":\"Nom latin : Eucalyptus dives piperitoniferumPartie distill\u00e9e :\u00a0feuillesOrigine :\u00a0AustraliePropri\u00e9t\u00e9s :\u00a0anticatarrhale, drainante h\u00e9patique et r\u00e9nale\u00a0lipolytique, mucolytique, n\u00e9phroprotectriceIndications :\u00a0adiposit\u00e9s, bronchite, cellulite, cystite, n\u00e9phrite, otite, otalgie, peau grasse, r\u00e9tentions hydrolipidiques, sinusite, bronchiolite, catarrhe, toux grasse,\u00a0vaginite leucorrh\u00e9ique, ulc\u00e8re.Contre-indications : prudence chez les b\u00e9b\u00e9s \u00e0 cause de la pr\u00e9sence de c\u00e9tones.\",\"breadcrumb\":{\"@id\":\"https:\\\/\\\/hunzaroma.com\\\/essential-oil\\\/eucalyptus-dives\\\/#breadcrumb\"},\"inLanguage\":\"en-US\",\"potentialAction\":[{\"@type\":\"ReadAction\",\"target\":[\"https:\\\/\\\/hunzaroma.com\\\/essential-oil\\\/eucalyptus-dives\\\/\"]}]},{\"@type\":\"ImageObject\",\"inLanguage\":\"en-US\",\"@id\":\"https:\\\/\\\/hunzaroma.com\\\/essential-oil\\\/eucalyptus-dives\\\/#primaryimage\",\"url\":\"https:\\\/\\\/hunzaroma.com\\\/wp-content\\\/uploads\\\/2018\\\/08\\\/products-huile-essentielle-de-eucalyptus-dives.jpg\",\"contentUrl\":\"https:\\\/\\\/hunzaroma.com\\\/wp-content\\\/uploads\\\/2018\\\/08\\\/products-huile-essentielle-de-eucalyptus-dives.jpg\",\"width\":580,\"height\":580},{\"@type\":\"BreadcrumbList\",\"@id\":\"https:\\\/\\\/hunzaroma.com\\\/essential-oil\\\/eucalyptus-dives\\\/#breadcrumb\",\"itemListElement\":[{\"@type\":\"ListItem\",\"position\":1,\"name\":\"Accueil\",\"item\":\"https:\\\/\\\/hunzaroma.com\\\/en\\\/home\\\/\"},{\"@type\":\"ListItem\",\"position\":2,\"name\":\"Shop\",\"item\":\"https:\\\/\\\/hunzaroma.com\\\/en\\\/essential-oil\\\/\"},{\"@type\":\"ListItem\",\"position\":3,\"name\":\"EUCALYPTUS DIVES\"}]},{\"@type\":\"WebSite\",\"@id\":\"https:\\\/\\\/hunzaroma.com\\\/#website\",\"url\":\"https:\\\/\\\/hunzaroma.com\\\/\",\"name\":\"Hunzaroma\",\"description\":\"Huiles essentielles\",\"potentialAction\":[{\"@type\":\"SearchAction\",\"target\":{\"@type\":\"EntryPoint\",\"urlTemplate\":\"https:\\\/\\\/hunzaroma.com\\\/?s={search_term_string}\"},\"query-input\":{\"@type\":\"PropertyValueSpecification\",\"valueRequired\":true,\"valueName\":\"search_term_string\"}}],\"inLanguage\":\"en-US\"}]}<\/script>\n<!-- \/ Yoast SEO plugin. -->","yoast_head_json":{"title":"EUCALYPTUS DIVES","description":"Nom latin : Eucalyptus dives piperitoniferumPartie distill\u00e9e :\u00a0feuillesOrigine :\u00a0AustraliePropri\u00e9t\u00e9s :\u00a0anticatarrhale, drainante h\u00e9patique et r\u00e9nale\u00a0lipolytique, mucolytique, n\u00e9phroprotectriceIndications :\u00a0adiposit\u00e9s, bronchite, cellulite, cystite, n\u00e9phrite, otite, otalgie, peau grasse, r\u00e9tentions hydrolipidiques, sinusite, bronchiolite, catarrhe, toux grasse,\u00a0vaginite leucorrh\u00e9ique, ulc\u00e8re.Contre-indications : prudence chez les b\u00e9b\u00e9s \u00e0 cause de la pr\u00e9sence de c\u00e9tones.","robots":{"index":"index","follow":"follow","max-snippet":"max-snippet:-1","max-image-preview":"max-image-preview:large","max-video-preview":"max-video-preview:-1"},"canonical":"https:\/\/hunzaroma.com\/essential-oil\/eucalyptus-dives\/","og_locale":"en_US","og_type":"article","og_title":"EUCALYPTUS DIVES","og_description":"Nom latin : Eucalyptus dives piperitoniferumPartie distill\u00e9e :\u00a0feuillesOrigine :\u00a0AustraliePropri\u00e9t\u00e9s :\u00a0anticatarrhale, drainante h\u00e9patique et r\u00e9nale\u00a0lipolytique, mucolytique, n\u00e9phroprotectriceIndications :\u00a0adiposit\u00e9s, bronchite, cellulite, cystite, n\u00e9phrite, otite, otalgie, peau grasse, r\u00e9tentions hydrolipidiques, sinusite, bronchiolite, catarrhe, toux grasse,\u00a0vaginite leucorrh\u00e9ique, ulc\u00e8re.Contre-indications : prudence chez les b\u00e9b\u00e9s \u00e0 cause de la pr\u00e9sence de c\u00e9tones.","og_url":"https:\/\/hunzaroma.com\/essential-oil\/eucalyptus-dives\/","og_site_name":"Hunzaroma","article_modified_time":"2022-02-14T00:43:23+00:00","og_image":[{"width":580,"height":580,"url":"https:\/\/hunzaroma.com\/wp-content\/uploads\/2018\/08\/products-huile-essentielle-de-eucalyptus-dives.jpg","type":"image\/jpeg"}],"twitter_card":"summary_large_image","schema":{"@context":"https:\/\/schema.org","@graph":[{"@type":"WebPage","@id":"https:\/\/hunzaroma.com\/essential-oil\/eucalyptus-dives\/","url":"https:\/\/hunzaroma.com\/essential-oil\/eucalyptus-dives\/","name":"EUCALYPTUS DIVES","isPartOf":{"@id":"https:\/\/hunzaroma.com\/#website"},"primaryImageOfPage":{"@id":"https:\/\/hunzaroma.com\/essential-oil\/eucalyptus-dives\/#primaryimage"},"image":{"@id":"https:\/\/hunzaroma.com\/essential-oil\/eucalyptus-dives\/#primaryimage"},"thumbnailUrl":"https:\/\/hunzaroma.com\/wp-content\/uploads\/2018\/08\/products-huile-essentielle-de-eucalyptus-dives.jpg","datePublished":"2018-08-12T06:02:54+00:00","dateModified":"2022-02-14T00:43:23+00:00","description":"Nom latin : Eucalyptus dives piperitoniferumPartie distill\u00e9e :\u00a0feuillesOrigine :\u00a0AustraliePropri\u00e9t\u00e9s :\u00a0anticatarrhale, drainante h\u00e9patique et r\u00e9nale\u00a0lipolytique, mucolytique, n\u00e9phroprotectriceIndications :\u00a0adiposit\u00e9s, bronchite, cellulite, cystite, n\u00e9phrite, otite, otalgie, peau grasse, r\u00e9tentions hydrolipidiques, sinusite, bronchiolite, catarrhe, toux grasse,\u00a0vaginite leucorrh\u00e9ique, ulc\u00e8re.Contre-indications : prudence chez les b\u00e9b\u00e9s \u00e0 cause de la pr\u00e9sence de c\u00e9tones.","breadcrumb":{"@id":"https:\/\/hunzaroma.com\/essential-oil\/eucalyptus-dives\/#breadcrumb"},"inLanguage":"en-US","potentialAction":[{"@type":"ReadAction","target":["https:\/\/hunzaroma.com\/essential-oil\/eucalyptus-dives\/"]}]},{"@type":"ImageObject","inLanguage":"en-US","@id":"https:\/\/hunzaroma.com\/essential-oil\/eucalyptus-dives\/#primaryimage","url":"https:\/\/hunzaroma.com\/wp-content\/uploads\/2018\/08\/products-huile-essentielle-de-eucalyptus-dives.jpg","contentUrl":"https:\/\/hunzaroma.com\/wp-content\/uploads\/2018\/08\/products-huile-essentielle-de-eucalyptus-dives.jpg","width":580,"height":580},{"@type":"BreadcrumbList","@id":"https:\/\/hunzaroma.com\/essential-oil\/eucalyptus-dives\/#breadcrumb","itemListElement":[{"@type":"ListItem","position":1,"name":"Accueil","item":"https:\/\/hunzaroma.com\/en\/home\/"},{"@type":"ListItem","position":2,"name":"Shop","item":"https:\/\/hunzaroma.com\/en\/essential-oil\/"},{"@type":"ListItem","position":3,"name":"EUCALYPTUS DIVES"}]},{"@type":"WebSite","@id":"https:\/\/hunzaroma.com\/#website","url":"https:\/\/hunzaroma.com\/","name":"Hunzaroma","description":"Huiles essentielles","potentialAction":[{"@type":"SearchAction","target":{"@type":"EntryPoint","urlTemplate":"https:\/\/hunzaroma.com\/?s={search_term_string}"},"query-input":{"@type":"PropertyValueSpecification","valueRequired":true,"valueName":"search_term_string"}}],"inLanguage":"en-US"}]}},"_links":{"self":[{"href":"https:\/\/hunzaroma.com\/en\/wp-json\/wp\/v2\/product\/6298","targetHints":{"allow":["GET"]}}],"collection":[{"href":"https:\/\/hunzaroma.com\/en\/wp-json\/wp\/v2\/product"}],"about":[{"href":"https:\/\/hunzaroma.com\/en\/wp-json\/wp\/v2\/types\/product"}],"wp:featuredmedia":[{"embeddable":true,"href":"https:\/\/hunzaroma.com\/en\/wp-json\/wp\/v2\/media\/6299"}],"wp:attachment":[{"href":"https:\/\/hunzaroma.com\/en\/wp-json\/wp\/v2\/media?parent=6298"}],"wp:term":[{"taxonomy":"product_brand","embeddable":true,"href":"https:\/\/hunzaroma.com\/en\/wp-json\/wp\/v2\/product_brand?post=6298"},{"taxonomy":"product_cat","embeddable":true,"href":"https:\/\/hunzaroma.com\/en\/wp-json\/wp\/v2\/product_cat?post=6298"},{"taxonomy":"product_tag","embeddable":true,"href":"https:\/\/hunzaroma.com\/en\/wp-json\/wp\/v2\/product_tag?post=6298"}],"curies":[{"name":"wp","href":"https:\/\/api.w.org\/{rel}","templated":true}]}}