{"id":6184,"date":"2018-09-30T12:54:35","date_gmt":"2018-09-30T16:54:35","guid":{"rendered":"https:\/\/hunzaroma.com\/product\/cosm-tiques-non-toxiques\/"},"modified":"2025-11-14T11:02:47","modified_gmt":"2025-11-14T16:02:47","slug":"cosmetiques-non-toxiques","status":"publish","type":"product","link":"https:\/\/hunzaroma.com\/en\/essential-oil\/cosmetiques-non-toxiques\/","title":{"rendered":"Cosm\u00e9tiques non toxiques"},"content":{"rendered":"<div class=\"desc long-description\">\n<div class=\"std\">\n<h4>Cosm\u00e9tiques non toxiques<\/h4>\n<h4>Mes meilleures recettes \u00e0 base d&#8217;ingr\u00e9dients locaux<\/h4>\n<p>Please note that this book is only available in French.<\/p>\n<p>MOISTURIZERS * SHAMPOOS * MAKEUP * BEARD BALM * DEODORANTS * TOOTHPASTE * CLEANSING GELS * LIQUID AND SOLID SOAPS * CLEANING PRODUCTS<\/p>\n<p>With over 30 years of experience in creating homemade cosmetics, Sylvie Fortin shares her best recipes made with ingredients known for their safety.<\/p>\n<p>Maple water, nettle, plantain, flours, seeds, oils, honey, etc., local and organic products take center stage in this new edition of <em>Cosm\u00e9tiques non toxiques<\/em>. More than 50 easy-to-make, tried-and-tested recipes, most of which are edible. A celebration of the richness of our land and the generous gifts of nature.<\/p>\n<p>As a bonus, there is a proven method for making solid soap from a variety of ingredients and tips for harvesting and preserving the plants used in the preparations.<\/p>\n<p>Release date: October 17, 2024<br \/>\n6 x 8 7\/8<br \/>\n168 pages<\/p>\n<\/div>\n<\/div>\n","protected":false},"excerpt":{"rendered":"<p>Cosm\u00e9tiques non toxiques Mes meilleures recettes \u00e0 base d&#8217;ingr\u00e9dients locaux Please note that this book is only available in French. MOISTURIZERS * SHAMPOOS * MAKEUP *<span class=\"excerpt-hellip\"> [\u2026]<\/span><\/p>\n","protected":false},"featured_media":15107,"template":"","meta":{"_acf_changed":false},"product_brand":[],"product_cat":[1910],"product_tag":[],"class_list":{"0":"post-6184","1":"product","2":"type-product","3":"status-publish","4":"has-post-thumbnail","6":"product_cat-books","8":"first","9":"instock","10":"taxable","11":"shipping-taxable","12":"purchasable","13":"product-type-simple"},"acf":[],"yoast_head":"<!-- This site is optimized with the Yoast SEO plugin v27.1.1 - https:\/\/yoast.com\/product\/yoast-seo-wordpress\/ -->\n<title>Cosm\u00e9tiques non toxiques - Hunzaroma<\/title>\n<meta name=\"description\" content=\"Cosm\u00e9tiques non toxiques Mes meilleures recettes \u00e0 base d&#039;ingr\u00e9dients locaux Please note that this book is only available in French. MOISTURIZERS * SHAMPOOS * MAKEUP * BEARD BALM * DEODORANTS * TOOTHPASTE * CLEANSING GELS * LIQUID AND SOLID SOAPS * CLEANING PRODUCTS With over 30 years of experience in creating homemade cosmetics, Sylvie Fortin shares her best recipes made with ingredients known for their safety.Maple water, nettle, plantain, flours, seeds, oils, honey, etc., local and organic products take center stage in this new edition of Cosm\u00e9tiques non toxiques. More than 50 easy-to-make, tried-and-tested recipes, most of which are edible. A celebration of the richness of our land and the generous gifts of nature. As a bonus, there is a proven method for making solid soap from a variety of ingredients and tips for harvesting and preserving the plants used in the preparations. Release date: October 17, 2024 6 x 8 7\/8 168 pages\" \/>\n<meta name=\"robots\" content=\"index, follow, max-snippet:-1, max-image-preview:large, max-video-preview:-1\" \/>\n<link rel=\"canonical\" href=\"https:\/\/hunzaroma.com\/en\/essential-oil\/cosmetiques-non-toxiques\/\" \/>\n<meta property=\"og:locale\" content=\"en_US\" \/>\n<meta property=\"og:type\" content=\"article\" \/>\n<meta property=\"og:title\" content=\"Cosm\u00e9tiques non toxiques - Hunzaroma\" \/>\n<meta property=\"og:description\" content=\"Cosm\u00e9tiques non toxiques Mes meilleures recettes \u00e0 base d&#039;ingr\u00e9dients locaux Please note that this book is only available in French. MOISTURIZERS * SHAMPOOS * MAKEUP * BEARD BALM * DEODORANTS * TOOTHPASTE * CLEANSING GELS * LIQUID AND SOLID SOAPS * CLEANING PRODUCTS With over 30 years of experience in creating homemade cosmetics, Sylvie Fortin shares her best recipes made with ingredients known for their safety.Maple water, nettle, plantain, flours, seeds, oils, honey, etc., local and organic products take center stage in this new edition of Cosm\u00e9tiques non toxiques. More than 50 easy-to-make, tried-and-tested recipes, most of which are edible. A celebration of the richness of our land and the generous gifts of nature. As a bonus, there is a proven method for making solid soap from a variety of ingredients and tips for harvesting and preserving the plants used in the preparations. Release date: October 17, 2024 6 x 8 7\/8 168 pages\" \/>\n<meta property=\"og:url\" content=\"https:\/\/hunzaroma.com\/en\/essential-oil\/cosmetiques-non-toxiques\/\" \/>\n<meta property=\"og:site_name\" content=\"Hunzaroma\" \/>\n<meta property=\"article:modified_time\" content=\"2025-11-14T16:02:47+00:00\" \/>\n<meta property=\"og:image\" content=\"https:\/\/hunzaroma.com\/wp-content\/uploads\/2018\/09\/cosmetiquesnontoxiques-e1743714291522.png\" \/>\n\t<meta property=\"og:image:width\" content=\"358\" \/>\n\t<meta property=\"og:image:height\" content=\"526\" \/>\n\t<meta property=\"og:image:type\" content=\"image\/png\" \/>\n<meta name=\"twitter:card\" content=\"summary_large_image\" \/>\n<meta name=\"twitter:label1\" content=\"Est. reading time\" \/>\n\t<meta name=\"twitter:data1\" content=\"1 minute\" \/>\n<script type=\"application\/ld+json\" class=\"yoast-schema-graph\">{\"@context\":\"https:\/\/schema.org\",\"@graph\":[{\"@type\":\"WebPage\",\"@id\":\"https:\/\/hunzaroma.com\/en\/essential-oil\/cosmetiques-non-toxiques\/\",\"url\":\"https:\/\/hunzaroma.com\/en\/essential-oil\/cosmetiques-non-toxiques\/\",\"name\":\"Cosm\u00e9tiques non toxiques - Hunzaroma\",\"isPartOf\":{\"@id\":\"https:\/\/hunzaroma.com\/#website\"},\"primaryImageOfPage\":{\"@id\":\"https:\/\/hunzaroma.com\/en\/essential-oil\/cosmetiques-non-toxiques\/#primaryimage\"},\"image\":{\"@id\":\"https:\/\/hunzaroma.com\/en\/essential-oil\/cosmetiques-non-toxiques\/#primaryimage\"},\"thumbnailUrl\":\"https:\/\/hunzaroma.com\/wp-content\/uploads\/2018\/09\/cosmetiquesnontoxiques-e1743714291522.png\",\"datePublished\":\"2018-09-30T16:54:35+00:00\",\"dateModified\":\"2025-11-14T16:02:47+00:00\",\"description\":\"Cosm\u00e9tiques non toxiques Mes meilleures recettes \u00e0 base d'ingr\u00e9dients locaux Please note that this book is only available in French. MOISTURIZERS * SHAMPOOS * MAKEUP * BEARD BALM * DEODORANTS * TOOTHPASTE * CLEANSING GELS * LIQUID AND SOLID SOAPS * CLEANING PRODUCTS With over 30 years of experience in creating homemade cosmetics, Sylvie Fortin shares her best recipes made with ingredients known for their safety.Maple water, nettle, plantain, flours, seeds, oils, honey, etc., local and organic products take center stage in this new edition of Cosm\u00e9tiques non toxiques. More than 50 easy-to-make, tried-and-tested recipes, most of which are edible. A celebration of the richness of our land and the generous gifts of nature. As a bonus, there is a proven method for making solid soap from a variety of ingredients and tips for harvesting and preserving the plants used in the preparations. Release date: October 17, 2024 6 x 8 7\/8 168 pages\",\"breadcrumb\":{\"@id\":\"https:\/\/hunzaroma.com\/en\/essential-oil\/cosmetiques-non-toxiques\/#breadcrumb\"},\"inLanguage\":\"en-US\",\"potentialAction\":[{\"@type\":\"ReadAction\",\"target\":[\"https:\/\/hunzaroma.com\/en\/essential-oil\/cosmetiques-non-toxiques\/\"]}]},{\"@type\":\"ImageObject\",\"inLanguage\":\"en-US\",\"@id\":\"https:\/\/hunzaroma.com\/en\/essential-oil\/cosmetiques-non-toxiques\/#primaryimage\",\"url\":\"https:\/\/hunzaroma.com\/wp-content\/uploads\/2018\/09\/cosmetiquesnontoxiques-e1743714291522.png\",\"contentUrl\":\"https:\/\/hunzaroma.com\/wp-content\/uploads\/2018\/09\/cosmetiquesnontoxiques-e1743714291522.png\",\"width\":358,\"height\":526},{\"@type\":\"BreadcrumbList\",\"@id\":\"https:\/\/hunzaroma.com\/en\/essential-oil\/cosmetiques-non-toxiques\/#breadcrumb\",\"itemListElement\":[{\"@type\":\"ListItem\",\"position\":1,\"name\":\"Accueil\",\"item\":\"https:\/\/hunzaroma.com\/en\/home\/\"},{\"@type\":\"ListItem\",\"position\":2,\"name\":\"Shop\",\"item\":\"https:\/\/hunzaroma.com\/en\/essential-oil\/\"},{\"@type\":\"ListItem\",\"position\":3,\"name\":\"Cosm\u00e9tiques non toxiques\"}]},{\"@type\":\"WebSite\",\"@id\":\"https:\/\/hunzaroma.com\/#website\",\"url\":\"https:\/\/hunzaroma.com\/\",\"name\":\"Hunzaroma\",\"description\":\"Huiles essentielles\",\"potentialAction\":[{\"@type\":\"SearchAction\",\"target\":{\"@type\":\"EntryPoint\",\"urlTemplate\":\"https:\/\/hunzaroma.com\/?s={search_term_string}\"},\"query-input\":{\"@type\":\"PropertyValueSpecification\",\"valueRequired\":true,\"valueName\":\"search_term_string\"}}],\"inLanguage\":\"en-US\"}]}<\/script>\n<!-- \/ Yoast SEO plugin. -->","yoast_head_json":{"title":"Cosm\u00e9tiques non toxiques - Hunzaroma","description":"Cosm\u00e9tiques non toxiques Mes meilleures recettes \u00e0 base d'ingr\u00e9dients locaux Please note that this book is only available in French. MOISTURIZERS * SHAMPOOS * MAKEUP * BEARD BALM * DEODORANTS * TOOTHPASTE * CLEANSING GELS * LIQUID AND SOLID SOAPS * CLEANING PRODUCTS With over 30 years of experience in creating homemade cosmetics, Sylvie Fortin shares her best recipes made with ingredients known for their safety.Maple water, nettle, plantain, flours, seeds, oils, honey, etc., local and organic products take center stage in this new edition of Cosm\u00e9tiques non toxiques. More than 50 easy-to-make, tried-and-tested recipes, most of which are edible. A celebration of the richness of our land and the generous gifts of nature. As a bonus, there is a proven method for making solid soap from a variety of ingredients and tips for harvesting and preserving the plants used in the preparations. Release date: October 17, 2024 6 x 8 7\/8 168 pages","robots":{"index":"index","follow":"follow","max-snippet":"max-snippet:-1","max-image-preview":"max-image-preview:large","max-video-preview":"max-video-preview:-1"},"canonical":"https:\/\/hunzaroma.com\/en\/essential-oil\/cosmetiques-non-toxiques\/","og_locale":"en_US","og_type":"article","og_title":"Cosm\u00e9tiques non toxiques - Hunzaroma","og_description":"Cosm\u00e9tiques non toxiques Mes meilleures recettes \u00e0 base d'ingr\u00e9dients locaux Please note that this book is only available in French. MOISTURIZERS * SHAMPOOS * MAKEUP * BEARD BALM * DEODORANTS * TOOTHPASTE * CLEANSING GELS * LIQUID AND SOLID SOAPS * CLEANING PRODUCTS With over 30 years of experience in creating homemade cosmetics, Sylvie Fortin shares her best recipes made with ingredients known for their safety.Maple water, nettle, plantain, flours, seeds, oils, honey, etc., local and organic products take center stage in this new edition of Cosm\u00e9tiques non toxiques. More than 50 easy-to-make, tried-and-tested recipes, most of which are edible. A celebration of the richness of our land and the generous gifts of nature. As a bonus, there is a proven method for making solid soap from a variety of ingredients and tips for harvesting and preserving the plants used in the preparations. Release date: October 17, 2024 6 x 8 7\/8 168 pages","og_url":"https:\/\/hunzaroma.com\/en\/essential-oil\/cosmetiques-non-toxiques\/","og_site_name":"Hunzaroma","article_modified_time":"2025-11-14T16:02:47+00:00","og_image":[{"width":358,"height":526,"url":"https:\/\/hunzaroma.com\/wp-content\/uploads\/2018\/09\/cosmetiquesnontoxiques-e1743714291522.png","type":"image\/png"}],"twitter_card":"summary_large_image","twitter_misc":{"Est. reading time":"1 minute"},"schema":{"@context":"https:\/\/schema.org","@graph":[{"@type":"WebPage","@id":"https:\/\/hunzaroma.com\/en\/essential-oil\/cosmetiques-non-toxiques\/","url":"https:\/\/hunzaroma.com\/en\/essential-oil\/cosmetiques-non-toxiques\/","name":"Cosm\u00e9tiques non toxiques - Hunzaroma","isPartOf":{"@id":"https:\/\/hunzaroma.com\/#website"},"primaryImageOfPage":{"@id":"https:\/\/hunzaroma.com\/en\/essential-oil\/cosmetiques-non-toxiques\/#primaryimage"},"image":{"@id":"https:\/\/hunzaroma.com\/en\/essential-oil\/cosmetiques-non-toxiques\/#primaryimage"},"thumbnailUrl":"https:\/\/hunzaroma.com\/wp-content\/uploads\/2018\/09\/cosmetiquesnontoxiques-e1743714291522.png","datePublished":"2018-09-30T16:54:35+00:00","dateModified":"2025-11-14T16:02:47+00:00","description":"Cosm\u00e9tiques non toxiques Mes meilleures recettes \u00e0 base d'ingr\u00e9dients locaux Please note that this book is only available in French. MOISTURIZERS * SHAMPOOS * MAKEUP * BEARD BALM * DEODORANTS * TOOTHPASTE * CLEANSING GELS * LIQUID AND SOLID SOAPS * CLEANING PRODUCTS With over 30 years of experience in creating homemade cosmetics, Sylvie Fortin shares her best recipes made with ingredients known for their safety.Maple water, nettle, plantain, flours, seeds, oils, honey, etc., local and organic products take center stage in this new edition of Cosm\u00e9tiques non toxiques. More than 50 easy-to-make, tried-and-tested recipes, most of which are edible. A celebration of the richness of our land and the generous gifts of nature. As a bonus, there is a proven method for making solid soap from a variety of ingredients and tips for harvesting and preserving the plants used in the preparations. Release date: October 17, 2024 6 x 8 7\/8 168 pages","breadcrumb":{"@id":"https:\/\/hunzaroma.com\/en\/essential-oil\/cosmetiques-non-toxiques\/#breadcrumb"},"inLanguage":"en-US","potentialAction":[{"@type":"ReadAction","target":["https:\/\/hunzaroma.com\/en\/essential-oil\/cosmetiques-non-toxiques\/"]}]},{"@type":"ImageObject","inLanguage":"en-US","@id":"https:\/\/hunzaroma.com\/en\/essential-oil\/cosmetiques-non-toxiques\/#primaryimage","url":"https:\/\/hunzaroma.com\/wp-content\/uploads\/2018\/09\/cosmetiquesnontoxiques-e1743714291522.png","contentUrl":"https:\/\/hunzaroma.com\/wp-content\/uploads\/2018\/09\/cosmetiquesnontoxiques-e1743714291522.png","width":358,"height":526},{"@type":"BreadcrumbList","@id":"https:\/\/hunzaroma.com\/en\/essential-oil\/cosmetiques-non-toxiques\/#breadcrumb","itemListElement":[{"@type":"ListItem","position":1,"name":"Accueil","item":"https:\/\/hunzaroma.com\/en\/home\/"},{"@type":"ListItem","position":2,"name":"Shop","item":"https:\/\/hunzaroma.com\/en\/essential-oil\/"},{"@type":"ListItem","position":3,"name":"Cosm\u00e9tiques non toxiques"}]},{"@type":"WebSite","@id":"https:\/\/hunzaroma.com\/#website","url":"https:\/\/hunzaroma.com\/","name":"Hunzaroma","description":"Huiles essentielles","potentialAction":[{"@type":"SearchAction","target":{"@type":"EntryPoint","urlTemplate":"https:\/\/hunzaroma.com\/?s={search_term_string}"},"query-input":{"@type":"PropertyValueSpecification","valueRequired":true,"valueName":"search_term_string"}}],"inLanguage":"en-US"}]}},"_links":{"self":[{"href":"https:\/\/hunzaroma.com\/en\/wp-json\/wp\/v2\/product\/6184","targetHints":{"allow":["GET"]}}],"collection":[{"href":"https:\/\/hunzaroma.com\/en\/wp-json\/wp\/v2\/product"}],"about":[{"href":"https:\/\/hunzaroma.com\/en\/wp-json\/wp\/v2\/types\/product"}],"wp:featuredmedia":[{"embeddable":true,"href":"https:\/\/hunzaroma.com\/en\/wp-json\/wp\/v2\/media\/15107"}],"wp:attachment":[{"href":"https:\/\/hunzaroma.com\/en\/wp-json\/wp\/v2\/media?parent=6184"}],"wp:term":[{"taxonomy":"product_brand","embeddable":true,"href":"https:\/\/hunzaroma.com\/en\/wp-json\/wp\/v2\/product_brand?post=6184"},{"taxonomy":"product_cat","embeddable":true,"href":"https:\/\/hunzaroma.com\/en\/wp-json\/wp\/v2\/product_cat?post=6184"},{"taxonomy":"product_tag","embeddable":true,"href":"https:\/\/hunzaroma.com\/en\/wp-json\/wp\/v2\/product_tag?post=6184"}],"curies":[{"name":"wp","href":"https:\/\/api.w.org\/{rel}","templated":true}]}}