{"id":5988,"date":"2020-10-07T18:39:22","date_gmt":"2020-10-07T18:39:22","guid":{"rendered":"https:\/\/hunzaroma.com\/product\/cajeput\/"},"modified":"2021-07-28T11:48:39","modified_gmt":"2021-07-28T15:48:39","slug":"cajeput","status":"publish","type":"product","link":"https:\/\/hunzaroma.com\/en\/essential-oil\/cajeput\/","title":{"rendered":"CAJEPUT, Melaleuca cajeputii"},"content":{"rendered":"<p><strong>Latin name :\u00a0<\/strong><em>Melaleuca cajeputii<\/em><\/p>\n<p><strong>Distilled part<\/strong>: leaves<\/p>\n<p><strong>Origin :\u00a0<\/strong>Vietnam<\/p>\n<p>PROPERTIES:<\/p>\n<ul>\n<li>Anti-infectious ++<\/li>\n<li>Antiseptic ++<\/li>\n<li>Anticatarrhal +++<\/li>\n<li>Expectorant + + +<\/li>\n<li>Antiviral + + +<\/li>\n<li>Astringent and skin tonic +++<\/li>\n<li>Phlebotonic ++<\/li>\n<\/ul>\n<p>INDICATIONS:<\/p>\n<ul>\n<li>Sinusitis<\/li>\n<li>Bronchitis<\/li>\n<li>Fever<\/li>\n<li>N\u00e9vrites<\/li>\n<li>Douleurs<\/li>\n<li>Herpes labialis and genital herpes<\/li>\n<li>Zona<\/li>\n<li>Curves<\/li>\n<li>Rheumatism<\/li>\n<li>Drop<\/li>\n<li>Arthritis<\/li>\n<li>Varicose veins, hemorrhoids, varicose ulcers<\/li>\n<\/ul>\n<p><strong>Contraindications\u00a0<\/strong>None at physiological doses.<\/p>\n","protected":false},"excerpt":{"rendered":"<p>Latin name :\u00a0Melaleuca cajeputii Distilled part: leaves Origin :\u00a0Vietnam PROPERTIES: Anti-infectious ++ Antiseptic ++ Anticatarrhal +++ Expectorant + + + Antiviral + + + Astringent and<span class=\"excerpt-hellip\"> [\u2026]<\/span><\/p>\n","protected":false},"featured_media":5989,"template":"","meta":{"_acf_changed":false},"product_brand":[],"product_cat":[3295],"product_tag":[2151,2154,2156],"class_list":{"0":"post-5988","1":"product","2":"type-product","3":"status-publish","4":"has-post-thumbnail","6":"product_cat-essential-oils","7":"product_tag-bronchitis","8":"product_tag-fever","9":"product_tag-sinusitis","10":"pa_format-100-ml-89-en","11":"pa_format-15-ml-81-en","12":"pa_format-30-ml-78-en","13":"pa_format-50-ml-87-en","15":"first","16":"instock","17":"taxable","18":"shipping-taxable","19":"purchasable","20":"product-type-variable"},"acf":[],"yoast_head":"<!-- This site is optimized with the Yoast SEO plugin v27.1.1 - https:\/\/yoast.com\/product\/yoast-seo-wordpress\/ -->\n<title>Cajeput<\/title>\n<meta name=\"description\" content=\"Nom latin :\u00a0Melaleuca cajuputtiPartie distill\u00e9e: feuillesOrigine :\u00a0VietnamPROPRI\u00c9T\u00c9S:Anti-infectieuse\u00a0++Antiseptique ++Anticatarrhale\u00a0+++Expectorante +++Antivirale +++Astringente et tonique cutan\u00e9e +++Phl\u00e9botonique ++INDICATIONS:SinusiteBronchiteFi\u00e8vreN\u00e9vritesDouleursHerp\u00e8s labial et g\u00e9nitalZonaCourbaturesRhumatismesGoutteArthriteVarices, h\u00e9morroides, ulc\u00e8res variqueuxContre-indications\u00a0: aucune aux doses physiologiques.\" \/>\n<meta name=\"robots\" content=\"index, follow, max-snippet:-1, max-image-preview:large, max-video-preview:-1\" \/>\n<link rel=\"canonical\" href=\"https:\/\/hunzaroma.com\/en\/essential-oil\/cajeput\/\" \/>\n<meta property=\"og:locale\" content=\"en_US\" \/>\n<meta property=\"og:type\" content=\"article\" \/>\n<meta property=\"og:title\" content=\"Cajeput\" \/>\n<meta property=\"og:description\" content=\"Nom latin :\u00a0Melaleuca cajuputtiPartie distill\u00e9e: feuillesOrigine :\u00a0VietnamPROPRI\u00c9T\u00c9S:Anti-infectieuse\u00a0++Antiseptique ++Anticatarrhale\u00a0+++Expectorante +++Antivirale +++Astringente et tonique cutan\u00e9e +++Phl\u00e9botonique ++INDICATIONS:SinusiteBronchiteFi\u00e8vreN\u00e9vritesDouleursHerp\u00e8s labial et g\u00e9nitalZonaCourbaturesRhumatismesGoutteArthriteVarices, h\u00e9morroides, ulc\u00e8res variqueuxContre-indications\u00a0: aucune aux doses physiologiques.\" \/>\n<meta property=\"og:url\" content=\"https:\/\/hunzaroma.com\/en\/essential-oil\/cajeput\/\" \/>\n<meta property=\"og:site_name\" content=\"Hunzaroma\" \/>\n<meta property=\"article:modified_time\" content=\"2021-07-28T15:48:39+00:00\" \/>\n<meta property=\"og:image\" content=\"https:\/\/hunzaroma.com\/wp-content\/uploads\/2020\/10\/products-Cajeput-1.jpg\" \/>\n\t<meta property=\"og:image:width\" content=\"903\" \/>\n\t<meta property=\"og:image:height\" content=\"684\" \/>\n\t<meta property=\"og:image:type\" content=\"image\/jpeg\" \/>\n<meta name=\"twitter:card\" content=\"summary_large_image\" \/>\n<meta name=\"twitter:label1\" content=\"Est. reading time\" \/>\n\t<meta name=\"twitter:data1\" content=\"1 minute\" \/>\n<script type=\"application\/ld+json\" class=\"yoast-schema-graph\">{\"@context\":\"https:\/\/schema.org\",\"@graph\":[{\"@type\":\"WebPage\",\"@id\":\"https:\/\/hunzaroma.com\/en\/essential-oil\/cajeput\/\",\"url\":\"https:\/\/hunzaroma.com\/en\/essential-oil\/cajeput\/\",\"name\":\"Cajeput\",\"isPartOf\":{\"@id\":\"https:\/\/hunzaroma.com\/#website\"},\"primaryImageOfPage\":{\"@id\":\"https:\/\/hunzaroma.com\/en\/essential-oil\/cajeput\/#primaryimage\"},\"image\":{\"@id\":\"https:\/\/hunzaroma.com\/en\/essential-oil\/cajeput\/#primaryimage\"},\"thumbnailUrl\":\"https:\/\/hunzaroma.com\/wp-content\/uploads\/2020\/10\/products-Cajeput-1.jpg\",\"datePublished\":\"2020-10-07T18:39:22+00:00\",\"dateModified\":\"2021-07-28T15:48:39+00:00\",\"description\":\"Nom latin :\u00a0Melaleuca cajuputtiPartie distill\u00e9e: feuillesOrigine :\u00a0VietnamPROPRI\u00c9T\u00c9S:Anti-infectieuse\u00a0++Antiseptique ++Anticatarrhale\u00a0+++Expectorante +++Antivirale +++Astringente et tonique cutan\u00e9e +++Phl\u00e9botonique ++INDICATIONS:SinusiteBronchiteFi\u00e8vreN\u00e9vritesDouleursHerp\u00e8s labial et g\u00e9nitalZonaCourbaturesRhumatismesGoutteArthriteVarices, h\u00e9morroides, ulc\u00e8res variqueuxContre-indications\u00a0: aucune aux doses physiologiques.\",\"breadcrumb\":{\"@id\":\"https:\/\/hunzaroma.com\/en\/essential-oil\/cajeput\/#breadcrumb\"},\"inLanguage\":\"en-US\",\"potentialAction\":[{\"@type\":\"ReadAction\",\"target\":[\"https:\/\/hunzaroma.com\/en\/essential-oil\/cajeput\/\"]}]},{\"@type\":\"ImageObject\",\"inLanguage\":\"en-US\",\"@id\":\"https:\/\/hunzaroma.com\/en\/essential-oil\/cajeput\/#primaryimage\",\"url\":\"https:\/\/hunzaroma.com\/wp-content\/uploads\/2020\/10\/products-Cajeput-1.jpg\",\"contentUrl\":\"https:\/\/hunzaroma.com\/wp-content\/uploads\/2020\/10\/products-Cajeput-1.jpg\",\"width\":903,\"height\":684},{\"@type\":\"BreadcrumbList\",\"@id\":\"https:\/\/hunzaroma.com\/en\/essential-oil\/cajeput\/#breadcrumb\",\"itemListElement\":[{\"@type\":\"ListItem\",\"position\":1,\"name\":\"Accueil\",\"item\":\"https:\/\/hunzaroma.com\/en\/home\/\"},{\"@type\":\"ListItem\",\"position\":2,\"name\":\"Shop\",\"item\":\"https:\/\/hunzaroma.com\/en\/essential-oil\/\"},{\"@type\":\"ListItem\",\"position\":3,\"name\":\"CAJEPUT, Melaleuca cajeputii\"}]},{\"@type\":\"WebSite\",\"@id\":\"https:\/\/hunzaroma.com\/#website\",\"url\":\"https:\/\/hunzaroma.com\/\",\"name\":\"Hunzaroma\",\"description\":\"Huiles essentielles\",\"potentialAction\":[{\"@type\":\"SearchAction\",\"target\":{\"@type\":\"EntryPoint\",\"urlTemplate\":\"https:\/\/hunzaroma.com\/?s={search_term_string}\"},\"query-input\":{\"@type\":\"PropertyValueSpecification\",\"valueRequired\":true,\"valueName\":\"search_term_string\"}}],\"inLanguage\":\"en-US\"}]}<\/script>\n<!-- \/ Yoast SEO plugin. -->","yoast_head_json":{"title":"Cajeput","description":"Nom latin :\u00a0Melaleuca cajuputtiPartie distill\u00e9e: feuillesOrigine :\u00a0VietnamPROPRI\u00c9T\u00c9S:Anti-infectieuse\u00a0++Antiseptique ++Anticatarrhale\u00a0+++Expectorante +++Antivirale +++Astringente et tonique cutan\u00e9e +++Phl\u00e9botonique ++INDICATIONS:SinusiteBronchiteFi\u00e8vreN\u00e9vritesDouleursHerp\u00e8s labial et g\u00e9nitalZonaCourbaturesRhumatismesGoutteArthriteVarices, h\u00e9morroides, ulc\u00e8res variqueuxContre-indications\u00a0: aucune aux doses physiologiques.","robots":{"index":"index","follow":"follow","max-snippet":"max-snippet:-1","max-image-preview":"max-image-preview:large","max-video-preview":"max-video-preview:-1"},"canonical":"https:\/\/hunzaroma.com\/en\/essential-oil\/cajeput\/","og_locale":"en_US","og_type":"article","og_title":"Cajeput","og_description":"Nom latin :\u00a0Melaleuca cajuputtiPartie distill\u00e9e: feuillesOrigine :\u00a0VietnamPROPRI\u00c9T\u00c9S:Anti-infectieuse\u00a0++Antiseptique ++Anticatarrhale\u00a0+++Expectorante +++Antivirale +++Astringente et tonique cutan\u00e9e +++Phl\u00e9botonique ++INDICATIONS:SinusiteBronchiteFi\u00e8vreN\u00e9vritesDouleursHerp\u00e8s labial et g\u00e9nitalZonaCourbaturesRhumatismesGoutteArthriteVarices, h\u00e9morroides, ulc\u00e8res variqueuxContre-indications\u00a0: aucune aux doses physiologiques.","og_url":"https:\/\/hunzaroma.com\/en\/essential-oil\/cajeput\/","og_site_name":"Hunzaroma","article_modified_time":"2021-07-28T15:48:39+00:00","og_image":[{"width":903,"height":684,"url":"https:\/\/hunzaroma.com\/wp-content\/uploads\/2020\/10\/products-Cajeput-1.jpg","type":"image\/jpeg"}],"twitter_card":"summary_large_image","twitter_misc":{"Est. reading time":"1 minute"},"schema":{"@context":"https:\/\/schema.org","@graph":[{"@type":"WebPage","@id":"https:\/\/hunzaroma.com\/en\/essential-oil\/cajeput\/","url":"https:\/\/hunzaroma.com\/en\/essential-oil\/cajeput\/","name":"Cajeput","isPartOf":{"@id":"https:\/\/hunzaroma.com\/#website"},"primaryImageOfPage":{"@id":"https:\/\/hunzaroma.com\/en\/essential-oil\/cajeput\/#primaryimage"},"image":{"@id":"https:\/\/hunzaroma.com\/en\/essential-oil\/cajeput\/#primaryimage"},"thumbnailUrl":"https:\/\/hunzaroma.com\/wp-content\/uploads\/2020\/10\/products-Cajeput-1.jpg","datePublished":"2020-10-07T18:39:22+00:00","dateModified":"2021-07-28T15:48:39+00:00","description":"Nom latin :\u00a0Melaleuca cajuputtiPartie distill\u00e9e: feuillesOrigine :\u00a0VietnamPROPRI\u00c9T\u00c9S:Anti-infectieuse\u00a0++Antiseptique ++Anticatarrhale\u00a0+++Expectorante +++Antivirale +++Astringente et tonique cutan\u00e9e +++Phl\u00e9botonique ++INDICATIONS:SinusiteBronchiteFi\u00e8vreN\u00e9vritesDouleursHerp\u00e8s labial et g\u00e9nitalZonaCourbaturesRhumatismesGoutteArthriteVarices, h\u00e9morroides, ulc\u00e8res variqueuxContre-indications\u00a0: aucune aux doses physiologiques.","breadcrumb":{"@id":"https:\/\/hunzaroma.com\/en\/essential-oil\/cajeput\/#breadcrumb"},"inLanguage":"en-US","potentialAction":[{"@type":"ReadAction","target":["https:\/\/hunzaroma.com\/en\/essential-oil\/cajeput\/"]}]},{"@type":"ImageObject","inLanguage":"en-US","@id":"https:\/\/hunzaroma.com\/en\/essential-oil\/cajeput\/#primaryimage","url":"https:\/\/hunzaroma.com\/wp-content\/uploads\/2020\/10\/products-Cajeput-1.jpg","contentUrl":"https:\/\/hunzaroma.com\/wp-content\/uploads\/2020\/10\/products-Cajeput-1.jpg","width":903,"height":684},{"@type":"BreadcrumbList","@id":"https:\/\/hunzaroma.com\/en\/essential-oil\/cajeput\/#breadcrumb","itemListElement":[{"@type":"ListItem","position":1,"name":"Accueil","item":"https:\/\/hunzaroma.com\/en\/home\/"},{"@type":"ListItem","position":2,"name":"Shop","item":"https:\/\/hunzaroma.com\/en\/essential-oil\/"},{"@type":"ListItem","position":3,"name":"CAJEPUT, Melaleuca cajeputii"}]},{"@type":"WebSite","@id":"https:\/\/hunzaroma.com\/#website","url":"https:\/\/hunzaroma.com\/","name":"Hunzaroma","description":"Huiles essentielles","potentialAction":[{"@type":"SearchAction","target":{"@type":"EntryPoint","urlTemplate":"https:\/\/hunzaroma.com\/?s={search_term_string}"},"query-input":{"@type":"PropertyValueSpecification","valueRequired":true,"valueName":"search_term_string"}}],"inLanguage":"en-US"}]}},"_links":{"self":[{"href":"https:\/\/hunzaroma.com\/en\/wp-json\/wp\/v2\/product\/5988","targetHints":{"allow":["GET"]}}],"collection":[{"href":"https:\/\/hunzaroma.com\/en\/wp-json\/wp\/v2\/product"}],"about":[{"href":"https:\/\/hunzaroma.com\/en\/wp-json\/wp\/v2\/types\/product"}],"wp:featuredmedia":[{"embeddable":true,"href":"https:\/\/hunzaroma.com\/en\/wp-json\/wp\/v2\/media\/5989"}],"wp:attachment":[{"href":"https:\/\/hunzaroma.com\/en\/wp-json\/wp\/v2\/media?parent=5988"}],"wp:term":[{"taxonomy":"product_brand","embeddable":true,"href":"https:\/\/hunzaroma.com\/en\/wp-json\/wp\/v2\/product_brand?post=5988"},{"taxonomy":"product_cat","embeddable":true,"href":"https:\/\/hunzaroma.com\/en\/wp-json\/wp\/v2\/product_cat?post=5988"},{"taxonomy":"product_tag","embeddable":true,"href":"https:\/\/hunzaroma.com\/en\/wp-json\/wp\/v2\/product_tag?post=5988"}],"curies":[{"name":"wp","href":"https:\/\/api.w.org\/{rel}","templated":true}]}}