{"id":5967,"date":"2018-08-12T05:57:18","date_gmt":"2018-08-12T05:57:18","guid":{"rendered":"https:\/\/hunzaroma.com\/product\/bouteille-en-verre-ambre-avec-bouchon-codigoutte\/"},"modified":"2024-02-16T13:28:56","modified_gmt":"2024-02-16T18:28:56","slug":"amber-glass-bottle-with-euro-dropper-cap-18mm","status":"publish","type":"product","link":"https:\/\/hunzaroma.com\/en\/essential-oil\/amber-glass-bottle-with-euro-dropper-cap-18mm\/","title":{"rendered":"Amber glass bottle with euro dropper cap 18 mm"},"content":{"rendered":"<p>Empty amber glass bottle with euro plastic dropper and black self-sealable tamper evident plastic cap.<\/p>\n<p><em>*For purchases of more than ten bottles, additional shipping charges may apply. You will be notified by email or phone.\u00a0<\/em><\/p>\n","protected":false},"excerpt":{"rendered":"<p>Empty amber glass bottle with euro plastic dropper and black self-sealable tamper evident plastic cap. *For purchases of more than ten bottles, additional shipping charges may<span class=\"excerpt-hellip\"> [\u2026]<\/span><\/p>\n","protected":false},"featured_media":5968,"template":"","meta":{"_acf_changed":false},"product_brand":[],"product_cat":[2134,2135],"product_tag":[3818],"class_list":{"0":"post-5967","1":"product","2":"type-product","3":"status-publish","4":"has-post-thumbnail","6":"product_cat-contenants-en","7":"product_cat-verres-en","8":"product_tag-amber-glass-bottle-with-euro-plastic-dropper","9":"pa_format-100-ml-89-en","10":"pa_format-15-ml-81-en","11":"pa_format-30-ml-78-en","12":"pa_format-5-ml-54-en","13":"pa_format-50-ml-87-en","15":"first","16":"instock","17":"taxable","18":"shipping-taxable","19":"purchasable","20":"product-type-variable"},"acf":[],"yoast_head":"<!-- This site is optimized with the Yoast SEO plugin v27.4 - https:\/\/yoast.com\/product\/yoast-seo-wordpress\/ -->\n<title>Amber glass bottle with euro plastic dropper<\/title>\n<meta name=\"description\" content=\"Bouteille vide en verre ambr\u00e9 avec bouchon et incurseur en plastique (compte-goutte) auto-scellable.*\u00c0\u00a0l&#039;achat de plus de dix bouteilles, des frais de livraison suppl\u00e9mentaire pourraient s&#039;appliquer. Vous serez avis\u00e9s par courriel ou par t\u00e9l\u00e9phone.\u00a0\" \/>\n<meta name=\"robots\" content=\"index, follow, max-snippet:-1, max-image-preview:large, max-video-preview:-1\" \/>\n<link rel=\"canonical\" href=\"https:\/\/hunzaroma.com\/essential-oil\/bouteille-en-verre-ambre-avec-bouchon-codigoutte\/\" \/>\n<meta property=\"og:locale\" content=\"en_US\" \/>\n<meta property=\"og:type\" content=\"article\" \/>\n<meta property=\"og:title\" content=\"Amber glass bottle with euro plastic dropper\" \/>\n<meta property=\"og:description\" content=\"Bouteille vide en verre ambr\u00e9 avec bouchon et incurseur en plastique (compte-goutte) auto-scellable.*\u00c0\u00a0l&#039;achat de plus de dix bouteilles, des frais de livraison suppl\u00e9mentaire pourraient s&#039;appliquer. Vous serez avis\u00e9s par courriel ou par t\u00e9l\u00e9phone.\u00a0\" \/>\n<meta property=\"og:url\" content=\"https:\/\/hunzaroma.com\/essential-oil\/bouteille-en-verre-ambre-avec-bouchon-codigoutte\/\" \/>\n<meta property=\"og:site_name\" content=\"Hunzaroma\" \/>\n<meta property=\"article:modified_time\" content=\"2024-02-16T18:28:56+00:00\" \/>\n<meta property=\"og:image\" content=\"https:\/\/hunzaroma.com\/wp-content\/uploads\/2018\/08\/products-compte-gouttes-incurseur.jpg\" \/>\n\t<meta property=\"og:image:width\" content=\"500\" \/>\n\t<meta property=\"og:image:height\" content=\"500\" \/>\n\t<meta property=\"og:image:type\" content=\"image\/jpeg\" \/>\n<meta name=\"twitter:card\" content=\"summary_large_image\" \/>\n<script type=\"application\/ld+json\" class=\"yoast-schema-graph\">{\"@context\":\"https:\\\/\\\/schema.org\",\"@graph\":[{\"@type\":\"WebPage\",\"@id\":\"https:\\\/\\\/hunzaroma.com\\\/essential-oil\\\/bouteille-en-verre-ambre-avec-bouchon-codigoutte\\\/\",\"url\":\"https:\\\/\\\/hunzaroma.com\\\/essential-oil\\\/bouteille-en-verre-ambre-avec-bouchon-codigoutte\\\/\",\"name\":\"Amber glass bottle with euro plastic dropper\",\"isPartOf\":{\"@id\":\"https:\\\/\\\/hunzaroma.com\\\/#website\"},\"primaryImageOfPage\":{\"@id\":\"https:\\\/\\\/hunzaroma.com\\\/essential-oil\\\/bouteille-en-verre-ambre-avec-bouchon-codigoutte\\\/#primaryimage\"},\"image\":{\"@id\":\"https:\\\/\\\/hunzaroma.com\\\/essential-oil\\\/bouteille-en-verre-ambre-avec-bouchon-codigoutte\\\/#primaryimage\"},\"thumbnailUrl\":\"https:\\\/\\\/hunzaroma.com\\\/wp-content\\\/uploads\\\/2018\\\/08\\\/products-compte-gouttes-incurseur.jpg\",\"datePublished\":\"2018-08-12T05:57:18+00:00\",\"dateModified\":\"2024-02-16T18:28:56+00:00\",\"description\":\"Bouteille vide en verre ambr\u00e9 avec bouchon et incurseur en plastique (compte-goutte) auto-scellable.*\u00c0\u00a0l'achat de plus de dix bouteilles, des frais de livraison suppl\u00e9mentaire pourraient s'appliquer. Vous serez avis\u00e9s par courriel ou par t\u00e9l\u00e9phone.\u00a0\",\"breadcrumb\":{\"@id\":\"https:\\\/\\\/hunzaroma.com\\\/essential-oil\\\/bouteille-en-verre-ambre-avec-bouchon-codigoutte\\\/#breadcrumb\"},\"inLanguage\":\"en-US\",\"potentialAction\":[{\"@type\":\"ReadAction\",\"target\":[\"https:\\\/\\\/hunzaroma.com\\\/essential-oil\\\/bouteille-en-verre-ambre-avec-bouchon-codigoutte\\\/\"]}]},{\"@type\":\"ImageObject\",\"inLanguage\":\"en-US\",\"@id\":\"https:\\\/\\\/hunzaroma.com\\\/essential-oil\\\/bouteille-en-verre-ambre-avec-bouchon-codigoutte\\\/#primaryimage\",\"url\":\"https:\\\/\\\/hunzaroma.com\\\/wp-content\\\/uploads\\\/2018\\\/08\\\/products-compte-gouttes-incurseur.jpg\",\"contentUrl\":\"https:\\\/\\\/hunzaroma.com\\\/wp-content\\\/uploads\\\/2018\\\/08\\\/products-compte-gouttes-incurseur.jpg\",\"width\":500,\"height\":500,\"caption\":\"Amber glass bottle with euro plastic dropper\"},{\"@type\":\"BreadcrumbList\",\"@id\":\"https:\\\/\\\/hunzaroma.com\\\/essential-oil\\\/bouteille-en-verre-ambre-avec-bouchon-codigoutte\\\/#breadcrumb\",\"itemListElement\":[{\"@type\":\"ListItem\",\"position\":1,\"name\":\"Accueil\",\"item\":\"https:\\\/\\\/hunzaroma.com\\\/en\\\/home\\\/\"},{\"@type\":\"ListItem\",\"position\":2,\"name\":\"Shop\",\"item\":\"https:\\\/\\\/hunzaroma.com\\\/en\\\/essential-oil\\\/\"},{\"@type\":\"ListItem\",\"position\":3,\"name\":\"Amber glass bottle with euro dropper cap 18 mm\"}]},{\"@type\":\"WebSite\",\"@id\":\"https:\\\/\\\/hunzaroma.com\\\/#website\",\"url\":\"https:\\\/\\\/hunzaroma.com\\\/\",\"name\":\"Hunzaroma\",\"description\":\"Huiles essentielles\",\"potentialAction\":[{\"@type\":\"SearchAction\",\"target\":{\"@type\":\"EntryPoint\",\"urlTemplate\":\"https:\\\/\\\/hunzaroma.com\\\/?s={search_term_string}\"},\"query-input\":{\"@type\":\"PropertyValueSpecification\",\"valueRequired\":true,\"valueName\":\"search_term_string\"}}],\"inLanguage\":\"en-US\"}]}<\/script>\n<!-- \/ Yoast SEO plugin. -->","yoast_head_json":{"title":"Amber glass bottle with euro plastic dropper","description":"Bouteille vide en verre ambr\u00e9 avec bouchon et incurseur en plastique (compte-goutte) auto-scellable.*\u00c0\u00a0l'achat de plus de dix bouteilles, des frais de livraison suppl\u00e9mentaire pourraient s'appliquer. Vous serez avis\u00e9s par courriel ou par t\u00e9l\u00e9phone.\u00a0","robots":{"index":"index","follow":"follow","max-snippet":"max-snippet:-1","max-image-preview":"max-image-preview:large","max-video-preview":"max-video-preview:-1"},"canonical":"https:\/\/hunzaroma.com\/essential-oil\/bouteille-en-verre-ambre-avec-bouchon-codigoutte\/","og_locale":"en_US","og_type":"article","og_title":"Amber glass bottle with euro plastic dropper","og_description":"Bouteille vide en verre ambr\u00e9 avec bouchon et incurseur en plastique (compte-goutte) auto-scellable.*\u00c0\u00a0l'achat de plus de dix bouteilles, des frais de livraison suppl\u00e9mentaire pourraient s'appliquer. Vous serez avis\u00e9s par courriel ou par t\u00e9l\u00e9phone.\u00a0","og_url":"https:\/\/hunzaroma.com\/essential-oil\/bouteille-en-verre-ambre-avec-bouchon-codigoutte\/","og_site_name":"Hunzaroma","article_modified_time":"2024-02-16T18:28:56+00:00","og_image":[{"width":500,"height":500,"url":"https:\/\/hunzaroma.com\/wp-content\/uploads\/2018\/08\/products-compte-gouttes-incurseur.jpg","type":"image\/jpeg"}],"twitter_card":"summary_large_image","schema":{"@context":"https:\/\/schema.org","@graph":[{"@type":"WebPage","@id":"https:\/\/hunzaroma.com\/essential-oil\/bouteille-en-verre-ambre-avec-bouchon-codigoutte\/","url":"https:\/\/hunzaroma.com\/essential-oil\/bouteille-en-verre-ambre-avec-bouchon-codigoutte\/","name":"Amber glass bottle with euro plastic dropper","isPartOf":{"@id":"https:\/\/hunzaroma.com\/#website"},"primaryImageOfPage":{"@id":"https:\/\/hunzaroma.com\/essential-oil\/bouteille-en-verre-ambre-avec-bouchon-codigoutte\/#primaryimage"},"image":{"@id":"https:\/\/hunzaroma.com\/essential-oil\/bouteille-en-verre-ambre-avec-bouchon-codigoutte\/#primaryimage"},"thumbnailUrl":"https:\/\/hunzaroma.com\/wp-content\/uploads\/2018\/08\/products-compte-gouttes-incurseur.jpg","datePublished":"2018-08-12T05:57:18+00:00","dateModified":"2024-02-16T18:28:56+00:00","description":"Bouteille vide en verre ambr\u00e9 avec bouchon et incurseur en plastique (compte-goutte) auto-scellable.*\u00c0\u00a0l'achat de plus de dix bouteilles, des frais de livraison suppl\u00e9mentaire pourraient s'appliquer. Vous serez avis\u00e9s par courriel ou par t\u00e9l\u00e9phone.\u00a0","breadcrumb":{"@id":"https:\/\/hunzaroma.com\/essential-oil\/bouteille-en-verre-ambre-avec-bouchon-codigoutte\/#breadcrumb"},"inLanguage":"en-US","potentialAction":[{"@type":"ReadAction","target":["https:\/\/hunzaroma.com\/essential-oil\/bouteille-en-verre-ambre-avec-bouchon-codigoutte\/"]}]},{"@type":"ImageObject","inLanguage":"en-US","@id":"https:\/\/hunzaroma.com\/essential-oil\/bouteille-en-verre-ambre-avec-bouchon-codigoutte\/#primaryimage","url":"https:\/\/hunzaroma.com\/wp-content\/uploads\/2018\/08\/products-compte-gouttes-incurseur.jpg","contentUrl":"https:\/\/hunzaroma.com\/wp-content\/uploads\/2018\/08\/products-compte-gouttes-incurseur.jpg","width":500,"height":500,"caption":"Amber glass bottle with euro plastic dropper"},{"@type":"BreadcrumbList","@id":"https:\/\/hunzaroma.com\/essential-oil\/bouteille-en-verre-ambre-avec-bouchon-codigoutte\/#breadcrumb","itemListElement":[{"@type":"ListItem","position":1,"name":"Accueil","item":"https:\/\/hunzaroma.com\/en\/home\/"},{"@type":"ListItem","position":2,"name":"Shop","item":"https:\/\/hunzaroma.com\/en\/essential-oil\/"},{"@type":"ListItem","position":3,"name":"Amber glass bottle with euro dropper cap 18 mm"}]},{"@type":"WebSite","@id":"https:\/\/hunzaroma.com\/#website","url":"https:\/\/hunzaroma.com\/","name":"Hunzaroma","description":"Huiles essentielles","potentialAction":[{"@type":"SearchAction","target":{"@type":"EntryPoint","urlTemplate":"https:\/\/hunzaroma.com\/?s={search_term_string}"},"query-input":{"@type":"PropertyValueSpecification","valueRequired":true,"valueName":"search_term_string"}}],"inLanguage":"en-US"}]}},"_links":{"self":[{"href":"https:\/\/hunzaroma.com\/en\/wp-json\/wp\/v2\/product\/5967","targetHints":{"allow":["GET"]}}],"collection":[{"href":"https:\/\/hunzaroma.com\/en\/wp-json\/wp\/v2\/product"}],"about":[{"href":"https:\/\/hunzaroma.com\/en\/wp-json\/wp\/v2\/types\/product"}],"wp:featuredmedia":[{"embeddable":true,"href":"https:\/\/hunzaroma.com\/en\/wp-json\/wp\/v2\/media\/5968"}],"wp:attachment":[{"href":"https:\/\/hunzaroma.com\/en\/wp-json\/wp\/v2\/media?parent=5967"}],"wp:term":[{"taxonomy":"product_brand","embeddable":true,"href":"https:\/\/hunzaroma.com\/en\/wp-json\/wp\/v2\/product_brand?post=5967"},{"taxonomy":"product_cat","embeddable":true,"href":"https:\/\/hunzaroma.com\/en\/wp-json\/wp\/v2\/product_cat?post=5967"},{"taxonomy":"product_tag","embeddable":true,"href":"https:\/\/hunzaroma.com\/en\/wp-json\/wp\/v2\/product_tag?post=5967"}],"curies":[{"name":"wp","href":"https:\/\/api.w.org\/{rel}","templated":true}]}}