{"id":5959,"date":"2018-08-12T05:57:00","date_gmt":"2018-08-12T05:57:00","guid":{"rendered":"https:\/\/hunzaroma.com\/product\/bouteille-de-plastique-avec-bouchon-snap-top\/"},"modified":"2020-11-04T11:21:19","modified_gmt":"2020-11-04T16:21:19","slug":"bouteille-de-plastique-avec-bouchon-snap-top","status":"publish","type":"product","link":"https:\/\/hunzaroma.com\/en\/essential-oil\/bouteille-de-plastique-avec-bouchon-snap-top\/","title":{"rendered":"PLASTIC BOTTLE WITH SNAP-TOP CAP"},"content":{"rendered":"<p>30 ml and 60 ml soft plastic bottle with snap-top cap. Bag, travel or sample format.<\/p>\n<p><em>*Additional delivery charges may apply for purchases over twenty bottles. You will be notified by email or phone.<\/em><\/p>\n","protected":false},"excerpt":{"rendered":"<p>30 ml and 60 ml soft plastic bottle with snap-top cap. Bag, travel or sample format. *Additional delivery charges may apply for purchases over twenty bottles.<span class=\"excerpt-hellip\"> [\u2026]<\/span><\/p>\n","protected":false},"featured_media":5960,"template":"","meta":{"_acf_changed":false},"product_brand":[],"product_cat":[2134,2136],"product_tag":[],"class_list":{"0":"post-5959","1":"product","2":"type-product","3":"status-publish","4":"has-post-thumbnail","6":"product_cat-contenants-en","7":"product_cat-plastiques-en","8":"pa_bouteille-en-plastique-avec-30-ml-26-en","9":"pa_bouteille-en-plastique-avec-60-ml-en","11":"first","12":"instock","13":"taxable","14":"shipping-taxable","15":"purchasable","16":"product-type-variable"},"acf":[],"yoast_head":"<!-- This site is optimized with the Yoast SEO plugin v27.4 - https:\/\/yoast.com\/product\/yoast-seo-wordpress\/ -->\n<title>Bouteille de plastique avec bouchon snap-top<\/title>\n<meta name=\"description\" content=\"Bouteille de plastique souple 30 ml et 60 ml avec bouchon snap-top. Format sacoche, voyage ou \u00e9chantillon. *\u00c0\u00a0l&#039;achat de plus de vingt bouteilles, des frais de livraison suppl\u00e9mentaires pourraient s&#039;appliquer. Vous serez avis\u00e9s par courriel ou par t\u00e9l\u00e9phone.\u00a0\" \/>\n<meta name=\"robots\" content=\"index, follow, max-snippet:-1, max-image-preview:large, max-video-preview:-1\" \/>\n<link rel=\"canonical\" href=\"https:\/\/hunzaroma.com\/essential-oil\/bouteille-de-plastique-avec-bouchon-snap-top\/\" \/>\n<meta property=\"og:locale\" content=\"en_US\" \/>\n<meta property=\"og:type\" content=\"article\" \/>\n<meta property=\"og:title\" content=\"Bouteille de plastique avec bouchon snap-top\" \/>\n<meta property=\"og:description\" content=\"Bouteille de plastique souple 30 ml et 60 ml avec bouchon snap-top. Format sacoche, voyage ou \u00e9chantillon. *\u00c0\u00a0l&#039;achat de plus de vingt bouteilles, des frais de livraison suppl\u00e9mentaires pourraient s&#039;appliquer. Vous serez avis\u00e9s par courriel ou par t\u00e9l\u00e9phone.\u00a0\" \/>\n<meta property=\"og:url\" content=\"https:\/\/hunzaroma.com\/essential-oil\/bouteille-de-plastique-avec-bouchon-snap-top\/\" \/>\n<meta property=\"og:site_name\" content=\"Hunzaroma\" \/>\n<meta property=\"article:modified_time\" content=\"2020-11-04T16:21:19+00:00\" \/>\n<meta property=\"og:image\" content=\"https:\/\/hunzaroma.com\/wp-content\/uploads\/2018\/08\/products-GetAttachmentThumbnail.jpg\" \/>\n\t<meta property=\"og:image:width\" content=\"200\" \/>\n\t<meta property=\"og:image:height\" content=\"200\" \/>\n\t<meta property=\"og:image:type\" content=\"image\/jpeg\" \/>\n<meta name=\"twitter:card\" content=\"summary_large_image\" \/>\n<script type=\"application\/ld+json\" class=\"yoast-schema-graph\">{\"@context\":\"https:\\\/\\\/schema.org\",\"@graph\":[{\"@type\":\"WebPage\",\"@id\":\"https:\\\/\\\/hunzaroma.com\\\/essential-oil\\\/bouteille-de-plastique-avec-bouchon-snap-top\\\/\",\"url\":\"https:\\\/\\\/hunzaroma.com\\\/essential-oil\\\/bouteille-de-plastique-avec-bouchon-snap-top\\\/\",\"name\":\"Bouteille de plastique avec bouchon snap-top\",\"isPartOf\":{\"@id\":\"https:\\\/\\\/hunzaroma.com\\\/#website\"},\"primaryImageOfPage\":{\"@id\":\"https:\\\/\\\/hunzaroma.com\\\/essential-oil\\\/bouteille-de-plastique-avec-bouchon-snap-top\\\/#primaryimage\"},\"image\":{\"@id\":\"https:\\\/\\\/hunzaroma.com\\\/essential-oil\\\/bouteille-de-plastique-avec-bouchon-snap-top\\\/#primaryimage\"},\"thumbnailUrl\":\"https:\\\/\\\/hunzaroma.com\\\/wp-content\\\/uploads\\\/2018\\\/08\\\/products-GetAttachmentThumbnail.jpg\",\"datePublished\":\"2018-08-12T05:57:00+00:00\",\"dateModified\":\"2020-11-04T16:21:19+00:00\",\"description\":\"Bouteille de plastique souple 30 ml et 60 ml avec bouchon snap-top. Format sacoche, voyage ou \u00e9chantillon. *\u00c0\u00a0l'achat de plus de vingt bouteilles, des frais de livraison suppl\u00e9mentaires pourraient s'appliquer. Vous serez avis\u00e9s par courriel ou par t\u00e9l\u00e9phone.\u00a0\",\"breadcrumb\":{\"@id\":\"https:\\\/\\\/hunzaroma.com\\\/essential-oil\\\/bouteille-de-plastique-avec-bouchon-snap-top\\\/#breadcrumb\"},\"inLanguage\":\"en-US\",\"potentialAction\":[{\"@type\":\"ReadAction\",\"target\":[\"https:\\\/\\\/hunzaroma.com\\\/essential-oil\\\/bouteille-de-plastique-avec-bouchon-snap-top\\\/\"]}]},{\"@type\":\"ImageObject\",\"inLanguage\":\"en-US\",\"@id\":\"https:\\\/\\\/hunzaroma.com\\\/essential-oil\\\/bouteille-de-plastique-avec-bouchon-snap-top\\\/#primaryimage\",\"url\":\"https:\\\/\\\/hunzaroma.com\\\/wp-content\\\/uploads\\\/2018\\\/08\\\/products-GetAttachmentThumbnail.jpg\",\"contentUrl\":\"https:\\\/\\\/hunzaroma.com\\\/wp-content\\\/uploads\\\/2018\\\/08\\\/products-GetAttachmentThumbnail.jpg\",\"width\":200,\"height\":200},{\"@type\":\"BreadcrumbList\",\"@id\":\"https:\\\/\\\/hunzaroma.com\\\/essential-oil\\\/bouteille-de-plastique-avec-bouchon-snap-top\\\/#breadcrumb\",\"itemListElement\":[{\"@type\":\"ListItem\",\"position\":1,\"name\":\"Accueil\",\"item\":\"https:\\\/\\\/hunzaroma.com\\\/en\\\/home\\\/\"},{\"@type\":\"ListItem\",\"position\":2,\"name\":\"Shop\",\"item\":\"https:\\\/\\\/hunzaroma.com\\\/en\\\/essential-oil\\\/\"},{\"@type\":\"ListItem\",\"position\":3,\"name\":\"PLASTIC BOTTLE WITH SNAP-TOP CAP\"}]},{\"@type\":\"WebSite\",\"@id\":\"https:\\\/\\\/hunzaroma.com\\\/#website\",\"url\":\"https:\\\/\\\/hunzaroma.com\\\/\",\"name\":\"Hunzaroma\",\"description\":\"Huiles essentielles\",\"potentialAction\":[{\"@type\":\"SearchAction\",\"target\":{\"@type\":\"EntryPoint\",\"urlTemplate\":\"https:\\\/\\\/hunzaroma.com\\\/?s={search_term_string}\"},\"query-input\":{\"@type\":\"PropertyValueSpecification\",\"valueRequired\":true,\"valueName\":\"search_term_string\"}}],\"inLanguage\":\"en-US\"}]}<\/script>\n<!-- \/ Yoast SEO plugin. -->","yoast_head_json":{"title":"Bouteille de plastique avec bouchon snap-top","description":"Bouteille de plastique souple 30 ml et 60 ml avec bouchon snap-top. Format sacoche, voyage ou \u00e9chantillon. *\u00c0\u00a0l'achat de plus de vingt bouteilles, des frais de livraison suppl\u00e9mentaires pourraient s'appliquer. Vous serez avis\u00e9s par courriel ou par t\u00e9l\u00e9phone.\u00a0","robots":{"index":"index","follow":"follow","max-snippet":"max-snippet:-1","max-image-preview":"max-image-preview:large","max-video-preview":"max-video-preview:-1"},"canonical":"https:\/\/hunzaroma.com\/essential-oil\/bouteille-de-plastique-avec-bouchon-snap-top\/","og_locale":"en_US","og_type":"article","og_title":"Bouteille de plastique avec bouchon snap-top","og_description":"Bouteille de plastique souple 30 ml et 60 ml avec bouchon snap-top. Format sacoche, voyage ou \u00e9chantillon. *\u00c0\u00a0l'achat de plus de vingt bouteilles, des frais de livraison suppl\u00e9mentaires pourraient s'appliquer. Vous serez avis\u00e9s par courriel ou par t\u00e9l\u00e9phone.\u00a0","og_url":"https:\/\/hunzaroma.com\/essential-oil\/bouteille-de-plastique-avec-bouchon-snap-top\/","og_site_name":"Hunzaroma","article_modified_time":"2020-11-04T16:21:19+00:00","og_image":[{"width":200,"height":200,"url":"https:\/\/hunzaroma.com\/wp-content\/uploads\/2018\/08\/products-GetAttachmentThumbnail.jpg","type":"image\/jpeg"}],"twitter_card":"summary_large_image","schema":{"@context":"https:\/\/schema.org","@graph":[{"@type":"WebPage","@id":"https:\/\/hunzaroma.com\/essential-oil\/bouteille-de-plastique-avec-bouchon-snap-top\/","url":"https:\/\/hunzaroma.com\/essential-oil\/bouteille-de-plastique-avec-bouchon-snap-top\/","name":"Bouteille de plastique avec bouchon snap-top","isPartOf":{"@id":"https:\/\/hunzaroma.com\/#website"},"primaryImageOfPage":{"@id":"https:\/\/hunzaroma.com\/essential-oil\/bouteille-de-plastique-avec-bouchon-snap-top\/#primaryimage"},"image":{"@id":"https:\/\/hunzaroma.com\/essential-oil\/bouteille-de-plastique-avec-bouchon-snap-top\/#primaryimage"},"thumbnailUrl":"https:\/\/hunzaroma.com\/wp-content\/uploads\/2018\/08\/products-GetAttachmentThumbnail.jpg","datePublished":"2018-08-12T05:57:00+00:00","dateModified":"2020-11-04T16:21:19+00:00","description":"Bouteille de plastique souple 30 ml et 60 ml avec bouchon snap-top. Format sacoche, voyage ou \u00e9chantillon. *\u00c0\u00a0l'achat de plus de vingt bouteilles, des frais de livraison suppl\u00e9mentaires pourraient s'appliquer. Vous serez avis\u00e9s par courriel ou par t\u00e9l\u00e9phone.\u00a0","breadcrumb":{"@id":"https:\/\/hunzaroma.com\/essential-oil\/bouteille-de-plastique-avec-bouchon-snap-top\/#breadcrumb"},"inLanguage":"en-US","potentialAction":[{"@type":"ReadAction","target":["https:\/\/hunzaroma.com\/essential-oil\/bouteille-de-plastique-avec-bouchon-snap-top\/"]}]},{"@type":"ImageObject","inLanguage":"en-US","@id":"https:\/\/hunzaroma.com\/essential-oil\/bouteille-de-plastique-avec-bouchon-snap-top\/#primaryimage","url":"https:\/\/hunzaroma.com\/wp-content\/uploads\/2018\/08\/products-GetAttachmentThumbnail.jpg","contentUrl":"https:\/\/hunzaroma.com\/wp-content\/uploads\/2018\/08\/products-GetAttachmentThumbnail.jpg","width":200,"height":200},{"@type":"BreadcrumbList","@id":"https:\/\/hunzaroma.com\/essential-oil\/bouteille-de-plastique-avec-bouchon-snap-top\/#breadcrumb","itemListElement":[{"@type":"ListItem","position":1,"name":"Accueil","item":"https:\/\/hunzaroma.com\/en\/home\/"},{"@type":"ListItem","position":2,"name":"Shop","item":"https:\/\/hunzaroma.com\/en\/essential-oil\/"},{"@type":"ListItem","position":3,"name":"PLASTIC BOTTLE WITH SNAP-TOP CAP"}]},{"@type":"WebSite","@id":"https:\/\/hunzaroma.com\/#website","url":"https:\/\/hunzaroma.com\/","name":"Hunzaroma","description":"Huiles essentielles","potentialAction":[{"@type":"SearchAction","target":{"@type":"EntryPoint","urlTemplate":"https:\/\/hunzaroma.com\/?s={search_term_string}"},"query-input":{"@type":"PropertyValueSpecification","valueRequired":true,"valueName":"search_term_string"}}],"inLanguage":"en-US"}]}},"_links":{"self":[{"href":"https:\/\/hunzaroma.com\/en\/wp-json\/wp\/v2\/product\/5959","targetHints":{"allow":["GET"]}}],"collection":[{"href":"https:\/\/hunzaroma.com\/en\/wp-json\/wp\/v2\/product"}],"about":[{"href":"https:\/\/hunzaroma.com\/en\/wp-json\/wp\/v2\/types\/product"}],"wp:featuredmedia":[{"embeddable":true,"href":"https:\/\/hunzaroma.com\/en\/wp-json\/wp\/v2\/media\/5960"}],"wp:attachment":[{"href":"https:\/\/hunzaroma.com\/en\/wp-json\/wp\/v2\/media?parent=5959"}],"wp:term":[{"taxonomy":"product_brand","embeddable":true,"href":"https:\/\/hunzaroma.com\/en\/wp-json\/wp\/v2\/product_brand?post=5959"},{"taxonomy":"product_cat","embeddable":true,"href":"https:\/\/hunzaroma.com\/en\/wp-json\/wp\/v2\/product_cat?post=5959"},{"taxonomy":"product_tag","embeddable":true,"href":"https:\/\/hunzaroma.com\/en\/wp-json\/wp\/v2\/product_tag?post=5959"}],"curies":[{"name":"wp","href":"https:\/\/api.w.org\/{rel}","templated":true}]}}