{"id":5955,"date":"2018-08-12T06:05:04","date_gmt":"2018-08-12T06:05:04","guid":{"rendered":"https:\/\/hunzaroma.com\/product\/bouteille-de-plastique-115-ml\/"},"modified":"2020-11-04T11:18:05","modified_gmt":"2020-11-04T16:18:05","slug":"bouteille-de-plastique-115-ml","status":"publish","type":"product","link":"https:\/\/hunzaroma.com\/en\/essential-oil\/bouteille-de-plastique-115-ml\/","title":{"rendered":"PLASTIC BOTTLE 115 ML"},"content":{"rendered":"<p>Cylindrical, natural color with cap. Ideal for creams, lotions, cleansing milks, liquid soap, etc&#8230;<\/p>\n<p><em>*For purchases over twenty bottles, additional shipping charges may apply. You will be notified by email or phone.<\/em><\/p>\n","protected":false},"excerpt":{"rendered":"<p>Cylindrical, natural color with cap. Ideal for creams, lotions, cleansing milks, liquid soap, etc&#8230; *For purchases over twenty bottles, additional shipping charges may apply. You will<span class=\"excerpt-hellip\"> [\u2026]<\/span><\/p>\n","protected":false},"featured_media":5956,"template":"","meta":{"_acf_changed":false},"product_brand":[],"product_cat":[2136],"product_tag":[],"class_list":{"0":"post-5955","1":"product","2":"type-product","3":"status-publish","4":"has-post-thumbnail","6":"product_cat-plastiques-en","7":"pa_title-2-en","9":"first","10":"instock","11":"taxable","12":"shipping-taxable","13":"purchasable","14":"product-type-simple"},"acf":[],"yoast_head":"<!-- This site is optimized with the Yoast SEO plugin v27.1.1 - https:\/\/yoast.com\/product\/yoast-seo-wordpress\/ -->\n<title>Bouteille de plastique 115 ml<\/title>\n<meta name=\"description\" content=\"Cylindrique de couleur naturel avec bouchon . Id\u00e9al pour les cr\u00e8mes, lotions, laits nettoyants, savon liquide, etc. *\u00c0\u00a0l&#039;achat de plus de vingt bouteilles, des frais de livraison suppl\u00e9mentaire pourraient s&#039;appliquer. Vous serez avis\u00e9s par courriel ou par t\u00e9l\u00e9phone.\u00a0\" \/>\n<meta name=\"robots\" content=\"index, follow, max-snippet:-1, max-image-preview:large, max-video-preview:-1\" \/>\n<link rel=\"canonical\" href=\"https:\/\/hunzaroma.com\/essential-oil\/bouteille-de-plastique-115-ml\/\" \/>\n<meta property=\"og:locale\" content=\"en_US\" \/>\n<meta property=\"og:type\" content=\"article\" \/>\n<meta property=\"og:title\" content=\"Bouteille de plastique 115 ml\" \/>\n<meta property=\"og:description\" content=\"Cylindrique de couleur naturel avec bouchon . Id\u00e9al pour les cr\u00e8mes, lotions, laits nettoyants, savon liquide, etc. *\u00c0\u00a0l&#039;achat de plus de vingt bouteilles, des frais de livraison suppl\u00e9mentaire pourraient s&#039;appliquer. Vous serez avis\u00e9s par courriel ou par t\u00e9l\u00e9phone.\u00a0\" \/>\n<meta property=\"og:url\" content=\"https:\/\/hunzaroma.com\/essential-oil\/bouteille-de-plastique-115-ml\/\" \/>\n<meta property=\"og:site_name\" content=\"Hunzaroma\" \/>\n<meta property=\"article:modified_time\" content=\"2020-11-04T16:18:05+00:00\" \/>\n<meta property=\"og:image\" content=\"https:\/\/hunzaroma.com\/wp-content\/uploads\/2019\/08\/products-bouteille_4_onces_avec_bouchon.jpg\" \/>\n\t<meta property=\"og:image:width\" content=\"194\" \/>\n\t<meta property=\"og:image:height\" content=\"259\" \/>\n\t<meta property=\"og:image:type\" content=\"image\/jpeg\" \/>\n<meta name=\"twitter:card\" content=\"summary_large_image\" \/>\n<script type=\"application\/ld+json\" class=\"yoast-schema-graph\">{\"@context\":\"https:\/\/schema.org\",\"@graph\":[{\"@type\":\"WebPage\",\"@id\":\"https:\/\/hunzaroma.com\/essential-oil\/bouteille-de-plastique-115-ml\/\",\"url\":\"https:\/\/hunzaroma.com\/essential-oil\/bouteille-de-plastique-115-ml\/\",\"name\":\"Bouteille de plastique 115 ml\",\"isPartOf\":{\"@id\":\"https:\/\/hunzaroma.com\/#website\"},\"primaryImageOfPage\":{\"@id\":\"https:\/\/hunzaroma.com\/essential-oil\/bouteille-de-plastique-115-ml\/#primaryimage\"},\"image\":{\"@id\":\"https:\/\/hunzaroma.com\/essential-oil\/bouteille-de-plastique-115-ml\/#primaryimage\"},\"thumbnailUrl\":\"https:\/\/hunzaroma.com\/wp-content\/uploads\/2019\/08\/products-bouteille_4_onces_avec_bouchon.jpg\",\"datePublished\":\"2018-08-12T06:05:04+00:00\",\"dateModified\":\"2020-11-04T16:18:05+00:00\",\"description\":\"Cylindrique de couleur naturel avec bouchon . Id\u00e9al pour les cr\u00e8mes, lotions, laits nettoyants, savon liquide, etc. *\u00c0\u00a0l'achat de plus de vingt bouteilles, des frais de livraison suppl\u00e9mentaire pourraient s'appliquer. Vous serez avis\u00e9s par courriel ou par t\u00e9l\u00e9phone.\u00a0\",\"breadcrumb\":{\"@id\":\"https:\/\/hunzaroma.com\/essential-oil\/bouteille-de-plastique-115-ml\/#breadcrumb\"},\"inLanguage\":\"en-US\",\"potentialAction\":[{\"@type\":\"ReadAction\",\"target\":[\"https:\/\/hunzaroma.com\/essential-oil\/bouteille-de-plastique-115-ml\/\"]}]},{\"@type\":\"ImageObject\",\"inLanguage\":\"en-US\",\"@id\":\"https:\/\/hunzaroma.com\/essential-oil\/bouteille-de-plastique-115-ml\/#primaryimage\",\"url\":\"https:\/\/hunzaroma.com\/wp-content\/uploads\/2019\/08\/products-bouteille_4_onces_avec_bouchon.jpg\",\"contentUrl\":\"https:\/\/hunzaroma.com\/wp-content\/uploads\/2019\/08\/products-bouteille_4_onces_avec_bouchon.jpg\",\"width\":194,\"height\":259},{\"@type\":\"BreadcrumbList\",\"@id\":\"https:\/\/hunzaroma.com\/essential-oil\/bouteille-de-plastique-115-ml\/#breadcrumb\",\"itemListElement\":[{\"@type\":\"ListItem\",\"position\":1,\"name\":\"Accueil\",\"item\":\"https:\/\/hunzaroma.com\/en\/home\/\"},{\"@type\":\"ListItem\",\"position\":2,\"name\":\"Shop\",\"item\":\"https:\/\/hunzaroma.com\/en\/essential-oil\/\"},{\"@type\":\"ListItem\",\"position\":3,\"name\":\"PLASTIC BOTTLE 115 ML\"}]},{\"@type\":\"WebSite\",\"@id\":\"https:\/\/hunzaroma.com\/#website\",\"url\":\"https:\/\/hunzaroma.com\/\",\"name\":\"Hunzaroma\",\"description\":\"Huiles essentielles\",\"potentialAction\":[{\"@type\":\"SearchAction\",\"target\":{\"@type\":\"EntryPoint\",\"urlTemplate\":\"https:\/\/hunzaroma.com\/?s={search_term_string}\"},\"query-input\":{\"@type\":\"PropertyValueSpecification\",\"valueRequired\":true,\"valueName\":\"search_term_string\"}}],\"inLanguage\":\"en-US\"}]}<\/script>\n<!-- \/ Yoast SEO plugin. -->","yoast_head_json":{"title":"Bouteille de plastique 115 ml","description":"Cylindrique de couleur naturel avec bouchon . Id\u00e9al pour les cr\u00e8mes, lotions, laits nettoyants, savon liquide, etc. *\u00c0\u00a0l'achat de plus de vingt bouteilles, des frais de livraison suppl\u00e9mentaire pourraient s'appliquer. Vous serez avis\u00e9s par courriel ou par t\u00e9l\u00e9phone.\u00a0","robots":{"index":"index","follow":"follow","max-snippet":"max-snippet:-1","max-image-preview":"max-image-preview:large","max-video-preview":"max-video-preview:-1"},"canonical":"https:\/\/hunzaroma.com\/essential-oil\/bouteille-de-plastique-115-ml\/","og_locale":"en_US","og_type":"article","og_title":"Bouteille de plastique 115 ml","og_description":"Cylindrique de couleur naturel avec bouchon . Id\u00e9al pour les cr\u00e8mes, lotions, laits nettoyants, savon liquide, etc. *\u00c0\u00a0l'achat de plus de vingt bouteilles, des frais de livraison suppl\u00e9mentaire pourraient s'appliquer. Vous serez avis\u00e9s par courriel ou par t\u00e9l\u00e9phone.\u00a0","og_url":"https:\/\/hunzaroma.com\/essential-oil\/bouteille-de-plastique-115-ml\/","og_site_name":"Hunzaroma","article_modified_time":"2020-11-04T16:18:05+00:00","og_image":[{"width":194,"height":259,"url":"https:\/\/hunzaroma.com\/wp-content\/uploads\/2019\/08\/products-bouteille_4_onces_avec_bouchon.jpg","type":"image\/jpeg"}],"twitter_card":"summary_large_image","schema":{"@context":"https:\/\/schema.org","@graph":[{"@type":"WebPage","@id":"https:\/\/hunzaroma.com\/essential-oil\/bouteille-de-plastique-115-ml\/","url":"https:\/\/hunzaroma.com\/essential-oil\/bouteille-de-plastique-115-ml\/","name":"Bouteille de plastique 115 ml","isPartOf":{"@id":"https:\/\/hunzaroma.com\/#website"},"primaryImageOfPage":{"@id":"https:\/\/hunzaroma.com\/essential-oil\/bouteille-de-plastique-115-ml\/#primaryimage"},"image":{"@id":"https:\/\/hunzaroma.com\/essential-oil\/bouteille-de-plastique-115-ml\/#primaryimage"},"thumbnailUrl":"https:\/\/hunzaroma.com\/wp-content\/uploads\/2019\/08\/products-bouteille_4_onces_avec_bouchon.jpg","datePublished":"2018-08-12T06:05:04+00:00","dateModified":"2020-11-04T16:18:05+00:00","description":"Cylindrique de couleur naturel avec bouchon . Id\u00e9al pour les cr\u00e8mes, lotions, laits nettoyants, savon liquide, etc. *\u00c0\u00a0l'achat de plus de vingt bouteilles, des frais de livraison suppl\u00e9mentaire pourraient s'appliquer. Vous serez avis\u00e9s par courriel ou par t\u00e9l\u00e9phone.\u00a0","breadcrumb":{"@id":"https:\/\/hunzaroma.com\/essential-oil\/bouteille-de-plastique-115-ml\/#breadcrumb"},"inLanguage":"en-US","potentialAction":[{"@type":"ReadAction","target":["https:\/\/hunzaroma.com\/essential-oil\/bouteille-de-plastique-115-ml\/"]}]},{"@type":"ImageObject","inLanguage":"en-US","@id":"https:\/\/hunzaroma.com\/essential-oil\/bouteille-de-plastique-115-ml\/#primaryimage","url":"https:\/\/hunzaroma.com\/wp-content\/uploads\/2019\/08\/products-bouteille_4_onces_avec_bouchon.jpg","contentUrl":"https:\/\/hunzaroma.com\/wp-content\/uploads\/2019\/08\/products-bouteille_4_onces_avec_bouchon.jpg","width":194,"height":259},{"@type":"BreadcrumbList","@id":"https:\/\/hunzaroma.com\/essential-oil\/bouteille-de-plastique-115-ml\/#breadcrumb","itemListElement":[{"@type":"ListItem","position":1,"name":"Accueil","item":"https:\/\/hunzaroma.com\/en\/home\/"},{"@type":"ListItem","position":2,"name":"Shop","item":"https:\/\/hunzaroma.com\/en\/essential-oil\/"},{"@type":"ListItem","position":3,"name":"PLASTIC BOTTLE 115 ML"}]},{"@type":"WebSite","@id":"https:\/\/hunzaroma.com\/#website","url":"https:\/\/hunzaroma.com\/","name":"Hunzaroma","description":"Huiles essentielles","potentialAction":[{"@type":"SearchAction","target":{"@type":"EntryPoint","urlTemplate":"https:\/\/hunzaroma.com\/?s={search_term_string}"},"query-input":{"@type":"PropertyValueSpecification","valueRequired":true,"valueName":"search_term_string"}}],"inLanguage":"en-US"}]}},"_links":{"self":[{"href":"https:\/\/hunzaroma.com\/en\/wp-json\/wp\/v2\/product\/5955","targetHints":{"allow":["GET"]}}],"collection":[{"href":"https:\/\/hunzaroma.com\/en\/wp-json\/wp\/v2\/product"}],"about":[{"href":"https:\/\/hunzaroma.com\/en\/wp-json\/wp\/v2\/types\/product"}],"wp:featuredmedia":[{"embeddable":true,"href":"https:\/\/hunzaroma.com\/en\/wp-json\/wp\/v2\/media\/5956"}],"wp:attachment":[{"href":"https:\/\/hunzaroma.com\/en\/wp-json\/wp\/v2\/media?parent=5955"}],"wp:term":[{"taxonomy":"product_brand","embeddable":true,"href":"https:\/\/hunzaroma.com\/en\/wp-json\/wp\/v2\/product_brand?post=5955"},{"taxonomy":"product_cat","embeddable":true,"href":"https:\/\/hunzaroma.com\/en\/wp-json\/wp\/v2\/product_cat?post=5955"},{"taxonomy":"product_tag","embeddable":true,"href":"https:\/\/hunzaroma.com\/en\/wp-json\/wp\/v2\/product_tag?post=5955"}],"curies":[{"name":"wp","href":"https:\/\/api.w.org\/{rel}","templated":true}]}}