{"id":5736,"date":"2019-12-18T12:24:02","date_gmt":"2019-12-18T12:24:02","guid":{"rendered":"https:\/\/hunzaroma.com\/product\/fleur-de-pots\/"},"modified":"2024-04-14T14:20:14","modified_gmt":"2024-04-14T18:20:14","slug":"fleur-de-pots","status":"publish","type":"product","link":"https:\/\/hunzaroma.com\/en\/essential-oil\/fleur-de-pots\/","title":{"rendered":"\u00c0 fleur de pots"},"content":{"rendered":"<div class=\"answer\">\n<p><strong>Please note that this book is available in French only.<\/strong><\/p>\n<p>\u00c0 la crois\u00e9e de divers modes de consommation responsable, la fabrication des cosm\u00e9tiques maison est une belle avenue pour celles et ceux qui veulent s\u2019\u00e9manciper des produits industriels. Mi-sorci\u00e8res, mi-vulgarisatrices, Les Trappeuses s\u2019appuient sur l\u2019herboristerie et des connaissances traditionnelles pour proposer dans ce petit grimoire des recettes pour la peau et les cheveux.<\/p>\n<p>\u00c0 partir de 12 ingr\u00e9dients naturels de base accessibles (bicarbonate de soude, cire, huile v\u00e9g\u00e9tale, vinaigre, argile, etc.) et un minimum d\u2019ustensiles de cuisine, elles nous enseignent \u00e0 fabriquer huiles, lotions, masques, exfoliants, baumes, produits de bain, shampoings, dentifrices, d\u00e9odorants et autres soins du quotidien. Le tout offert avec ce qui a fait la r\u00e9putation des Trappeuses: des informations rigoureuses, un ton p\u00e9tillant et une approche non culpabilisante.<\/p>\n<p><strong>Auteures<\/strong> :\u00a0Les Trappeuses<\/p>\n<\/div>\n","protected":false},"excerpt":{"rendered":"<p>Please note that this book is available in French only. \u00c0 la crois\u00e9e de divers modes de consommation responsable, la fabrication des cosm\u00e9tiques maison est une<span class=\"excerpt-hellip\"> [\u2026]<\/span><\/p>\n","protected":false},"featured_media":5737,"template":"","meta":{"_acf_changed":false},"product_brand":[],"product_cat":[1910],"product_tag":[],"class_list":{"0":"post-5736","1":"product","2":"type-product","3":"status-publish","4":"has-post-thumbnail","6":"product_cat-books","8":"first","9":"outofstock","10":"taxable","11":"shipping-taxable","12":"purchasable","13":"product-type-simple"},"acf":[],"yoast_head":"<!-- This site is optimized with the Yoast SEO plugin v27.1.1 - https:\/\/yoast.com\/product\/yoast-seo-wordpress\/ -->\n<title>\u00c0 fleur de pots<\/title>\n<meta name=\"description\" content=\"\u00c0 la crois\u00e9e de divers modes de consommation responsable, la fabrication des cosm\u00e9tiques maison est une belle avenue pour celles et ceux qui veulent s&#039;\u00e9manciper des produits industriels. Mi-sorci\u00e8res, mi-vulgarisatrices, Les Trappeuses s&#039;appuient sur l&#039;herboristerie et des connaissances traditionnelles pour proposer dans ce petit grimoire des recettes pour la peau et les cheveux.\u00c0 partir de 12 ingr\u00e9dients naturels de base accessibles (bicarbonate de soude, cire, huile v\u00e9g\u00e9tale, vinaigre, argile, etc.) et un minimum d&#039;ustensiles de cuisine, elles nous enseignent \u00e0 fabriquer huiles, lotions, masques, exfoliants, baumes, produits de bain, shampoings, dentifrices, d\u00e9odorants et autres soins du quotidien. Le tout offert avec ce qui a fait la r\u00e9putation des Trappeuses: des informations rigoureuses, un ton p\u00e9tillant et une approche non culpabilisante.Auteur :\u00a0Les Trappeuses\" \/>\n<meta name=\"robots\" content=\"index, follow, max-snippet:-1, max-image-preview:large, max-video-preview:-1\" \/>\n<link rel=\"canonical\" href=\"https:\/\/hunzaroma.com\/essential-oil\/fleur-de-pots\/\" \/>\n<meta property=\"og:locale\" content=\"en_US\" \/>\n<meta property=\"og:type\" content=\"article\" \/>\n<meta property=\"og:title\" content=\"\u00c0 fleur de pots\" \/>\n<meta property=\"og:description\" content=\"\u00c0 la crois\u00e9e de divers modes de consommation responsable, la fabrication des cosm\u00e9tiques maison est une belle avenue pour celles et ceux qui veulent s&#039;\u00e9manciper des produits industriels. Mi-sorci\u00e8res, mi-vulgarisatrices, Les Trappeuses s&#039;appuient sur l&#039;herboristerie et des connaissances traditionnelles pour proposer dans ce petit grimoire des recettes pour la peau et les cheveux.\u00c0 partir de 12 ingr\u00e9dients naturels de base accessibles (bicarbonate de soude, cire, huile v\u00e9g\u00e9tale, vinaigre, argile, etc.) et un minimum d&#039;ustensiles de cuisine, elles nous enseignent \u00e0 fabriquer huiles, lotions, masques, exfoliants, baumes, produits de bain, shampoings, dentifrices, d\u00e9odorants et autres soins du quotidien. Le tout offert avec ce qui a fait la r\u00e9putation des Trappeuses: des informations rigoureuses, un ton p\u00e9tillant et une approche non culpabilisante.Auteur :\u00a0Les Trappeuses\" \/>\n<meta property=\"og:url\" content=\"https:\/\/hunzaroma.com\/essential-oil\/fleur-de-pots\/\" \/>\n<meta property=\"og:site_name\" content=\"Hunzaroma\" \/>\n<meta property=\"article:modified_time\" content=\"2024-04-14T18:20:14+00:00\" \/>\n<meta property=\"og:image\" content=\"https:\/\/hunzaroma.com\/wp-content\/uploads\/2019\/12\/products-2589220-gf.jpg\" \/>\n\t<meta property=\"og:image:width\" content=\"400\" \/>\n\t<meta property=\"og:image:height\" content=\"524\" \/>\n\t<meta property=\"og:image:type\" content=\"image\/jpeg\" \/>\n<meta name=\"twitter:card\" content=\"summary_large_image\" \/>\n<meta name=\"twitter:label1\" content=\"Est. reading time\" \/>\n\t<meta name=\"twitter:data1\" content=\"1 minute\" \/>\n<script type=\"application\/ld+json\" class=\"yoast-schema-graph\">{\"@context\":\"https:\/\/schema.org\",\"@graph\":[{\"@type\":\"WebPage\",\"@id\":\"https:\/\/hunzaroma.com\/essential-oil\/fleur-de-pots\/\",\"url\":\"https:\/\/hunzaroma.com\/essential-oil\/fleur-de-pots\/\",\"name\":\"\u00c0 fleur de pots\",\"isPartOf\":{\"@id\":\"https:\/\/hunzaroma.com\/#website\"},\"primaryImageOfPage\":{\"@id\":\"https:\/\/hunzaroma.com\/essential-oil\/fleur-de-pots\/#primaryimage\"},\"image\":{\"@id\":\"https:\/\/hunzaroma.com\/essential-oil\/fleur-de-pots\/#primaryimage\"},\"thumbnailUrl\":\"https:\/\/hunzaroma.com\/wp-content\/uploads\/2019\/12\/products-2589220-gf.jpg\",\"datePublished\":\"2019-12-18T12:24:02+00:00\",\"dateModified\":\"2024-04-14T18:20:14+00:00\",\"description\":\"\u00c0 la crois\u00e9e de divers modes de consommation responsable, la fabrication des cosm\u00e9tiques maison est une belle avenue pour celles et ceux qui veulent s'\u00e9manciper des produits industriels. Mi-sorci\u00e8res, mi-vulgarisatrices, Les Trappeuses s'appuient sur l'herboristerie et des connaissances traditionnelles pour proposer dans ce petit grimoire des recettes pour la peau et les cheveux.\u00c0 partir de 12 ingr\u00e9dients naturels de base accessibles (bicarbonate de soude, cire, huile v\u00e9g\u00e9tale, vinaigre, argile, etc.) et un minimum d'ustensiles de cuisine, elles nous enseignent \u00e0 fabriquer huiles, lotions, masques, exfoliants, baumes, produits de bain, shampoings, dentifrices, d\u00e9odorants et autres soins du quotidien. Le tout offert avec ce qui a fait la r\u00e9putation des Trappeuses: des informations rigoureuses, un ton p\u00e9tillant et une approche non culpabilisante.Auteur :\u00a0Les Trappeuses\",\"breadcrumb\":{\"@id\":\"https:\/\/hunzaroma.com\/essential-oil\/fleur-de-pots\/#breadcrumb\"},\"inLanguage\":\"en-US\",\"potentialAction\":[{\"@type\":\"ReadAction\",\"target\":[\"https:\/\/hunzaroma.com\/essential-oil\/fleur-de-pots\/\"]}]},{\"@type\":\"ImageObject\",\"inLanguage\":\"en-US\",\"@id\":\"https:\/\/hunzaroma.com\/essential-oil\/fleur-de-pots\/#primaryimage\",\"url\":\"https:\/\/hunzaroma.com\/wp-content\/uploads\/2019\/12\/products-2589220-gf.jpg\",\"contentUrl\":\"https:\/\/hunzaroma.com\/wp-content\/uploads\/2019\/12\/products-2589220-gf.jpg\",\"width\":400,\"height\":524},{\"@type\":\"BreadcrumbList\",\"@id\":\"https:\/\/hunzaroma.com\/essential-oil\/fleur-de-pots\/#breadcrumb\",\"itemListElement\":[{\"@type\":\"ListItem\",\"position\":1,\"name\":\"Accueil\",\"item\":\"https:\/\/hunzaroma.com\/en\/home\/\"},{\"@type\":\"ListItem\",\"position\":2,\"name\":\"Shop\",\"item\":\"https:\/\/hunzaroma.com\/en\/essential-oil\/\"},{\"@type\":\"ListItem\",\"position\":3,\"name\":\"\u00c0 fleur de pots\"}]},{\"@type\":\"WebSite\",\"@id\":\"https:\/\/hunzaroma.com\/#website\",\"url\":\"https:\/\/hunzaroma.com\/\",\"name\":\"Hunzaroma\",\"description\":\"Huiles essentielles\",\"potentialAction\":[{\"@type\":\"SearchAction\",\"target\":{\"@type\":\"EntryPoint\",\"urlTemplate\":\"https:\/\/hunzaroma.com\/?s={search_term_string}\"},\"query-input\":{\"@type\":\"PropertyValueSpecification\",\"valueRequired\":true,\"valueName\":\"search_term_string\"}}],\"inLanguage\":\"en-US\"}]}<\/script>\n<!-- \/ Yoast SEO plugin. -->","yoast_head_json":{"title":"\u00c0 fleur de pots","description":"\u00c0 la crois\u00e9e de divers modes de consommation responsable, la fabrication des cosm\u00e9tiques maison est une belle avenue pour celles et ceux qui veulent s'\u00e9manciper des produits industriels. Mi-sorci\u00e8res, mi-vulgarisatrices, Les Trappeuses s'appuient sur l'herboristerie et des connaissances traditionnelles pour proposer dans ce petit grimoire des recettes pour la peau et les cheveux.\u00c0 partir de 12 ingr\u00e9dients naturels de base accessibles (bicarbonate de soude, cire, huile v\u00e9g\u00e9tale, vinaigre, argile, etc.) et un minimum d'ustensiles de cuisine, elles nous enseignent \u00e0 fabriquer huiles, lotions, masques, exfoliants, baumes, produits de bain, shampoings, dentifrices, d\u00e9odorants et autres soins du quotidien. Le tout offert avec ce qui a fait la r\u00e9putation des Trappeuses: des informations rigoureuses, un ton p\u00e9tillant et une approche non culpabilisante.Auteur :\u00a0Les Trappeuses","robots":{"index":"index","follow":"follow","max-snippet":"max-snippet:-1","max-image-preview":"max-image-preview:large","max-video-preview":"max-video-preview:-1"},"canonical":"https:\/\/hunzaroma.com\/essential-oil\/fleur-de-pots\/","og_locale":"en_US","og_type":"article","og_title":"\u00c0 fleur de pots","og_description":"\u00c0 la crois\u00e9e de divers modes de consommation responsable, la fabrication des cosm\u00e9tiques maison est une belle avenue pour celles et ceux qui veulent s'\u00e9manciper des produits industriels. Mi-sorci\u00e8res, mi-vulgarisatrices, Les Trappeuses s'appuient sur l'herboristerie et des connaissances traditionnelles pour proposer dans ce petit grimoire des recettes pour la peau et les cheveux.\u00c0 partir de 12 ingr\u00e9dients naturels de base accessibles (bicarbonate de soude, cire, huile v\u00e9g\u00e9tale, vinaigre, argile, etc.) et un minimum d'ustensiles de cuisine, elles nous enseignent \u00e0 fabriquer huiles, lotions, masques, exfoliants, baumes, produits de bain, shampoings, dentifrices, d\u00e9odorants et autres soins du quotidien. Le tout offert avec ce qui a fait la r\u00e9putation des Trappeuses: des informations rigoureuses, un ton p\u00e9tillant et une approche non culpabilisante.Auteur :\u00a0Les Trappeuses","og_url":"https:\/\/hunzaroma.com\/essential-oil\/fleur-de-pots\/","og_site_name":"Hunzaroma","article_modified_time":"2024-04-14T18:20:14+00:00","og_image":[{"width":400,"height":524,"url":"https:\/\/hunzaroma.com\/wp-content\/uploads\/2019\/12\/products-2589220-gf.jpg","type":"image\/jpeg"}],"twitter_card":"summary_large_image","twitter_misc":{"Est. reading time":"1 minute"},"schema":{"@context":"https:\/\/schema.org","@graph":[{"@type":"WebPage","@id":"https:\/\/hunzaroma.com\/essential-oil\/fleur-de-pots\/","url":"https:\/\/hunzaroma.com\/essential-oil\/fleur-de-pots\/","name":"\u00c0 fleur de pots","isPartOf":{"@id":"https:\/\/hunzaroma.com\/#website"},"primaryImageOfPage":{"@id":"https:\/\/hunzaroma.com\/essential-oil\/fleur-de-pots\/#primaryimage"},"image":{"@id":"https:\/\/hunzaroma.com\/essential-oil\/fleur-de-pots\/#primaryimage"},"thumbnailUrl":"https:\/\/hunzaroma.com\/wp-content\/uploads\/2019\/12\/products-2589220-gf.jpg","datePublished":"2019-12-18T12:24:02+00:00","dateModified":"2024-04-14T18:20:14+00:00","description":"\u00c0 la crois\u00e9e de divers modes de consommation responsable, la fabrication des cosm\u00e9tiques maison est une belle avenue pour celles et ceux qui veulent s'\u00e9manciper des produits industriels. Mi-sorci\u00e8res, mi-vulgarisatrices, Les Trappeuses s'appuient sur l'herboristerie et des connaissances traditionnelles pour proposer dans ce petit grimoire des recettes pour la peau et les cheveux.\u00c0 partir de 12 ingr\u00e9dients naturels de base accessibles (bicarbonate de soude, cire, huile v\u00e9g\u00e9tale, vinaigre, argile, etc.) et un minimum d'ustensiles de cuisine, elles nous enseignent \u00e0 fabriquer huiles, lotions, masques, exfoliants, baumes, produits de bain, shampoings, dentifrices, d\u00e9odorants et autres soins du quotidien. Le tout offert avec ce qui a fait la r\u00e9putation des Trappeuses: des informations rigoureuses, un ton p\u00e9tillant et une approche non culpabilisante.Auteur :\u00a0Les Trappeuses","breadcrumb":{"@id":"https:\/\/hunzaroma.com\/essential-oil\/fleur-de-pots\/#breadcrumb"},"inLanguage":"en-US","potentialAction":[{"@type":"ReadAction","target":["https:\/\/hunzaroma.com\/essential-oil\/fleur-de-pots\/"]}]},{"@type":"ImageObject","inLanguage":"en-US","@id":"https:\/\/hunzaroma.com\/essential-oil\/fleur-de-pots\/#primaryimage","url":"https:\/\/hunzaroma.com\/wp-content\/uploads\/2019\/12\/products-2589220-gf.jpg","contentUrl":"https:\/\/hunzaroma.com\/wp-content\/uploads\/2019\/12\/products-2589220-gf.jpg","width":400,"height":524},{"@type":"BreadcrumbList","@id":"https:\/\/hunzaroma.com\/essential-oil\/fleur-de-pots\/#breadcrumb","itemListElement":[{"@type":"ListItem","position":1,"name":"Accueil","item":"https:\/\/hunzaroma.com\/en\/home\/"},{"@type":"ListItem","position":2,"name":"Shop","item":"https:\/\/hunzaroma.com\/en\/essential-oil\/"},{"@type":"ListItem","position":3,"name":"\u00c0 fleur de pots"}]},{"@type":"WebSite","@id":"https:\/\/hunzaroma.com\/#website","url":"https:\/\/hunzaroma.com\/","name":"Hunzaroma","description":"Huiles essentielles","potentialAction":[{"@type":"SearchAction","target":{"@type":"EntryPoint","urlTemplate":"https:\/\/hunzaroma.com\/?s={search_term_string}"},"query-input":{"@type":"PropertyValueSpecification","valueRequired":true,"valueName":"search_term_string"}}],"inLanguage":"en-US"}]}},"_links":{"self":[{"href":"https:\/\/hunzaroma.com\/en\/wp-json\/wp\/v2\/product\/5736","targetHints":{"allow":["GET"]}}],"collection":[{"href":"https:\/\/hunzaroma.com\/en\/wp-json\/wp\/v2\/product"}],"about":[{"href":"https:\/\/hunzaroma.com\/en\/wp-json\/wp\/v2\/types\/product"}],"wp:featuredmedia":[{"embeddable":true,"href":"https:\/\/hunzaroma.com\/en\/wp-json\/wp\/v2\/media\/5737"}],"wp:attachment":[{"href":"https:\/\/hunzaroma.com\/en\/wp-json\/wp\/v2\/media?parent=5736"}],"wp:term":[{"taxonomy":"product_brand","embeddable":true,"href":"https:\/\/hunzaroma.com\/en\/wp-json\/wp\/v2\/product_brand?post=5736"},{"taxonomy":"product_cat","embeddable":true,"href":"https:\/\/hunzaroma.com\/en\/wp-json\/wp\/v2\/product_cat?post=5736"},{"taxonomy":"product_tag","embeddable":true,"href":"https:\/\/hunzaroma.com\/en\/wp-json\/wp\/v2\/product_tag?post=5736"}],"curies":[{"name":"wp","href":"https:\/\/api.w.org\/{rel}","templated":true}]}}