{"id":14900,"date":"2025-02-06T16:00:08","date_gmt":"2025-02-06T21:00:08","guid":{"rendered":"https:\/\/hunzaroma.com\/huile-essentielle\/colloidal-oatmeal\/"},"modified":"2025-02-06T16:00:08","modified_gmt":"2025-02-06T21:00:08","slug":"colloidal-oatmeal","status":"publish","type":"product","link":"https:\/\/hunzaroma.com\/en\/essential-oil\/colloidal-oatmeal\/","title":{"rendered":"Colloidal Oatmeal"},"content":{"rendered":"<p>L&#8217;avoine collo\u00efdale est de l&#8217;avoine r\u00e9duite en une poudre tr\u00e8s fine dont tous les nutriments pr\u00e9sents dans la c\u00e9r\u00e9ale brute ont \u00e9t\u00e9 pr\u00e9serv\u00e9s. Son mucilage richement pourvu en acides gras, phytost\u00e9rols et vitamine E conf\u00e8re \u00e0 l&#8217;avoine collo\u00efdale la capacit\u00e9 d&#8217;apaiser la peau s\u00e8che, de r\u00e9duire l&#8217;inflammation, de calmer les d\u00e9mangeaisons et d&#8217;acc\u00e9l\u00e9rer la cicatrisation.<\/p>\n<p>Elle est particuli\u00e8rement indiqu\u00e9e pour les peaux tr\u00e8s sensibles comme celle de b\u00e9b\u00e9, les peaux ecz\u00e9mateuses, psoriasiques ou acn\u00e9iques.<\/p>\n<p>On peut l&#8217;int\u00e9grer \u00e0 tous les produits de soin de la peau : lotions, cr\u00e8mes, savons, shampoings et autres.<\/p>\n<p>Bain pour adoucir la peau ou apaiser les irritations : 1\/2 tasse d&#8217;avoine collo\u00efdale dans un bain d&#8217;adulte; 1 \u00e0 2 c. \u00e0 soupe dans bain pour b\u00e9b\u00e9.<\/p>\n<p>Se conserve de 1 \u00e0 2 ans dans un contenant herm\u00e9tique, \u00e0 l&#8217;abri de l&#8217;humidit\u00e9.<\/p>\n","protected":false},"excerpt":{"rendered":"<p>L&#8217;avoine collo\u00efdale est de l&#8217;avoine r\u00e9duite en une poudre tr\u00e8s fine dont tous les nutriments pr\u00e9sents dans la c\u00e9r\u00e9ale brute ont \u00e9t\u00e9 pr\u00e9serv\u00e9s. Son mucilage richement<span class=\"excerpt-hellip\"> [\u2026]<\/span><\/p>\n","protected":false},"featured_media":14899,"template":"","meta":{"_acf_changed":false},"product_brand":[],"product_cat":[3512,1934,2264],"product_tag":[],"class_list":{"0":"post-14900","1":"product","2":"type-product","3":"status-publish","4":"has-post-thumbnail","6":"product_cat-other-ingredients","7":"product_cat-ingredients-en-poudre-en","8":"product_cat-ingredients-pour-la-fabrication-de-savons-en","9":"pa_format-1-kg-8-en","10":"pa_format-100-g-en","11":"pa_format-250-g-en","13":"first","14":"instock","15":"taxable","16":"shipping-taxable","17":"purchasable","18":"product-type-variable"},"acf":[],"yoast_head":"<!-- This site is optimized with the Yoast SEO plugin v27.1.1 - https:\/\/yoast.com\/product\/yoast-seo-wordpress\/ -->\n<title>Colloidal Oatmeal<\/title>\n<meta name=\"robots\" content=\"index, follow, max-snippet:-1, max-image-preview:large, max-video-preview:-1\" \/>\n<link rel=\"canonical\" href=\"https:\/\/hunzaroma.com\/en\/essential-oil\/colloidal-oatmeal\/\" \/>\n<meta property=\"og:locale\" content=\"en_US\" \/>\n<meta property=\"og:type\" content=\"article\" \/>\n<meta property=\"og:title\" content=\"Colloidal Oatmeal\" \/>\n<meta property=\"og:description\" content=\"L&#8217;avoine collo\u00efdale est de l&#8217;avoine r\u00e9duite en une poudre tr\u00e8s fine dont tous les nutriments pr\u00e9sents dans la c\u00e9r\u00e9ale brute ont \u00e9t\u00e9 pr\u00e9serv\u00e9s. Son mucilage richement [\u2026]\" \/>\n<meta property=\"og:url\" content=\"https:\/\/hunzaroma.com\/en\/essential-oil\/colloidal-oatmeal\/\" \/>\n<meta property=\"og:site_name\" content=\"Hunzaroma\" \/>\n<meta property=\"og:image\" content=\"https:\/\/hunzaroma.com\/wp-content\/uploads\/2025\/02\/avoine-colloidale.png\" \/>\n\t<meta property=\"og:image:width\" content=\"559\" \/>\n\t<meta property=\"og:image:height\" content=\"528\" \/>\n\t<meta property=\"og:image:type\" content=\"image\/png\" \/>\n<meta name=\"twitter:card\" content=\"summary_large_image\" \/>\n<meta name=\"twitter:label1\" content=\"Est. reading time\" \/>\n\t<meta name=\"twitter:data1\" content=\"1 minute\" \/>\n<script type=\"application\/ld+json\" class=\"yoast-schema-graph\">{\"@context\":\"https:\/\/schema.org\",\"@graph\":[{\"@type\":\"WebPage\",\"@id\":\"https:\/\/hunzaroma.com\/en\/essential-oil\/colloidal-oatmeal\/\",\"url\":\"https:\/\/hunzaroma.com\/en\/essential-oil\/colloidal-oatmeal\/\",\"name\":\"Colloidal Oatmeal\",\"isPartOf\":{\"@id\":\"https:\/\/hunzaroma.com\/#website\"},\"primaryImageOfPage\":{\"@id\":\"https:\/\/hunzaroma.com\/en\/essential-oil\/colloidal-oatmeal\/#primaryimage\"},\"image\":{\"@id\":\"https:\/\/hunzaroma.com\/en\/essential-oil\/colloidal-oatmeal\/#primaryimage\"},\"thumbnailUrl\":\"https:\/\/hunzaroma.com\/wp-content\/uploads\/2025\/02\/avoine-colloidale.png\",\"datePublished\":\"2025-02-06T21:00:08+00:00\",\"breadcrumb\":{\"@id\":\"https:\/\/hunzaroma.com\/en\/essential-oil\/colloidal-oatmeal\/#breadcrumb\"},\"inLanguage\":\"en-US\",\"potentialAction\":[{\"@type\":\"ReadAction\",\"target\":[\"https:\/\/hunzaroma.com\/en\/essential-oil\/colloidal-oatmeal\/\"]}]},{\"@type\":\"ImageObject\",\"inLanguage\":\"en-US\",\"@id\":\"https:\/\/hunzaroma.com\/en\/essential-oil\/colloidal-oatmeal\/#primaryimage\",\"url\":\"https:\/\/hunzaroma.com\/wp-content\/uploads\/2025\/02\/avoine-colloidale.png\",\"contentUrl\":\"https:\/\/hunzaroma.com\/wp-content\/uploads\/2025\/02\/avoine-colloidale.png\",\"width\":559,\"height\":528},{\"@type\":\"BreadcrumbList\",\"@id\":\"https:\/\/hunzaroma.com\/en\/essential-oil\/colloidal-oatmeal\/#breadcrumb\",\"itemListElement\":[{\"@type\":\"ListItem\",\"position\":1,\"name\":\"Accueil\",\"item\":\"https:\/\/hunzaroma.com\/en\/home\/\"},{\"@type\":\"ListItem\",\"position\":2,\"name\":\"Shop\",\"item\":\"https:\/\/hunzaroma.com\/en\/essential-oil\/\"},{\"@type\":\"ListItem\",\"position\":3,\"name\":\"Colloidal Oatmeal\"}]},{\"@type\":\"WebSite\",\"@id\":\"https:\/\/hunzaroma.com\/#website\",\"url\":\"https:\/\/hunzaroma.com\/\",\"name\":\"Hunzaroma\",\"description\":\"Huiles essentielles\",\"potentialAction\":[{\"@type\":\"SearchAction\",\"target\":{\"@type\":\"EntryPoint\",\"urlTemplate\":\"https:\/\/hunzaroma.com\/?s={search_term_string}\"},\"query-input\":{\"@type\":\"PropertyValueSpecification\",\"valueRequired\":true,\"valueName\":\"search_term_string\"}}],\"inLanguage\":\"en-US\"}]}<\/script>\n<!-- \/ Yoast SEO plugin. -->","yoast_head_json":{"title":"Colloidal Oatmeal","robots":{"index":"index","follow":"follow","max-snippet":"max-snippet:-1","max-image-preview":"max-image-preview:large","max-video-preview":"max-video-preview:-1"},"canonical":"https:\/\/hunzaroma.com\/en\/essential-oil\/colloidal-oatmeal\/","og_locale":"en_US","og_type":"article","og_title":"Colloidal Oatmeal","og_description":"L&#8217;avoine collo\u00efdale est de l&#8217;avoine r\u00e9duite en une poudre tr\u00e8s fine dont tous les nutriments pr\u00e9sents dans la c\u00e9r\u00e9ale brute ont \u00e9t\u00e9 pr\u00e9serv\u00e9s. Son mucilage richement [\u2026]","og_url":"https:\/\/hunzaroma.com\/en\/essential-oil\/colloidal-oatmeal\/","og_site_name":"Hunzaroma","og_image":[{"width":559,"height":528,"url":"https:\/\/hunzaroma.com\/wp-content\/uploads\/2025\/02\/avoine-colloidale.png","type":"image\/png"}],"twitter_card":"summary_large_image","twitter_misc":{"Est. reading time":"1 minute"},"schema":{"@context":"https:\/\/schema.org","@graph":[{"@type":"WebPage","@id":"https:\/\/hunzaroma.com\/en\/essential-oil\/colloidal-oatmeal\/","url":"https:\/\/hunzaroma.com\/en\/essential-oil\/colloidal-oatmeal\/","name":"Colloidal Oatmeal","isPartOf":{"@id":"https:\/\/hunzaroma.com\/#website"},"primaryImageOfPage":{"@id":"https:\/\/hunzaroma.com\/en\/essential-oil\/colloidal-oatmeal\/#primaryimage"},"image":{"@id":"https:\/\/hunzaroma.com\/en\/essential-oil\/colloidal-oatmeal\/#primaryimage"},"thumbnailUrl":"https:\/\/hunzaroma.com\/wp-content\/uploads\/2025\/02\/avoine-colloidale.png","datePublished":"2025-02-06T21:00:08+00:00","breadcrumb":{"@id":"https:\/\/hunzaroma.com\/en\/essential-oil\/colloidal-oatmeal\/#breadcrumb"},"inLanguage":"en-US","potentialAction":[{"@type":"ReadAction","target":["https:\/\/hunzaroma.com\/en\/essential-oil\/colloidal-oatmeal\/"]}]},{"@type":"ImageObject","inLanguage":"en-US","@id":"https:\/\/hunzaroma.com\/en\/essential-oil\/colloidal-oatmeal\/#primaryimage","url":"https:\/\/hunzaroma.com\/wp-content\/uploads\/2025\/02\/avoine-colloidale.png","contentUrl":"https:\/\/hunzaroma.com\/wp-content\/uploads\/2025\/02\/avoine-colloidale.png","width":559,"height":528},{"@type":"BreadcrumbList","@id":"https:\/\/hunzaroma.com\/en\/essential-oil\/colloidal-oatmeal\/#breadcrumb","itemListElement":[{"@type":"ListItem","position":1,"name":"Accueil","item":"https:\/\/hunzaroma.com\/en\/home\/"},{"@type":"ListItem","position":2,"name":"Shop","item":"https:\/\/hunzaroma.com\/en\/essential-oil\/"},{"@type":"ListItem","position":3,"name":"Colloidal Oatmeal"}]},{"@type":"WebSite","@id":"https:\/\/hunzaroma.com\/#website","url":"https:\/\/hunzaroma.com\/","name":"Hunzaroma","description":"Huiles essentielles","potentialAction":[{"@type":"SearchAction","target":{"@type":"EntryPoint","urlTemplate":"https:\/\/hunzaroma.com\/?s={search_term_string}"},"query-input":{"@type":"PropertyValueSpecification","valueRequired":true,"valueName":"search_term_string"}}],"inLanguage":"en-US"}]}},"_links":{"self":[{"href":"https:\/\/hunzaroma.com\/en\/wp-json\/wp\/v2\/product\/14900","targetHints":{"allow":["GET"]}}],"collection":[{"href":"https:\/\/hunzaroma.com\/en\/wp-json\/wp\/v2\/product"}],"about":[{"href":"https:\/\/hunzaroma.com\/en\/wp-json\/wp\/v2\/types\/product"}],"wp:featuredmedia":[{"embeddable":true,"href":"https:\/\/hunzaroma.com\/en\/wp-json\/wp\/v2\/media\/14899"}],"wp:attachment":[{"href":"https:\/\/hunzaroma.com\/en\/wp-json\/wp\/v2\/media?parent=14900"}],"wp:term":[{"taxonomy":"product_brand","embeddable":true,"href":"https:\/\/hunzaroma.com\/en\/wp-json\/wp\/v2\/product_brand?post=14900"},{"taxonomy":"product_cat","embeddable":true,"href":"https:\/\/hunzaroma.com\/en\/wp-json\/wp\/v2\/product_cat?post=14900"},{"taxonomy":"product_tag","embeddable":true,"href":"https:\/\/hunzaroma.com\/en\/wp-json\/wp\/v2\/product_tag?post=14900"}],"curies":[{"name":"wp","href":"https:\/\/api.w.org\/{rel}","templated":true}]}}