{"id":14861,"date":"2025-01-30T17:33:00","date_gmt":"2025-01-30T22:33:00","guid":{"rendered":"https:\/\/hunzaroma.com\/huile-essentielle\/l-glutamine-micronisee-450-g\/"},"modified":"2025-01-30T17:33:00","modified_gmt":"2025-01-30T22:33:00","slug":"l-glutamine-micronisee-450-g","status":"publish","type":"product","link":"https:\/\/hunzaroma.com\/en\/essential-oil\/l-glutamine-micronisee-450-g\/","title":{"rendered":"L-Glutamine micronis\u00e9e 450 g"},"content":{"rendered":"<div class=\"fg-summary\">Ce n\u2019est pas pour rien que les sportifs prennent de la L-glutamine ; elle soutient la r\u00e9paration et la croissance musculaire apr\u00e8s l\u2019exercice. Elle est aussi une source d\u2019\u00e9nergie essentielle pour les cellules des intestins et de ce fait, soutient la sant\u00e9 des intestins et de la paroi intestinale. Mais ce n\u2019est pas tout. La L-glutamine aide \u00e9galement \u00e0 refaire les r\u00e9serves de glutamine apr\u00e8s des p\u00e9riodes de stress physique (p. ex., entra\u00eenement prolong\u00e9 \u00e9puisant). Pensez \u00e0 ajouter une mesure de L-glutamine \u00e0 votre collation post-entra\u00eenement !<\/div>\n<ul class=\"fg-features\">\n<li>Soutient la r\u00e9paration des cellules musculaires apr\u00e8s l\u2019exercice<\/li>\n<li>Aide \u00e0 soutenir la sant\u00e9 du syst\u00e8me digestif apr\u00e8s des p\u00e9riodes de stress physique<\/li>\n<li>La technologie de micronisation r\u00e9duit la taille des particules, ce qui facilite la d\u00e9gradation et l\u2019absorption du produit<\/li>\n<\/ul>\n<p><strong>Ingr\u00e9dients m\u00e9dicinaux :<\/strong><\/p>\n<p>Chaque mesure (5 g) ou 1 c. \u00e0 th\u00e9 comble contient : L-glutamine micronis\u00e9e5 g\u00a0\u00a0La technologie de micronisation r\u00e9duit la taille des particules pour permettre \u00e0 la glutamine d\u2019\u00eatre mieux absorb\u00e9e.<\/p>\n<p>&nbsp;<\/p>\n<p><b>Posologie recommand\u00e9e (adultes) :<\/b>\u00a01 mesure (5 g) ou 1 c. \u00e0 th\u00e9 comble par jour ou suivre les recommandations d\u2019un praticien de la sant\u00e9.<br \/>\nLa L-glutamine n\u2019a pas de go\u00fbt et se dilue facilement dans de l\u2019eau ou votre boisson pr\u00e9f\u00e9r\u00e9e.<\/p>\n<p>Sans colorants, agents de conservation ou \u00e9dulcorants artificiels ; sans produits laitiers, amidon, sucre, bl\u00e9, gluten, levure, soja, ma\u00efs, \u0153ufs, poissons, fruits de mer, produits animaux, sel, noix ni g\u00e8nes ou prot\u00e9ines g\u00e9n\u00e9tiquement modifi\u00e9s. Convient aux v\u00e9g\u00e9tariens et v\u00e9g\u00e9taliens.<\/p>\n","protected":false},"excerpt":{"rendered":"<p>Ce n\u2019est pas pour rien que les sportifs prennent de la L-glutamine ; elle soutient la r\u00e9paration et la croissance musculaire apr\u00e8s l\u2019exercice. Elle est aussi<span class=\"excerpt-hellip\"> [\u2026]<\/span><\/p>\n","protected":false},"featured_media":14860,"template":"","meta":{"_acf_changed":false},"product_brand":[],"product_cat":[3608,1937],"product_tag":[3964],"class_list":{"0":"post-14861","1":"product","2":"type-product","3":"status-publish","4":"has-post-thumbnail","6":"product_cat-natural-factors-supplements-en","7":"product_cat-supplements-en","8":"product_tag-l-glutamine-en","10":"first","11":"instock","12":"taxable","13":"shipping-taxable","14":"purchasable","15":"product-type-simple"},"acf":[],"yoast_head":"<!-- This site is optimized with the Yoast SEO plugin v27.1.1 - https:\/\/yoast.com\/product\/yoast-seo-wordpress\/ -->\n<title>L-Glutamine micronis\u00e9e 450 g<\/title>\n<meta name=\"description\" content=\"Ce n\u2019est pas pour rien que les sportifs prennent de la L-glutamine ; elle soutient la r\u00e9paration et la croissance musculaire apr\u00e8s l\u2019exercice. Elle est aussi une source d\u2019\u00e9nergie essentielle pour les cellules des intestins et de ce fait, soutient la sant\u00e9 des intestins et de la paroi intestinale. Mais ce n\u2019est pas tout. La L-glutamine aide \u00e9galement \u00e0 refaire les r\u00e9serves de glutamine apr\u00e8s des p\u00e9riodes de stress physique (p. ex., entra\u00eenement prolong\u00e9 \u00e9puisant). Pensez \u00e0 ajouter une mesure de L-glutamine \u00e0 votre collation post-entra\u00eenement !Soutient la r\u00e9paration des cellules musculaires apr\u00e8s l\u2019exerciceAide \u00e0 soutenir la sant\u00e9 du syst\u00e8me digestif apr\u00e8s des p\u00e9riodes de stress physiqueLa technologie de micronisation r\u00e9duit la taille des particules, ce qui facilite la d\u00e9gradation et l\u2019absorption du produit. Ingr\u00e9dients m\u00e9dicinaux : Chaque mesure (5 g) ou 1 c. \u00e0 th\u00e9 comble contient : L-glutamine micronis\u00e9e5 g\u00a0\u00a0La technologie de micronisation r\u00e9duit la taille des particules pour permettre \u00e0 la glutamine d\u2019\u00eatre mieux absorb\u00e9e. Posologie recommand\u00e9e (adultes) :\u00a01 mesure (5 g) ou 1 c. \u00e0 th\u00e9 comble par jour ou suivre les recommandations d\u2019un praticien de la sant\u00e9.La L-glutamine n\u2019a pas de go\u00fbt et se dilue facilement dans de l\u2019eau ou votre boisson pr\u00e9f\u00e9r\u00e9e. Sans colorants, agents de conservation ou \u00e9dulcorants artificiels ; sans produits laitiers, amidon, sucre, bl\u00e9, gluten, levure, soja, ma\u00efs, \u0153ufs, poissons, fruits de mer, produits animaux, sel, noix ni g\u00e8nes ou prot\u00e9ines g\u00e9n\u00e9tiquement modifi\u00e9s. Convient aux v\u00e9g\u00e9tariens et v\u00e9g\u00e9taliens.\" \/>\n<meta name=\"robots\" content=\"index, follow, max-snippet:-1, max-image-preview:large, max-video-preview:-1\" \/>\n<link rel=\"canonical\" href=\"https:\/\/hunzaroma.com\/en\/essential-oil\/l-glutamine-micronisee-450-g\/\" \/>\n<meta property=\"og:locale\" content=\"en_US\" \/>\n<meta property=\"og:type\" content=\"article\" \/>\n<meta property=\"og:title\" content=\"L-Glutamine micronis\u00e9e 450 g\" \/>\n<meta property=\"og:description\" content=\"Ce n\u2019est pas pour rien que les sportifs prennent de la L-glutamine ; elle soutient la r\u00e9paration et la croissance musculaire apr\u00e8s l\u2019exercice. Elle est aussi une source d\u2019\u00e9nergie essentielle pour les cellules des intestins et de ce fait, soutient la sant\u00e9 des intestins et de la paroi intestinale. Mais ce n\u2019est pas tout. La L-glutamine aide \u00e9galement \u00e0 refaire les r\u00e9serves de glutamine apr\u00e8s des p\u00e9riodes de stress physique (p. ex., entra\u00eenement prolong\u00e9 \u00e9puisant). Pensez \u00e0 ajouter une mesure de L-glutamine \u00e0 votre collation post-entra\u00eenement !Soutient la r\u00e9paration des cellules musculaires apr\u00e8s l\u2019exerciceAide \u00e0 soutenir la sant\u00e9 du syst\u00e8me digestif apr\u00e8s des p\u00e9riodes de stress physiqueLa technologie de micronisation r\u00e9duit la taille des particules, ce qui facilite la d\u00e9gradation et l\u2019absorption du produit. Ingr\u00e9dients m\u00e9dicinaux : Chaque mesure (5 g) ou 1 c. \u00e0 th\u00e9 comble contient : L-glutamine micronis\u00e9e5 g\u00a0\u00a0La technologie de micronisation r\u00e9duit la taille des particules pour permettre \u00e0 la glutamine d\u2019\u00eatre mieux absorb\u00e9e. Posologie recommand\u00e9e (adultes) :\u00a01 mesure (5 g) ou 1 c. \u00e0 th\u00e9 comble par jour ou suivre les recommandations d\u2019un praticien de la sant\u00e9.La L-glutamine n\u2019a pas de go\u00fbt et se dilue facilement dans de l\u2019eau ou votre boisson pr\u00e9f\u00e9r\u00e9e. Sans colorants, agents de conservation ou \u00e9dulcorants artificiels ; sans produits laitiers, amidon, sucre, bl\u00e9, gluten, levure, soja, ma\u00efs, \u0153ufs, poissons, fruits de mer, produits animaux, sel, noix ni g\u00e8nes ou prot\u00e9ines g\u00e9n\u00e9tiquement modifi\u00e9s. Convient aux v\u00e9g\u00e9tariens et v\u00e9g\u00e9taliens.\" \/>\n<meta property=\"og:url\" content=\"https:\/\/hunzaroma.com\/en\/essential-oil\/l-glutamine-micronisee-450-g\/\" \/>\n<meta property=\"og:site_name\" content=\"Hunzaroma\" \/>\n<meta property=\"og:image\" content=\"https:\/\/hunzaroma.com\/wp-content\/uploads\/2025\/01\/l-glutamine450g-nf.png\" \/>\n\t<meta property=\"og:image:width\" content=\"389\" \/>\n\t<meta property=\"og:image:height\" content=\"527\" \/>\n\t<meta property=\"og:image:type\" content=\"image\/png\" \/>\n<meta name=\"twitter:card\" content=\"summary_large_image\" \/>\n<meta name=\"twitter:label1\" content=\"Est. reading time\" \/>\n\t<meta name=\"twitter:data1\" content=\"1 minute\" \/>\n<script type=\"application\/ld+json\" class=\"yoast-schema-graph\">{\"@context\":\"https:\/\/schema.org\",\"@graph\":[{\"@type\":\"WebPage\",\"@id\":\"https:\/\/hunzaroma.com\/en\/essential-oil\/l-glutamine-micronisee-450-g\/\",\"url\":\"https:\/\/hunzaroma.com\/en\/essential-oil\/l-glutamine-micronisee-450-g\/\",\"name\":\"L-Glutamine micronis\u00e9e 450 g\",\"isPartOf\":{\"@id\":\"https:\/\/hunzaroma.com\/#website\"},\"primaryImageOfPage\":{\"@id\":\"https:\/\/hunzaroma.com\/en\/essential-oil\/l-glutamine-micronisee-450-g\/#primaryimage\"},\"image\":{\"@id\":\"https:\/\/hunzaroma.com\/en\/essential-oil\/l-glutamine-micronisee-450-g\/#primaryimage\"},\"thumbnailUrl\":\"https:\/\/hunzaroma.com\/wp-content\/uploads\/2025\/01\/l-glutamine450g-nf.png\",\"datePublished\":\"2025-01-30T22:33:00+00:00\",\"description\":\"Ce n\u2019est pas pour rien que les sportifs prennent de la L-glutamine ; elle soutient la r\u00e9paration et la croissance musculaire apr\u00e8s l\u2019exercice. Elle est aussi une source d\u2019\u00e9nergie essentielle pour les cellules des intestins et de ce fait, soutient la sant\u00e9 des intestins et de la paroi intestinale. Mais ce n\u2019est pas tout. La L-glutamine aide \u00e9galement \u00e0 refaire les r\u00e9serves de glutamine apr\u00e8s des p\u00e9riodes de stress physique (p. ex., entra\u00eenement prolong\u00e9 \u00e9puisant). Pensez \u00e0 ajouter une mesure de L-glutamine \u00e0 votre collation post-entra\u00eenement !Soutient la r\u00e9paration des cellules musculaires apr\u00e8s l\u2019exerciceAide \u00e0 soutenir la sant\u00e9 du syst\u00e8me digestif apr\u00e8s des p\u00e9riodes de stress physiqueLa technologie de micronisation r\u00e9duit la taille des particules, ce qui facilite la d\u00e9gradation et l\u2019absorption du produit. Ingr\u00e9dients m\u00e9dicinaux : Chaque mesure (5 g) ou 1 c. \u00e0 th\u00e9 comble contient : L-glutamine micronis\u00e9e5 g\u00a0\u00a0La technologie de micronisation r\u00e9duit la taille des particules pour permettre \u00e0 la glutamine d\u2019\u00eatre mieux absorb\u00e9e. Posologie recommand\u00e9e (adultes) :\u00a01 mesure (5 g) ou 1 c. \u00e0 th\u00e9 comble par jour ou suivre les recommandations d\u2019un praticien de la sant\u00e9.La L-glutamine n\u2019a pas de go\u00fbt et se dilue facilement dans de l\u2019eau ou votre boisson pr\u00e9f\u00e9r\u00e9e. Sans colorants, agents de conservation ou \u00e9dulcorants artificiels ; sans produits laitiers, amidon, sucre, bl\u00e9, gluten, levure, soja, ma\u00efs, \u0153ufs, poissons, fruits de mer, produits animaux, sel, noix ni g\u00e8nes ou prot\u00e9ines g\u00e9n\u00e9tiquement modifi\u00e9s. Convient aux v\u00e9g\u00e9tariens et v\u00e9g\u00e9taliens.\",\"breadcrumb\":{\"@id\":\"https:\/\/hunzaroma.com\/en\/essential-oil\/l-glutamine-micronisee-450-g\/#breadcrumb\"},\"inLanguage\":\"en-US\",\"potentialAction\":[{\"@type\":\"ReadAction\",\"target\":[\"https:\/\/hunzaroma.com\/en\/essential-oil\/l-glutamine-micronisee-450-g\/\"]}]},{\"@type\":\"ImageObject\",\"inLanguage\":\"en-US\",\"@id\":\"https:\/\/hunzaroma.com\/en\/essential-oil\/l-glutamine-micronisee-450-g\/#primaryimage\",\"url\":\"https:\/\/hunzaroma.com\/wp-content\/uploads\/2025\/01\/l-glutamine450g-nf.png\",\"contentUrl\":\"https:\/\/hunzaroma.com\/wp-content\/uploads\/2025\/01\/l-glutamine450g-nf.png\",\"width\":389,\"height\":527},{\"@type\":\"BreadcrumbList\",\"@id\":\"https:\/\/hunzaroma.com\/en\/essential-oil\/l-glutamine-micronisee-450-g\/#breadcrumb\",\"itemListElement\":[{\"@type\":\"ListItem\",\"position\":1,\"name\":\"Accueil\",\"item\":\"https:\/\/hunzaroma.com\/en\/home\/\"},{\"@type\":\"ListItem\",\"position\":2,\"name\":\"Shop\",\"item\":\"https:\/\/hunzaroma.com\/en\/essential-oil\/\"},{\"@type\":\"ListItem\",\"position\":3,\"name\":\"L-Glutamine micronis\u00e9e 450 g\"}]},{\"@type\":\"WebSite\",\"@id\":\"https:\/\/hunzaroma.com\/#website\",\"url\":\"https:\/\/hunzaroma.com\/\",\"name\":\"Hunzaroma\",\"description\":\"Huiles essentielles\",\"potentialAction\":[{\"@type\":\"SearchAction\",\"target\":{\"@type\":\"EntryPoint\",\"urlTemplate\":\"https:\/\/hunzaroma.com\/?s={search_term_string}\"},\"query-input\":{\"@type\":\"PropertyValueSpecification\",\"valueRequired\":true,\"valueName\":\"search_term_string\"}}],\"inLanguage\":\"en-US\"}]}<\/script>\n<!-- \/ Yoast SEO plugin. -->","yoast_head_json":{"title":"L-Glutamine micronis\u00e9e 450 g","description":"Ce n\u2019est pas pour rien que les sportifs prennent de la L-glutamine ; elle soutient la r\u00e9paration et la croissance musculaire apr\u00e8s l\u2019exercice. Elle est aussi une source d\u2019\u00e9nergie essentielle pour les cellules des intestins et de ce fait, soutient la sant\u00e9 des intestins et de la paroi intestinale. Mais ce n\u2019est pas tout. La L-glutamine aide \u00e9galement \u00e0 refaire les r\u00e9serves de glutamine apr\u00e8s des p\u00e9riodes de stress physique (p. ex., entra\u00eenement prolong\u00e9 \u00e9puisant). Pensez \u00e0 ajouter une mesure de L-glutamine \u00e0 votre collation post-entra\u00eenement !Soutient la r\u00e9paration des cellules musculaires apr\u00e8s l\u2019exerciceAide \u00e0 soutenir la sant\u00e9 du syst\u00e8me digestif apr\u00e8s des p\u00e9riodes de stress physiqueLa technologie de micronisation r\u00e9duit la taille des particules, ce qui facilite la d\u00e9gradation et l\u2019absorption du produit. Ingr\u00e9dients m\u00e9dicinaux : Chaque mesure (5 g) ou 1 c. \u00e0 th\u00e9 comble contient : L-glutamine micronis\u00e9e5 g\u00a0\u00a0La technologie de micronisation r\u00e9duit la taille des particules pour permettre \u00e0 la glutamine d\u2019\u00eatre mieux absorb\u00e9e. Posologie recommand\u00e9e (adultes) :\u00a01 mesure (5 g) ou 1 c. \u00e0 th\u00e9 comble par jour ou suivre les recommandations d\u2019un praticien de la sant\u00e9.La L-glutamine n\u2019a pas de go\u00fbt et se dilue facilement dans de l\u2019eau ou votre boisson pr\u00e9f\u00e9r\u00e9e. Sans colorants, agents de conservation ou \u00e9dulcorants artificiels ; sans produits laitiers, amidon, sucre, bl\u00e9, gluten, levure, soja, ma\u00efs, \u0153ufs, poissons, fruits de mer, produits animaux, sel, noix ni g\u00e8nes ou prot\u00e9ines g\u00e9n\u00e9tiquement modifi\u00e9s. Convient aux v\u00e9g\u00e9tariens et v\u00e9g\u00e9taliens.","robots":{"index":"index","follow":"follow","max-snippet":"max-snippet:-1","max-image-preview":"max-image-preview:large","max-video-preview":"max-video-preview:-1"},"canonical":"https:\/\/hunzaroma.com\/en\/essential-oil\/l-glutamine-micronisee-450-g\/","og_locale":"en_US","og_type":"article","og_title":"L-Glutamine micronis\u00e9e 450 g","og_description":"Ce n\u2019est pas pour rien que les sportifs prennent de la L-glutamine ; elle soutient la r\u00e9paration et la croissance musculaire apr\u00e8s l\u2019exercice. Elle est aussi une source d\u2019\u00e9nergie essentielle pour les cellules des intestins et de ce fait, soutient la sant\u00e9 des intestins et de la paroi intestinale. Mais ce n\u2019est pas tout. La L-glutamine aide \u00e9galement \u00e0 refaire les r\u00e9serves de glutamine apr\u00e8s des p\u00e9riodes de stress physique (p. ex., entra\u00eenement prolong\u00e9 \u00e9puisant). Pensez \u00e0 ajouter une mesure de L-glutamine \u00e0 votre collation post-entra\u00eenement !Soutient la r\u00e9paration des cellules musculaires apr\u00e8s l\u2019exerciceAide \u00e0 soutenir la sant\u00e9 du syst\u00e8me digestif apr\u00e8s des p\u00e9riodes de stress physiqueLa technologie de micronisation r\u00e9duit la taille des particules, ce qui facilite la d\u00e9gradation et l\u2019absorption du produit. Ingr\u00e9dients m\u00e9dicinaux : Chaque mesure (5 g) ou 1 c. \u00e0 th\u00e9 comble contient : L-glutamine micronis\u00e9e5 g\u00a0\u00a0La technologie de micronisation r\u00e9duit la taille des particules pour permettre \u00e0 la glutamine d\u2019\u00eatre mieux absorb\u00e9e. Posologie recommand\u00e9e (adultes) :\u00a01 mesure (5 g) ou 1 c. \u00e0 th\u00e9 comble par jour ou suivre les recommandations d\u2019un praticien de la sant\u00e9.La L-glutamine n\u2019a pas de go\u00fbt et se dilue facilement dans de l\u2019eau ou votre boisson pr\u00e9f\u00e9r\u00e9e. Sans colorants, agents de conservation ou \u00e9dulcorants artificiels ; sans produits laitiers, amidon, sucre, bl\u00e9, gluten, levure, soja, ma\u00efs, \u0153ufs, poissons, fruits de mer, produits animaux, sel, noix ni g\u00e8nes ou prot\u00e9ines g\u00e9n\u00e9tiquement modifi\u00e9s. Convient aux v\u00e9g\u00e9tariens et v\u00e9g\u00e9taliens.","og_url":"https:\/\/hunzaroma.com\/en\/essential-oil\/l-glutamine-micronisee-450-g\/","og_site_name":"Hunzaroma","og_image":[{"width":389,"height":527,"url":"https:\/\/hunzaroma.com\/wp-content\/uploads\/2025\/01\/l-glutamine450g-nf.png","type":"image\/png"}],"twitter_card":"summary_large_image","twitter_misc":{"Est. reading time":"1 minute"},"schema":{"@context":"https:\/\/schema.org","@graph":[{"@type":"WebPage","@id":"https:\/\/hunzaroma.com\/en\/essential-oil\/l-glutamine-micronisee-450-g\/","url":"https:\/\/hunzaroma.com\/en\/essential-oil\/l-glutamine-micronisee-450-g\/","name":"L-Glutamine micronis\u00e9e 450 g","isPartOf":{"@id":"https:\/\/hunzaroma.com\/#website"},"primaryImageOfPage":{"@id":"https:\/\/hunzaroma.com\/en\/essential-oil\/l-glutamine-micronisee-450-g\/#primaryimage"},"image":{"@id":"https:\/\/hunzaroma.com\/en\/essential-oil\/l-glutamine-micronisee-450-g\/#primaryimage"},"thumbnailUrl":"https:\/\/hunzaroma.com\/wp-content\/uploads\/2025\/01\/l-glutamine450g-nf.png","datePublished":"2025-01-30T22:33:00+00:00","description":"Ce n\u2019est pas pour rien que les sportifs prennent de la L-glutamine ; elle soutient la r\u00e9paration et la croissance musculaire apr\u00e8s l\u2019exercice. Elle est aussi une source d\u2019\u00e9nergie essentielle pour les cellules des intestins et de ce fait, soutient la sant\u00e9 des intestins et de la paroi intestinale. Mais ce n\u2019est pas tout. La L-glutamine aide \u00e9galement \u00e0 refaire les r\u00e9serves de glutamine apr\u00e8s des p\u00e9riodes de stress physique (p. ex., entra\u00eenement prolong\u00e9 \u00e9puisant). Pensez \u00e0 ajouter une mesure de L-glutamine \u00e0 votre collation post-entra\u00eenement !Soutient la r\u00e9paration des cellules musculaires apr\u00e8s l\u2019exerciceAide \u00e0 soutenir la sant\u00e9 du syst\u00e8me digestif apr\u00e8s des p\u00e9riodes de stress physiqueLa technologie de micronisation r\u00e9duit la taille des particules, ce qui facilite la d\u00e9gradation et l\u2019absorption du produit. Ingr\u00e9dients m\u00e9dicinaux : Chaque mesure (5 g) ou 1 c. \u00e0 th\u00e9 comble contient : L-glutamine micronis\u00e9e5 g\u00a0\u00a0La technologie de micronisation r\u00e9duit la taille des particules pour permettre \u00e0 la glutamine d\u2019\u00eatre mieux absorb\u00e9e. Posologie recommand\u00e9e (adultes) :\u00a01 mesure (5 g) ou 1 c. \u00e0 th\u00e9 comble par jour ou suivre les recommandations d\u2019un praticien de la sant\u00e9.La L-glutamine n\u2019a pas de go\u00fbt et se dilue facilement dans de l\u2019eau ou votre boisson pr\u00e9f\u00e9r\u00e9e. Sans colorants, agents de conservation ou \u00e9dulcorants artificiels ; sans produits laitiers, amidon, sucre, bl\u00e9, gluten, levure, soja, ma\u00efs, \u0153ufs, poissons, fruits de mer, produits animaux, sel, noix ni g\u00e8nes ou prot\u00e9ines g\u00e9n\u00e9tiquement modifi\u00e9s. Convient aux v\u00e9g\u00e9tariens et v\u00e9g\u00e9taliens.","breadcrumb":{"@id":"https:\/\/hunzaroma.com\/en\/essential-oil\/l-glutamine-micronisee-450-g\/#breadcrumb"},"inLanguage":"en-US","potentialAction":[{"@type":"ReadAction","target":["https:\/\/hunzaroma.com\/en\/essential-oil\/l-glutamine-micronisee-450-g\/"]}]},{"@type":"ImageObject","inLanguage":"en-US","@id":"https:\/\/hunzaroma.com\/en\/essential-oil\/l-glutamine-micronisee-450-g\/#primaryimage","url":"https:\/\/hunzaroma.com\/wp-content\/uploads\/2025\/01\/l-glutamine450g-nf.png","contentUrl":"https:\/\/hunzaroma.com\/wp-content\/uploads\/2025\/01\/l-glutamine450g-nf.png","width":389,"height":527},{"@type":"BreadcrumbList","@id":"https:\/\/hunzaroma.com\/en\/essential-oil\/l-glutamine-micronisee-450-g\/#breadcrumb","itemListElement":[{"@type":"ListItem","position":1,"name":"Accueil","item":"https:\/\/hunzaroma.com\/en\/home\/"},{"@type":"ListItem","position":2,"name":"Shop","item":"https:\/\/hunzaroma.com\/en\/essential-oil\/"},{"@type":"ListItem","position":3,"name":"L-Glutamine micronis\u00e9e 450 g"}]},{"@type":"WebSite","@id":"https:\/\/hunzaroma.com\/#website","url":"https:\/\/hunzaroma.com\/","name":"Hunzaroma","description":"Huiles essentielles","potentialAction":[{"@type":"SearchAction","target":{"@type":"EntryPoint","urlTemplate":"https:\/\/hunzaroma.com\/?s={search_term_string}"},"query-input":{"@type":"PropertyValueSpecification","valueRequired":true,"valueName":"search_term_string"}}],"inLanguage":"en-US"}]}},"_links":{"self":[{"href":"https:\/\/hunzaroma.com\/en\/wp-json\/wp\/v2\/product\/14861","targetHints":{"allow":["GET"]}}],"collection":[{"href":"https:\/\/hunzaroma.com\/en\/wp-json\/wp\/v2\/product"}],"about":[{"href":"https:\/\/hunzaroma.com\/en\/wp-json\/wp\/v2\/types\/product"}],"wp:featuredmedia":[{"embeddable":true,"href":"https:\/\/hunzaroma.com\/en\/wp-json\/wp\/v2\/media\/14860"}],"wp:attachment":[{"href":"https:\/\/hunzaroma.com\/en\/wp-json\/wp\/v2\/media?parent=14861"}],"wp:term":[{"taxonomy":"product_brand","embeddable":true,"href":"https:\/\/hunzaroma.com\/en\/wp-json\/wp\/v2\/product_brand?post=14861"},{"taxonomy":"product_cat","embeddable":true,"href":"https:\/\/hunzaroma.com\/en\/wp-json\/wp\/v2\/product_cat?post=14861"},{"taxonomy":"product_tag","embeddable":true,"href":"https:\/\/hunzaroma.com\/en\/wp-json\/wp\/v2\/product_tag?post=14861"}],"curies":[{"name":"wp","href":"https:\/\/api.w.org\/{rel}","templated":true}]}}