{"id":14857,"date":"2025-01-30T17:24:13","date_gmt":"2025-01-30T22:24:13","guid":{"rendered":"https:\/\/hunzaroma.com\/huile-essentielle\/acide-pantothenique-250-mg-90-caps\/"},"modified":"2025-01-30T17:24:13","modified_gmt":"2025-01-30T22:24:13","slug":"acide-pantothenique-250-mg-90-caps","status":"publish","type":"product","link":"https:\/\/hunzaroma.com\/en\/essential-oil\/acide-pantothenique-250-mg-90-caps\/","title":{"rendered":"Acide pantoth\u00e9nique 250 mg 90 caps"},"content":{"rendered":"<div class=\"fg-summary\">L&#8217;acide pantoth\u00e9nique de Natural Factors aide au m\u00e9tabolisme des lipides, des prot\u00e9ines et des glucides, et les transforme en \u00e9nergie dans le corps. Cette vitamine est \u00e9galement connue comme la vitamine anti-stress car elle joue un r\u00f4le vital dans la production des hormones surr\u00e9naliennes et la formation des anticorps.<\/div>\n<ul class=\"fg-features\">\n<li>Contribue \u00e0 r\u00e9duire le stress<\/li>\n<li>Encourage le fonctionnement du cerveau sain<\/li>\n<li>R\u00e9duit l&#8217;anxi\u00e9t\u00e9<\/li>\n<li>Appuie la sant\u00e9 des fonctions des glandes surr\u00e9nales<\/li>\n<\/ul>\n<p><strong>Ingr\u00e9dients m\u00e9dicinaux :<\/strong><\/p>\n<p>Chaque capsule contient :<\/p>\n<table class=\"fg-table\" border=\"1\">\n<tbody>\n<tr>\n<td colspan=\"1\">Acide pantoth\u00e9nique (d-pantoth\u00e9nate de calcium)<\/td>\n<td>250 mg<\/td>\n<\/tr>\n<\/tbody>\n<\/table>\n<p><strong>Ingr\u00e9dients non m\u00e9dicinaux :<\/strong><\/p>\n<p>poudre de riz, capsule de g\u00e9latine (g\u00e9latine, eau purifi\u00e9e), st\u00e9arate de magn\u00e9sium d\u2019origine v\u00e9g\u00e9tale (lubrifiant).<\/p>\n<p><b>Posologie recommand\u00e9e (adultes) :<\/b>\u00a01 \u00e0 2 capsules par jour ou suivre les recommandations d\u2019un praticien de la sant\u00e9.<\/p>\n<p>Sans colorants, agents de conservation ou \u00e9dulcorants artificiels ; sans produits laitiers, sucre, bl\u00e9, gluten, levure, soja, ma\u00efs, \u0153ufs, poissons, fruits de mer, sel, noix ni OGM.<\/p>\n","protected":false},"excerpt":{"rendered":"<p>L&#8217;acide pantoth\u00e9nique de Natural Factors aide au m\u00e9tabolisme des lipides, des prot\u00e9ines et des glucides, et les transforme en \u00e9nergie dans le corps. Cette vitamine est<span class=\"excerpt-hellip\"> [\u2026]<\/span><\/p>\n","protected":false},"featured_media":14856,"template":"","meta":{"_acf_changed":false},"product_brand":[],"product_cat":[3608,1937],"product_tag":[3961,3962],"class_list":{"0":"post-14857","1":"product","2":"type-product","3":"status-publish","4":"has-post-thumbnail","6":"product_cat-natural-factors-supplements-en","7":"product_cat-supplements-en","8":"product_tag-acide-pantothenique-en","9":"product_tag-vitamine-b5-en","11":"first","12":"instock","13":"taxable","14":"shipping-taxable","15":"purchasable","16":"product-type-simple"},"acf":[],"yoast_head":"<!-- This site is optimized with the Yoast SEO plugin v27.1.1 - https:\/\/yoast.com\/product\/yoast-seo-wordpress\/ -->\n<title>Acide pantoth\u00e9nique 250 mg 90 caps<\/title>\n<meta name=\"description\" content=\"L&#039;acide pantoth\u00e9nique de Natural Factors aide au m\u00e9tabolisme des lipides, des prot\u00e9ines et des glucides, et les transforme en \u00e9nergie dans le corps. Cette vitamine est \u00e9galement connue comme la vitamine anti-stress car elle joue un r\u00f4le vital dans la production des hormones surr\u00e9naliennes et la formation des anticorps.Contribue \u00e0 r\u00e9duire le stress. Am\u00e9liore le fonctionnement du cerveau sain. R\u00e9duit l&#039;anxi\u00e9t\u00e9. Appuie la sant\u00e9 des fonctions des glandes surr\u00e9nalesIngr\u00e9dients m\u00e9dicinaux :Chaque capsule contient :Acide pantoth\u00e9nique (d-pantoth\u00e9nate de calcium) 250 mgIngr\u00e9dients non m\u00e9dicinaux :poudre de riz, capsule de g\u00e9latine (g\u00e9latine, eau purifi\u00e9e), st\u00e9arate de magn\u00e9sium d\u2019origine v\u00e9g\u00e9tale (lubrifiant).Posologie recommand\u00e9e (adultes) :\u00a01 \u00e0 2 capsules par jour ou suivre les recommandations d\u2019un praticien de la sant\u00e9.Sans colorants, agents de conservation ou \u00e9dulcorants artificiels ; sans produits laitiers, sucre, bl\u00e9, gluten, levure, soja, ma\u00efs, \u0153ufs, poissons, fruits de mer, sel, noix ni OGM.\" \/>\n<meta name=\"robots\" content=\"index, follow, max-snippet:-1, max-image-preview:large, max-video-preview:-1\" \/>\n<link rel=\"canonical\" href=\"https:\/\/hunzaroma.com\/en\/essential-oil\/acide-pantothenique-250-mg-90-caps\/\" \/>\n<meta property=\"og:locale\" content=\"en_US\" \/>\n<meta property=\"og:type\" content=\"article\" \/>\n<meta property=\"og:title\" content=\"Acide pantoth\u00e9nique 250 mg 90 caps\" \/>\n<meta property=\"og:description\" content=\"L&#039;acide pantoth\u00e9nique de Natural Factors aide au m\u00e9tabolisme des lipides, des prot\u00e9ines et des glucides, et les transforme en \u00e9nergie dans le corps. Cette vitamine est \u00e9galement connue comme la vitamine anti-stress car elle joue un r\u00f4le vital dans la production des hormones surr\u00e9naliennes et la formation des anticorps.Contribue \u00e0 r\u00e9duire le stress. Am\u00e9liore le fonctionnement du cerveau sain. R\u00e9duit l&#039;anxi\u00e9t\u00e9. Appuie la sant\u00e9 des fonctions des glandes surr\u00e9nalesIngr\u00e9dients m\u00e9dicinaux :Chaque capsule contient :Acide pantoth\u00e9nique (d-pantoth\u00e9nate de calcium) 250 mgIngr\u00e9dients non m\u00e9dicinaux :poudre de riz, capsule de g\u00e9latine (g\u00e9latine, eau purifi\u00e9e), st\u00e9arate de magn\u00e9sium d\u2019origine v\u00e9g\u00e9tale (lubrifiant).Posologie recommand\u00e9e (adultes) :\u00a01 \u00e0 2 capsules par jour ou suivre les recommandations d\u2019un praticien de la sant\u00e9.Sans colorants, agents de conservation ou \u00e9dulcorants artificiels ; sans produits laitiers, sucre, bl\u00e9, gluten, levure, soja, ma\u00efs, \u0153ufs, poissons, fruits de mer, sel, noix ni OGM.\" \/>\n<meta property=\"og:url\" content=\"https:\/\/hunzaroma.com\/en\/essential-oil\/acide-pantothenique-250-mg-90-caps\/\" \/>\n<meta property=\"og:site_name\" content=\"Hunzaroma\" \/>\n<meta property=\"og:image\" content=\"https:\/\/hunzaroma.com\/wp-content\/uploads\/2025\/01\/acidepantothenique.png\" \/>\n\t<meta property=\"og:image:width\" content=\"388\" \/>\n\t<meta property=\"og:image:height\" content=\"533\" \/>\n\t<meta property=\"og:image:type\" content=\"image\/png\" \/>\n<meta name=\"twitter:card\" content=\"summary_large_image\" \/>\n<meta name=\"twitter:label1\" content=\"Est. reading time\" \/>\n\t<meta name=\"twitter:data1\" content=\"1 minute\" \/>\n<script type=\"application\/ld+json\" class=\"yoast-schema-graph\">{\"@context\":\"https:\/\/schema.org\",\"@graph\":[{\"@type\":\"WebPage\",\"@id\":\"https:\/\/hunzaroma.com\/en\/essential-oil\/acide-pantothenique-250-mg-90-caps\/\",\"url\":\"https:\/\/hunzaroma.com\/en\/essential-oil\/acide-pantothenique-250-mg-90-caps\/\",\"name\":\"Acide pantoth\u00e9nique 250 mg 90 caps\",\"isPartOf\":{\"@id\":\"https:\/\/hunzaroma.com\/#website\"},\"primaryImageOfPage\":{\"@id\":\"https:\/\/hunzaroma.com\/en\/essential-oil\/acide-pantothenique-250-mg-90-caps\/#primaryimage\"},\"image\":{\"@id\":\"https:\/\/hunzaroma.com\/en\/essential-oil\/acide-pantothenique-250-mg-90-caps\/#primaryimage\"},\"thumbnailUrl\":\"https:\/\/hunzaroma.com\/wp-content\/uploads\/2025\/01\/acidepantothenique.png\",\"datePublished\":\"2025-01-30T22:24:13+00:00\",\"description\":\"L'acide pantoth\u00e9nique de Natural Factors aide au m\u00e9tabolisme des lipides, des prot\u00e9ines et des glucides, et les transforme en \u00e9nergie dans le corps. Cette vitamine est \u00e9galement connue comme la vitamine anti-stress car elle joue un r\u00f4le vital dans la production des hormones surr\u00e9naliennes et la formation des anticorps.Contribue \u00e0 r\u00e9duire le stress. Am\u00e9liore le fonctionnement du cerveau sain. R\u00e9duit l'anxi\u00e9t\u00e9. Appuie la sant\u00e9 des fonctions des glandes surr\u00e9nalesIngr\u00e9dients m\u00e9dicinaux :Chaque capsule contient :Acide pantoth\u00e9nique (d-pantoth\u00e9nate de calcium) 250 mgIngr\u00e9dients non m\u00e9dicinaux :poudre de riz, capsule de g\u00e9latine (g\u00e9latine, eau purifi\u00e9e), st\u00e9arate de magn\u00e9sium d\u2019origine v\u00e9g\u00e9tale (lubrifiant).Posologie recommand\u00e9e (adultes) :\u00a01 \u00e0 2 capsules par jour ou suivre les recommandations d\u2019un praticien de la sant\u00e9.Sans colorants, agents de conservation ou \u00e9dulcorants artificiels ; sans produits laitiers, sucre, bl\u00e9, gluten, levure, soja, ma\u00efs, \u0153ufs, poissons, fruits de mer, sel, noix ni OGM.\",\"breadcrumb\":{\"@id\":\"https:\/\/hunzaroma.com\/en\/essential-oil\/acide-pantothenique-250-mg-90-caps\/#breadcrumb\"},\"inLanguage\":\"en-US\",\"potentialAction\":[{\"@type\":\"ReadAction\",\"target\":[\"https:\/\/hunzaroma.com\/en\/essential-oil\/acide-pantothenique-250-mg-90-caps\/\"]}]},{\"@type\":\"ImageObject\",\"inLanguage\":\"en-US\",\"@id\":\"https:\/\/hunzaroma.com\/en\/essential-oil\/acide-pantothenique-250-mg-90-caps\/#primaryimage\",\"url\":\"https:\/\/hunzaroma.com\/wp-content\/uploads\/2025\/01\/acidepantothenique.png\",\"contentUrl\":\"https:\/\/hunzaroma.com\/wp-content\/uploads\/2025\/01\/acidepantothenique.png\",\"width\":388,\"height\":533},{\"@type\":\"BreadcrumbList\",\"@id\":\"https:\/\/hunzaroma.com\/en\/essential-oil\/acide-pantothenique-250-mg-90-caps\/#breadcrumb\",\"itemListElement\":[{\"@type\":\"ListItem\",\"position\":1,\"name\":\"Accueil\",\"item\":\"https:\/\/hunzaroma.com\/en\/home\/\"},{\"@type\":\"ListItem\",\"position\":2,\"name\":\"Shop\",\"item\":\"https:\/\/hunzaroma.com\/en\/essential-oil\/\"},{\"@type\":\"ListItem\",\"position\":3,\"name\":\"Acide pantoth\u00e9nique 250 mg 90 caps\"}]},{\"@type\":\"WebSite\",\"@id\":\"https:\/\/hunzaroma.com\/#website\",\"url\":\"https:\/\/hunzaroma.com\/\",\"name\":\"Hunzaroma\",\"description\":\"Huiles essentielles\",\"potentialAction\":[{\"@type\":\"SearchAction\",\"target\":{\"@type\":\"EntryPoint\",\"urlTemplate\":\"https:\/\/hunzaroma.com\/?s={search_term_string}\"},\"query-input\":{\"@type\":\"PropertyValueSpecification\",\"valueRequired\":true,\"valueName\":\"search_term_string\"}}],\"inLanguage\":\"en-US\"}]}<\/script>\n<!-- \/ Yoast SEO plugin. -->","yoast_head_json":{"title":"Acide pantoth\u00e9nique 250 mg 90 caps","description":"L'acide pantoth\u00e9nique de Natural Factors aide au m\u00e9tabolisme des lipides, des prot\u00e9ines et des glucides, et les transforme en \u00e9nergie dans le corps. Cette vitamine est \u00e9galement connue comme la vitamine anti-stress car elle joue un r\u00f4le vital dans la production des hormones surr\u00e9naliennes et la formation des anticorps.Contribue \u00e0 r\u00e9duire le stress. Am\u00e9liore le fonctionnement du cerveau sain. R\u00e9duit l'anxi\u00e9t\u00e9. Appuie la sant\u00e9 des fonctions des glandes surr\u00e9nalesIngr\u00e9dients m\u00e9dicinaux :Chaque capsule contient :Acide pantoth\u00e9nique (d-pantoth\u00e9nate de calcium) 250 mgIngr\u00e9dients non m\u00e9dicinaux :poudre de riz, capsule de g\u00e9latine (g\u00e9latine, eau purifi\u00e9e), st\u00e9arate de magn\u00e9sium d\u2019origine v\u00e9g\u00e9tale (lubrifiant).Posologie recommand\u00e9e (adultes) :\u00a01 \u00e0 2 capsules par jour ou suivre les recommandations d\u2019un praticien de la sant\u00e9.Sans colorants, agents de conservation ou \u00e9dulcorants artificiels ; sans produits laitiers, sucre, bl\u00e9, gluten, levure, soja, ma\u00efs, \u0153ufs, poissons, fruits de mer, sel, noix ni OGM.","robots":{"index":"index","follow":"follow","max-snippet":"max-snippet:-1","max-image-preview":"max-image-preview:large","max-video-preview":"max-video-preview:-1"},"canonical":"https:\/\/hunzaroma.com\/en\/essential-oil\/acide-pantothenique-250-mg-90-caps\/","og_locale":"en_US","og_type":"article","og_title":"Acide pantoth\u00e9nique 250 mg 90 caps","og_description":"L'acide pantoth\u00e9nique de Natural Factors aide au m\u00e9tabolisme des lipides, des prot\u00e9ines et des glucides, et les transforme en \u00e9nergie dans le corps. Cette vitamine est \u00e9galement connue comme la vitamine anti-stress car elle joue un r\u00f4le vital dans la production des hormones surr\u00e9naliennes et la formation des anticorps.Contribue \u00e0 r\u00e9duire le stress. Am\u00e9liore le fonctionnement du cerveau sain. R\u00e9duit l'anxi\u00e9t\u00e9. Appuie la sant\u00e9 des fonctions des glandes surr\u00e9nalesIngr\u00e9dients m\u00e9dicinaux :Chaque capsule contient :Acide pantoth\u00e9nique (d-pantoth\u00e9nate de calcium) 250 mgIngr\u00e9dients non m\u00e9dicinaux :poudre de riz, capsule de g\u00e9latine (g\u00e9latine, eau purifi\u00e9e), st\u00e9arate de magn\u00e9sium d\u2019origine v\u00e9g\u00e9tale (lubrifiant).Posologie recommand\u00e9e (adultes) :\u00a01 \u00e0 2 capsules par jour ou suivre les recommandations d\u2019un praticien de la sant\u00e9.Sans colorants, agents de conservation ou \u00e9dulcorants artificiels ; sans produits laitiers, sucre, bl\u00e9, gluten, levure, soja, ma\u00efs, \u0153ufs, poissons, fruits de mer, sel, noix ni OGM.","og_url":"https:\/\/hunzaroma.com\/en\/essential-oil\/acide-pantothenique-250-mg-90-caps\/","og_site_name":"Hunzaroma","og_image":[{"width":388,"height":533,"url":"https:\/\/hunzaroma.com\/wp-content\/uploads\/2025\/01\/acidepantothenique.png","type":"image\/png"}],"twitter_card":"summary_large_image","twitter_misc":{"Est. reading time":"1 minute"},"schema":{"@context":"https:\/\/schema.org","@graph":[{"@type":"WebPage","@id":"https:\/\/hunzaroma.com\/en\/essential-oil\/acide-pantothenique-250-mg-90-caps\/","url":"https:\/\/hunzaroma.com\/en\/essential-oil\/acide-pantothenique-250-mg-90-caps\/","name":"Acide pantoth\u00e9nique 250 mg 90 caps","isPartOf":{"@id":"https:\/\/hunzaroma.com\/#website"},"primaryImageOfPage":{"@id":"https:\/\/hunzaroma.com\/en\/essential-oil\/acide-pantothenique-250-mg-90-caps\/#primaryimage"},"image":{"@id":"https:\/\/hunzaroma.com\/en\/essential-oil\/acide-pantothenique-250-mg-90-caps\/#primaryimage"},"thumbnailUrl":"https:\/\/hunzaroma.com\/wp-content\/uploads\/2025\/01\/acidepantothenique.png","datePublished":"2025-01-30T22:24:13+00:00","description":"L'acide pantoth\u00e9nique de Natural Factors aide au m\u00e9tabolisme des lipides, des prot\u00e9ines et des glucides, et les transforme en \u00e9nergie dans le corps. Cette vitamine est \u00e9galement connue comme la vitamine anti-stress car elle joue un r\u00f4le vital dans la production des hormones surr\u00e9naliennes et la formation des anticorps.Contribue \u00e0 r\u00e9duire le stress. Am\u00e9liore le fonctionnement du cerveau sain. R\u00e9duit l'anxi\u00e9t\u00e9. Appuie la sant\u00e9 des fonctions des glandes surr\u00e9nalesIngr\u00e9dients m\u00e9dicinaux :Chaque capsule contient :Acide pantoth\u00e9nique (d-pantoth\u00e9nate de calcium) 250 mgIngr\u00e9dients non m\u00e9dicinaux :poudre de riz, capsule de g\u00e9latine (g\u00e9latine, eau purifi\u00e9e), st\u00e9arate de magn\u00e9sium d\u2019origine v\u00e9g\u00e9tale (lubrifiant).Posologie recommand\u00e9e (adultes) :\u00a01 \u00e0 2 capsules par jour ou suivre les recommandations d\u2019un praticien de la sant\u00e9.Sans colorants, agents de conservation ou \u00e9dulcorants artificiels ; sans produits laitiers, sucre, bl\u00e9, gluten, levure, soja, ma\u00efs, \u0153ufs, poissons, fruits de mer, sel, noix ni OGM.","breadcrumb":{"@id":"https:\/\/hunzaroma.com\/en\/essential-oil\/acide-pantothenique-250-mg-90-caps\/#breadcrumb"},"inLanguage":"en-US","potentialAction":[{"@type":"ReadAction","target":["https:\/\/hunzaroma.com\/en\/essential-oil\/acide-pantothenique-250-mg-90-caps\/"]}]},{"@type":"ImageObject","inLanguage":"en-US","@id":"https:\/\/hunzaroma.com\/en\/essential-oil\/acide-pantothenique-250-mg-90-caps\/#primaryimage","url":"https:\/\/hunzaroma.com\/wp-content\/uploads\/2025\/01\/acidepantothenique.png","contentUrl":"https:\/\/hunzaroma.com\/wp-content\/uploads\/2025\/01\/acidepantothenique.png","width":388,"height":533},{"@type":"BreadcrumbList","@id":"https:\/\/hunzaroma.com\/en\/essential-oil\/acide-pantothenique-250-mg-90-caps\/#breadcrumb","itemListElement":[{"@type":"ListItem","position":1,"name":"Accueil","item":"https:\/\/hunzaroma.com\/en\/home\/"},{"@type":"ListItem","position":2,"name":"Shop","item":"https:\/\/hunzaroma.com\/en\/essential-oil\/"},{"@type":"ListItem","position":3,"name":"Acide pantoth\u00e9nique 250 mg 90 caps"}]},{"@type":"WebSite","@id":"https:\/\/hunzaroma.com\/#website","url":"https:\/\/hunzaroma.com\/","name":"Hunzaroma","description":"Huiles essentielles","potentialAction":[{"@type":"SearchAction","target":{"@type":"EntryPoint","urlTemplate":"https:\/\/hunzaroma.com\/?s={search_term_string}"},"query-input":{"@type":"PropertyValueSpecification","valueRequired":true,"valueName":"search_term_string"}}],"inLanguage":"en-US"}]}},"_links":{"self":[{"href":"https:\/\/hunzaroma.com\/en\/wp-json\/wp\/v2\/product\/14857","targetHints":{"allow":["GET"]}}],"collection":[{"href":"https:\/\/hunzaroma.com\/en\/wp-json\/wp\/v2\/product"}],"about":[{"href":"https:\/\/hunzaroma.com\/en\/wp-json\/wp\/v2\/types\/product"}],"wp:featuredmedia":[{"embeddable":true,"href":"https:\/\/hunzaroma.com\/en\/wp-json\/wp\/v2\/media\/14856"}],"wp:attachment":[{"href":"https:\/\/hunzaroma.com\/en\/wp-json\/wp\/v2\/media?parent=14857"}],"wp:term":[{"taxonomy":"product_brand","embeddable":true,"href":"https:\/\/hunzaroma.com\/en\/wp-json\/wp\/v2\/product_brand?post=14857"},{"taxonomy":"product_cat","embeddable":true,"href":"https:\/\/hunzaroma.com\/en\/wp-json\/wp\/v2\/product_cat?post=14857"},{"taxonomy":"product_tag","embeddable":true,"href":"https:\/\/hunzaroma.com\/en\/wp-json\/wp\/v2\/product_tag?post=14857"}],"curies":[{"name":"wp","href":"https:\/\/api.w.org\/{rel}","templated":true}]}}