{"id":13895,"date":"2024-06-06T14:14:16","date_gmt":"2024-06-06T18:14:16","guid":{"rendered":"https:\/\/hunzaroma.com\/huile-essentielle\/shampoing-angelique-et-lavande\/"},"modified":"2024-06-06T14:14:16","modified_gmt":"2024-06-06T18:14:16","slug":"shampoing-angelique-et-lavande","status":"publish","type":"product","link":"https:\/\/hunzaroma.com\/en\/essential-oil\/shampoing-angelique-et-lavande\/","title":{"rendered":"Shampoing ang\u00e9lique et lavande"},"content":{"rendered":"<p>\u00c9labor\u00e9 \u00e0 partir de racine d\u2019ang\u00e9lique, notre shampoing Ang\u00e9lique et lavande est reconnu pour adoucir les cheveux. L\u2019ang\u00e9lique poss\u00e8de aussi de puissantes vertus relaxantes en plus de calmer les irritations du cuir chevelu.<\/p>\n<p>Reconnue pour ses qualit\u00e9s r\u00e9g\u00e9n\u00e9ratrices, l\u2019huile essentielle de lavande aide \u00e0 r\u00e9parer les cheveux secs ou fragilis\u00e9s et apaise les d\u00e9mangeaisons dues \u00e0 un cuir chevelu sec ou irrit\u00e9. Il peut \u00eatre utilis\u00e9 quotidiennement.<\/p>\n<p>Liste des ingr\u00e9dients: Water\/ Eau, Sodium C14-16 Olefin Sulfonate, Cocamidopropyl Betaine, Glycerin, Lauryl Glucoside, Coco-Glucoside, Glyceryl Oleate, Decyl Glucoside, Panthenol, Polyquaternium-10, Calendula Officinalis (Calendula) Flower Extract*, Arctium Lappa (Burdock) Root Extract*, Salvia Officinalis (Sage) Leaf Extract*, Urtica Dioica (Nettle) Leaf Extract*, Rosmarinus Officinalis (Rosemary) Leaf Extract*, Taraxacum Officinale (Dandelion) Root Extract*, Equisetum Arvense (Horsetail) Extract*, Angelica Archangelica (Angelica) Root Extract*, Hydrastis Canadensis (Goldenseal) Root Extract*, Hydrolyzed Rice Protein, Cannabis Sativa Seed Oil, Lavandula Officinalis (Lavender) Flower Oil, Sodium Chloride, Citric Acid, Sodium Benzoate, Potassium Sorbate, Levulinic Acid.<\/p>\n<p>*Certifi\u00e9 biologique par \u00c9cocert Canada<\/p>\n","protected":false},"excerpt":{"rendered":"<p>\u00c9labor\u00e9 \u00e0 partir de racine d\u2019ang\u00e9lique, notre shampoing Ang\u00e9lique et lavande est reconnu pour adoucir les cheveux. L\u2019ang\u00e9lique poss\u00e8de aussi de puissantes vertus relaxantes en plus<span class=\"excerpt-hellip\"> [\u2026]<\/span><\/p>\n","protected":false},"featured_media":13903,"template":"","meta":{"_acf_changed":false},"product_brand":[],"product_cat":[2423],"product_tag":[3893],"class_list":{"0":"post-13895","1":"product","2":"type-product","3":"status-publish","4":"has-post-thumbnail","6":"product_cat-ingredients-liquides-en","7":"product_tag-shampoing-angelique-et-lavande-en","9":"first","10":"instock","11":"taxable","12":"shipping-taxable","13":"purchasable","14":"product-type-variable"},"acf":[],"yoast_head":"<!-- This site is optimized with the Yoast SEO plugin v27.1.1 - https:\/\/yoast.com\/product\/yoast-seo-wordpress\/ -->\n<title>Shampoing ang\u00e9lique et lavande<\/title>\n<meta name=\"description\" content=\"\u00c9labor\u00e9 \u00e0 partir de racine d\u2019ang\u00e9lique, notre shampoing Ang\u00e9lique et lavande est reconnu pour adoucir les cheveux. L\u2019ang\u00e9lique poss\u00e8de aussi de puissantes vertus relaxantes en plus de calmer les irritations du cuir chevelu.Reconnue pour ses qualit\u00e9s r\u00e9g\u00e9n\u00e9ratrices, l\u2019huile essentielle de lavande aide \u00e0 r\u00e9parer les cheveux secs ou fragilis\u00e9s et apaise les d\u00e9mangeaisons dues \u00e0 un cuir chevelu sec ou irrit\u00e9. Il peut \u00eatre utilis\u00e9 quotidiennement.Liste des ingr\u00e9dients: Water\/ Eau, Sodium C14-16 Olefin Sulfonate, Cocamidopropyl Betaine, Glycerin, Lauryl Glucoside, Coco-Glucoside, Glyceryl Oleate, Decyl Glucoside, Panthenol, Polyquaternium-10, Calendula Officinalis (Calendula) Flower Extract*, Arctium Lappa (Burdock) Root Extract*, Salvia Officinalis (Sage) Leaf Extract*, Urtica Dioica (Nettle) Leaf Extract*, Rosmarinus Officinalis (Rosemary) Leaf Extract*, Taraxacum Officinale (Dandelion) Root Extract*, Equisetum Arvense (Horsetail) Extract*, Angelica Archangelica (Angelica) Root Extract*, Hydrastis Canadensis (Goldenseal) Root Extract*, Hydrolyzed Rice Protein, Cannabis Sativa Seed Oil, Lavandula Officinalis (Lavender) Flower Oil, Sodium Chloride, Citric Acid, Sodium Benzoate, Potassium Sorbate, Levulinic Acid. *Certifi\u00e9 biologique par \u00c9cocert Canada\" \/>\n<meta name=\"robots\" content=\"index, follow, max-snippet:-1, max-image-preview:large, max-video-preview:-1\" \/>\n<link rel=\"canonical\" href=\"https:\/\/hunzaroma.com\/essential-oil\/shampoing-angelique-et-lavande\/\" \/>\n<meta property=\"og:locale\" content=\"en_US\" \/>\n<meta property=\"og:type\" content=\"article\" \/>\n<meta property=\"og:title\" content=\"Shampoing ang\u00e9lique et lavande\" \/>\n<meta property=\"og:description\" content=\"\u00c9labor\u00e9 \u00e0 partir de racine d\u2019ang\u00e9lique, notre shampoing Ang\u00e9lique et lavande est reconnu pour adoucir les cheveux. L\u2019ang\u00e9lique poss\u00e8de aussi de puissantes vertus relaxantes en plus de calmer les irritations du cuir chevelu.Reconnue pour ses qualit\u00e9s r\u00e9g\u00e9n\u00e9ratrices, l\u2019huile essentielle de lavande aide \u00e0 r\u00e9parer les cheveux secs ou fragilis\u00e9s et apaise les d\u00e9mangeaisons dues \u00e0 un cuir chevelu sec ou irrit\u00e9. Il peut \u00eatre utilis\u00e9 quotidiennement.Liste des ingr\u00e9dients: Water\/ Eau, Sodium C14-16 Olefin Sulfonate, Cocamidopropyl Betaine, Glycerin, Lauryl Glucoside, Coco-Glucoside, Glyceryl Oleate, Decyl Glucoside, Panthenol, Polyquaternium-10, Calendula Officinalis (Calendula) Flower Extract*, Arctium Lappa (Burdock) Root Extract*, Salvia Officinalis (Sage) Leaf Extract*, Urtica Dioica (Nettle) Leaf Extract*, Rosmarinus Officinalis (Rosemary) Leaf Extract*, Taraxacum Officinale (Dandelion) Root Extract*, Equisetum Arvense (Horsetail) Extract*, Angelica Archangelica (Angelica) Root Extract*, Hydrastis Canadensis (Goldenseal) Root Extract*, Hydrolyzed Rice Protein, Cannabis Sativa Seed Oil, Lavandula Officinalis (Lavender) Flower Oil, Sodium Chloride, Citric Acid, Sodium Benzoate, Potassium Sorbate, Levulinic Acid. *Certifi\u00e9 biologique par \u00c9cocert Canada\" \/>\n<meta property=\"og:url\" content=\"https:\/\/hunzaroma.com\/essential-oil\/shampoing-angelique-et-lavande\/\" \/>\n<meta property=\"og:site_name\" content=\"Hunzaroma\" \/>\n<meta property=\"og:image\" content=\"https:\/\/hunzaroma.com\/wp-content\/uploads\/2024\/06\/shampoingangeliquelavande-3.png\" \/>\n\t<meta property=\"og:image:width\" content=\"444\" \/>\n\t<meta property=\"og:image:height\" content=\"606\" \/>\n\t<meta property=\"og:image:type\" content=\"image\/png\" \/>\n<meta name=\"twitter:card\" content=\"summary_large_image\" \/>\n<meta name=\"twitter:label1\" content=\"Est. reading time\" \/>\n\t<meta name=\"twitter:data1\" content=\"1 minute\" \/>\n<script type=\"application\/ld+json\" class=\"yoast-schema-graph\">{\"@context\":\"https:\/\/schema.org\",\"@graph\":[{\"@type\":\"WebPage\",\"@id\":\"https:\/\/hunzaroma.com\/essential-oil\/shampoing-angelique-et-lavande\/\",\"url\":\"https:\/\/hunzaroma.com\/essential-oil\/shampoing-angelique-et-lavande\/\",\"name\":\"Shampoing ang\u00e9lique et lavande\",\"isPartOf\":{\"@id\":\"https:\/\/hunzaroma.com\/#website\"},\"primaryImageOfPage\":{\"@id\":\"https:\/\/hunzaroma.com\/essential-oil\/shampoing-angelique-et-lavande\/#primaryimage\"},\"image\":{\"@id\":\"https:\/\/hunzaroma.com\/essential-oil\/shampoing-angelique-et-lavande\/#primaryimage\"},\"thumbnailUrl\":\"https:\/\/hunzaroma.com\/wp-content\/uploads\/2024\/06\/shampoingangeliquelavande-3.png\",\"datePublished\":\"2024-06-06T18:14:16+00:00\",\"description\":\"\u00c9labor\u00e9 \u00e0 partir de racine d\u2019ang\u00e9lique, notre shampoing Ang\u00e9lique et lavande est reconnu pour adoucir les cheveux. L\u2019ang\u00e9lique poss\u00e8de aussi de puissantes vertus relaxantes en plus de calmer les irritations du cuir chevelu.Reconnue pour ses qualit\u00e9s r\u00e9g\u00e9n\u00e9ratrices, l\u2019huile essentielle de lavande aide \u00e0 r\u00e9parer les cheveux secs ou fragilis\u00e9s et apaise les d\u00e9mangeaisons dues \u00e0 un cuir chevelu sec ou irrit\u00e9. Il peut \u00eatre utilis\u00e9 quotidiennement.Liste des ingr\u00e9dients: Water\/ Eau, Sodium C14-16 Olefin Sulfonate, Cocamidopropyl Betaine, Glycerin, Lauryl Glucoside, Coco-Glucoside, Glyceryl Oleate, Decyl Glucoside, Panthenol, Polyquaternium-10, Calendula Officinalis (Calendula) Flower Extract*, Arctium Lappa (Burdock) Root Extract*, Salvia Officinalis (Sage) Leaf Extract*, Urtica Dioica (Nettle) Leaf Extract*, Rosmarinus Officinalis (Rosemary) Leaf Extract*, Taraxacum Officinale (Dandelion) Root Extract*, Equisetum Arvense (Horsetail) Extract*, Angelica Archangelica (Angelica) Root Extract*, Hydrastis Canadensis (Goldenseal) Root Extract*, Hydrolyzed Rice Protein, Cannabis Sativa Seed Oil, Lavandula Officinalis (Lavender) Flower Oil, Sodium Chloride, Citric Acid, Sodium Benzoate, Potassium Sorbate, Levulinic Acid. *Certifi\u00e9 biologique par \u00c9cocert Canada\",\"breadcrumb\":{\"@id\":\"https:\/\/hunzaroma.com\/essential-oil\/shampoing-angelique-et-lavande\/#breadcrumb\"},\"inLanguage\":\"en-US\",\"potentialAction\":[{\"@type\":\"ReadAction\",\"target\":[\"https:\/\/hunzaroma.com\/essential-oil\/shampoing-angelique-et-lavande\/\"]}]},{\"@type\":\"ImageObject\",\"inLanguage\":\"en-US\",\"@id\":\"https:\/\/hunzaroma.com\/essential-oil\/shampoing-angelique-et-lavande\/#primaryimage\",\"url\":\"https:\/\/hunzaroma.com\/wp-content\/uploads\/2024\/06\/shampoingangeliquelavande-3.png\",\"contentUrl\":\"https:\/\/hunzaroma.com\/wp-content\/uploads\/2024\/06\/shampoingangeliquelavande-3.png\",\"width\":444,\"height\":606},{\"@type\":\"BreadcrumbList\",\"@id\":\"https:\/\/hunzaroma.com\/essential-oil\/shampoing-angelique-et-lavande\/#breadcrumb\",\"itemListElement\":[{\"@type\":\"ListItem\",\"position\":1,\"name\":\"Accueil\",\"item\":\"https:\/\/hunzaroma.com\/en\/home\/\"},{\"@type\":\"ListItem\",\"position\":2,\"name\":\"Shop\",\"item\":\"https:\/\/hunzaroma.com\/en\/essential-oil\/\"},{\"@type\":\"ListItem\",\"position\":3,\"name\":\"Shampoing ang\u00e9lique et lavande\"}]},{\"@type\":\"WebSite\",\"@id\":\"https:\/\/hunzaroma.com\/#website\",\"url\":\"https:\/\/hunzaroma.com\/\",\"name\":\"Hunzaroma\",\"description\":\"Huiles essentielles\",\"potentialAction\":[{\"@type\":\"SearchAction\",\"target\":{\"@type\":\"EntryPoint\",\"urlTemplate\":\"https:\/\/hunzaroma.com\/?s={search_term_string}\"},\"query-input\":{\"@type\":\"PropertyValueSpecification\",\"valueRequired\":true,\"valueName\":\"search_term_string\"}}],\"inLanguage\":\"en-US\"}]}<\/script>\n<!-- \/ Yoast SEO plugin. -->","yoast_head_json":{"title":"Shampoing ang\u00e9lique et lavande","description":"\u00c9labor\u00e9 \u00e0 partir de racine d\u2019ang\u00e9lique, notre shampoing Ang\u00e9lique et lavande est reconnu pour adoucir les cheveux. L\u2019ang\u00e9lique poss\u00e8de aussi de puissantes vertus relaxantes en plus de calmer les irritations du cuir chevelu.Reconnue pour ses qualit\u00e9s r\u00e9g\u00e9n\u00e9ratrices, l\u2019huile essentielle de lavande aide \u00e0 r\u00e9parer les cheveux secs ou fragilis\u00e9s et apaise les d\u00e9mangeaisons dues \u00e0 un cuir chevelu sec ou irrit\u00e9. Il peut \u00eatre utilis\u00e9 quotidiennement.Liste des ingr\u00e9dients: Water\/ Eau, Sodium C14-16 Olefin Sulfonate, Cocamidopropyl Betaine, Glycerin, Lauryl Glucoside, Coco-Glucoside, Glyceryl Oleate, Decyl Glucoside, Panthenol, Polyquaternium-10, Calendula Officinalis (Calendula) Flower Extract*, Arctium Lappa (Burdock) Root Extract*, Salvia Officinalis (Sage) Leaf Extract*, Urtica Dioica (Nettle) Leaf Extract*, Rosmarinus Officinalis (Rosemary) Leaf Extract*, Taraxacum Officinale (Dandelion) Root Extract*, Equisetum Arvense (Horsetail) Extract*, Angelica Archangelica (Angelica) Root Extract*, Hydrastis Canadensis (Goldenseal) Root Extract*, Hydrolyzed Rice Protein, Cannabis Sativa Seed Oil, Lavandula Officinalis (Lavender) Flower Oil, Sodium Chloride, Citric Acid, Sodium Benzoate, Potassium Sorbate, Levulinic Acid. *Certifi\u00e9 biologique par \u00c9cocert Canada","robots":{"index":"index","follow":"follow","max-snippet":"max-snippet:-1","max-image-preview":"max-image-preview:large","max-video-preview":"max-video-preview:-1"},"canonical":"https:\/\/hunzaroma.com\/essential-oil\/shampoing-angelique-et-lavande\/","og_locale":"en_US","og_type":"article","og_title":"Shampoing ang\u00e9lique et lavande","og_description":"\u00c9labor\u00e9 \u00e0 partir de racine d\u2019ang\u00e9lique, notre shampoing Ang\u00e9lique et lavande est reconnu pour adoucir les cheveux. L\u2019ang\u00e9lique poss\u00e8de aussi de puissantes vertus relaxantes en plus de calmer les irritations du cuir chevelu.Reconnue pour ses qualit\u00e9s r\u00e9g\u00e9n\u00e9ratrices, l\u2019huile essentielle de lavande aide \u00e0 r\u00e9parer les cheveux secs ou fragilis\u00e9s et apaise les d\u00e9mangeaisons dues \u00e0 un cuir chevelu sec ou irrit\u00e9. Il peut \u00eatre utilis\u00e9 quotidiennement.Liste des ingr\u00e9dients: Water\/ Eau, Sodium C14-16 Olefin Sulfonate, Cocamidopropyl Betaine, Glycerin, Lauryl Glucoside, Coco-Glucoside, Glyceryl Oleate, Decyl Glucoside, Panthenol, Polyquaternium-10, Calendula Officinalis (Calendula) Flower Extract*, Arctium Lappa (Burdock) Root Extract*, Salvia Officinalis (Sage) Leaf Extract*, Urtica Dioica (Nettle) Leaf Extract*, Rosmarinus Officinalis (Rosemary) Leaf Extract*, Taraxacum Officinale (Dandelion) Root Extract*, Equisetum Arvense (Horsetail) Extract*, Angelica Archangelica (Angelica) Root Extract*, Hydrastis Canadensis (Goldenseal) Root Extract*, Hydrolyzed Rice Protein, Cannabis Sativa Seed Oil, Lavandula Officinalis (Lavender) Flower Oil, Sodium Chloride, Citric Acid, Sodium Benzoate, Potassium Sorbate, Levulinic Acid. *Certifi\u00e9 biologique par \u00c9cocert Canada","og_url":"https:\/\/hunzaroma.com\/essential-oil\/shampoing-angelique-et-lavande\/","og_site_name":"Hunzaroma","og_image":[{"width":444,"height":606,"url":"https:\/\/hunzaroma.com\/wp-content\/uploads\/2024\/06\/shampoingangeliquelavande-3.png","type":"image\/png"}],"twitter_card":"summary_large_image","twitter_misc":{"Est. reading time":"1 minute"},"schema":{"@context":"https:\/\/schema.org","@graph":[{"@type":"WebPage","@id":"https:\/\/hunzaroma.com\/essential-oil\/shampoing-angelique-et-lavande\/","url":"https:\/\/hunzaroma.com\/essential-oil\/shampoing-angelique-et-lavande\/","name":"Shampoing ang\u00e9lique et lavande","isPartOf":{"@id":"https:\/\/hunzaroma.com\/#website"},"primaryImageOfPage":{"@id":"https:\/\/hunzaroma.com\/essential-oil\/shampoing-angelique-et-lavande\/#primaryimage"},"image":{"@id":"https:\/\/hunzaroma.com\/essential-oil\/shampoing-angelique-et-lavande\/#primaryimage"},"thumbnailUrl":"https:\/\/hunzaroma.com\/wp-content\/uploads\/2024\/06\/shampoingangeliquelavande-3.png","datePublished":"2024-06-06T18:14:16+00:00","description":"\u00c9labor\u00e9 \u00e0 partir de racine d\u2019ang\u00e9lique, notre shampoing Ang\u00e9lique et lavande est reconnu pour adoucir les cheveux. L\u2019ang\u00e9lique poss\u00e8de aussi de puissantes vertus relaxantes en plus de calmer les irritations du cuir chevelu.Reconnue pour ses qualit\u00e9s r\u00e9g\u00e9n\u00e9ratrices, l\u2019huile essentielle de lavande aide \u00e0 r\u00e9parer les cheveux secs ou fragilis\u00e9s et apaise les d\u00e9mangeaisons dues \u00e0 un cuir chevelu sec ou irrit\u00e9. Il peut \u00eatre utilis\u00e9 quotidiennement.Liste des ingr\u00e9dients: Water\/ Eau, Sodium C14-16 Olefin Sulfonate, Cocamidopropyl Betaine, Glycerin, Lauryl Glucoside, Coco-Glucoside, Glyceryl Oleate, Decyl Glucoside, Panthenol, Polyquaternium-10, Calendula Officinalis (Calendula) Flower Extract*, Arctium Lappa (Burdock) Root Extract*, Salvia Officinalis (Sage) Leaf Extract*, Urtica Dioica (Nettle) Leaf Extract*, Rosmarinus Officinalis (Rosemary) Leaf Extract*, Taraxacum Officinale (Dandelion) Root Extract*, Equisetum Arvense (Horsetail) Extract*, Angelica Archangelica (Angelica) Root Extract*, Hydrastis Canadensis (Goldenseal) Root Extract*, Hydrolyzed Rice Protein, Cannabis Sativa Seed Oil, Lavandula Officinalis (Lavender) Flower Oil, Sodium Chloride, Citric Acid, Sodium Benzoate, Potassium Sorbate, Levulinic Acid. *Certifi\u00e9 biologique par \u00c9cocert Canada","breadcrumb":{"@id":"https:\/\/hunzaroma.com\/essential-oil\/shampoing-angelique-et-lavande\/#breadcrumb"},"inLanguage":"en-US","potentialAction":[{"@type":"ReadAction","target":["https:\/\/hunzaroma.com\/essential-oil\/shampoing-angelique-et-lavande\/"]}]},{"@type":"ImageObject","inLanguage":"en-US","@id":"https:\/\/hunzaroma.com\/essential-oil\/shampoing-angelique-et-lavande\/#primaryimage","url":"https:\/\/hunzaroma.com\/wp-content\/uploads\/2024\/06\/shampoingangeliquelavande-3.png","contentUrl":"https:\/\/hunzaroma.com\/wp-content\/uploads\/2024\/06\/shampoingangeliquelavande-3.png","width":444,"height":606},{"@type":"BreadcrumbList","@id":"https:\/\/hunzaroma.com\/essential-oil\/shampoing-angelique-et-lavande\/#breadcrumb","itemListElement":[{"@type":"ListItem","position":1,"name":"Accueil","item":"https:\/\/hunzaroma.com\/en\/home\/"},{"@type":"ListItem","position":2,"name":"Shop","item":"https:\/\/hunzaroma.com\/en\/essential-oil\/"},{"@type":"ListItem","position":3,"name":"Shampoing ang\u00e9lique et lavande"}]},{"@type":"WebSite","@id":"https:\/\/hunzaroma.com\/#website","url":"https:\/\/hunzaroma.com\/","name":"Hunzaroma","description":"Huiles essentielles","potentialAction":[{"@type":"SearchAction","target":{"@type":"EntryPoint","urlTemplate":"https:\/\/hunzaroma.com\/?s={search_term_string}"},"query-input":{"@type":"PropertyValueSpecification","valueRequired":true,"valueName":"search_term_string"}}],"inLanguage":"en-US"}]}},"_links":{"self":[{"href":"https:\/\/hunzaroma.com\/en\/wp-json\/wp\/v2\/product\/13895","targetHints":{"allow":["GET"]}}],"collection":[{"href":"https:\/\/hunzaroma.com\/en\/wp-json\/wp\/v2\/product"}],"about":[{"href":"https:\/\/hunzaroma.com\/en\/wp-json\/wp\/v2\/types\/product"}],"wp:featuredmedia":[{"embeddable":true,"href":"https:\/\/hunzaroma.com\/en\/wp-json\/wp\/v2\/media\/13903"}],"wp:attachment":[{"href":"https:\/\/hunzaroma.com\/en\/wp-json\/wp\/v2\/media?parent=13895"}],"wp:term":[{"taxonomy":"product_brand","embeddable":true,"href":"https:\/\/hunzaroma.com\/en\/wp-json\/wp\/v2\/product_brand?post=13895"},{"taxonomy":"product_cat","embeddable":true,"href":"https:\/\/hunzaroma.com\/en\/wp-json\/wp\/v2\/product_cat?post=13895"},{"taxonomy":"product_tag","embeddable":true,"href":"https:\/\/hunzaroma.com\/en\/wp-json\/wp\/v2\/product_tag?post=13895"}],"curies":[{"name":"wp","href":"https:\/\/api.w.org\/{rel}","templated":true}]}}