{"id":13430,"date":"2024-02-17T11:54:19","date_gmt":"2024-02-17T16:54:19","guid":{"rendered":"https:\/\/hunzaroma.com\/huile-essentielle\/small-cotton-bag\/"},"modified":"2024-02-17T11:54:19","modified_gmt":"2024-02-17T16:54:19","slug":"small-cotton-bag","status":"publish","type":"product","link":"https:\/\/hunzaroma.com\/en\/essential-oil\/small-cotton-bag\/","title":{"rendered":"Small cotton bag"},"content":{"rendered":"<p>Petit sac en cotton avec cordon. Plusieurs usages sont possibles : \u00e0 utiliser comme sachet de bain, pour parfumer le linge avec des fleurs s\u00e9ch\u00e9es telles que de la lavande, etc.<\/p>\n<p>Dimensions : 3 pouces x 5 pouces ou 7,5 cm x 13 cm<\/p>\n<p>\u00c0 noter : les dimensions sont approximatives et peuvent l\u00e9g\u00e8rement varier.<\/p>\n<p>&nbsp;<\/p>\n","protected":false},"excerpt":{"rendered":"<p>Petit sac en cotton avec cordon. Plusieurs usages sont possibles : \u00e0 utiliser comme sachet de bain, pour parfumer le linge avec des fleurs s\u00e9ch\u00e9es telles<span class=\"excerpt-hellip\"> [\u2026]<\/span><\/p>\n","protected":false},"featured_media":13429,"template":"","meta":{"_acf_changed":false},"product_brand":[],"product_cat":[3838],"product_tag":[3840],"class_list":{"0":"post-13430","1":"product","2":"type-product","3":"status-publish","4":"has-post-thumbnail","6":"product_cat-other-en","7":"product_tag-cotton-bag","9":"first","10":"instock","11":"taxable","12":"shipping-taxable","13":"purchasable","14":"product-type-variable"},"acf":[],"yoast_head":"<!-- This site is optimized with the Yoast SEO plugin v27.1.1 - https:\/\/yoast.com\/product\/yoast-seo-wordpress\/ -->\n<title>Small cotton bag<\/title>\n<meta name=\"robots\" content=\"index, follow, max-snippet:-1, max-image-preview:large, max-video-preview:-1\" \/>\n<link rel=\"canonical\" href=\"https:\/\/hunzaroma.com\/essential-oil\/petit-sac-en-cotton\/\" \/>\n<meta property=\"og:locale\" content=\"en_US\" \/>\n<meta property=\"og:type\" content=\"article\" \/>\n<meta property=\"og:title\" content=\"Small cotton bag\" \/>\n<meta property=\"og:description\" content=\"Petit sac en cotton avec cordon. Plusieurs usages sont possibles : \u00e0 utiliser comme sachet de bain, pour parfumer le linge avec des fleurs s\u00e9ch\u00e9es telles [\u2026]\" \/>\n<meta property=\"og:url\" content=\"https:\/\/hunzaroma.com\/essential-oil\/petit-sac-en-cotton\/\" \/>\n<meta property=\"og:site_name\" content=\"Hunzaroma\" \/>\n<meta property=\"og:image\" content=\"https:\/\/hunzaroma.com\/wp-content\/uploads\/2024\/02\/saccotton.png\" \/>\n\t<meta property=\"og:image:width\" content=\"333\" \/>\n\t<meta property=\"og:image:height\" content=\"470\" \/>\n\t<meta property=\"og:image:type\" content=\"image\/png\" \/>\n<meta name=\"twitter:card\" content=\"summary_large_image\" \/>\n<script type=\"application\/ld+json\" class=\"yoast-schema-graph\">{\"@context\":\"https:\/\/schema.org\",\"@graph\":[{\"@type\":\"WebPage\",\"@id\":\"https:\/\/hunzaroma.com\/essential-oil\/petit-sac-en-cotton\/\",\"url\":\"https:\/\/hunzaroma.com\/essential-oil\/petit-sac-en-cotton\/\",\"name\":\"Small cotton bag\",\"isPartOf\":{\"@id\":\"https:\/\/hunzaroma.com\/#website\"},\"primaryImageOfPage\":{\"@id\":\"https:\/\/hunzaroma.com\/essential-oil\/petit-sac-en-cotton\/#primaryimage\"},\"image\":{\"@id\":\"https:\/\/hunzaroma.com\/essential-oil\/petit-sac-en-cotton\/#primaryimage\"},\"thumbnailUrl\":\"https:\/\/hunzaroma.com\/wp-content\/uploads\/2024\/02\/saccotton.png\",\"datePublished\":\"2024-02-17T16:54:19+00:00\",\"breadcrumb\":{\"@id\":\"https:\/\/hunzaroma.com\/essential-oil\/petit-sac-en-cotton\/#breadcrumb\"},\"inLanguage\":\"en-US\",\"potentialAction\":[{\"@type\":\"ReadAction\",\"target\":[\"https:\/\/hunzaroma.com\/essential-oil\/petit-sac-en-cotton\/\"]}]},{\"@type\":\"ImageObject\",\"inLanguage\":\"en-US\",\"@id\":\"https:\/\/hunzaroma.com\/essential-oil\/petit-sac-en-cotton\/#primaryimage\",\"url\":\"https:\/\/hunzaroma.com\/wp-content\/uploads\/2024\/02\/saccotton.png\",\"contentUrl\":\"https:\/\/hunzaroma.com\/wp-content\/uploads\/2024\/02\/saccotton.png\",\"width\":333,\"height\":470},{\"@type\":\"BreadcrumbList\",\"@id\":\"https:\/\/hunzaroma.com\/essential-oil\/petit-sac-en-cotton\/#breadcrumb\",\"itemListElement\":[{\"@type\":\"ListItem\",\"position\":1,\"name\":\"Accueil\",\"item\":\"https:\/\/hunzaroma.com\/en\/home\/\"},{\"@type\":\"ListItem\",\"position\":2,\"name\":\"Shop\",\"item\":\"https:\/\/hunzaroma.com\/en\/essential-oil\/\"},{\"@type\":\"ListItem\",\"position\":3,\"name\":\"Small cotton bag\"}]},{\"@type\":\"WebSite\",\"@id\":\"https:\/\/hunzaroma.com\/#website\",\"url\":\"https:\/\/hunzaroma.com\/\",\"name\":\"Hunzaroma\",\"description\":\"Huiles essentielles\",\"potentialAction\":[{\"@type\":\"SearchAction\",\"target\":{\"@type\":\"EntryPoint\",\"urlTemplate\":\"https:\/\/hunzaroma.com\/?s={search_term_string}\"},\"query-input\":{\"@type\":\"PropertyValueSpecification\",\"valueRequired\":true,\"valueName\":\"search_term_string\"}}],\"inLanguage\":\"en-US\"}]}<\/script>\n<!-- \/ Yoast SEO plugin. -->","yoast_head_json":{"title":"Small cotton bag","robots":{"index":"index","follow":"follow","max-snippet":"max-snippet:-1","max-image-preview":"max-image-preview:large","max-video-preview":"max-video-preview:-1"},"canonical":"https:\/\/hunzaroma.com\/essential-oil\/petit-sac-en-cotton\/","og_locale":"en_US","og_type":"article","og_title":"Small cotton bag","og_description":"Petit sac en cotton avec cordon. Plusieurs usages sont possibles : \u00e0 utiliser comme sachet de bain, pour parfumer le linge avec des fleurs s\u00e9ch\u00e9es telles [\u2026]","og_url":"https:\/\/hunzaroma.com\/essential-oil\/petit-sac-en-cotton\/","og_site_name":"Hunzaroma","og_image":[{"width":333,"height":470,"url":"https:\/\/hunzaroma.com\/wp-content\/uploads\/2024\/02\/saccotton.png","type":"image\/png"}],"twitter_card":"summary_large_image","schema":{"@context":"https:\/\/schema.org","@graph":[{"@type":"WebPage","@id":"https:\/\/hunzaroma.com\/essential-oil\/petit-sac-en-cotton\/","url":"https:\/\/hunzaroma.com\/essential-oil\/petit-sac-en-cotton\/","name":"Small cotton bag","isPartOf":{"@id":"https:\/\/hunzaroma.com\/#website"},"primaryImageOfPage":{"@id":"https:\/\/hunzaroma.com\/essential-oil\/petit-sac-en-cotton\/#primaryimage"},"image":{"@id":"https:\/\/hunzaroma.com\/essential-oil\/petit-sac-en-cotton\/#primaryimage"},"thumbnailUrl":"https:\/\/hunzaroma.com\/wp-content\/uploads\/2024\/02\/saccotton.png","datePublished":"2024-02-17T16:54:19+00:00","breadcrumb":{"@id":"https:\/\/hunzaroma.com\/essential-oil\/petit-sac-en-cotton\/#breadcrumb"},"inLanguage":"en-US","potentialAction":[{"@type":"ReadAction","target":["https:\/\/hunzaroma.com\/essential-oil\/petit-sac-en-cotton\/"]}]},{"@type":"ImageObject","inLanguage":"en-US","@id":"https:\/\/hunzaroma.com\/essential-oil\/petit-sac-en-cotton\/#primaryimage","url":"https:\/\/hunzaroma.com\/wp-content\/uploads\/2024\/02\/saccotton.png","contentUrl":"https:\/\/hunzaroma.com\/wp-content\/uploads\/2024\/02\/saccotton.png","width":333,"height":470},{"@type":"BreadcrumbList","@id":"https:\/\/hunzaroma.com\/essential-oil\/petit-sac-en-cotton\/#breadcrumb","itemListElement":[{"@type":"ListItem","position":1,"name":"Accueil","item":"https:\/\/hunzaroma.com\/en\/home\/"},{"@type":"ListItem","position":2,"name":"Shop","item":"https:\/\/hunzaroma.com\/en\/essential-oil\/"},{"@type":"ListItem","position":3,"name":"Small cotton bag"}]},{"@type":"WebSite","@id":"https:\/\/hunzaroma.com\/#website","url":"https:\/\/hunzaroma.com\/","name":"Hunzaroma","description":"Huiles essentielles","potentialAction":[{"@type":"SearchAction","target":{"@type":"EntryPoint","urlTemplate":"https:\/\/hunzaroma.com\/?s={search_term_string}"},"query-input":{"@type":"PropertyValueSpecification","valueRequired":true,"valueName":"search_term_string"}}],"inLanguage":"en-US"}]}},"_links":{"self":[{"href":"https:\/\/hunzaroma.com\/en\/wp-json\/wp\/v2\/product\/13430","targetHints":{"allow":["GET"]}}],"collection":[{"href":"https:\/\/hunzaroma.com\/en\/wp-json\/wp\/v2\/product"}],"about":[{"href":"https:\/\/hunzaroma.com\/en\/wp-json\/wp\/v2\/types\/product"}],"wp:featuredmedia":[{"embeddable":true,"href":"https:\/\/hunzaroma.com\/en\/wp-json\/wp\/v2\/media\/13429"}],"wp:attachment":[{"href":"https:\/\/hunzaroma.com\/en\/wp-json\/wp\/v2\/media?parent=13430"}],"wp:term":[{"taxonomy":"product_brand","embeddable":true,"href":"https:\/\/hunzaroma.com\/en\/wp-json\/wp\/v2\/product_brand?post=13430"},{"taxonomy":"product_cat","embeddable":true,"href":"https:\/\/hunzaroma.com\/en\/wp-json\/wp\/v2\/product_cat?post=13430"},{"taxonomy":"product_tag","embeddable":true,"href":"https:\/\/hunzaroma.com\/en\/wp-json\/wp\/v2\/product_tag?post=13430"}],"curies":[{"name":"wp","href":"https:\/\/api.w.org\/{rel}","templated":true}]}}