{"id":13240,"date":"2021-12-29T12:41:23","date_gmt":"2021-12-29T17:41:23","guid":{"rendered":"https:\/\/hunzaroma.com\/huile-essentielle\/amla-powder\/"},"modified":"2021-12-29T12:41:23","modified_gmt":"2021-12-29T17:41:23","slug":"amla-powder","status":"publish","type":"product","link":"https:\/\/hunzaroma.com\/en\/essential-oil\/amla-powder\/","title":{"rendered":"Amla powder"},"content":{"rendered":"<p>Connue sous le nom de \u00ab groseille indienne \u00bb , l&#8217;amla est un r\u00e9g\u00e9n\u00e9rant puissant en Ayurv\u00e9da, tr\u00e8s riche en vitamine C .<\/p>\n<p>Sa poudre illumine le teint et purifie la peau. Elle est aussi particuli\u00e8rement efficace pour stimuler la pousse des cheveux, ralentir leur chute et lutter contre les cheveux blancs pr\u00e9coces. Elle facilite \u00e9galement la coloration des cheveux fonc\u00e9s.<\/p>\n<p>Format : 100 g<\/p>\n<p>\u00a9 Image Milles vertus<\/p>\n","protected":false},"excerpt":{"rendered":"<p>Connue sous le nom de \u00ab groseille indienne \u00bb , l&#8217;amla est un r\u00e9g\u00e9n\u00e9rant puissant en Ayurv\u00e9da, tr\u00e8s riche en vitamine C . Sa poudre illumine<span class=\"excerpt-hellip\"> [\u2026]<\/span><\/p>\n","protected":false},"featured_media":9972,"template":"","meta":{"_acf_changed":false},"product_brand":[],"product_cat":[1933,2456],"product_tag":[3737],"class_list":{"0":"post-13240","1":"product","2":"type-product","3":"status-publish","4":"has-post-thumbnail","6":"product_cat-ingredients-de-base-en","7":"product_cat-plante-en-poudre-en","8":"product_tag-amla-powder","10":"first","11":"instock","12":"taxable","13":"shipping-taxable","14":"purchasable","15":"product-type-simple"},"acf":[],"yoast_head":"<!-- This site is optimized with the Yoast SEO plugin v27.1.1 - https:\/\/yoast.com\/product\/yoast-seo-wordpress\/ -->\n<title>Amla powder | Hunzaroma --<\/title>\n<meta name=\"description\" content=\"Connue sous le nom de \u00ab groseille indienne \u00bb , l&#039;amla est un r\u00e9g\u00e9n\u00e9rant puissant en Ayurv\u00e9da, tr\u00e8s riche en vitamine C .Sa poudre illumine le teint et purifie la peau. Elle est aussi particuli\u00e8rement efficace pour stimuler la pousse des cheveux, ralentir leur chute et lutter contre les cheveux blancs pr\u00e9coces. Elle facilite \u00e9galement la coloration des cheveux fonc\u00e9s.Format : 100 g\" \/>\n<meta name=\"robots\" content=\"index, follow, max-snippet:-1, max-image-preview:large, max-video-preview:-1\" \/>\n<link rel=\"canonical\" href=\"https:\/\/hunzaroma.com\/essential-oil\/poudre-damla\/\" \/>\n<meta property=\"og:locale\" content=\"en_US\" \/>\n<meta property=\"og:type\" content=\"article\" \/>\n<meta property=\"og:title\" content=\"Amla powder | Hunzaroma --\" \/>\n<meta property=\"og:description\" content=\"Connue sous le nom de \u00ab groseille indienne \u00bb , l&#039;amla est un r\u00e9g\u00e9n\u00e9rant puissant en Ayurv\u00e9da, tr\u00e8s riche en vitamine C .Sa poudre illumine le teint et purifie la peau. Elle est aussi particuli\u00e8rement efficace pour stimuler la pousse des cheveux, ralentir leur chute et lutter contre les cheveux blancs pr\u00e9coces. Elle facilite \u00e9galement la coloration des cheveux fonc\u00e9s.Format : 100 g\" \/>\n<meta property=\"og:url\" content=\"https:\/\/hunzaroma.com\/essential-oil\/poudre-damla\/\" \/>\n<meta property=\"og:site_name\" content=\"Hunzaroma\" \/>\n<meta property=\"og:image\" content=\"https:\/\/hunzaroma.com\/wp-content\/uploads\/2022\/01\/Poudre-d-amla.jpeg\" \/>\n\t<meta property=\"og:image:width\" content=\"500\" \/>\n\t<meta property=\"og:image:height\" content=\"500\" \/>\n\t<meta property=\"og:image:type\" content=\"image\/jpeg\" \/>\n<meta name=\"twitter:card\" content=\"summary_large_image\" \/>\n<script type=\"application\/ld+json\" class=\"yoast-schema-graph\">{\"@context\":\"https:\/\/schema.org\",\"@graph\":[{\"@type\":\"WebPage\",\"@id\":\"https:\/\/hunzaroma.com\/essential-oil\/poudre-damla\/\",\"url\":\"https:\/\/hunzaroma.com\/essential-oil\/poudre-damla\/\",\"name\":\"Amla powder | Hunzaroma --\",\"isPartOf\":{\"@id\":\"https:\/\/hunzaroma.com\/#website\"},\"primaryImageOfPage\":{\"@id\":\"https:\/\/hunzaroma.com\/essential-oil\/poudre-damla\/#primaryimage\"},\"image\":{\"@id\":\"https:\/\/hunzaroma.com\/essential-oil\/poudre-damla\/#primaryimage\"},\"thumbnailUrl\":\"https:\/\/hunzaroma.com\/wp-content\/uploads\/2022\/01\/Poudre-d-amla.jpeg\",\"datePublished\":\"2021-12-29T17:41:23+00:00\",\"description\":\"Connue sous le nom de \u00ab groseille indienne \u00bb , l'amla est un r\u00e9g\u00e9n\u00e9rant puissant en Ayurv\u00e9da, tr\u00e8s riche en vitamine C .Sa poudre illumine le teint et purifie la peau. Elle est aussi particuli\u00e8rement efficace pour stimuler la pousse des cheveux, ralentir leur chute et lutter contre les cheveux blancs pr\u00e9coces. Elle facilite \u00e9galement la coloration des cheveux fonc\u00e9s.Format : 100 g\",\"breadcrumb\":{\"@id\":\"https:\/\/hunzaroma.com\/essential-oil\/poudre-damla\/#breadcrumb\"},\"inLanguage\":\"en-US\",\"potentialAction\":[{\"@type\":\"ReadAction\",\"target\":[\"https:\/\/hunzaroma.com\/essential-oil\/poudre-damla\/\"]}]},{\"@type\":\"ImageObject\",\"inLanguage\":\"en-US\",\"@id\":\"https:\/\/hunzaroma.com\/essential-oil\/poudre-damla\/#primaryimage\",\"url\":\"https:\/\/hunzaroma.com\/wp-content\/uploads\/2022\/01\/Poudre-d-amla.jpeg\",\"contentUrl\":\"https:\/\/hunzaroma.com\/wp-content\/uploads\/2022\/01\/Poudre-d-amla.jpeg\",\"width\":500,\"height\":500},{\"@type\":\"BreadcrumbList\",\"@id\":\"https:\/\/hunzaroma.com\/essential-oil\/poudre-damla\/#breadcrumb\",\"itemListElement\":[{\"@type\":\"ListItem\",\"position\":1,\"name\":\"Accueil\",\"item\":\"https:\/\/hunzaroma.com\/en\/home\/\"},{\"@type\":\"ListItem\",\"position\":2,\"name\":\"Shop\",\"item\":\"https:\/\/hunzaroma.com\/en\/essential-oil\/\"},{\"@type\":\"ListItem\",\"position\":3,\"name\":\"Amla powder\"}]},{\"@type\":\"WebSite\",\"@id\":\"https:\/\/hunzaroma.com\/#website\",\"url\":\"https:\/\/hunzaroma.com\/\",\"name\":\"Hunzaroma\",\"description\":\"Huiles essentielles\",\"potentialAction\":[{\"@type\":\"SearchAction\",\"target\":{\"@type\":\"EntryPoint\",\"urlTemplate\":\"https:\/\/hunzaroma.com\/?s={search_term_string}\"},\"query-input\":{\"@type\":\"PropertyValueSpecification\",\"valueRequired\":true,\"valueName\":\"search_term_string\"}}],\"inLanguage\":\"en-US\"}]}<\/script>\n<!-- \/ Yoast SEO plugin. -->","yoast_head_json":{"title":"Amla powder | Hunzaroma --","description":"Connue sous le nom de \u00ab groseille indienne \u00bb , l'amla est un r\u00e9g\u00e9n\u00e9rant puissant en Ayurv\u00e9da, tr\u00e8s riche en vitamine C .Sa poudre illumine le teint et purifie la peau. Elle est aussi particuli\u00e8rement efficace pour stimuler la pousse des cheveux, ralentir leur chute et lutter contre les cheveux blancs pr\u00e9coces. Elle facilite \u00e9galement la coloration des cheveux fonc\u00e9s.Format : 100 g","robots":{"index":"index","follow":"follow","max-snippet":"max-snippet:-1","max-image-preview":"max-image-preview:large","max-video-preview":"max-video-preview:-1"},"canonical":"https:\/\/hunzaroma.com\/essential-oil\/poudre-damla\/","og_locale":"en_US","og_type":"article","og_title":"Amla powder | Hunzaroma --","og_description":"Connue sous le nom de \u00ab groseille indienne \u00bb , l'amla est un r\u00e9g\u00e9n\u00e9rant puissant en Ayurv\u00e9da, tr\u00e8s riche en vitamine C .Sa poudre illumine le teint et purifie la peau. Elle est aussi particuli\u00e8rement efficace pour stimuler la pousse des cheveux, ralentir leur chute et lutter contre les cheveux blancs pr\u00e9coces. Elle facilite \u00e9galement la coloration des cheveux fonc\u00e9s.Format : 100 g","og_url":"https:\/\/hunzaroma.com\/essential-oil\/poudre-damla\/","og_site_name":"Hunzaroma","og_image":[{"width":500,"height":500,"url":"https:\/\/hunzaroma.com\/wp-content\/uploads\/2022\/01\/Poudre-d-amla.jpeg","type":"image\/jpeg"}],"twitter_card":"summary_large_image","schema":{"@context":"https:\/\/schema.org","@graph":[{"@type":"WebPage","@id":"https:\/\/hunzaroma.com\/essential-oil\/poudre-damla\/","url":"https:\/\/hunzaroma.com\/essential-oil\/poudre-damla\/","name":"Amla powder | Hunzaroma --","isPartOf":{"@id":"https:\/\/hunzaroma.com\/#website"},"primaryImageOfPage":{"@id":"https:\/\/hunzaroma.com\/essential-oil\/poudre-damla\/#primaryimage"},"image":{"@id":"https:\/\/hunzaroma.com\/essential-oil\/poudre-damla\/#primaryimage"},"thumbnailUrl":"https:\/\/hunzaroma.com\/wp-content\/uploads\/2022\/01\/Poudre-d-amla.jpeg","datePublished":"2021-12-29T17:41:23+00:00","description":"Connue sous le nom de \u00ab groseille indienne \u00bb , l'amla est un r\u00e9g\u00e9n\u00e9rant puissant en Ayurv\u00e9da, tr\u00e8s riche en vitamine C .Sa poudre illumine le teint et purifie la peau. Elle est aussi particuli\u00e8rement efficace pour stimuler la pousse des cheveux, ralentir leur chute et lutter contre les cheveux blancs pr\u00e9coces. Elle facilite \u00e9galement la coloration des cheveux fonc\u00e9s.Format : 100 g","breadcrumb":{"@id":"https:\/\/hunzaroma.com\/essential-oil\/poudre-damla\/#breadcrumb"},"inLanguage":"en-US","potentialAction":[{"@type":"ReadAction","target":["https:\/\/hunzaroma.com\/essential-oil\/poudre-damla\/"]}]},{"@type":"ImageObject","inLanguage":"en-US","@id":"https:\/\/hunzaroma.com\/essential-oil\/poudre-damla\/#primaryimage","url":"https:\/\/hunzaroma.com\/wp-content\/uploads\/2022\/01\/Poudre-d-amla.jpeg","contentUrl":"https:\/\/hunzaroma.com\/wp-content\/uploads\/2022\/01\/Poudre-d-amla.jpeg","width":500,"height":500},{"@type":"BreadcrumbList","@id":"https:\/\/hunzaroma.com\/essential-oil\/poudre-damla\/#breadcrumb","itemListElement":[{"@type":"ListItem","position":1,"name":"Accueil","item":"https:\/\/hunzaroma.com\/en\/home\/"},{"@type":"ListItem","position":2,"name":"Shop","item":"https:\/\/hunzaroma.com\/en\/essential-oil\/"},{"@type":"ListItem","position":3,"name":"Amla powder"}]},{"@type":"WebSite","@id":"https:\/\/hunzaroma.com\/#website","url":"https:\/\/hunzaroma.com\/","name":"Hunzaroma","description":"Huiles essentielles","potentialAction":[{"@type":"SearchAction","target":{"@type":"EntryPoint","urlTemplate":"https:\/\/hunzaroma.com\/?s={search_term_string}"},"query-input":{"@type":"PropertyValueSpecification","valueRequired":true,"valueName":"search_term_string"}}],"inLanguage":"en-US"}]}},"_links":{"self":[{"href":"https:\/\/hunzaroma.com\/en\/wp-json\/wp\/v2\/product\/13240","targetHints":{"allow":["GET"]}}],"collection":[{"href":"https:\/\/hunzaroma.com\/en\/wp-json\/wp\/v2\/product"}],"about":[{"href":"https:\/\/hunzaroma.com\/en\/wp-json\/wp\/v2\/types\/product"}],"wp:featuredmedia":[{"embeddable":true,"href":"https:\/\/hunzaroma.com\/en\/wp-json\/wp\/v2\/media\/9972"}],"wp:attachment":[{"href":"https:\/\/hunzaroma.com\/en\/wp-json\/wp\/v2\/media?parent=13240"}],"wp:term":[{"taxonomy":"product_brand","embeddable":true,"href":"https:\/\/hunzaroma.com\/en\/wp-json\/wp\/v2\/product_brand?post=13240"},{"taxonomy":"product_cat","embeddable":true,"href":"https:\/\/hunzaroma.com\/en\/wp-json\/wp\/v2\/product_cat?post=13240"},{"taxonomy":"product_tag","embeddable":true,"href":"https:\/\/hunzaroma.com\/en\/wp-json\/wp\/v2\/product_tag?post=13240"}],"curies":[{"name":"wp","href":"https:\/\/api.w.org\/{rel}","templated":true}]}}