{"id":13239,"date":"2021-02-05T09:48:13","date_gmt":"2021-02-05T14:48:13","guid":{"rendered":"https:\/\/hunzaroma.com\/huile-essentielle\/sidr-powder\/"},"modified":"2021-02-05T09:48:13","modified_gmt":"2021-02-05T14:48:13","slug":"sidr-powder","status":"publish","type":"product","link":"https:\/\/hunzaroma.com\/en\/essential-oil\/sidr-powder\/","title":{"rendered":"SIDR powder"},"content":{"rendered":"<p>La poudre de jujubier (sidr) est connue pour embellir les cheveux, lutter contre les pellicules et calmer les d\u00e9mangeaisons cutan\u00e9es. Elle permet aussi de fixer la couleur des poudres des plantes. Cette poudre est tr\u00e8s populaire comme actif dans la fabrication de shampoing. Utilisez-la \u00e9galement dans des masques pour les cheveux ou la peau en y ajoutant de l&#8217;eau ou de l&#8217;hydrolat.<\/p>\n<p>Format : 100 g<\/p>\n","protected":false},"excerpt":{"rendered":"<p>La poudre de jujubier (sidr) est connue pour embellir les cheveux, lutter contre les pellicules et calmer les d\u00e9mangeaisons cutan\u00e9es. Elle permet aussi de fixer la<span class=\"excerpt-hellip\"> [\u2026]<\/span><\/p>\n","protected":false},"featured_media":7986,"template":"","meta":{"_acf_changed":false},"product_brand":[],"product_cat":[1933,2456],"product_tag":[3736],"class_list":{"0":"post-13239","1":"product","2":"type-product","3":"status-publish","4":"has-post-thumbnail","6":"product_cat-ingredients-de-base-en","7":"product_cat-plante-en-poudre-en","8":"product_tag-sidr-powder","10":"first","11":"instock","12":"taxable","13":"shipping-taxable","14":"purchasable","15":"product-type-simple"},"acf":[],"yoast_head":"<!-- This site is optimized with the Yoast SEO plugin v27.1.1 - https:\/\/yoast.com\/product\/yoast-seo-wordpress\/ -->\n<title>SIDR powder | Hunzaroma --<\/title>\n<meta name=\"robots\" content=\"index, follow, max-snippet:-1, max-image-preview:large, max-video-preview:-1\" \/>\n<link rel=\"canonical\" href=\"https:\/\/hunzaroma.com\/en\/essential-oil\/sidr-powder\/\" \/>\n<meta property=\"og:locale\" content=\"en_US\" \/>\n<meta property=\"og:type\" content=\"article\" \/>\n<meta property=\"og:title\" content=\"SIDR powder | Hunzaroma --\" \/>\n<meta property=\"og:description\" content=\"La poudre de jujubier (sidr) est connue pour embellir les cheveux, lutter contre les pellicules et calmer les d\u00e9mangeaisons cutan\u00e9es. Elle permet aussi de fixer la [\u2026]\" \/>\n<meta property=\"og:url\" content=\"https:\/\/hunzaroma.com\/en\/essential-oil\/sidr-powder\/\" \/>\n<meta property=\"og:site_name\" content=\"Hunzaroma\" \/>\n<meta property=\"og:image\" content=\"https:\/\/hunzaroma.com\/wp-content\/uploads\/2021\/02\/Sidr-Jujubier-en-poudre-Zizyphus-jujuba-500x500-1.jpg\" \/>\n\t<meta property=\"og:image:width\" content=\"500\" \/>\n\t<meta property=\"og:image:height\" content=\"500\" \/>\n\t<meta property=\"og:image:type\" content=\"image\/jpeg\" \/>\n<meta name=\"twitter:card\" content=\"summary_large_image\" \/>\n<script type=\"application\/ld+json\" class=\"yoast-schema-graph\">{\"@context\":\"https:\/\/schema.org\",\"@graph\":[{\"@type\":\"WebPage\",\"@id\":\"https:\/\/hunzaroma.com\/en\/essential-oil\/sidr-powder\/\",\"url\":\"https:\/\/hunzaroma.com\/en\/essential-oil\/sidr-powder\/\",\"name\":\"SIDR powder | Hunzaroma --\",\"isPartOf\":{\"@id\":\"https:\/\/hunzaroma.com\/#website\"},\"primaryImageOfPage\":{\"@id\":\"https:\/\/hunzaroma.com\/en\/essential-oil\/sidr-powder\/#primaryimage\"},\"image\":{\"@id\":\"https:\/\/hunzaroma.com\/en\/essential-oil\/sidr-powder\/#primaryimage\"},\"thumbnailUrl\":\"https:\/\/hunzaroma.com\/wp-content\/uploads\/2021\/02\/Sidr-Jujubier-en-poudre-Zizyphus-jujuba-500x500-1.jpg\",\"datePublished\":\"2021-02-05T14:48:13+00:00\",\"breadcrumb\":{\"@id\":\"https:\/\/hunzaroma.com\/en\/essential-oil\/sidr-powder\/#breadcrumb\"},\"inLanguage\":\"en-US\",\"potentialAction\":[{\"@type\":\"ReadAction\",\"target\":[\"https:\/\/hunzaroma.com\/en\/essential-oil\/sidr-powder\/\"]}]},{\"@type\":\"ImageObject\",\"inLanguage\":\"en-US\",\"@id\":\"https:\/\/hunzaroma.com\/en\/essential-oil\/sidr-powder\/#primaryimage\",\"url\":\"https:\/\/hunzaroma.com\/wp-content\/uploads\/2021\/02\/Sidr-Jujubier-en-poudre-Zizyphus-jujuba-500x500-1.jpg\",\"contentUrl\":\"https:\/\/hunzaroma.com\/wp-content\/uploads\/2021\/02\/Sidr-Jujubier-en-poudre-Zizyphus-jujuba-500x500-1.jpg\",\"width\":500,\"height\":500},{\"@type\":\"BreadcrumbList\",\"@id\":\"https:\/\/hunzaroma.com\/en\/essential-oil\/sidr-powder\/#breadcrumb\",\"itemListElement\":[{\"@type\":\"ListItem\",\"position\":1,\"name\":\"Accueil\",\"item\":\"https:\/\/hunzaroma.com\/en\/home\/\"},{\"@type\":\"ListItem\",\"position\":2,\"name\":\"Shop\",\"item\":\"https:\/\/hunzaroma.com\/en\/essential-oil\/\"},{\"@type\":\"ListItem\",\"position\":3,\"name\":\"SIDR powder\"}]},{\"@type\":\"WebSite\",\"@id\":\"https:\/\/hunzaroma.com\/#website\",\"url\":\"https:\/\/hunzaroma.com\/\",\"name\":\"Hunzaroma\",\"description\":\"Huiles essentielles\",\"potentialAction\":[{\"@type\":\"SearchAction\",\"target\":{\"@type\":\"EntryPoint\",\"urlTemplate\":\"https:\/\/hunzaroma.com\/?s={search_term_string}\"},\"query-input\":{\"@type\":\"PropertyValueSpecification\",\"valueRequired\":true,\"valueName\":\"search_term_string\"}}],\"inLanguage\":\"en-US\"}]}<\/script>\n<!-- \/ Yoast SEO plugin. -->","yoast_head_json":{"title":"SIDR powder | Hunzaroma --","robots":{"index":"index","follow":"follow","max-snippet":"max-snippet:-1","max-image-preview":"max-image-preview:large","max-video-preview":"max-video-preview:-1"},"canonical":"https:\/\/hunzaroma.com\/en\/essential-oil\/sidr-powder\/","og_locale":"en_US","og_type":"article","og_title":"SIDR powder | Hunzaroma --","og_description":"La poudre de jujubier (sidr) est connue pour embellir les cheveux, lutter contre les pellicules et calmer les d\u00e9mangeaisons cutan\u00e9es. Elle permet aussi de fixer la [\u2026]","og_url":"https:\/\/hunzaroma.com\/en\/essential-oil\/sidr-powder\/","og_site_name":"Hunzaroma","og_image":[{"width":500,"height":500,"url":"https:\/\/hunzaroma.com\/wp-content\/uploads\/2021\/02\/Sidr-Jujubier-en-poudre-Zizyphus-jujuba-500x500-1.jpg","type":"image\/jpeg"}],"twitter_card":"summary_large_image","schema":{"@context":"https:\/\/schema.org","@graph":[{"@type":"WebPage","@id":"https:\/\/hunzaroma.com\/en\/essential-oil\/sidr-powder\/","url":"https:\/\/hunzaroma.com\/en\/essential-oil\/sidr-powder\/","name":"SIDR powder | Hunzaroma --","isPartOf":{"@id":"https:\/\/hunzaroma.com\/#website"},"primaryImageOfPage":{"@id":"https:\/\/hunzaroma.com\/en\/essential-oil\/sidr-powder\/#primaryimage"},"image":{"@id":"https:\/\/hunzaroma.com\/en\/essential-oil\/sidr-powder\/#primaryimage"},"thumbnailUrl":"https:\/\/hunzaroma.com\/wp-content\/uploads\/2021\/02\/Sidr-Jujubier-en-poudre-Zizyphus-jujuba-500x500-1.jpg","datePublished":"2021-02-05T14:48:13+00:00","breadcrumb":{"@id":"https:\/\/hunzaroma.com\/en\/essential-oil\/sidr-powder\/#breadcrumb"},"inLanguage":"en-US","potentialAction":[{"@type":"ReadAction","target":["https:\/\/hunzaroma.com\/en\/essential-oil\/sidr-powder\/"]}]},{"@type":"ImageObject","inLanguage":"en-US","@id":"https:\/\/hunzaroma.com\/en\/essential-oil\/sidr-powder\/#primaryimage","url":"https:\/\/hunzaroma.com\/wp-content\/uploads\/2021\/02\/Sidr-Jujubier-en-poudre-Zizyphus-jujuba-500x500-1.jpg","contentUrl":"https:\/\/hunzaroma.com\/wp-content\/uploads\/2021\/02\/Sidr-Jujubier-en-poudre-Zizyphus-jujuba-500x500-1.jpg","width":500,"height":500},{"@type":"BreadcrumbList","@id":"https:\/\/hunzaroma.com\/en\/essential-oil\/sidr-powder\/#breadcrumb","itemListElement":[{"@type":"ListItem","position":1,"name":"Accueil","item":"https:\/\/hunzaroma.com\/en\/home\/"},{"@type":"ListItem","position":2,"name":"Shop","item":"https:\/\/hunzaroma.com\/en\/essential-oil\/"},{"@type":"ListItem","position":3,"name":"SIDR powder"}]},{"@type":"WebSite","@id":"https:\/\/hunzaroma.com\/#website","url":"https:\/\/hunzaroma.com\/","name":"Hunzaroma","description":"Huiles essentielles","potentialAction":[{"@type":"SearchAction","target":{"@type":"EntryPoint","urlTemplate":"https:\/\/hunzaroma.com\/?s={search_term_string}"},"query-input":{"@type":"PropertyValueSpecification","valueRequired":true,"valueName":"search_term_string"}}],"inLanguage":"en-US"}]}},"_links":{"self":[{"href":"https:\/\/hunzaroma.com\/en\/wp-json\/wp\/v2\/product\/13239","targetHints":{"allow":["GET"]}}],"collection":[{"href":"https:\/\/hunzaroma.com\/en\/wp-json\/wp\/v2\/product"}],"about":[{"href":"https:\/\/hunzaroma.com\/en\/wp-json\/wp\/v2\/types\/product"}],"wp:featuredmedia":[{"embeddable":true,"href":"https:\/\/hunzaroma.com\/en\/wp-json\/wp\/v2\/media\/7986"}],"wp:attachment":[{"href":"https:\/\/hunzaroma.com\/en\/wp-json\/wp\/v2\/media?parent=13239"}],"wp:term":[{"taxonomy":"product_brand","embeddable":true,"href":"https:\/\/hunzaroma.com\/en\/wp-json\/wp\/v2\/product_brand?post=13239"},{"taxonomy":"product_cat","embeddable":true,"href":"https:\/\/hunzaroma.com\/en\/wp-json\/wp\/v2\/product_cat?post=13239"},{"taxonomy":"product_tag","embeddable":true,"href":"https:\/\/hunzaroma.com\/en\/wp-json\/wp\/v2\/product_tag?post=13239"}],"curies":[{"name":"wp","href":"https:\/\/api.w.org\/{rel}","templated":true}]}}