{"id":13222,"date":"2023-01-24T16:02:45","date_gmt":"2023-01-24T21:02:45","guid":{"rendered":"https:\/\/hunzaroma.com\/huile-essentielle\/henna-plant-hair-dye-100-g\/"},"modified":"2023-01-24T16:02:45","modified_gmt":"2023-01-24T21:02:45","slug":"henna-plant-hair-dye-100-g","status":"publish","type":"product","link":"https:\/\/hunzaroma.com\/en\/essential-oil\/henna-plant-hair-dye-100-g\/","title":{"rendered":"Henna, plant hair dye 100 g"},"content":{"rendered":"<p>Les colorations<strong>\u00a0Henn\u00e9<\/strong> <strong>Color<\/strong> sont des colorations douces v\u00e9g\u00e9tales au henn\u00e9 (Lawsonia Inermis). Le henn\u00e9 est bien connu pour ses vertus sur le cheveu et le cuir chevelu. Le henn\u00e9 a une action fortifiante, antiseptique, anti-s\u00e9borrh\u00e9ique. Il apporte douceur, souplesse, \u00e9clat et volume \u00e0 la chevelure. Henn\u00e9 Color sont des colorations directes semi-permanentes qui n\u2019alt\u00e8rent pas la structure du cheveu. Henn\u00e9 Color sont adapt\u00e9es \u00e0 tous types de cheveux naturels ou color\u00e9s. Elles permettent d\u2019estomper les premiers cheveux blancs. Les colorations Henn\u00e9 poudre Henn\u00e9 Color enrichissent en reflets chatoyants votre chevelure et respectent la fibre capillaire. Le henn\u00e9 est un v\u00e9ritable conditionneur v\u00e9g\u00e9tal.<\/p>\n<p>&nbsp;<\/p>\n<p><strong>Utilisation<\/strong><\/p>\n<p>Versez le sachet de poudre dans votre r\u00e9cipient. Ajoutez de l\u2019eau chaude, une noisette de Baume conditionneur au henn\u00e9 bio Henn\u00e9 Color pour un r\u00e9sultat optimal et m\u00e9langez jusqu\u2019\u00e0 l\u2019obtention d\u2019une p\u00e2te lisse. Laissez ti\u00e9dir. Laissez poser de 40 mn \u00e0 2 heures en fonction de l\u2019intensit\u00e9 de la couleur souhait\u00e9e. Plus le temps de pause sera long, plus les reflets seront prononc\u00e9s. Rin\u00e7age : Emulsionnez \u00e0 l\u2019eau ti\u00e8de et rincez abondamment pour \u00e9liminer toute trace de p\u00e2te.<\/p>\n<p>&nbsp;<\/p>\n<p><strong>Ingr\u00e9dients<\/strong><\/p>\n<p>Acajou : Lawsonia inermis (Henna) Leaf Extract, Sodium Picramate.<\/p>\n<p>Auburn : Lawsonia inermis (Henna) Leaf Extract, Sodium Picramate.<\/p>\n<p>Brun : Indigofera Argentea Leaf Powder,\u00a0 Indifera Tinctoria Leaf Powder, Lawsonia Inermis (Henna) Leaf Extract.<\/p>\n<p>Ch\u00e2tain : Indigofera Tinctoria Leaf Powder, Lawsonia Inermis (Henna) Leaf Extract, Cassia Italica Leaf Powder.<\/p>\n<p>Cuivre : Lawsonia inermis (Henna) Leaf Extract<\/p>\n<p>Noir : Indigofera Argentea Leaf Powder, Indifera Tinctoria Leaf Powder, Lawsonia Inermis (Henna) Leaf Extract.<\/p>\n","protected":false},"excerpt":{"rendered":"<p>Les colorations\u00a0Henn\u00e9 Color sont des colorations douces v\u00e9g\u00e9tales au henn\u00e9 (Lawsonia Inermis). Le henn\u00e9 est bien connu pour ses vertus sur le cheveu et le cuir<span class=\"excerpt-hellip\"> [\u2026]<\/span><\/p>\n","protected":false},"featured_media":13625,"template":"","meta":{"_acf_changed":false},"product_brand":[],"product_cat":[1933,1934],"product_tag":[3732],"class_list":{"0":"post-13222","1":"product","2":"type-product","3":"status-publish","4":"has-post-thumbnail","6":"product_cat-ingredients-de-base-en","7":"product_cat-ingredients-en-poudre-en","8":"product_tag-henna","10":"first","11":"instock","12":"taxable","13":"shipping-taxable","14":"purchasable","15":"product-type-variable"},"acf":[],"yoast_head":"<!-- This site is optimized with the Yoast SEO plugin v27.1.1 - https:\/\/yoast.com\/product\/yoast-seo-wordpress\/ -->\n<title>Henna, plant hair dye 100 g | Hunzaroma --<\/title>\n<meta name=\"robots\" content=\"index, follow, max-snippet:-1, max-image-preview:large, max-video-preview:-1\" \/>\n<link rel=\"canonical\" href=\"https:\/\/hunzaroma.com\/essential-oil\/henne-coloration-vegetale-capillaire\/\" \/>\n<meta property=\"og:locale\" content=\"en_US\" \/>\n<meta property=\"og:type\" content=\"article\" \/>\n<meta property=\"og:title\" content=\"Henna, plant hair dye 100 g | Hunzaroma --\" \/>\n<meta property=\"og:description\" content=\"Les colorations\u00a0Henn\u00e9 Color sont des colorations douces v\u00e9g\u00e9tales au henn\u00e9 (Lawsonia Inermis). Le henn\u00e9 est bien connu pour ses vertus sur le cheveu et le cuir [\u2026]\" \/>\n<meta property=\"og:url\" content=\"https:\/\/hunzaroma.com\/essential-oil\/henne-coloration-vegetale-capillaire\/\" \/>\n<meta property=\"og:site_name\" content=\"Hunzaroma\" \/>\n<meta property=\"og:image\" content=\"https:\/\/hunzaroma.com\/wp-content\/uploads\/2023\/01\/hennecolor.png\" \/>\n\t<meta property=\"og:image:width\" content=\"678\" \/>\n\t<meta property=\"og:image:height\" content=\"441\" \/>\n\t<meta property=\"og:image:type\" content=\"image\/png\" \/>\n<meta name=\"twitter:card\" content=\"summary_large_image\" \/>\n<meta name=\"twitter:label1\" content=\"Est. reading time\" \/>\n\t<meta name=\"twitter:data1\" content=\"1 minute\" \/>\n<script type=\"application\/ld+json\" class=\"yoast-schema-graph\">{\"@context\":\"https:\/\/schema.org\",\"@graph\":[{\"@type\":\"WebPage\",\"@id\":\"https:\/\/hunzaroma.com\/essential-oil\/henne-coloration-vegetale-capillaire\/\",\"url\":\"https:\/\/hunzaroma.com\/essential-oil\/henne-coloration-vegetale-capillaire\/\",\"name\":\"Henna, plant hair dye 100 g | Hunzaroma --\",\"isPartOf\":{\"@id\":\"https:\/\/hunzaroma.com\/#website\"},\"primaryImageOfPage\":{\"@id\":\"https:\/\/hunzaroma.com\/essential-oil\/henne-coloration-vegetale-capillaire\/#primaryimage\"},\"image\":{\"@id\":\"https:\/\/hunzaroma.com\/essential-oil\/henne-coloration-vegetale-capillaire\/#primaryimage\"},\"thumbnailUrl\":\"https:\/\/hunzaroma.com\/wp-content\/uploads\/2023\/01\/hennecolor.png\",\"datePublished\":\"2023-01-24T21:02:45+00:00\",\"breadcrumb\":{\"@id\":\"https:\/\/hunzaroma.com\/essential-oil\/henne-coloration-vegetale-capillaire\/#breadcrumb\"},\"inLanguage\":\"en-US\",\"potentialAction\":[{\"@type\":\"ReadAction\",\"target\":[\"https:\/\/hunzaroma.com\/essential-oil\/henne-coloration-vegetale-capillaire\/\"]}]},{\"@type\":\"ImageObject\",\"inLanguage\":\"en-US\",\"@id\":\"https:\/\/hunzaroma.com\/essential-oil\/henne-coloration-vegetale-capillaire\/#primaryimage\",\"url\":\"https:\/\/hunzaroma.com\/wp-content\/uploads\/2023\/01\/hennecolor.png\",\"contentUrl\":\"https:\/\/hunzaroma.com\/wp-content\/uploads\/2023\/01\/hennecolor.png\",\"width\":678,\"height\":441},{\"@type\":\"BreadcrumbList\",\"@id\":\"https:\/\/hunzaroma.com\/essential-oil\/henne-coloration-vegetale-capillaire\/#breadcrumb\",\"itemListElement\":[{\"@type\":\"ListItem\",\"position\":1,\"name\":\"Accueil\",\"item\":\"https:\/\/hunzaroma.com\/en\/home\/\"},{\"@type\":\"ListItem\",\"position\":2,\"name\":\"Shop\",\"item\":\"https:\/\/hunzaroma.com\/en\/essential-oil\/\"},{\"@type\":\"ListItem\",\"position\":3,\"name\":\"Henna, plant hair dye 100 g\"}]},{\"@type\":\"WebSite\",\"@id\":\"https:\/\/hunzaroma.com\/#website\",\"url\":\"https:\/\/hunzaroma.com\/\",\"name\":\"Hunzaroma\",\"description\":\"Huiles essentielles\",\"potentialAction\":[{\"@type\":\"SearchAction\",\"target\":{\"@type\":\"EntryPoint\",\"urlTemplate\":\"https:\/\/hunzaroma.com\/?s={search_term_string}\"},\"query-input\":{\"@type\":\"PropertyValueSpecification\",\"valueRequired\":true,\"valueName\":\"search_term_string\"}}],\"inLanguage\":\"en-US\"}]}<\/script>\n<!-- \/ Yoast SEO plugin. -->","yoast_head_json":{"title":"Henna, plant hair dye 100 g | Hunzaroma --","robots":{"index":"index","follow":"follow","max-snippet":"max-snippet:-1","max-image-preview":"max-image-preview:large","max-video-preview":"max-video-preview:-1"},"canonical":"https:\/\/hunzaroma.com\/essential-oil\/henne-coloration-vegetale-capillaire\/","og_locale":"en_US","og_type":"article","og_title":"Henna, plant hair dye 100 g | Hunzaroma --","og_description":"Les colorations\u00a0Henn\u00e9 Color sont des colorations douces v\u00e9g\u00e9tales au henn\u00e9 (Lawsonia Inermis). Le henn\u00e9 est bien connu pour ses vertus sur le cheveu et le cuir [\u2026]","og_url":"https:\/\/hunzaroma.com\/essential-oil\/henne-coloration-vegetale-capillaire\/","og_site_name":"Hunzaroma","og_image":[{"width":678,"height":441,"url":"https:\/\/hunzaroma.com\/wp-content\/uploads\/2023\/01\/hennecolor.png","type":"image\/png"}],"twitter_card":"summary_large_image","twitter_misc":{"Est. reading time":"1 minute"},"schema":{"@context":"https:\/\/schema.org","@graph":[{"@type":"WebPage","@id":"https:\/\/hunzaroma.com\/essential-oil\/henne-coloration-vegetale-capillaire\/","url":"https:\/\/hunzaroma.com\/essential-oil\/henne-coloration-vegetale-capillaire\/","name":"Henna, plant hair dye 100 g | Hunzaroma --","isPartOf":{"@id":"https:\/\/hunzaroma.com\/#website"},"primaryImageOfPage":{"@id":"https:\/\/hunzaroma.com\/essential-oil\/henne-coloration-vegetale-capillaire\/#primaryimage"},"image":{"@id":"https:\/\/hunzaroma.com\/essential-oil\/henne-coloration-vegetale-capillaire\/#primaryimage"},"thumbnailUrl":"https:\/\/hunzaroma.com\/wp-content\/uploads\/2023\/01\/hennecolor.png","datePublished":"2023-01-24T21:02:45+00:00","breadcrumb":{"@id":"https:\/\/hunzaroma.com\/essential-oil\/henne-coloration-vegetale-capillaire\/#breadcrumb"},"inLanguage":"en-US","potentialAction":[{"@type":"ReadAction","target":["https:\/\/hunzaroma.com\/essential-oil\/henne-coloration-vegetale-capillaire\/"]}]},{"@type":"ImageObject","inLanguage":"en-US","@id":"https:\/\/hunzaroma.com\/essential-oil\/henne-coloration-vegetale-capillaire\/#primaryimage","url":"https:\/\/hunzaroma.com\/wp-content\/uploads\/2023\/01\/hennecolor.png","contentUrl":"https:\/\/hunzaroma.com\/wp-content\/uploads\/2023\/01\/hennecolor.png","width":678,"height":441},{"@type":"BreadcrumbList","@id":"https:\/\/hunzaroma.com\/essential-oil\/henne-coloration-vegetale-capillaire\/#breadcrumb","itemListElement":[{"@type":"ListItem","position":1,"name":"Accueil","item":"https:\/\/hunzaroma.com\/en\/home\/"},{"@type":"ListItem","position":2,"name":"Shop","item":"https:\/\/hunzaroma.com\/en\/essential-oil\/"},{"@type":"ListItem","position":3,"name":"Henna, plant hair dye 100 g"}]},{"@type":"WebSite","@id":"https:\/\/hunzaroma.com\/#website","url":"https:\/\/hunzaroma.com\/","name":"Hunzaroma","description":"Huiles essentielles","potentialAction":[{"@type":"SearchAction","target":{"@type":"EntryPoint","urlTemplate":"https:\/\/hunzaroma.com\/?s={search_term_string}"},"query-input":{"@type":"PropertyValueSpecification","valueRequired":true,"valueName":"search_term_string"}}],"inLanguage":"en-US"}]}},"_links":{"self":[{"href":"https:\/\/hunzaroma.com\/en\/wp-json\/wp\/v2\/product\/13222","targetHints":{"allow":["GET"]}}],"collection":[{"href":"https:\/\/hunzaroma.com\/en\/wp-json\/wp\/v2\/product"}],"about":[{"href":"https:\/\/hunzaroma.com\/en\/wp-json\/wp\/v2\/types\/product"}],"wp:featuredmedia":[{"embeddable":true,"href":"https:\/\/hunzaroma.com\/en\/wp-json\/wp\/v2\/media\/13625"}],"wp:attachment":[{"href":"https:\/\/hunzaroma.com\/en\/wp-json\/wp\/v2\/media?parent=13222"}],"wp:term":[{"taxonomy":"product_brand","embeddable":true,"href":"https:\/\/hunzaroma.com\/en\/wp-json\/wp\/v2\/product_brand?post=13222"},{"taxonomy":"product_cat","embeddable":true,"href":"https:\/\/hunzaroma.com\/en\/wp-json\/wp\/v2\/product_cat?post=13222"},{"taxonomy":"product_tag","embeddable":true,"href":"https:\/\/hunzaroma.com\/en\/wp-json\/wp\/v2\/product_tag?post=13222"}],"curies":[{"name":"wp","href":"https:\/\/api.w.org\/{rel}","templated":true}]}}