{"id":13191,"date":"2022-02-11T09:14:23","date_gmt":"2024-02-08T18:09:03","guid":{"rendered":"https:\/\/hunzaroma.com\/?post_type=product&#038;p=13191"},"modified":"2025-04-25T16:13:33","modified_gmt":"2025-04-25T20:13:33","slug":"btms50-emulsifying-vegetable-wax","status":"publish","type":"product","link":"https:\/\/hunzaroma.com\/en\/essential-oil\/btms50-emulsifying-vegetable-wax\/","title":{"rendered":"BTMS50 emulsifying vegetable wax"},"content":{"rendered":"<p>Le BTMS-50 (behentrimonium methosulfate) est une cire \u00e9mulsifiante d&#8217;origine v\u00e9g\u00e9tale issue g\u00e9n\u00e9ralement du colza. Elle est id\u00e9ale pour r\u00e9aliser des shampoings conditionneurs, des apr\u00e8s-shampoings d\u00e9m\u00ealants, des masques capillaires adoucissants ou des s\u00e9rums disciplinants sans rin\u00e7age. Un incontournable pour les cheveux fris\u00e9s et cr\u00e9pus. Gr\u00e2ce \u00e0 ses propri\u00e9t\u00e9s lubrifiantes et adoucissantes, il facilite le d\u00e9m\u00ealage, r\u00e9duit l&#8217;\u00e9lectricit\u00e9 statique lors du brossage et rend les cheveux doux et soyeux.<\/p>\n<p>\u00a9 Photo : Tinavie.ca<\/p>\n<p>INCI :\u00a0<em>Behentrimonium methosulfate (and) Cetyl Alcohol.<\/em><\/p>\n","protected":false},"excerpt":{"rendered":"<p>Le BTMS-50 (behentrimonium methosulfate) est une cire \u00e9mulsifiante d&#8217;origine v\u00e9g\u00e9tale issue g\u00e9n\u00e9ralement du colza. Elle est id\u00e9ale pour r\u00e9aliser des shampoings conditionneurs, des apr\u00e8s-shampoings d\u00e9m\u00ealants, des<span class=\"excerpt-hellip\"> [\u2026]<\/span><\/p>\n","protected":false},"featured_media":10102,"template":"","meta":{"_acf_changed":false},"product_brand":[],"product_cat":[1933,1940],"product_tag":[3712],"class_list":{"0":"post-13191","1":"product","2":"type-product","3":"status-publish","4":"has-post-thumbnail","6":"product_cat-ingredients-de-base-en","7":"product_cat-cires-emulsifiants-gommes-en","8":"product_tag-cire-emulsifiante-btms50-en","9":"pa_cire-mulsifiante-100-gr-15-en","10":"pa_cire-mulsifiante-250-gr-11-en","11":"pa_cire-mulsifiante-50-gr-en","13":"first","14":"instock","15":"taxable","16":"shipping-taxable","17":"purchasable","18":"product-type-variable"},"acf":[],"yoast_head":"<!-- This site is optimized with the Yoast SEO plugin v27.1.1 - https:\/\/yoast.com\/product\/yoast-seo-wordpress\/ -->\n<title>BTMS50 emulsifying vegetable wax<\/title>\n<meta name=\"description\" content=\"Le BTMS-50 (behentrimonium methosulfate) est une cire \u00e9mulsifiante d&#039;origine v\u00e9g\u00e9tale issue g\u00e9n\u00e9ralement du colza. Elle est id\u00e9ale pour r\u00e9aliser des shampoings conditionneurs, des apr\u00e8s-shampoings d\u00e9m\u00ealants, des masques capillaires adoucissants ou des s\u00e9rums disciplinants sans rin\u00e7age. Un incontournable pour les cheveux fris\u00e9s et cr\u00e9pus. Gr\u00e2ce \u00e0 ses propri\u00e9t\u00e9s lubrifiantes et adoucissantes, il facilite le d\u00e9m\u00ealage, r\u00e9duit l&#039;\u00e9lectricit\u00e9 statique lors du brossage et rend les cheveux doux et soyeux. \u00a9 Photo : Tinavie.ca INCI :\u00a0Behentrimonium methosulfate (and) Cetyl Alcohol.\" \/>\n<meta name=\"robots\" content=\"index, follow, max-snippet:-1, max-image-preview:large, max-video-preview:-1\" \/>\n<link rel=\"canonical\" href=\"https:\/\/hunzaroma.com\/en\/essential-oil\/btms50-emulsifying-vegetable-wax\/\" \/>\n<meta property=\"og:locale\" content=\"en_US\" \/>\n<meta property=\"og:type\" content=\"article\" \/>\n<meta property=\"og:title\" content=\"BTMS50 emulsifying vegetable wax\" \/>\n<meta property=\"og:description\" content=\"Le BTMS-50 (behentrimonium methosulfate) est une cire \u00e9mulsifiante d&#039;origine v\u00e9g\u00e9tale issue g\u00e9n\u00e9ralement du colza. Elle est id\u00e9ale pour r\u00e9aliser des shampoings conditionneurs, des apr\u00e8s-shampoings d\u00e9m\u00ealants, des masques capillaires adoucissants ou des s\u00e9rums disciplinants sans rin\u00e7age. Un incontournable pour les cheveux fris\u00e9s et cr\u00e9pus. Gr\u00e2ce \u00e0 ses propri\u00e9t\u00e9s lubrifiantes et adoucissantes, il facilite le d\u00e9m\u00ealage, r\u00e9duit l&#039;\u00e9lectricit\u00e9 statique lors du brossage et rend les cheveux doux et soyeux. \u00a9 Photo : Tinavie.ca INCI :\u00a0Behentrimonium methosulfate (and) Cetyl Alcohol.\" \/>\n<meta property=\"og:url\" content=\"https:\/\/hunzaroma.com\/en\/essential-oil\/btms50-emulsifying-vegetable-wax\/\" \/>\n<meta property=\"og:site_name\" content=\"Hunzaroma\" \/>\n<meta property=\"article:modified_time\" content=\"2025-04-25T20:13:33+00:00\" \/>\n<meta property=\"og:image\" content=\"https:\/\/hunzaroma.com\/wp-content\/uploads\/2022\/02\/73_original_250x2502x.webp\" \/>\n\t<meta property=\"og:image:width\" content=\"500\" \/>\n\t<meta property=\"og:image:height\" content=\"310\" \/>\n\t<meta property=\"og:image:type\" content=\"image\/webp\" \/>\n<meta name=\"twitter:card\" content=\"summary_large_image\" \/>\n<script type=\"application\/ld+json\" class=\"yoast-schema-graph\">{\"@context\":\"https:\/\/schema.org\",\"@graph\":[{\"@type\":\"WebPage\",\"@id\":\"https:\/\/hunzaroma.com\/en\/essential-oil\/btms50-emulsifying-vegetable-wax\/\",\"url\":\"https:\/\/hunzaroma.com\/en\/essential-oil\/btms50-emulsifying-vegetable-wax\/\",\"name\":\"BTMS50 emulsifying vegetable wax\",\"isPartOf\":{\"@id\":\"https:\/\/hunzaroma.com\/#website\"},\"primaryImageOfPage\":{\"@id\":\"https:\/\/hunzaroma.com\/en\/essential-oil\/btms50-emulsifying-vegetable-wax\/#primaryimage\"},\"image\":{\"@id\":\"https:\/\/hunzaroma.com\/en\/essential-oil\/btms50-emulsifying-vegetable-wax\/#primaryimage\"},\"thumbnailUrl\":\"https:\/\/hunzaroma.com\/wp-content\/uploads\/2022\/02\/73_original_250x2502x.webp\",\"datePublished\":\"2024-02-08T18:09:03+00:00\",\"dateModified\":\"2025-04-25T20:13:33+00:00\",\"description\":\"Le BTMS-50 (behentrimonium methosulfate) est une cire \u00e9mulsifiante d'origine v\u00e9g\u00e9tale issue g\u00e9n\u00e9ralement du colza. Elle est id\u00e9ale pour r\u00e9aliser des shampoings conditionneurs, des apr\u00e8s-shampoings d\u00e9m\u00ealants, des masques capillaires adoucissants ou des s\u00e9rums disciplinants sans rin\u00e7age. Un incontournable pour les cheveux fris\u00e9s et cr\u00e9pus. Gr\u00e2ce \u00e0 ses propri\u00e9t\u00e9s lubrifiantes et adoucissantes, il facilite le d\u00e9m\u00ealage, r\u00e9duit l'\u00e9lectricit\u00e9 statique lors du brossage et rend les cheveux doux et soyeux. \u00a9 Photo : Tinavie.ca INCI :\u00a0Behentrimonium methosulfate (and) Cetyl Alcohol.\",\"breadcrumb\":{\"@id\":\"https:\/\/hunzaroma.com\/en\/essential-oil\/btms50-emulsifying-vegetable-wax\/#breadcrumb\"},\"inLanguage\":\"en-US\",\"potentialAction\":[{\"@type\":\"ReadAction\",\"target\":[\"https:\/\/hunzaroma.com\/en\/essential-oil\/btms50-emulsifying-vegetable-wax\/\"]}]},{\"@type\":\"ImageObject\",\"inLanguage\":\"en-US\",\"@id\":\"https:\/\/hunzaroma.com\/en\/essential-oil\/btms50-emulsifying-vegetable-wax\/#primaryimage\",\"url\":\"https:\/\/hunzaroma.com\/wp-content\/uploads\/2022\/02\/73_original_250x2502x.webp\",\"contentUrl\":\"https:\/\/hunzaroma.com\/wp-content\/uploads\/2022\/02\/73_original_250x2502x.webp\",\"width\":500,\"height\":310},{\"@type\":\"BreadcrumbList\",\"@id\":\"https:\/\/hunzaroma.com\/en\/essential-oil\/btms50-emulsifying-vegetable-wax\/#breadcrumb\",\"itemListElement\":[{\"@type\":\"ListItem\",\"position\":1,\"name\":\"Accueil\",\"item\":\"https:\/\/hunzaroma.com\/en\/home\/\"},{\"@type\":\"ListItem\",\"position\":2,\"name\":\"Shop\",\"item\":\"https:\/\/hunzaroma.com\/en\/essential-oil\/\"},{\"@type\":\"ListItem\",\"position\":3,\"name\":\"BTMS50 emulsifying vegetable wax\"}]},{\"@type\":\"WebSite\",\"@id\":\"https:\/\/hunzaroma.com\/#website\",\"url\":\"https:\/\/hunzaroma.com\/\",\"name\":\"Hunzaroma\",\"description\":\"Huiles essentielles\",\"potentialAction\":[{\"@type\":\"SearchAction\",\"target\":{\"@type\":\"EntryPoint\",\"urlTemplate\":\"https:\/\/hunzaroma.com\/?s={search_term_string}\"},\"query-input\":{\"@type\":\"PropertyValueSpecification\",\"valueRequired\":true,\"valueName\":\"search_term_string\"}}],\"inLanguage\":\"en-US\"}]}<\/script>\n<!-- \/ Yoast SEO plugin. -->","yoast_head_json":{"title":"BTMS50 emulsifying vegetable wax","description":"Le BTMS-50 (behentrimonium methosulfate) est une cire \u00e9mulsifiante d'origine v\u00e9g\u00e9tale issue g\u00e9n\u00e9ralement du colza. Elle est id\u00e9ale pour r\u00e9aliser des shampoings conditionneurs, des apr\u00e8s-shampoings d\u00e9m\u00ealants, des masques capillaires adoucissants ou des s\u00e9rums disciplinants sans rin\u00e7age. Un incontournable pour les cheveux fris\u00e9s et cr\u00e9pus. Gr\u00e2ce \u00e0 ses propri\u00e9t\u00e9s lubrifiantes et adoucissantes, il facilite le d\u00e9m\u00ealage, r\u00e9duit l'\u00e9lectricit\u00e9 statique lors du brossage et rend les cheveux doux et soyeux. \u00a9 Photo : Tinavie.ca INCI :\u00a0Behentrimonium methosulfate (and) Cetyl Alcohol.","robots":{"index":"index","follow":"follow","max-snippet":"max-snippet:-1","max-image-preview":"max-image-preview:large","max-video-preview":"max-video-preview:-1"},"canonical":"https:\/\/hunzaroma.com\/en\/essential-oil\/btms50-emulsifying-vegetable-wax\/","og_locale":"en_US","og_type":"article","og_title":"BTMS50 emulsifying vegetable wax","og_description":"Le BTMS-50 (behentrimonium methosulfate) est une cire \u00e9mulsifiante d'origine v\u00e9g\u00e9tale issue g\u00e9n\u00e9ralement du colza. Elle est id\u00e9ale pour r\u00e9aliser des shampoings conditionneurs, des apr\u00e8s-shampoings d\u00e9m\u00ealants, des masques capillaires adoucissants ou des s\u00e9rums disciplinants sans rin\u00e7age. Un incontournable pour les cheveux fris\u00e9s et cr\u00e9pus. Gr\u00e2ce \u00e0 ses propri\u00e9t\u00e9s lubrifiantes et adoucissantes, il facilite le d\u00e9m\u00ealage, r\u00e9duit l'\u00e9lectricit\u00e9 statique lors du brossage et rend les cheveux doux et soyeux. \u00a9 Photo : Tinavie.ca INCI :\u00a0Behentrimonium methosulfate (and) Cetyl Alcohol.","og_url":"https:\/\/hunzaroma.com\/en\/essential-oil\/btms50-emulsifying-vegetable-wax\/","og_site_name":"Hunzaroma","article_modified_time":"2025-04-25T20:13:33+00:00","og_image":[{"width":500,"height":310,"url":"https:\/\/hunzaroma.com\/wp-content\/uploads\/2022\/02\/73_original_250x2502x.webp","type":"image\/webp"}],"twitter_card":"summary_large_image","schema":{"@context":"https:\/\/schema.org","@graph":[{"@type":"WebPage","@id":"https:\/\/hunzaroma.com\/en\/essential-oil\/btms50-emulsifying-vegetable-wax\/","url":"https:\/\/hunzaroma.com\/en\/essential-oil\/btms50-emulsifying-vegetable-wax\/","name":"BTMS50 emulsifying vegetable wax","isPartOf":{"@id":"https:\/\/hunzaroma.com\/#website"},"primaryImageOfPage":{"@id":"https:\/\/hunzaroma.com\/en\/essential-oil\/btms50-emulsifying-vegetable-wax\/#primaryimage"},"image":{"@id":"https:\/\/hunzaroma.com\/en\/essential-oil\/btms50-emulsifying-vegetable-wax\/#primaryimage"},"thumbnailUrl":"https:\/\/hunzaroma.com\/wp-content\/uploads\/2022\/02\/73_original_250x2502x.webp","datePublished":"2024-02-08T18:09:03+00:00","dateModified":"2025-04-25T20:13:33+00:00","description":"Le BTMS-50 (behentrimonium methosulfate) est une cire \u00e9mulsifiante d'origine v\u00e9g\u00e9tale issue g\u00e9n\u00e9ralement du colza. Elle est id\u00e9ale pour r\u00e9aliser des shampoings conditionneurs, des apr\u00e8s-shampoings d\u00e9m\u00ealants, des masques capillaires adoucissants ou des s\u00e9rums disciplinants sans rin\u00e7age. Un incontournable pour les cheveux fris\u00e9s et cr\u00e9pus. Gr\u00e2ce \u00e0 ses propri\u00e9t\u00e9s lubrifiantes et adoucissantes, il facilite le d\u00e9m\u00ealage, r\u00e9duit l'\u00e9lectricit\u00e9 statique lors du brossage et rend les cheveux doux et soyeux. \u00a9 Photo : Tinavie.ca INCI :\u00a0Behentrimonium methosulfate (and) Cetyl Alcohol.","breadcrumb":{"@id":"https:\/\/hunzaroma.com\/en\/essential-oil\/btms50-emulsifying-vegetable-wax\/#breadcrumb"},"inLanguage":"en-US","potentialAction":[{"@type":"ReadAction","target":["https:\/\/hunzaroma.com\/en\/essential-oil\/btms50-emulsifying-vegetable-wax\/"]}]},{"@type":"ImageObject","inLanguage":"en-US","@id":"https:\/\/hunzaroma.com\/en\/essential-oil\/btms50-emulsifying-vegetable-wax\/#primaryimage","url":"https:\/\/hunzaroma.com\/wp-content\/uploads\/2022\/02\/73_original_250x2502x.webp","contentUrl":"https:\/\/hunzaroma.com\/wp-content\/uploads\/2022\/02\/73_original_250x2502x.webp","width":500,"height":310},{"@type":"BreadcrumbList","@id":"https:\/\/hunzaroma.com\/en\/essential-oil\/btms50-emulsifying-vegetable-wax\/#breadcrumb","itemListElement":[{"@type":"ListItem","position":1,"name":"Accueil","item":"https:\/\/hunzaroma.com\/en\/home\/"},{"@type":"ListItem","position":2,"name":"Shop","item":"https:\/\/hunzaroma.com\/en\/essential-oil\/"},{"@type":"ListItem","position":3,"name":"BTMS50 emulsifying vegetable wax"}]},{"@type":"WebSite","@id":"https:\/\/hunzaroma.com\/#website","url":"https:\/\/hunzaroma.com\/","name":"Hunzaroma","description":"Huiles essentielles","potentialAction":[{"@type":"SearchAction","target":{"@type":"EntryPoint","urlTemplate":"https:\/\/hunzaroma.com\/?s={search_term_string}"},"query-input":{"@type":"PropertyValueSpecification","valueRequired":true,"valueName":"search_term_string"}}],"inLanguage":"en-US"}]}},"_links":{"self":[{"href":"https:\/\/hunzaroma.com\/en\/wp-json\/wp\/v2\/product\/13191","targetHints":{"allow":["GET"]}}],"collection":[{"href":"https:\/\/hunzaroma.com\/en\/wp-json\/wp\/v2\/product"}],"about":[{"href":"https:\/\/hunzaroma.com\/en\/wp-json\/wp\/v2\/types\/product"}],"wp:featuredmedia":[{"embeddable":true,"href":"https:\/\/hunzaroma.com\/en\/wp-json\/wp\/v2\/media\/10102"}],"wp:attachment":[{"href":"https:\/\/hunzaroma.com\/en\/wp-json\/wp\/v2\/media?parent=13191"}],"wp:term":[{"taxonomy":"product_brand","embeddable":true,"href":"https:\/\/hunzaroma.com\/en\/wp-json\/wp\/v2\/product_brand?post=13191"},{"taxonomy":"product_cat","embeddable":true,"href":"https:\/\/hunzaroma.com\/en\/wp-json\/wp\/v2\/product_cat?post=13191"},{"taxonomy":"product_tag","embeddable":true,"href":"https:\/\/hunzaroma.com\/en\/wp-json\/wp\/v2\/product_tag?post=13191"}],"curies":[{"name":"wp","href":"https:\/\/api.w.org\/{rel}","templated":true}]}}