{"id":13091,"date":"2023-12-01T16:51:16","date_gmt":"2023-12-01T21:51:16","guid":{"rendered":"https:\/\/hunzaroma.com\/huile-essentielle\/nobles-essences\/"},"modified":"2025-11-10T14:30:40","modified_gmt":"2025-11-10T19:30:40","slug":"nobles-essences","status":"publish","type":"product","link":"https:\/\/hunzaroma.com\/en\/essential-oil\/nobles-essences\/","title":{"rendered":"Nobles essences"},"content":{"rendered":"<p>Please note that this book is only available in French.<\/p>\n<p>Labrador tea, myrica gale, Canadian hemlock&#8230; How about discovering the essential oils that grow right here at home?<\/p>\n<p>Specializing in medical anthropology and ethnobotany, St\u00e9phanie Plamondon invites us to explore our beautiful boreal forest. In this informative and practical guide, she presents a detailed overview of our aromatic plants and their infinite therapeutic properties, in addition to introducing us to the manufacture of a host of body products (throat lozenges, lip balm, dry shampoo, etc.). A great journey into the heart of our history and traditions, generously passed down to us by Indigenous communities.<\/p>\n<p>Author: St\u00e9phanie Plamondon<\/p>\n<p>Publisher: Qu\u00e9becAm\u00e9rique<\/p>\n<p>ISBN: 978-2-7644-5175-5<\/p>\n","protected":false},"excerpt":{"rendered":"<p>Please note that this book is only available in French. Labrador tea, myrica gale, Canadian hemlock&#8230; How about discovering the essential oils that grow right here<span class=\"excerpt-hellip\"> [\u2026]<\/span><\/p>\n","protected":false},"featured_media":12674,"template":"","meta":{"_acf_changed":false},"product_brand":[],"product_cat":[1910,3883],"product_tag":[3688],"class_list":{"0":"post-13091","1":"product","2":"type-product","3":"status-publish","4":"has-post-thumbnail","6":"product_cat-books","7":"product_cat-new-products","8":"product_tag-nobles-essences-en","10":"first","11":"instock","12":"taxable","13":"shipping-taxable","14":"purchasable","15":"product-type-simple"},"acf":[],"yoast_head":"<!-- This site is optimized with the Yoast SEO plugin v27.1.1 - https:\/\/yoast.com\/product\/yoast-seo-wordpress\/ -->\n<title>Nobles essences | Hunzaroma --<\/title>\n<meta name=\"description\" content=\"Please note that this book is only available in French. Labrador tea, myrica gale, Canadian hemlock... How about discovering the essential oils that grow right here at home? Specializing in medical anthropology and ethnobotany, St\u00e9phanie Plamondon invites us to explore our beautiful boreal forest. In this informative and practical guide, she presents a detailed overview of our aromatic plants and their infinite therapeutic properties, in addition to introducing us to the manufacture of a host of body products (throat lozenges, lip balm, dry shampoo, etc.). A great journey into the heart of our history and traditions, generously passed down to us by Indigenous communities. Author: St\u00e9phanie Plamondon Publisher: Qu\u00e9becAm\u00e9rique ISBN: 978-2-7644-5175-5\" \/>\n<meta name=\"robots\" content=\"index, follow, max-snippet:-1, max-image-preview:large, max-video-preview:-1\" \/>\n<link rel=\"canonical\" href=\"https:\/\/hunzaroma.com\/en\/essential-oil\/nobles-essences\/\" \/>\n<meta property=\"og:locale\" content=\"en_US\" \/>\n<meta property=\"og:type\" content=\"article\" \/>\n<meta property=\"og:title\" content=\"Nobles essences | Hunzaroma --\" \/>\n<meta property=\"og:description\" content=\"Please note that this book is only available in French. Labrador tea, myrica gale, Canadian hemlock... How about discovering the essential oils that grow right here at home? Specializing in medical anthropology and ethnobotany, St\u00e9phanie Plamondon invites us to explore our beautiful boreal forest. In this informative and practical guide, she presents a detailed overview of our aromatic plants and their infinite therapeutic properties, in addition to introducing us to the manufacture of a host of body products (throat lozenges, lip balm, dry shampoo, etc.). A great journey into the heart of our history and traditions, generously passed down to us by Indigenous communities. Author: St\u00e9phanie Plamondon Publisher: Qu\u00e9becAm\u00e9rique ISBN: 978-2-7644-5175-5\" \/>\n<meta property=\"og:url\" content=\"https:\/\/hunzaroma.com\/en\/essential-oil\/nobles-essences\/\" \/>\n<meta property=\"og:site_name\" content=\"Hunzaroma\" \/>\n<meta property=\"article:modified_time\" content=\"2025-11-10T19:30:40+00:00\" \/>\n<meta property=\"og:image\" content=\"https:\/\/hunzaroma.com\/wp-content\/uploads\/2023\/12\/capture-decran-2023-12-01-164919.png\" \/>\n\t<meta property=\"og:image:width\" content=\"372\" \/>\n\t<meta property=\"og:image:height\" content=\"548\" \/>\n\t<meta property=\"og:image:type\" content=\"image\/png\" \/>\n<meta name=\"twitter:card\" content=\"summary_large_image\" \/>\n<meta name=\"twitter:label1\" content=\"Est. reading time\" \/>\n\t<meta name=\"twitter:data1\" content=\"1 minute\" \/>\n<script type=\"application\/ld+json\" class=\"yoast-schema-graph\">{\"@context\":\"https:\/\/schema.org\",\"@graph\":[{\"@type\":\"WebPage\",\"@id\":\"https:\/\/hunzaroma.com\/en\/essential-oil\/nobles-essences\/\",\"url\":\"https:\/\/hunzaroma.com\/en\/essential-oil\/nobles-essences\/\",\"name\":\"Nobles essences | Hunzaroma --\",\"isPartOf\":{\"@id\":\"https:\/\/hunzaroma.com\/#website\"},\"primaryImageOfPage\":{\"@id\":\"https:\/\/hunzaroma.com\/en\/essential-oil\/nobles-essences\/#primaryimage\"},\"image\":{\"@id\":\"https:\/\/hunzaroma.com\/en\/essential-oil\/nobles-essences\/#primaryimage\"},\"thumbnailUrl\":\"https:\/\/hunzaroma.com\/wp-content\/uploads\/2023\/12\/capture-decran-2023-12-01-164919.png\",\"datePublished\":\"2023-12-01T21:51:16+00:00\",\"dateModified\":\"2025-11-10T19:30:40+00:00\",\"description\":\"Please note that this book is only available in French. Labrador tea, myrica gale, Canadian hemlock... How about discovering the essential oils that grow right here at home? Specializing in medical anthropology and ethnobotany, St\u00e9phanie Plamondon invites us to explore our beautiful boreal forest. In this informative and practical guide, she presents a detailed overview of our aromatic plants and their infinite therapeutic properties, in addition to introducing us to the manufacture of a host of body products (throat lozenges, lip balm, dry shampoo, etc.). A great journey into the heart of our history and traditions, generously passed down to us by Indigenous communities. Author: St\u00e9phanie Plamondon Publisher: Qu\u00e9becAm\u00e9rique ISBN: 978-2-7644-5175-5\",\"breadcrumb\":{\"@id\":\"https:\/\/hunzaroma.com\/en\/essential-oil\/nobles-essences\/#breadcrumb\"},\"inLanguage\":\"en-US\",\"potentialAction\":[{\"@type\":\"ReadAction\",\"target\":[\"https:\/\/hunzaroma.com\/en\/essential-oil\/nobles-essences\/\"]}]},{\"@type\":\"ImageObject\",\"inLanguage\":\"en-US\",\"@id\":\"https:\/\/hunzaroma.com\/en\/essential-oil\/nobles-essences\/#primaryimage\",\"url\":\"https:\/\/hunzaroma.com\/wp-content\/uploads\/2023\/12\/capture-decran-2023-12-01-164919.png\",\"contentUrl\":\"https:\/\/hunzaroma.com\/wp-content\/uploads\/2023\/12\/capture-decran-2023-12-01-164919.png\",\"width\":372,\"height\":548},{\"@type\":\"BreadcrumbList\",\"@id\":\"https:\/\/hunzaroma.com\/en\/essential-oil\/nobles-essences\/#breadcrumb\",\"itemListElement\":[{\"@type\":\"ListItem\",\"position\":1,\"name\":\"Accueil\",\"item\":\"https:\/\/hunzaroma.com\/en\/home\/\"},{\"@type\":\"ListItem\",\"position\":2,\"name\":\"Shop\",\"item\":\"https:\/\/hunzaroma.com\/en\/essential-oil\/\"},{\"@type\":\"ListItem\",\"position\":3,\"name\":\"Nobles essences\"}]},{\"@type\":\"WebSite\",\"@id\":\"https:\/\/hunzaroma.com\/#website\",\"url\":\"https:\/\/hunzaroma.com\/\",\"name\":\"Hunzaroma\",\"description\":\"Huiles essentielles\",\"potentialAction\":[{\"@type\":\"SearchAction\",\"target\":{\"@type\":\"EntryPoint\",\"urlTemplate\":\"https:\/\/hunzaroma.com\/?s={search_term_string}\"},\"query-input\":{\"@type\":\"PropertyValueSpecification\",\"valueRequired\":true,\"valueName\":\"search_term_string\"}}],\"inLanguage\":\"en-US\"}]}<\/script>\n<!-- \/ Yoast SEO plugin. -->","yoast_head_json":{"title":"Nobles essences | Hunzaroma --","description":"Please note that this book is only available in French. Labrador tea, myrica gale, Canadian hemlock... How about discovering the essential oils that grow right here at home? Specializing in medical anthropology and ethnobotany, St\u00e9phanie Plamondon invites us to explore our beautiful boreal forest. In this informative and practical guide, she presents a detailed overview of our aromatic plants and their infinite therapeutic properties, in addition to introducing us to the manufacture of a host of body products (throat lozenges, lip balm, dry shampoo, etc.). A great journey into the heart of our history and traditions, generously passed down to us by Indigenous communities. Author: St\u00e9phanie Plamondon Publisher: Qu\u00e9becAm\u00e9rique ISBN: 978-2-7644-5175-5","robots":{"index":"index","follow":"follow","max-snippet":"max-snippet:-1","max-image-preview":"max-image-preview:large","max-video-preview":"max-video-preview:-1"},"canonical":"https:\/\/hunzaroma.com\/en\/essential-oil\/nobles-essences\/","og_locale":"en_US","og_type":"article","og_title":"Nobles essences | Hunzaroma --","og_description":"Please note that this book is only available in French. Labrador tea, myrica gale, Canadian hemlock... How about discovering the essential oils that grow right here at home? Specializing in medical anthropology and ethnobotany, St\u00e9phanie Plamondon invites us to explore our beautiful boreal forest. In this informative and practical guide, she presents a detailed overview of our aromatic plants and their infinite therapeutic properties, in addition to introducing us to the manufacture of a host of body products (throat lozenges, lip balm, dry shampoo, etc.). A great journey into the heart of our history and traditions, generously passed down to us by Indigenous communities. Author: St\u00e9phanie Plamondon Publisher: Qu\u00e9becAm\u00e9rique ISBN: 978-2-7644-5175-5","og_url":"https:\/\/hunzaroma.com\/en\/essential-oil\/nobles-essences\/","og_site_name":"Hunzaroma","article_modified_time":"2025-11-10T19:30:40+00:00","og_image":[{"width":372,"height":548,"url":"https:\/\/hunzaroma.com\/wp-content\/uploads\/2023\/12\/capture-decran-2023-12-01-164919.png","type":"image\/png"}],"twitter_card":"summary_large_image","twitter_misc":{"Est. reading time":"1 minute"},"schema":{"@context":"https:\/\/schema.org","@graph":[{"@type":"WebPage","@id":"https:\/\/hunzaroma.com\/en\/essential-oil\/nobles-essences\/","url":"https:\/\/hunzaroma.com\/en\/essential-oil\/nobles-essences\/","name":"Nobles essences | Hunzaroma --","isPartOf":{"@id":"https:\/\/hunzaroma.com\/#website"},"primaryImageOfPage":{"@id":"https:\/\/hunzaroma.com\/en\/essential-oil\/nobles-essences\/#primaryimage"},"image":{"@id":"https:\/\/hunzaroma.com\/en\/essential-oil\/nobles-essences\/#primaryimage"},"thumbnailUrl":"https:\/\/hunzaroma.com\/wp-content\/uploads\/2023\/12\/capture-decran-2023-12-01-164919.png","datePublished":"2023-12-01T21:51:16+00:00","dateModified":"2025-11-10T19:30:40+00:00","description":"Please note that this book is only available in French. Labrador tea, myrica gale, Canadian hemlock... How about discovering the essential oils that grow right here at home? Specializing in medical anthropology and ethnobotany, St\u00e9phanie Plamondon invites us to explore our beautiful boreal forest. In this informative and practical guide, she presents a detailed overview of our aromatic plants and their infinite therapeutic properties, in addition to introducing us to the manufacture of a host of body products (throat lozenges, lip balm, dry shampoo, etc.). A great journey into the heart of our history and traditions, generously passed down to us by Indigenous communities. Author: St\u00e9phanie Plamondon Publisher: Qu\u00e9becAm\u00e9rique ISBN: 978-2-7644-5175-5","breadcrumb":{"@id":"https:\/\/hunzaroma.com\/en\/essential-oil\/nobles-essences\/#breadcrumb"},"inLanguage":"en-US","potentialAction":[{"@type":"ReadAction","target":["https:\/\/hunzaroma.com\/en\/essential-oil\/nobles-essences\/"]}]},{"@type":"ImageObject","inLanguage":"en-US","@id":"https:\/\/hunzaroma.com\/en\/essential-oil\/nobles-essences\/#primaryimage","url":"https:\/\/hunzaroma.com\/wp-content\/uploads\/2023\/12\/capture-decran-2023-12-01-164919.png","contentUrl":"https:\/\/hunzaroma.com\/wp-content\/uploads\/2023\/12\/capture-decran-2023-12-01-164919.png","width":372,"height":548},{"@type":"BreadcrumbList","@id":"https:\/\/hunzaroma.com\/en\/essential-oil\/nobles-essences\/#breadcrumb","itemListElement":[{"@type":"ListItem","position":1,"name":"Accueil","item":"https:\/\/hunzaroma.com\/en\/home\/"},{"@type":"ListItem","position":2,"name":"Shop","item":"https:\/\/hunzaroma.com\/en\/essential-oil\/"},{"@type":"ListItem","position":3,"name":"Nobles essences"}]},{"@type":"WebSite","@id":"https:\/\/hunzaroma.com\/#website","url":"https:\/\/hunzaroma.com\/","name":"Hunzaroma","description":"Huiles essentielles","potentialAction":[{"@type":"SearchAction","target":{"@type":"EntryPoint","urlTemplate":"https:\/\/hunzaroma.com\/?s={search_term_string}"},"query-input":{"@type":"PropertyValueSpecification","valueRequired":true,"valueName":"search_term_string"}}],"inLanguage":"en-US"}]}},"_links":{"self":[{"href":"https:\/\/hunzaroma.com\/en\/wp-json\/wp\/v2\/product\/13091","targetHints":{"allow":["GET"]}}],"collection":[{"href":"https:\/\/hunzaroma.com\/en\/wp-json\/wp\/v2\/product"}],"about":[{"href":"https:\/\/hunzaroma.com\/en\/wp-json\/wp\/v2\/types\/product"}],"wp:featuredmedia":[{"embeddable":true,"href":"https:\/\/hunzaroma.com\/en\/wp-json\/wp\/v2\/media\/12674"}],"wp:attachment":[{"href":"https:\/\/hunzaroma.com\/en\/wp-json\/wp\/v2\/media?parent=13091"}],"wp:term":[{"taxonomy":"product_brand","embeddable":true,"href":"https:\/\/hunzaroma.com\/en\/wp-json\/wp\/v2\/product_brand?post=13091"},{"taxonomy":"product_cat","embeddable":true,"href":"https:\/\/hunzaroma.com\/en\/wp-json\/wp\/v2\/product_cat?post=13091"},{"taxonomy":"product_tag","embeddable":true,"href":"https:\/\/hunzaroma.com\/en\/wp-json\/wp\/v2\/product_tag?post=13091"}],"curies":[{"name":"wp","href":"https:\/\/api.w.org\/{rel}","templated":true}]}}