{"id":13085,"date":"2024-02-01T15:25:39","date_gmt":"2024-02-01T20:25:39","guid":{"rendered":"https:\/\/hunzaroma.com\/huile-essentielle\/12-huiles-essentielles-pour-mon-chien\/"},"modified":"2024-04-14T14:12:48","modified_gmt":"2024-04-14T18:12:48","slug":"12-huiles-essentielles-pour-mon-chien","status":"publish","type":"product","link":"https:\/\/hunzaroma.com\/en\/essential-oil\/12-huiles-essentielles-pour-mon-chien\/","title":{"rendered":"12 huiles essentielles pour mon chien"},"content":{"rendered":"<div class=\"answer\">\n<p><strong>Please note that this book is available in French only.<\/strong><\/p>\n<p>Peut-\u00eatre avez-vous avez d\u00e9j\u00e0 entendu parler des propri\u00e9t\u00e9s bienfaisantes des huiles essentielles ? Pourraient-elles avoir des effets similaires sur votre chien ? Sont-elles sans danger pour lui ? Lesquelles sont absolument contre-indiqu\u00e9es ?<\/p>\n<p>Avec la popularit\u00e9 grandissante des huiles essentielles, de nombreux propri\u00e9taires d\u2019animaux de compagnie sont tent\u00e9s par cette approche qui, bien que naturelle, n\u2019est pas pour autant inoffensive. Suivez les conseils de Maxime Beune :<\/p>\n<ul>\n<li>d\u00e9couvrez 12 huiles essentielles s\u00e9lectionn\u00e9es pour leurs bienfaits sur les chiens (stimulantes pour le syst\u00e8me immunitaire, apaisantes pour lutter contre l\u2019anxi\u00e9t\u00e9 et l\u2019hyperactivit\u00e9, anti-inflammatoires, r\u00e9g\u00e9n\u00e9rantes en cas de piq\u00fbres d\u2019insectes, antispasmodiques, etc.) ;<\/li>\n<li>compl\u00e9tez votre approche avec les eaux florales ;<\/li>\n<li>mettez en pratique vos connaissances avec plus de 40 recettes aromatiques faciles \u00e0 pr\u00e9parer.<\/li>\n<\/ul>\n<p>Offrez le meilleur des huiles essentielles \u00e0 votre compagnon \u00e0 quatre pattes !<\/p>\n<p>Auteur : Maxime Beune<\/p>\n<p>Editeur : Jouvence \u00e9ditions<\/p>\n<p>ISBN: 978-2-88953-386-2<\/p>\n<p>Format: 130 x 175 mm<\/p>\n<p>Nombre de pages: 128<\/p>\n<p>Ann\u00e9e d\u2019\u00e9dition: 2020<\/p>\n<p>Maxime Beune est naturopathe certifi\u00e9 en conseils en aromath\u00e9rapie animali\u00e8re, sp\u00e9cialis\u00e9 dans l\u2019accompagnement compl\u00e9mentaire et la pr\u00e9vention de la candidose. Il s\u2019est tout d\u2019abord fait conna\u00eetre en tant que praticien de phyto-aromath\u00e9rapie et nutrith\u00e9rapie. Aujourd\u2019hui, il est coach en d\u00e9couverte des huiles essentielles, chroniqueur webzine, blogueur et conf\u00e9rencier. Suivez son actualit\u00e9 sur son site : www.misternaturo.com.<\/p>\n<\/div>\n","protected":false},"excerpt":{"rendered":"<p>Please note that this book is available in French only. Peut-\u00eatre avez-vous avez d\u00e9j\u00e0 entendu parler des propri\u00e9t\u00e9s bienfaisantes des huiles essentielles ? Pourraient-elles avoir des<span class=\"excerpt-hellip\"> [\u2026]<\/span><\/p>\n","protected":false},"featured_media":13084,"template":"","meta":{"_acf_changed":false},"product_brand":[],"product_cat":[1910],"product_tag":[3685],"class_list":{"0":"post-13085","1":"product","2":"type-product","3":"status-publish","4":"has-post-thumbnail","6":"product_cat-books","7":"product_tag-12-huiles-essentielles-pour-mon-chien-en","9":"first","10":"instock","11":"taxable","12":"shipping-taxable","13":"purchasable","14":"product-type-simple"},"acf":[],"yoast_head":"<!-- This site is optimized with the Yoast SEO plugin v27.1.1 - https:\/\/yoast.com\/product\/yoast-seo-wordpress\/ -->\n<title>12 huiles essentielles pour mon chien | Hunzaroma<\/title>\n<meta name=\"description\" content=\"Please note that this book is available in French only. Peut-\u00eatre avez-vous avez d\u00e9j\u00e0 entendu parler des propri\u00e9t\u00e9s bienfaisantes des huiles essentielles ? Pourraient-elles avoir des effets similaires sur votre chien ? Sont-elles sans danger pour lui ? Lesquelles sont absolument contre-indiqu\u00e9es ? Avec la popularit\u00e9 grandissante des huiles essentielles, de nombreux propri\u00e9taires d\u2019animaux de compagnie sont tent\u00e9s par cette approche qui, bien que naturelle, n\u2019est pas pour autant inoffensive. Suivez les conseils de Maxime Beune : \u2013 d\u00e9couvrez 12 huiles essentielles s\u00e9lectionn\u00e9es pour leurs bienfaits sur les chiens (stimulantes pour le syst\u00e8me immunitaire, apaisantes pour lutter contre l\u2019anxi\u00e9t\u00e9 et l\u2019hyperactivit\u00e9, anti-inflammatoires, r\u00e9g\u00e9n\u00e9rantes en cas de piq\u00fbres d\u2019insectes, antispasmodiques, etc.) ; \u2013 compl\u00e9tez votre approche avec les eaux florales ; \u2013 mettez en pratique vos connaissances avec plus de 40 recettes aromatiques faciles \u00e0 pr\u00e9parer. Offrez le meilleur des huiles essentielles \u00e0 votre compagnon \u00e0 quatre pattes ! Auteur : Maxime Beune Editeur : Jouvence \u00e9ditionsISBN: 978-2-88953-386-2Format: 130 x 175 mmNombre de pages: 128Ann\u00e9e d\u2019\u00e9dition: 2020Maxime Beune est naturopathe certifi\u00e9 en conseils en aromath\u00e9rapie animali\u00e8re, sp\u00e9cialis\u00e9 dans l\u2019accompagnement compl\u00e9mentaire et la pr\u00e9vention de la candidose. Il s\u2019est tout d\u2019abord fait conna\u00eetre en tant que praticien de phyto-aromath\u00e9rapie et nutrith\u00e9rapie. Aujourd\u2019hui, il est coach en d\u00e9couverte des huiles essentielles, chroniqueur webzine, blogueur et conf\u00e9rencier. Suivez son actualit\u00e9 sur son site : www.misternaturo.com.\" \/>\n<meta name=\"robots\" content=\"index, follow, max-snippet:-1, max-image-preview:large, max-video-preview:-1\" \/>\n<link rel=\"canonical\" href=\"https:\/\/hunzaroma.com\/en\/essential-oil\/12-huiles-essentielles-pour-mon-chien\/\" \/>\n<meta property=\"og:locale\" content=\"en_US\" \/>\n<meta property=\"og:type\" content=\"article\" \/>\n<meta property=\"og:title\" content=\"12 huiles essentielles pour mon chien | Hunzaroma\" \/>\n<meta property=\"og:description\" content=\"Please note that this book is available in French only. Peut-\u00eatre avez-vous avez d\u00e9j\u00e0 entendu parler des propri\u00e9t\u00e9s bienfaisantes des huiles essentielles ? Pourraient-elles avoir des effets similaires sur votre chien ? Sont-elles sans danger pour lui ? Lesquelles sont absolument contre-indiqu\u00e9es ? Avec la popularit\u00e9 grandissante des huiles essentielles, de nombreux propri\u00e9taires d\u2019animaux de compagnie sont tent\u00e9s par cette approche qui, bien que naturelle, n\u2019est pas pour autant inoffensive. Suivez les conseils de Maxime Beune : \u2013 d\u00e9couvrez 12 huiles essentielles s\u00e9lectionn\u00e9es pour leurs bienfaits sur les chiens (stimulantes pour le syst\u00e8me immunitaire, apaisantes pour lutter contre l\u2019anxi\u00e9t\u00e9 et l\u2019hyperactivit\u00e9, anti-inflammatoires, r\u00e9g\u00e9n\u00e9rantes en cas de piq\u00fbres d\u2019insectes, antispasmodiques, etc.) ; \u2013 compl\u00e9tez votre approche avec les eaux florales ; \u2013 mettez en pratique vos connaissances avec plus de 40 recettes aromatiques faciles \u00e0 pr\u00e9parer. Offrez le meilleur des huiles essentielles \u00e0 votre compagnon \u00e0 quatre pattes ! Auteur : Maxime Beune Editeur : Jouvence \u00e9ditionsISBN: 978-2-88953-386-2Format: 130 x 175 mmNombre de pages: 128Ann\u00e9e d\u2019\u00e9dition: 2020Maxime Beune est naturopathe certifi\u00e9 en conseils en aromath\u00e9rapie animali\u00e8re, sp\u00e9cialis\u00e9 dans l\u2019accompagnement compl\u00e9mentaire et la pr\u00e9vention de la candidose. Il s\u2019est tout d\u2019abord fait conna\u00eetre en tant que praticien de phyto-aromath\u00e9rapie et nutrith\u00e9rapie. Aujourd\u2019hui, il est coach en d\u00e9couverte des huiles essentielles, chroniqueur webzine, blogueur et conf\u00e9rencier. Suivez son actualit\u00e9 sur son site : www.misternaturo.com.\" \/>\n<meta property=\"og:url\" content=\"https:\/\/hunzaroma.com\/en\/essential-oil\/12-huiles-essentielles-pour-mon-chien\/\" \/>\n<meta property=\"og:site_name\" content=\"Hunzaroma\" \/>\n<meta property=\"article:modified_time\" content=\"2024-04-14T18:12:48+00:00\" \/>\n<meta property=\"og:image\" content=\"https:\/\/hunzaroma.com\/wp-content\/uploads\/2024\/02\/livrehechien-e1726087148846.png\" \/>\n\t<meta property=\"og:image:width\" content=\"426\" \/>\n\t<meta property=\"og:image:height\" content=\"584\" \/>\n\t<meta property=\"og:image:type\" content=\"image\/png\" \/>\n<meta name=\"twitter:card\" content=\"summary_large_image\" \/>\n<meta name=\"twitter:label1\" content=\"Est. reading time\" \/>\n\t<meta name=\"twitter:data1\" content=\"1 minute\" \/>\n<script type=\"application\/ld+json\" class=\"yoast-schema-graph\">{\"@context\":\"https:\/\/schema.org\",\"@graph\":[{\"@type\":\"WebPage\",\"@id\":\"https:\/\/hunzaroma.com\/en\/essential-oil\/12-huiles-essentielles-pour-mon-chien\/\",\"url\":\"https:\/\/hunzaroma.com\/en\/essential-oil\/12-huiles-essentielles-pour-mon-chien\/\",\"name\":\"12 huiles essentielles pour mon chien | Hunzaroma\",\"isPartOf\":{\"@id\":\"https:\/\/hunzaroma.com\/#website\"},\"primaryImageOfPage\":{\"@id\":\"https:\/\/hunzaroma.com\/en\/essential-oil\/12-huiles-essentielles-pour-mon-chien\/#primaryimage\"},\"image\":{\"@id\":\"https:\/\/hunzaroma.com\/en\/essential-oil\/12-huiles-essentielles-pour-mon-chien\/#primaryimage\"},\"thumbnailUrl\":\"https:\/\/hunzaroma.com\/wp-content\/uploads\/2024\/02\/livrehechien-e1726087148846.png\",\"datePublished\":\"2024-02-01T20:25:39+00:00\",\"dateModified\":\"2024-04-14T18:12:48+00:00\",\"description\":\"Please note that this book is available in French only. Peut-\u00eatre avez-vous avez d\u00e9j\u00e0 entendu parler des propri\u00e9t\u00e9s bienfaisantes des huiles essentielles ? Pourraient-elles avoir des effets similaires sur votre chien ? Sont-elles sans danger pour lui ? Lesquelles sont absolument contre-indiqu\u00e9es ? Avec la popularit\u00e9 grandissante des huiles essentielles, de nombreux propri\u00e9taires d\u2019animaux de compagnie sont tent\u00e9s par cette approche qui, bien que naturelle, n\u2019est pas pour autant inoffensive. Suivez les conseils de Maxime Beune : \u2013 d\u00e9couvrez 12 huiles essentielles s\u00e9lectionn\u00e9es pour leurs bienfaits sur les chiens (stimulantes pour le syst\u00e8me immunitaire, apaisantes pour lutter contre l\u2019anxi\u00e9t\u00e9 et l\u2019hyperactivit\u00e9, anti-inflammatoires, r\u00e9g\u00e9n\u00e9rantes en cas de piq\u00fbres d\u2019insectes, antispasmodiques, etc.) ; \u2013 compl\u00e9tez votre approche avec les eaux florales ; \u2013 mettez en pratique vos connaissances avec plus de 40 recettes aromatiques faciles \u00e0 pr\u00e9parer. Offrez le meilleur des huiles essentielles \u00e0 votre compagnon \u00e0 quatre pattes ! Auteur : Maxime Beune Editeur : Jouvence \u00e9ditionsISBN: 978-2-88953-386-2Format: 130 x 175 mmNombre de pages: 128Ann\u00e9e d\u2019\u00e9dition: 2020Maxime Beune est naturopathe certifi\u00e9 en conseils en aromath\u00e9rapie animali\u00e8re, sp\u00e9cialis\u00e9 dans l\u2019accompagnement compl\u00e9mentaire et la pr\u00e9vention de la candidose. Il s\u2019est tout d\u2019abord fait conna\u00eetre en tant que praticien de phyto-aromath\u00e9rapie et nutrith\u00e9rapie. Aujourd\u2019hui, il est coach en d\u00e9couverte des huiles essentielles, chroniqueur webzine, blogueur et conf\u00e9rencier. Suivez son actualit\u00e9 sur son site : www.misternaturo.com.\",\"breadcrumb\":{\"@id\":\"https:\/\/hunzaroma.com\/en\/essential-oil\/12-huiles-essentielles-pour-mon-chien\/#breadcrumb\"},\"inLanguage\":\"en-US\",\"potentialAction\":[{\"@type\":\"ReadAction\",\"target\":[\"https:\/\/hunzaroma.com\/en\/essential-oil\/12-huiles-essentielles-pour-mon-chien\/\"]}]},{\"@type\":\"ImageObject\",\"inLanguage\":\"en-US\",\"@id\":\"https:\/\/hunzaroma.com\/en\/essential-oil\/12-huiles-essentielles-pour-mon-chien\/#primaryimage\",\"url\":\"https:\/\/hunzaroma.com\/wp-content\/uploads\/2024\/02\/livrehechien-e1726087148846.png\",\"contentUrl\":\"https:\/\/hunzaroma.com\/wp-content\/uploads\/2024\/02\/livrehechien-e1726087148846.png\",\"width\":426,\"height\":584},{\"@type\":\"BreadcrumbList\",\"@id\":\"https:\/\/hunzaroma.com\/en\/essential-oil\/12-huiles-essentielles-pour-mon-chien\/#breadcrumb\",\"itemListElement\":[{\"@type\":\"ListItem\",\"position\":1,\"name\":\"Accueil\",\"item\":\"https:\/\/hunzaroma.com\/en\/home\/\"},{\"@type\":\"ListItem\",\"position\":2,\"name\":\"Shop\",\"item\":\"https:\/\/hunzaroma.com\/en\/essential-oil\/\"},{\"@type\":\"ListItem\",\"position\":3,\"name\":\"12 huiles essentielles pour mon chien\"}]},{\"@type\":\"WebSite\",\"@id\":\"https:\/\/hunzaroma.com\/#website\",\"url\":\"https:\/\/hunzaroma.com\/\",\"name\":\"Hunzaroma\",\"description\":\"Huiles essentielles\",\"potentialAction\":[{\"@type\":\"SearchAction\",\"target\":{\"@type\":\"EntryPoint\",\"urlTemplate\":\"https:\/\/hunzaroma.com\/?s={search_term_string}\"},\"query-input\":{\"@type\":\"PropertyValueSpecification\",\"valueRequired\":true,\"valueName\":\"search_term_string\"}}],\"inLanguage\":\"en-US\"}]}<\/script>\n<!-- \/ Yoast SEO plugin. -->","yoast_head_json":{"title":"12 huiles essentielles pour mon chien | Hunzaroma","description":"Please note that this book is available in French only. Peut-\u00eatre avez-vous avez d\u00e9j\u00e0 entendu parler des propri\u00e9t\u00e9s bienfaisantes des huiles essentielles ? Pourraient-elles avoir des effets similaires sur votre chien ? Sont-elles sans danger pour lui ? Lesquelles sont absolument contre-indiqu\u00e9es ? Avec la popularit\u00e9 grandissante des huiles essentielles, de nombreux propri\u00e9taires d\u2019animaux de compagnie sont tent\u00e9s par cette approche qui, bien que naturelle, n\u2019est pas pour autant inoffensive. Suivez les conseils de Maxime Beune : \u2013 d\u00e9couvrez 12 huiles essentielles s\u00e9lectionn\u00e9es pour leurs bienfaits sur les chiens (stimulantes pour le syst\u00e8me immunitaire, apaisantes pour lutter contre l\u2019anxi\u00e9t\u00e9 et l\u2019hyperactivit\u00e9, anti-inflammatoires, r\u00e9g\u00e9n\u00e9rantes en cas de piq\u00fbres d\u2019insectes, antispasmodiques, etc.) ; \u2013 compl\u00e9tez votre approche avec les eaux florales ; \u2013 mettez en pratique vos connaissances avec plus de 40 recettes aromatiques faciles \u00e0 pr\u00e9parer. Offrez le meilleur des huiles essentielles \u00e0 votre compagnon \u00e0 quatre pattes ! Auteur : Maxime Beune Editeur : Jouvence \u00e9ditionsISBN: 978-2-88953-386-2Format: 130 x 175 mmNombre de pages: 128Ann\u00e9e d\u2019\u00e9dition: 2020Maxime Beune est naturopathe certifi\u00e9 en conseils en aromath\u00e9rapie animali\u00e8re, sp\u00e9cialis\u00e9 dans l\u2019accompagnement compl\u00e9mentaire et la pr\u00e9vention de la candidose. Il s\u2019est tout d\u2019abord fait conna\u00eetre en tant que praticien de phyto-aromath\u00e9rapie et nutrith\u00e9rapie. Aujourd\u2019hui, il est coach en d\u00e9couverte des huiles essentielles, chroniqueur webzine, blogueur et conf\u00e9rencier. Suivez son actualit\u00e9 sur son site : www.misternaturo.com.","robots":{"index":"index","follow":"follow","max-snippet":"max-snippet:-1","max-image-preview":"max-image-preview:large","max-video-preview":"max-video-preview:-1"},"canonical":"https:\/\/hunzaroma.com\/en\/essential-oil\/12-huiles-essentielles-pour-mon-chien\/","og_locale":"en_US","og_type":"article","og_title":"12 huiles essentielles pour mon chien | Hunzaroma","og_description":"Please note that this book is available in French only. Peut-\u00eatre avez-vous avez d\u00e9j\u00e0 entendu parler des propri\u00e9t\u00e9s bienfaisantes des huiles essentielles ? Pourraient-elles avoir des effets similaires sur votre chien ? Sont-elles sans danger pour lui ? Lesquelles sont absolument contre-indiqu\u00e9es ? Avec la popularit\u00e9 grandissante des huiles essentielles, de nombreux propri\u00e9taires d\u2019animaux de compagnie sont tent\u00e9s par cette approche qui, bien que naturelle, n\u2019est pas pour autant inoffensive. Suivez les conseils de Maxime Beune : \u2013 d\u00e9couvrez 12 huiles essentielles s\u00e9lectionn\u00e9es pour leurs bienfaits sur les chiens (stimulantes pour le syst\u00e8me immunitaire, apaisantes pour lutter contre l\u2019anxi\u00e9t\u00e9 et l\u2019hyperactivit\u00e9, anti-inflammatoires, r\u00e9g\u00e9n\u00e9rantes en cas de piq\u00fbres d\u2019insectes, antispasmodiques, etc.) ; \u2013 compl\u00e9tez votre approche avec les eaux florales ; \u2013 mettez en pratique vos connaissances avec plus de 40 recettes aromatiques faciles \u00e0 pr\u00e9parer. Offrez le meilleur des huiles essentielles \u00e0 votre compagnon \u00e0 quatre pattes ! Auteur : Maxime Beune Editeur : Jouvence \u00e9ditionsISBN: 978-2-88953-386-2Format: 130 x 175 mmNombre de pages: 128Ann\u00e9e d\u2019\u00e9dition: 2020Maxime Beune est naturopathe certifi\u00e9 en conseils en aromath\u00e9rapie animali\u00e8re, sp\u00e9cialis\u00e9 dans l\u2019accompagnement compl\u00e9mentaire et la pr\u00e9vention de la candidose. Il s\u2019est tout d\u2019abord fait conna\u00eetre en tant que praticien de phyto-aromath\u00e9rapie et nutrith\u00e9rapie. Aujourd\u2019hui, il est coach en d\u00e9couverte des huiles essentielles, chroniqueur webzine, blogueur et conf\u00e9rencier. Suivez son actualit\u00e9 sur son site : www.misternaturo.com.","og_url":"https:\/\/hunzaroma.com\/en\/essential-oil\/12-huiles-essentielles-pour-mon-chien\/","og_site_name":"Hunzaroma","article_modified_time":"2024-04-14T18:12:48+00:00","og_image":[{"width":426,"height":584,"url":"https:\/\/hunzaroma.com\/wp-content\/uploads\/2024\/02\/livrehechien-e1726087148846.png","type":"image\/png"}],"twitter_card":"summary_large_image","twitter_misc":{"Est. reading time":"1 minute"},"schema":{"@context":"https:\/\/schema.org","@graph":[{"@type":"WebPage","@id":"https:\/\/hunzaroma.com\/en\/essential-oil\/12-huiles-essentielles-pour-mon-chien\/","url":"https:\/\/hunzaroma.com\/en\/essential-oil\/12-huiles-essentielles-pour-mon-chien\/","name":"12 huiles essentielles pour mon chien | Hunzaroma","isPartOf":{"@id":"https:\/\/hunzaroma.com\/#website"},"primaryImageOfPage":{"@id":"https:\/\/hunzaroma.com\/en\/essential-oil\/12-huiles-essentielles-pour-mon-chien\/#primaryimage"},"image":{"@id":"https:\/\/hunzaroma.com\/en\/essential-oil\/12-huiles-essentielles-pour-mon-chien\/#primaryimage"},"thumbnailUrl":"https:\/\/hunzaroma.com\/wp-content\/uploads\/2024\/02\/livrehechien-e1726087148846.png","datePublished":"2024-02-01T20:25:39+00:00","dateModified":"2024-04-14T18:12:48+00:00","description":"Please note that this book is available in French only. Peut-\u00eatre avez-vous avez d\u00e9j\u00e0 entendu parler des propri\u00e9t\u00e9s bienfaisantes des huiles essentielles ? Pourraient-elles avoir des effets similaires sur votre chien ? Sont-elles sans danger pour lui ? Lesquelles sont absolument contre-indiqu\u00e9es ? Avec la popularit\u00e9 grandissante des huiles essentielles, de nombreux propri\u00e9taires d\u2019animaux de compagnie sont tent\u00e9s par cette approche qui, bien que naturelle, n\u2019est pas pour autant inoffensive. Suivez les conseils de Maxime Beune : \u2013 d\u00e9couvrez 12 huiles essentielles s\u00e9lectionn\u00e9es pour leurs bienfaits sur les chiens (stimulantes pour le syst\u00e8me immunitaire, apaisantes pour lutter contre l\u2019anxi\u00e9t\u00e9 et l\u2019hyperactivit\u00e9, anti-inflammatoires, r\u00e9g\u00e9n\u00e9rantes en cas de piq\u00fbres d\u2019insectes, antispasmodiques, etc.) ; \u2013 compl\u00e9tez votre approche avec les eaux florales ; \u2013 mettez en pratique vos connaissances avec plus de 40 recettes aromatiques faciles \u00e0 pr\u00e9parer. Offrez le meilleur des huiles essentielles \u00e0 votre compagnon \u00e0 quatre pattes ! Auteur : Maxime Beune Editeur : Jouvence \u00e9ditionsISBN: 978-2-88953-386-2Format: 130 x 175 mmNombre de pages: 128Ann\u00e9e d\u2019\u00e9dition: 2020Maxime Beune est naturopathe certifi\u00e9 en conseils en aromath\u00e9rapie animali\u00e8re, sp\u00e9cialis\u00e9 dans l\u2019accompagnement compl\u00e9mentaire et la pr\u00e9vention de la candidose. Il s\u2019est tout d\u2019abord fait conna\u00eetre en tant que praticien de phyto-aromath\u00e9rapie et nutrith\u00e9rapie. Aujourd\u2019hui, il est coach en d\u00e9couverte des huiles essentielles, chroniqueur webzine, blogueur et conf\u00e9rencier. Suivez son actualit\u00e9 sur son site : www.misternaturo.com.","breadcrumb":{"@id":"https:\/\/hunzaroma.com\/en\/essential-oil\/12-huiles-essentielles-pour-mon-chien\/#breadcrumb"},"inLanguage":"en-US","potentialAction":[{"@type":"ReadAction","target":["https:\/\/hunzaroma.com\/en\/essential-oil\/12-huiles-essentielles-pour-mon-chien\/"]}]},{"@type":"ImageObject","inLanguage":"en-US","@id":"https:\/\/hunzaroma.com\/en\/essential-oil\/12-huiles-essentielles-pour-mon-chien\/#primaryimage","url":"https:\/\/hunzaroma.com\/wp-content\/uploads\/2024\/02\/livrehechien-e1726087148846.png","contentUrl":"https:\/\/hunzaroma.com\/wp-content\/uploads\/2024\/02\/livrehechien-e1726087148846.png","width":426,"height":584},{"@type":"BreadcrumbList","@id":"https:\/\/hunzaroma.com\/en\/essential-oil\/12-huiles-essentielles-pour-mon-chien\/#breadcrumb","itemListElement":[{"@type":"ListItem","position":1,"name":"Accueil","item":"https:\/\/hunzaroma.com\/en\/home\/"},{"@type":"ListItem","position":2,"name":"Shop","item":"https:\/\/hunzaroma.com\/en\/essential-oil\/"},{"@type":"ListItem","position":3,"name":"12 huiles essentielles pour mon chien"}]},{"@type":"WebSite","@id":"https:\/\/hunzaroma.com\/#website","url":"https:\/\/hunzaroma.com\/","name":"Hunzaroma","description":"Huiles essentielles","potentialAction":[{"@type":"SearchAction","target":{"@type":"EntryPoint","urlTemplate":"https:\/\/hunzaroma.com\/?s={search_term_string}"},"query-input":{"@type":"PropertyValueSpecification","valueRequired":true,"valueName":"search_term_string"}}],"inLanguage":"en-US"}]}},"_links":{"self":[{"href":"https:\/\/hunzaroma.com\/en\/wp-json\/wp\/v2\/product\/13085","targetHints":{"allow":["GET"]}}],"collection":[{"href":"https:\/\/hunzaroma.com\/en\/wp-json\/wp\/v2\/product"}],"about":[{"href":"https:\/\/hunzaroma.com\/en\/wp-json\/wp\/v2\/types\/product"}],"wp:featuredmedia":[{"embeddable":true,"href":"https:\/\/hunzaroma.com\/en\/wp-json\/wp\/v2\/media\/13084"}],"wp:attachment":[{"href":"https:\/\/hunzaroma.com\/en\/wp-json\/wp\/v2\/media?parent=13085"}],"wp:term":[{"taxonomy":"product_brand","embeddable":true,"href":"https:\/\/hunzaroma.com\/en\/wp-json\/wp\/v2\/product_brand?post=13085"},{"taxonomy":"product_cat","embeddable":true,"href":"https:\/\/hunzaroma.com\/en\/wp-json\/wp\/v2\/product_cat?post=13085"},{"taxonomy":"product_tag","embeddable":true,"href":"https:\/\/hunzaroma.com\/en\/wp-json\/wp\/v2\/product_tag?post=13085"}],"curies":[{"name":"wp","href":"https:\/\/api.w.org\/{rel}","templated":true}]}}